{"id":3528,"date":"2024-02-09T09:17:24","date_gmt":"2024-02-09T09:17:24","guid":{"rendered":"https:\/\/country.bhaktimarga.org\/spn\/?page_id=3528"},"modified":"2024-02-09T14:37:06","modified_gmt":"2024-02-09T14:37:06","slug":"the-living-master","status":"publish","type":"page","link":"https:\/\/country.bhaktimarga.org\/ashram-shree-peetha-nilaya\/ashram-shree-peetha-nilaya\/deu\/explore\/the-living-master\/","title":{"rendered":"The Living Master DE"},"content":{"rendered":"\n<section class=\"hero-image\">\n    <div class=\"hero-image__container\">\n        <img decoding=\"async\" class=\"hero-image__background object-fit-cover\" src=\"https:\/\/country.bhaktimarga.org\/ashram-shree-peetha-nilaya\/wp-content\/uploads\/sites\/44\/2023\/09\/know-more-the-living-master.webp\" alt=\"paramahamsa vishwananda, living master, contemplating over the river\">\n                    <img decoding=\"async\" class=\"hero-image__mobile-background object-fit-cover\" src=\"https:\/\/country.bhaktimarga.org\/ashram-shree-peetha-nilaya\/wp-content\/uploads\/sites\/44\/2023\/11\/know-more-the-living-master-vertical-mobile.webp\" alt=\"paramahamsa vishwananda, living master, contemplating over the river\">\n            <\/div>\n    <div class=\"hero-image__content container\">\n        <h1>BEGEGNUNG MIT DEM LEBENDEN MEISTER<\/h1>\n    <\/div>\n<\/section>\n\n<style>\n            .hero-image__background {\n            display: none;\n        }\n        @media (min-width: 768px) {\n            .hero-image__background {\n                display: initial;\n            }\n            .hero-image__mobile-background {\n                display: none;\n            }\n        }\n    <\/style>\n\n\n<section class=\"intro-text-icon\">\n    <div class=\"container\">\n        <div class=\"intro-text-icon__container\" style=\"background-color: #F8E5BE;\">\n            <img decoding=\"async\" src=\"https:\/\/country.bhaktimarga.org\/ashram-shree-peetha-nilaya\/wp-content\/uploads\/sites\/44\/2023\/12\/paramahamsa-vishwananda-logo.png\">\n            <div class=\"intro-text-icon__content\">\n                <span class=\"intro-text-icon__text\"><p>Ein lebender Meister gibt liebevolle Ratschl\u00e4ge, die auf die pers\u00f6nlichen Bed\u00fcrfnisse der Menschen abgestimmt sind. Diese individuelle Beziehung beschleunigt die Entwicklung auf dem spirituellen Weg. Suche die Wahrheit mit unserem lebenden Meister und tauche tief in die spirituelle Praxis ein.<\/p>\n<\/span>\n                                    <a href=\"https:\/\/www.youtube.com\/@ParamahamsaVishwananda108\/\" target=\"_blank\">\n                        <p class=\"button button--outline button--outline--dark-gold\">besuchen seinen youtube-kanal<\/p>\n                    <\/a>\n                            <\/div>\n        <\/div>\n    <\/div>\n<\/section>\n\n\n<section class=\"no-padding\">\n    <div class=\"container no-padding\">\n        <div class=\"flex-50\">\n            <p>Die Begegnung mit einem erleuchteten spirituellen Meister ist etwas ganz Besonderes. Sie ist eine Seltenheit, schon fast ein Wunder. Paramahamsa Vishwananda ist nicht nur ein spiritueller Lehrer. Er ist ein Satguru, jemand, der in st\u00e4ndiger Verbindung mit dem G\u00f6ttlichen lebt und diese Gnade nach Belieben an andere weitergeben kann.<\/p>\n            <p>Wenn du nach Shree Peetha Nilaya kommst, kannst du dich f\u00fcr einen Darshan anmelden, bei dem du ihm direkt in die Augen schauen und gesegnet werden kannst. Wenn du l\u00e4nger bleibst, kannst du vielleicht an einem Satsang (Frage- und Antwortstunde) teilnehmen, w\u00e4hrend Er hier ist, oder Ihn einfach sehen, wenn Er durch Sein Haus geht und mit G\u00e4sten spricht.<\/p>\n        <\/div>\n    <\/div>\n<\/section>\n\n\n\n<section class=\"images-grid\">\n    <div class=\"container grid-3-auto\">\n        <img decoding=\"async\" class=\"object-fit-cover\" src=\"\/wp-content\/uploads\/sites\/44\/2023\/09\/grid-01-paramahamsa-vishwananda.webp\">\n        <img decoding=\"async\" class=\"object-fit-cover\" src=\"\/wp-content\/uploads\/sites\/44\/2023\/09\/grid-02-paramahamsa-vishwananda.webp\">\n        <img decoding=\"async\" class=\"object-fit-cover\" src=\"\/wp-content\/uploads\/sites\/44\/2023\/09\/grid-03-paramahamsa-vishwananda.webp\">\n        <img decoding=\"async\" class=\"object-fit-cover\" src=\"\/wp-content\/uploads\/sites\/44\/2023\/09\/grid-04-paramahamsa-vishwananda.webp\">\n        <img decoding=\"async\" class=\"object-fit-cover\" src=\"\/wp-content\/uploads\/sites\/44\/2023\/09\/grid-05-paramahamsa-vishwananda.webp\">\n        <img decoding=\"async\" class=\"object-fit-cover\" src=\"\/wp-content\/uploads\/sites\/44\/2023\/09\/grid-06-paramahamsa-vishwananda.webp\">\n    <\/div>\n<\/section>\n\n\n\n<section class=\"no-padding\">\n    <div class=\"container no-padding\">\n        <div class=\"flex-50\">\n            <p>Viele neue Besucher haben uns berichtet, dass sich nach der Begegnung mit Paramahamsa Vishwananda etwas in ihnen ver\u00e4ndert hat. Ihre Herzen haben sich ge\u00f6ffnet und sie haben eine Liebe in sich gesp\u00fcrt, die sie vorher nicht gekannt haben. <\/p>\n            <p>Jetzt ist die Zeit gekommen, solange Er noch hier ist, um uns mit Seiner Gegenwart zu beschenken. Hinweis: Obwohl viele Darshans schon Monate im Voraus ausgebucht sind, kannst du trotzdem kommen, wenn dies dein erster Darshan ist.<\/p>\n        <\/div>\n    <\/div>\n<\/section>\n\n\n\n<section id=\"upcoming-events-paramahamsa-vishwananda\" class=\"events-cards-list\">\n        <div class=\"container\">\n            <h2 class=\"title-with-ornament title-with-ornament--violet\">Exklusiv mit Paramahamsa Vishwananda<\/h2>\n            <a href=\"https:\/\/events.bhaktimarga.org\/pages\/calendar\" target=\"_blank\">\n                <p class=\"button button--outline--violet\">Calendar View<\/p>\n            <\/a>\n            <div class=\"events-cards-list__carousel scroll-container\"><a href=\"https:\/\/bhaktievent-108.myshopify.com\/products\/darshan-25-april-2026\" target=\"_blank\">\n            <figure class=\"events-cards-list__card\">\n                <img decoding=\"async\" class=\"events-cards-list__image\" src=\"https:\/\/cdn.shopify.com\/s\/files\/1\/0721\/1168\/5949\/files\/darshan-2025.7_large.jpg?v=1753349415\">\n                <figcaption class=\"events-cards-list__info\">\n                    <p class=\"events-cards-list__category\">Paramahamsa Vishwananda<\/p>\n                    <p class=\"events-cards-list__title\">DARSHAN 25 APRIL 2026<\/p>\n                    <p class=\"events-cards-list__date\">25 Apr 2026<\/p>\n                    <span class=\"events-cards-list__price\">Free<\/span>\n                <\/figcaption>\n            <\/figure>\n        <\/a><a href=\"https:\/\/bhaktievent-108.myshopify.com\/products\/darshan-11-june-2026\" target=\"_blank\">\n            <figure class=\"events-cards-list__card\">\n                <img decoding=\"async\" class=\"events-cards-list__image\" src=\"https:\/\/cdn.shopify.com\/s\/files\/1\/0721\/1168\/5949\/files\/Darshan-Main-Image-2025-6_large.jpg?v=1732202036\">\n                <figcaption class=\"events-cards-list__info\">\n                    <p class=\"events-cards-list__category\">Paramahamsa Vishwananda<\/p>\n                    <p class=\"events-cards-list__title\">DARSHAN 11 JUNE 2026<\/p>\n                    <p class=\"events-cards-list__date\">11 Jun 2026<\/p>\n                    <span class=\"events-cards-list__price\">Free<\/span>\n                <\/figcaption>\n            <\/figure>\n        <\/a><a href=\"https:\/\/bhaktievent-108.myshopify.com\/products\/darshan-28-august-2026\" target=\"_blank\">\n            <figure class=\"events-cards-list__card\">\n                <img decoding=\"async\" class=\"events-cards-list__image\" src=\"https:\/\/cdn.shopify.com\/s\/files\/1\/0721\/1168\/5949\/files\/darshan-2025.6_large.jpg?v=1753349415\">\n                <figcaption class=\"events-cards-list__info\">\n                    <p class=\"events-cards-list__category\">Paramahamsa Vishwananda<\/p>\n                    <p class=\"events-cards-list__title\">DARSHAN 28 AUGUST 2026<\/p>\n                    <p class=\"events-cards-list__date\">28 Aug 2026<\/p>\n                    <span class=\"events-cards-list__price\">Free<\/span>\n                <\/figcaption>\n            <\/figure>\n        <\/a><a href=\"https:\/\/bhaktievent-108.myshopify.com\/products\/darshan-29-august-2026\" target=\"_blank\">\n            <figure class=\"events-cards-list__card\">\n                <img decoding=\"async\" class=\"events-cards-list__image\" src=\"https:\/\/cdn.shopify.com\/s\/files\/1\/0721\/1168\/5949\/files\/darshan-2025.1_large.jpg?v=1753349415\">\n                <figcaption class=\"events-cards-list__info\">\n                    <p class=\"events-cards-list__category\">Paramahamsa Vishwananda<\/p>\n                    <p class=\"events-cards-list__title\">DARSHAN 29 AUGUST 2026<\/p>\n                    <p class=\"events-cards-list__date\">29 Aug 2026<\/p>\n                    <span class=\"events-cards-list__price\">Free<\/span>\n                <\/figcaption>\n            <\/figure>\n        <\/a><\/div>\n            <div class=\"scroll-arrows\">\n                <div class=\"scroll-arrow scroll-left\"><\/div>\n                <div class=\"scroll-arrow scroll-right\"><\/div>\n            <\/div>\n            <div class=\"progress-container\">\n                <div class=\"progress-bar\"><\/div>\n            <\/div>\n        <\/div>\n    <\/section>\n","protected":false},"excerpt":{"rendered":"<p>Die Begegnung mit einem erleuchteten spirituellen Meister ist etwas ganz Besonderes. Sie ist eine Seltenheit, schon fast ein Wunder. Paramahamsa Vishwananda ist nicht nur ein spiritueller Lehrer. Er ist ein Satguru, jemand, der in st\u00e4ndiger Verbindung mit dem G\u00f6ttlichen lebt und diese Gnade nach Belieben an andere weitergeben kann. Wenn du nach Shree Peetha Nilaya [&hellip;]<\/p>\n","protected":false},"author":1,"featured_media":0,"parent":3526,"menu_order":0,"comment_status":"closed","ping_status":"closed","template":"","meta":{"_acf_changed":false,"inline_featured_image":false,"footnotes":""},"class_list":["post-3528","page","type-page","status-publish","hentry"],"acf":[],"_links":{"self":[{"href":"https:\/\/country.bhaktimarga.org\/ashram-shree-peetha-nilaya\/wp-json\/wp\/v2\/pages\/3528","targetHints":{"allow":["GET"]}}],"collection":[{"href":"https:\/\/country.bhaktimarga.org\/ashram-shree-peetha-nilaya\/wp-json\/wp\/v2\/pages"}],"about":[{"href":"https:\/\/country.bhaktimarga.org\/ashram-shree-peetha-nilaya\/wp-json\/wp\/v2\/types\/page"}],"author":[{"embeddable":true,"href":"https:\/\/country.bhaktimarga.org\/ashram-shree-peetha-nilaya\/wp-json\/wp\/v2\/users\/1"}],"replies":[{"embeddable":true,"href":"https:\/\/country.bhaktimarga.org\/ashram-shree-peetha-nilaya\/wp-json\/wp\/v2\/comments?post=3528"}],"version-history":[{"count":4,"href":"https:\/\/country.bhaktimarga.org\/ashram-shree-peetha-nilaya\/wp-json\/wp\/v2\/pages\/3528\/revisions"}],"predecessor-version":[{"id":3584,"href":"https:\/\/country.bhaktimarga.org\/ashram-shree-peetha-nilaya\/wp-json\/wp\/v2\/pages\/3528\/revisions\/3584"}],"up":[{"embeddable":true,"href":"https:\/\/country.bhaktimarga.org\/ashram-shree-peetha-nilaya\/wp-json\/wp\/v2\/pages\/3526"}],"wp:attachment":[{"href":"https:\/\/country.bhaktimarga.org\/ashram-shree-peetha-nilaya\/wp-json\/wp\/v2\/media?parent=3528"}],"curies":[{"name":"wp","href":"https:\/\/api.w.org\/{rel}","templated":true}]}}