{"id":3531,"date":"2024-02-09T09:20:02","date_gmt":"2024-02-09T09:20:02","guid":{"rendered":"https:\/\/country.bhaktimarga.org\/spn\/?page_id=3531"},"modified":"2024-11-14T11:20:47","modified_gmt":"2024-11-14T11:20:47","slug":"knowledge","status":"publish","type":"page","link":"https:\/\/country.bhaktimarga.org\/ashram-shree-peetha-nilaya\/ashram-shree-peetha-nilaya\/deu\/explore\/knowledge\/","title":{"rendered":"Knowledge DE"},"content":{"rendered":"\n<section class=\"hero-image\">\n    <div class=\"hero-image__container\">\n        <img decoding=\"async\" class=\"hero-image__background object-fit-cover\" src=\"https:\/\/country.bhaktimarga.org\/ashram-shree-peetha-nilaya\/wp-content\/uploads\/sites\/44\/2023\/09\/know-more-knowledge.webp\" alt=\"hindu god ganesha, symbol of knowledge\">\n            <\/div>\n    <div class=\"hero-image__content container\">\n        <h1>KURSE, DIE DEIN WISSEN ERWEITERN<\/h1>\n    <\/div>\n<\/section>\n\n<style>\n    <\/style>\n\n\n<section class=\"intro-text-icon\">\n    <div class=\"container\">\n        <div class=\"intro-text-icon__container\" style=\"background-color: #FEC7A9;\">\n            <img decoding=\"async\" src=\"https:\/\/country.bhaktimarga.org\/ashram-shree-peetha-nilaya\/wp-content\/uploads\/sites\/44\/2023\/12\/explore-knowledge-icon.png\">\n            <div class=\"intro-text-icon__content\">\n                <span class=\"intro-text-icon__text\"><p>Wende die heiligen Schriften auf dein t\u00e4gliches Leben an und erweitere deinen spirituellen Intellekt.<\/p>\n<p>Besuche die t\u00e4glichen Vortr\u00e4ge unserer M\u00f6nche, nimm an den sonnt\u00e4glichen &#8216;Frag einen M\u00f6nch&#8217;-Sitzungen teil und entdecke eine Vielzahl von Kursen.<\/p>\n<\/span>\n                            <\/div>\n        <\/div>\n    <\/div>\n<\/section>\n\n\n<section class=\"no-padding\">\n    <div class=\"container no-padding\">\n        <div class=\"flex-50\">\n            <p>Neugierig auf spirituelle Traditionen und Philosophie? Interessierst du dich f\u00fcr die gro\u00dfen Heiligen und Avatare der Geschichte? Oder bevorzugst du kreative Ausdrucksformen wie Malen und Zeichnen oder Singen und Musizieren? Die Bhakti Marga Akademie hat sowohl f\u00fcr intellektuelle als auch f\u00fcr k\u00fcnstlerische Interessen viel zu bieten.<\/p>\n            <p><\/p>\n        <\/div>\n    <\/div>\n<\/section>\n\n\n\n<section class=\"images-grid\">\n    <div class=\"container grid-3-auto\">\n        <img decoding=\"async\" class=\"object-fit-cover\" src=\"\/wp-content\/uploads\/sites\/44\/2023\/09\/grid-01-academy-shree-peetha-nilaya.webp\">\n        <img decoding=\"async\" class=\"object-fit-cover\" src=\"\/wp-content\/uploads\/sites\/44\/2023\/11\/grid-02-academy-shree-peetha-nilaya.webp\">\n        <img decoding=\"async\" class=\"object-fit-cover\" src=\"\/wp-content\/uploads\/sites\/44\/2023\/09\/grid-03-academy-shree-peetha-nilaya.webp\">\n        <img decoding=\"async\" class=\"object-fit-cover\" src=\"\/wp-content\/uploads\/sites\/44\/2023\/11\/grid-04-academy-shree-peetha-nilaya.webp\">\n        <img decoding=\"async\" class=\"object-fit-cover\" src=\"\/wp-content\/uploads\/sites\/44\/2023\/09\/grid-05-academy-shree-peetha-nilaya.webp\">\n        <img decoding=\"async\" class=\"object-fit-cover\" src=\"\/wp-content\/uploads\/sites\/44\/2023\/09\/grid-06-academy-shree-peetha-nilaya.webp\">\n    <\/div>\n<\/section>\n\n\n\n<section>\n    <div class=\"container no-padding\">\n        <div class=\"flex-50\">\n            <p>Wenn du ein geistiges Interesse hast, kannst du zwischen eint\u00e4gigen Kursen wie Hinduismus verstehen&#8217;, &#8216;Krishna erkl\u00e4rt&#8217; und &#8216;Das Leben von Rama&#8217; oder l\u00e4ngeren Kursen \u00fcber die Srimad Bhagavad Gita und die Sri Guru Gita w\u00e4hlen.<\/p>\n            <p>Du kannst lernen, das Sri Yantra zu zeichnen, spezielle Techniken wie Seidenmalerei anzuwenden oder wundersch\u00f6ne Lieder der Hingabe zu singen &#8211; wohin auch immer dein Herz dich f\u00fchrt, die Akademie wird dich unterst\u00fctzen und f\u00fchren.<\/p>\n        <\/div>\n    <\/div>\n<\/section>\n\n\n\n<section class=\"info-banner\">\n    <div class=\"container\">\n        <div class=\"info-banner__content\">\n            <img decoding=\"async\" src=\"\/wp-content\/themes\/vaikuntha\/images\/info-icon.png\">\n            <p><strong>T\u00c4GLICH VORTR\u00c4GE:<\/strong> Inspirierende Vortr\u00e4ge von 7:30 bis 8:00 Uhr und von 19:00 bis 19:20 Uhr.<\/p>\n        <\/div>\n    <\/div>\n<\/section>\n\n\n\n<section class=\"cards\">\n    <div class=\"container\">\n    \n                <div\n                                        class=\"cards__card card--beige\"\n                >\n                    <div class=\"card__content\">\n                        <h3 class=\"card__title\">Our Teachers<\/h3>\n                        <span class=\"card__text\"><p>Know Our Teachers and Explore the Bhakti Path<\/p>\n<\/span>\n                                                    <a href=\"https:\/\/shreepeethanilaya.org\/ashram-shree-peetha-nilaya\/our-teachers\/\" target=\"_self\">\n                                <p class=\"button button--outline button--outline--blue\">Our Teachers<\/p>\n                            <\/a>\n                                                                    <\/div>\n                    <div class=\"card__image-container\">\n                                                    <img decoding=\"async\" src=\"https:\/\/country.bhaktimarga.org\/ashram-shree-peetha-nilaya\/wp-content\/uploads\/sites\/44\/2024\/04\/knowledge-background-with-icon.png\" alt=\"\">\n                                            <\/div>\n                <\/div>\n\n                    <\/div>\n<\/section>\n","protected":false},"excerpt":{"rendered":"<p>Neugierig auf spirituelle Traditionen und Philosophie? Interessierst du dich f\u00fcr die gro\u00dfen Heiligen und Avatare der Geschichte? Oder bevorzugst du kreative Ausdrucksformen wie Malen und Zeichnen oder Singen und Musizieren? Die Bhakti Marga Akademie hat sowohl f\u00fcr intellektuelle als auch f\u00fcr k\u00fcnstlerische Interessen viel zu bieten. Wenn du ein geistiges Interesse hast, kannst du zwischen [&hellip;]<\/p>\n","protected":false},"author":1,"featured_media":0,"parent":3526,"menu_order":0,"comment_status":"closed","ping_status":"closed","template":"","meta":{"_acf_changed":false,"inline_featured_image":false,"footnotes":""},"class_list":["post-3531","page","type-page","status-publish","hentry"],"acf":[],"_links":{"self":[{"href":"https:\/\/country.bhaktimarga.org\/ashram-shree-peetha-nilaya\/wp-json\/wp\/v2\/pages\/3531","targetHints":{"allow":["GET"]}}],"collection":[{"href":"https:\/\/country.bhaktimarga.org\/ashram-shree-peetha-nilaya\/wp-json\/wp\/v2\/pages"}],"about":[{"href":"https:\/\/country.bhaktimarga.org\/ashram-shree-peetha-nilaya\/wp-json\/wp\/v2\/types\/page"}],"author":[{"embeddable":true,"href":"https:\/\/country.bhaktimarga.org\/ashram-shree-peetha-nilaya\/wp-json\/wp\/v2\/users\/1"}],"replies":[{"embeddable":true,"href":"https:\/\/country.bhaktimarga.org\/ashram-shree-peetha-nilaya\/wp-json\/wp\/v2\/comments?post=3531"}],"version-history":[{"count":7,"href":"https:\/\/country.bhaktimarga.org\/ashram-shree-peetha-nilaya\/wp-json\/wp\/v2\/pages\/3531\/revisions"}],"predecessor-version":[{"id":7902,"href":"https:\/\/country.bhaktimarga.org\/ashram-shree-peetha-nilaya\/wp-json\/wp\/v2\/pages\/3531\/revisions\/7902"}],"up":[{"embeddable":true,"href":"https:\/\/country.bhaktimarga.org\/ashram-shree-peetha-nilaya\/wp-json\/wp\/v2\/pages\/3526"}],"wp:attachment":[{"href":"https:\/\/country.bhaktimarga.org\/ashram-shree-peetha-nilaya\/wp-json\/wp\/v2\/media?parent=3531"}],"curies":[{"name":"wp","href":"https:\/\/api.w.org\/{rel}","templated":true}]}}