{"id":3535,"date":"2024-02-09T09:23:33","date_gmt":"2024-02-09T09:23:33","guid":{"rendered":"https:\/\/country.bhaktimarga.org\/spn\/?page_id=3535"},"modified":"2024-05-25T13:18:10","modified_gmt":"2024-05-25T12:18:10","slug":"yoga-and-meditation","status":"publish","type":"page","link":"https:\/\/country.bhaktimarga.org\/ashram-shree-peetha-nilaya\/ashram-shree-peetha-nilaya\/deu\/explore\/yoga-and-meditation\/","title":{"rendered":"Yoga and Meditation DE"},"content":{"rendered":"\n<section class=\"hero-image\">\n    <div class=\"hero-image__container\">\n        <img decoding=\"async\" class=\"hero-image__background object-fit-cover\" src=\"https:\/\/country.bhaktimarga.org\/ashram-shree-peetha-nilaya\/wp-content\/uploads\/sites\/44\/2023\/10\/know-more-yoga-and-meditation.webp\" alt=\"woman sitting in the nature and doing japa meditation\">\n            <\/div>\n    <div class=\"hero-image__content container\">\n        <h1>SPIRITUELLES WACHSTUM DURCH YOGA UND MEDITATION<\/h1>\n    <\/div>\n<\/section>\n\n<style>\n    <\/style>\n\n\n<section class=\"intro-text-icon\">\n    <div class=\"container\">\n        <div class=\"intro-text-icon__container\" style=\"background-color: #C4EFF3;\">\n            <img decoding=\"async\" src=\"https:\/\/country.bhaktimarga.org\/ashram-shree-peetha-nilaya\/wp-content\/uploads\/sites\/44\/2023\/12\/explore-yoga-and-meditation-icon.png\">\n            <div class=\"intro-text-icon__content\">\n                <span class=\"intro-text-icon__text\"><p>Entdecke inneren Frieden und wecke deine Leidenschaft f\u00fcr das Leben. Melde dich f\u00fcr Atma Kriya Yoga Kurse an, erlebe die Kraft der OM Chantings oder nimm an unseren transformativen Retreats teil. Erlebe inneren Frieden und Liebe in unseren Gruppenmeditationen.<\/p>\n<\/span>\n                            <\/div>\n        <\/div>\n    <\/div>\n<\/section>\n\n\n<section class=\"no-padding\">\n    <div class=\"container no-padding\">\n        <div class=\"flex-50\">\n            <p>Auf der ewigen Suche nach Frieden und Ausgeglichenheit haben sich Millionen von Menschen aus gutem Grund der Meditation und den Yoga-Asanas zugewandt. Shree Peetha Nilaya ist ein Ort der Gemeinschaft, der inneren Entdeckung und des Erwachens. Alles, was wir t\u00e4glich praktizieren, hat unsere liebevolle Beziehung zum G\u00f6ttlichen zum Ziel.<\/p>\n            <p>Wir teilen die Lehren von Paramahamsa Vishwananda. Mit einer Vielzahl von Schulungen, Wochenend-Retreats und Kursen in verschiedenen Sprachen kannst du die Sadhana (spirituelle Praxis) w\u00e4hlen, die am besten zu dir passt.<\/p>\n        <\/div>\n    <\/div>\n<\/section>\n\n\n\n<section class=\"images-grid\">\n    <div class=\"container grid-3-auto\">\n        <img decoding=\"async\" class=\"object-fit-cover\" src=\"\/wp-content\/uploads\/sites\/44\/2023\/09\/grid-01-yoga-meditation-shree-peetha-nilaya.webp\">\n        <img decoding=\"async\" class=\"object-fit-cover\" src=\"\/wp-content\/uploads\/sites\/44\/2023\/11\/grid-02-yoga-meditation-shree-peetha-nilaya.webp\">\n        <img decoding=\"async\" class=\"object-fit-cover\" src=\"\/wp-content\/uploads\/sites\/44\/2023\/09\/grid-03-yoga-meditation-shree-peetha-nilaya.webp\">\n        <img decoding=\"async\" class=\"object-fit-cover\" src=\"\/wp-content\/uploads\/sites\/44\/2023\/09\/grid-04-yoga-meditation-shree-peetha-nilaya.webp\">\n        <img decoding=\"async\" class=\"object-fit-cover\" src=\"\/wp-content\/uploads\/sites\/44\/2023\/09\/grid-05-yoga-meditation-shree-peetha-nilaya.webp\">\n        <img decoding=\"async\" class=\"object-fit-cover\" src=\"\/wp-content\/uploads\/sites\/44\/2023\/09\/grid-06-yoga-meditation-shree-peetha-nilaya.webp\">\n    <\/div>\n<\/section>\n\n\n\n<section>\n    <div class=\"container no-padding\">\n        <p>Unsere Yoga- und Meditationstechniken:<\/p>\n        <div class=\"flex-50\">\n            <div style=\"margin-bottom: 2rem;\">\n                <h4 style=\"margin-bottom: 0;\">ATMA KRIYA YOGA<\/h4>\n                <h5>BEWUSSTSEIN DER SEELE<\/h5>\n                <p>Deine Seele oder Atma ist der ewige Teil von Dir, der Deinen Geist und K\u00f6rper belebt.<br>\nAtma Kriya Yoga ist einzigartig. Paramahamsa Vishwananda hat dir diese Praxis gegeben, damit du dein wahres Selbst erkennst und die Hingabe an deinen Ursprung und ewigen Halt erweckst: Gott.<\/p>\n            <\/div>\n            <div style=\"margin-bottom: 2rem;\">\n                <h4 style=\"margin-bottom: 0;\">OM CHANTING<\/h4>\n                <h5>DER URKLANG<\/h5>\n                <p>Gott erschafft seine Sch\u00f6pfung durch Schwingung und die heilige Silbe Om ist der Ursprung von allem. Die Schwingung dieses Wortes l\u00f6st geistigen und k\u00f6rperlichen Blockaden.<br>\n                Als Gruppen\u00fcbung ist diese Praxis auch eine gute M\u00f6glichkeit, sich nach dem Chanten mit anderen \u00fcber pers\u00f6nliche Erfahrungen und Eindr\u00fccke auszutauschen.<\/p>\n            <\/div>\n        <\/div>\n        <div class=\"flex-50\">\n            <div style=\"margin-bottom: 2rem;\">\n                <h4 style=\"margin-bottom: 0;\">BABAJI SURYA NAMASKAR<\/h4>\n                <h5>K\u00d6RPER, GEIST UND SEELE IN EINKLANG BRINGEN<\/h5>\n                <p>Babaji Surya Namaskar ist eine einfache, aber kraftvolle Asana (K\u00f6rperhaltung), die weniger als 15 Minuten t\u00e4glich in Anspruch nimmt und dem ganzen K\u00f6rper neue Energie verleiht.<\/p>\n            <\/div>\n            <div style=\"margin-bottom: 2rem;\">\n                <h4 style=\"margin-bottom: 0;\">PROJECT MANTRA?<\/h4>\n                <p>Mantra-Singen ist eine einfache, aber kraftvolle Form der Meditation, die tiefe und anhaltende Freude schenkt. Projekt Mantra ist eine kostenlose, gef\u00fchrte 40-t\u00e4gige Reise, die Ihnen hilft, eine Mantra-Meditationspraxis aufzubauen. Sie ist sowohl f\u00fcr Anf\u00e4nger als auch f\u00fcr Fortgeschrittene geeignet.<\/p>\n            <\/div>\n        <\/div>\n    <\/div>\n<\/section>\n\n\n<section id=\"upcoming-events-yoga-med\" class=\"events-cards-list\">\n        <div class=\"container\">\n            <h2 class=\"title-with-ornament title-with-ornament--violet\">Upcoming Events<\/h2>\n            <a href=\"https:\/\/events.bhaktimarga.org\/pages\/calendar\" target=\"_blank\">\n                <p class=\"button button--outline--violet\">Calendar View<\/p>\n            <\/a>\n            <div class=\"events-cards-list__carousel scroll-container\"><a href=\"https:\/\/bhaktievent-108.myshopify.com\/products\/atma-kriya-yoga-meditation-course-en-17-april-26\" target=\"_blank\">\n            <figure class=\"events-cards-list__card\">\n                <img decoding=\"async\" class=\"events-cards-list__image\" src=\"https:\/\/cdn.shopify.com\/s\/files\/1\/0721\/1168\/5949\/files\/AKY-meditation_940747c3-8583-4726-952a-3fa7175e586a_large.jpg?v=1707227558\">\n                <figcaption class=\"events-cards-list__info\">\n                    <p class=\"events-cards-list__category\">Yoga & Meditation<\/p>\n                    <p class=\"events-cards-list__title\">ATMA KRIYA YOGA - MEDITATION COURSE (EN)<\/p>\n                    <p class=\"events-cards-list__date\">17 Apr 2026<\/p>\n                    <span class=\"events-cards-list__price\">108\u20ac - 480\u20ac<\/span>\n                <\/figcaption>\n            <\/figure>\n        <\/a><a href=\"https:\/\/bhaktievent-108.myshopify.com\/products\/in-person-om-chanting-workshop-deutsch-29-may-26\" target=\"_blank\">\n            <figure class=\"events-cards-list__card\">\n                <img decoding=\"async\" class=\"events-cards-list__image\" src=\"https:\/\/cdn.shopify.com\/s\/files\/1\/0721\/1168\/5949\/files\/om-chanting-workshop-2023-pic1_98be6e6a-7388-4efd-a674-e4ba2306e588_large.jpg?v=1703087299\">\n                <figcaption class=\"events-cards-list__info\">\n                    <p class=\"events-cards-list__category\">Yoga & Meditation<\/p>\n                    <p class=\"events-cards-list__title\">IN-PERSON - OM CHANTING WORKSHOP - DEUTSCH<\/p>\n                    <p class=\"events-cards-list__date\">29 May 2026<\/p>\n                    <span class=\"events-cards-list__price\">40\u20ac<\/span>\n                <\/figcaption>\n            <\/figure>\n        <\/a><a href=\"https:\/\/bhaktievent-108.myshopify.com\/products\/babaji-surya-namaskar-29-may-26\" target=\"_blank\">\n            <figure class=\"events-cards-list__card\">\n                <img decoding=\"async\" class=\"events-cards-list__image\" src=\"https:\/\/cdn.shopify.com\/s\/files\/1\/0721\/1168\/5949\/files\/mahavatar-babaji-yogi_27f0b3d2-3a7b-405a-a18b-37c528d7e95f_large.jpg?v=1712395028\">\n                <figcaption class=\"events-cards-list__info\">\n                    <p class=\"events-cards-list__category\">Yoga & Meditation<\/p>\n                    <p class=\"events-cards-list__title\">BABAJI SURYA NAMASKAR<\/p>\n                    <p class=\"events-cards-list__date\">29 May 2026<\/p>\n                    <span class=\"events-cards-list__price\">15\u20ac<\/span>\n                <\/figcaption>\n            <\/figure>\n        <\/a><a href=\"https:\/\/bhaktievent-108.myshopify.com\/products\/atma-kriya-yoga-meditationskurs-26-june-26\" target=\"_blank\">\n            <figure class=\"events-cards-list__card\">\n                <img decoding=\"async\" class=\"events-cards-list__image\" src=\"https:\/\/cdn.shopify.com\/s\/files\/1\/0721\/1168\/5949\/files\/AKY-meditation_00746cb6-21b7-4347-85c4-3eb8be6270f5_large.jpg?v=1707219450\">\n                <figcaption class=\"events-cards-list__info\">\n                    <p class=\"events-cards-list__category\">Yoga & Meditation<\/p>\n                    <p class=\"events-cards-list__title\">ATMA KRIYA YOGA - MEDITATIONSKURS<\/p>\n                    <p class=\"events-cards-list__date\">26 Jun 2026<\/p>\n                    <span class=\"events-cards-list__price\">108\u20ac - 480\u20ac<\/span>\n                <\/figcaption>\n            <\/figure>\n        <\/a><a href=\"https:\/\/bhaktievent-108.myshopify.com\/products\/atma-kriya-yoga-meditation-course-en-17-july-26\" target=\"_blank\">\n            <figure class=\"events-cards-list__card\">\n                <img decoding=\"async\" class=\"events-cards-list__image\" src=\"https:\/\/cdn.shopify.com\/s\/files\/1\/0721\/1168\/5949\/files\/AKY-meditation_940747c3-8583-4726-952a-3fa7175e586a_large.jpg?v=1707227558\">\n                <figcaption class=\"events-cards-list__info\">\n                    <p class=\"events-cards-list__category\">Yoga & Meditation<\/p>\n                    <p class=\"events-cards-list__title\">ATMA KRIYA YOGA - MEDITATION COURSE (EN)<\/p>\n                    <p class=\"events-cards-list__date\">17 Jul 2026<\/p>\n                    <span class=\"events-cards-list__price\">108\u20ac - 480\u20ac<\/span>\n                <\/figcaption>\n            <\/figure>\n        <\/a><a href=\"https:\/\/bhaktievent-108.myshopify.com\/products\/atma-kriya-yoga-meditationskurs-21-august-26\" target=\"_blank\">\n            <figure class=\"events-cards-list__card\">\n                <img decoding=\"async\" class=\"events-cards-list__image\" src=\"https:\/\/cdn.shopify.com\/s\/files\/1\/0721\/1168\/5949\/files\/AKY-meditation_00746cb6-21b7-4347-85c4-3eb8be6270f5_large.jpg?v=1707219450\">\n                <figcaption class=\"events-cards-list__info\">\n                    <p class=\"events-cards-list__category\">Yoga & Meditation<\/p>\n                    <p class=\"events-cards-list__title\">ATMA KRIYA YOGA - MEDITATIONSKURS<\/p>\n                    <p class=\"events-cards-list__date\">21 Aug 2026<\/p>\n                    <span class=\"events-cards-list__price\">108\u20ac - 480\u20ac<\/span>\n                <\/figcaption>\n            <\/figure>\n        <\/a><a href=\"https:\/\/bhaktievent-108.myshopify.com\/products\/mudra-2-course-28-august-26\" target=\"_blank\">\n            <figure class=\"events-cards-list__card\">\n                <img decoding=\"async\" class=\"events-cards-list__image\" src=\"https:\/\/cdn.shopify.com\/s\/files\/1\/0721\/1168\/5949\/files\/mudra-2-course-header_large.jpg?v=1741864467\">\n                <figcaption class=\"events-cards-list__info\">\n                    <p class=\"events-cards-list__category\">Yoga & Meditation<\/p>\n                    <p class=\"events-cards-list__title\">MUDRA 2 COURSE<\/p>\n                    <p class=\"events-cards-list__date\">28 Aug 2026<\/p>\n                    <span class=\"events-cards-list__price\">50\u20ac<\/span>\n                <\/figcaption>\n            <\/figure>\n        <\/a><a href=\"https:\/\/bhaktievent-108.myshopify.com\/products\/in-person-om-chanting-workshop-deutsch-28-august-26\" target=\"_blank\">\n            <figure class=\"events-cards-list__card\">\n                <img decoding=\"async\" class=\"events-cards-list__image\" src=\"https:\/\/cdn.shopify.com\/s\/files\/1\/0721\/1168\/5949\/files\/om-chanting-workshop-2023-pic1_98be6e6a-7388-4efd-a674-e4ba2306e588_large.jpg?v=1703087299\">\n                <figcaption class=\"events-cards-list__info\">\n                    <p class=\"events-cards-list__category\">Yoga & Meditation<\/p>\n                    <p class=\"events-cards-list__title\">IN-PERSON - OM CHANTING WORKSHOP - DEUTSCH<\/p>\n                    <p class=\"events-cards-list__date\">28 Aug 2026<\/p>\n                    <span class=\"events-cards-list__price\">40\u20ac<\/span>\n                <\/figcaption>\n            <\/figure>\n        <\/a><a href=\"https:\/\/bhaktievent-108.myshopify.com\/products\/atma-kriya-yoga-meditation-course-en-25-sept-26\" target=\"_blank\">\n            <figure class=\"events-cards-list__card\">\n                <img decoding=\"async\" class=\"events-cards-list__image\" src=\"https:\/\/cdn.shopify.com\/s\/files\/1\/0721\/1168\/5949\/files\/AKY-meditation_940747c3-8583-4726-952a-3fa7175e586a_large.jpg?v=1707227558\">\n                <figcaption class=\"events-cards-list__info\">\n                    <p class=\"events-cards-list__category\">Yoga & Meditation<\/p>\n                    <p class=\"events-cards-list__title\">ATMA KRIYA YOGA - MEDITATION COURSE (EN)<\/p>\n                    <p class=\"events-cards-list__date\">25 Sep 2026<\/p>\n                    <span class=\"events-cards-list__price\">108\u20ac - 480\u20ac<\/span>\n                <\/figcaption>\n            <\/figure>\n        <\/a><a href=\"https:\/\/bhaktievent-108.myshopify.com\/products\/mudra-1-kurs-19-october-26\" target=\"_blank\">\n            <figure class=\"events-cards-list__card\">\n                <img decoding=\"async\" class=\"events-cards-list__image\" src=\"https:\/\/cdn.shopify.com\/s\/files\/1\/0721\/1168\/5949\/files\/Artboard2_large.jpg?v=1686057649\">\n                <figcaption class=\"events-cards-list__info\">\n                    <p class=\"events-cards-list__category\">Yoga & Meditation<\/p>\n                    <p class=\"events-cards-list__title\">MUDRA 1 KURS<\/p>\n                    <p class=\"events-cards-list__date\">19 Oct 2026<\/p>\n                    <span class=\"events-cards-list__price\">40\u20ac<\/span>\n                <\/figcaption>\n            <\/figure>\n        <\/a><a href=\"https:\/\/bhaktievent-108.myshopify.com\/products\/in-person-om-chanting-workshop-20-october-26\" target=\"_blank\">\n            <figure class=\"events-cards-list__card\">\n                <img decoding=\"async\" class=\"events-cards-list__image\" src=\"https:\/\/cdn.shopify.com\/s\/files\/1\/0721\/1168\/5949\/files\/om-chanting-workshop-2023-pic1_d12642d1-3c05-4840-a96d-a7a341bee1db_large.jpg?v=1712397046\">\n                <figcaption class=\"events-cards-list__info\">\n                    <p class=\"events-cards-list__category\">Yoga & Meditation<\/p>\n                    <p class=\"events-cards-list__title\">IN-PERSON - OM CHANTING WORKSHOP<\/p>\n                    <p class=\"events-cards-list__date\">20 Oct 2026<\/p>\n                    <span class=\"events-cards-list__price\">40\u20ac<\/span>\n                <\/figcaption>\n            <\/figure>\n        <\/a><a href=\"https:\/\/bhaktievent-108.myshopify.com\/products\/babaji-surya-namaskar-21-october-26\" target=\"_blank\">\n            <figure class=\"events-cards-list__card\">\n                <img decoding=\"async\" class=\"events-cards-list__image\" src=\"https:\/\/cdn.shopify.com\/s\/files\/1\/0721\/1168\/5949\/files\/mahavatar-babaji-yogi_27f0b3d2-3a7b-405a-a18b-37c528d7e95f_large.jpg?v=1712395028\">\n                <figcaption class=\"events-cards-list__info\">\n                    <p class=\"events-cards-list__category\">Yoga & Meditation<\/p>\n                    <p class=\"events-cards-list__title\">BABAJI SURYA NAMASKAR<\/p>\n                    <p class=\"events-cards-list__date\">21 Oct 2026<\/p>\n                    <span class=\"events-cards-list__price\">15\u20ac<\/span>\n                <\/figcaption>\n            <\/figure>\n        <\/a><a href=\"https:\/\/bhaktievent-108.myshopify.com\/products\/atma-kriya-yoga-meditation-course-en-30-october-26\" target=\"_blank\">\n            <figure class=\"events-cards-list__card\">\n                <img decoding=\"async\" class=\"events-cards-list__image\" src=\"https:\/\/cdn.shopify.com\/s\/files\/1\/0721\/1168\/5949\/files\/AKY-meditation_940747c3-8583-4726-952a-3fa7175e586a_large.jpg?v=1707227558\">\n                <figcaption class=\"events-cards-list__info\">\n                    <p class=\"events-cards-list__category\">Yoga & Meditation<\/p>\n                    <p class=\"events-cards-list__title\">ATMA KRIYA YOGA - MEDITATION COURSE (EN)<\/p>\n                    <p class=\"events-cards-list__date\">30 Oct 2026<\/p>\n                    <span class=\"events-cards-list__price\">108\u20ac - 480\u20ac<\/span>\n                <\/figcaption>\n            <\/figure>\n        <\/a><a href=\"https:\/\/bhaktievent-108.myshopify.com\/products\/atma-kriya-yoga-meditationskurs-20-november-26\" target=\"_blank\">\n            <figure class=\"events-cards-list__card\">\n                <img decoding=\"async\" class=\"events-cards-list__image\" src=\"https:\/\/cdn.shopify.com\/s\/files\/1\/0721\/1168\/5949\/files\/AKY-meditation_00746cb6-21b7-4347-85c4-3eb8be6270f5_large.jpg?v=1707219450\">\n                <figcaption class=\"events-cards-list__info\">\n                    <p class=\"events-cards-list__category\">Yoga & Meditation<\/p>\n                    <p class=\"events-cards-list__title\">ATMA KRIYA YOGA - MEDITATIONSKURS<\/p>\n                    <p class=\"events-cards-list__date\">20 Nov 2026<\/p>\n                    <span class=\"events-cards-list__price\">108\u20ac - 480\u20ac<\/span>\n                <\/figcaption>\n            <\/figure>\n        <\/a><a href=\"https:\/\/bhaktievent-108.myshopify.com\/products\/in-person-om-chanting-workshop-28-november-26\" target=\"_blank\">\n            <figure class=\"events-cards-list__card\">\n                <img decoding=\"async\" class=\"events-cards-list__image\" src=\"https:\/\/cdn.shopify.com\/s\/files\/1\/0721\/1168\/5949\/files\/om-chanting-workshop-2023-pic1_d12642d1-3c05-4840-a96d-a7a341bee1db_large.jpg?v=1712397046\">\n                <figcaption class=\"events-cards-list__info\">\n                    <p class=\"events-cards-list__category\">Yoga & Meditation<\/p>\n                    <p class=\"events-cards-list__title\">IN-PERSON - OM CHANTING WORKSHOP<\/p>\n                    <p class=\"events-cards-list__date\">28 Nov 2026<\/p>\n                    <span class=\"events-cards-list__price\">40\u20ac<\/span>\n                <\/figcaption>\n            <\/figure>\n        <\/a><a href=\"https:\/\/bhaktievent-108.myshopify.com\/products\/babaji-surya-namaskar-28-november-26\" target=\"_blank\">\n            <figure class=\"events-cards-list__card\">\n                <img decoding=\"async\" class=\"events-cards-list__image\" src=\"https:\/\/cdn.shopify.com\/s\/files\/1\/0721\/1168\/5949\/files\/mahavatar-babaji-yogi_27f0b3d2-3a7b-405a-a18b-37c528d7e95f_large.jpg?v=1712395028\">\n                <figcaption class=\"events-cards-list__info\">\n                    <p class=\"events-cards-list__category\">Yoga & Meditation<\/p>\n                    <p class=\"events-cards-list__title\">BABAJI SURYA NAMASKAR<\/p>\n                    <p class=\"events-cards-list__date\">28 Nov 2026<\/p>\n                    <span class=\"events-cards-list__price\">15\u20ac<\/span>\n                <\/figcaption>\n            <\/figure>\n        <\/a><a href=\"https:\/\/bhaktievent-108.myshopify.com\/products\/atma-kriya-yoga-meditation-course-en-18-december-26\" target=\"_blank\">\n            <figure class=\"events-cards-list__card\">\n                <img decoding=\"async\" class=\"events-cards-list__image\" src=\"https:\/\/cdn.shopify.com\/s\/files\/1\/0721\/1168\/5949\/files\/AKY-meditation_940747c3-8583-4726-952a-3fa7175e586a_large.jpg?v=1707227558\">\n                <figcaption class=\"events-cards-list__info\">\n                    <p class=\"events-cards-list__category\">Yoga & Meditation<\/p>\n                    <p class=\"events-cards-list__title\">ATMA KRIYA YOGA - MEDITATION COURSE (EN)<\/p>\n                    <p class=\"events-cards-list__date\">18 Dec 2026<\/p>\n                    <span class=\"events-cards-list__price\">108\u20ac - 480\u20ac<\/span>\n                <\/figcaption>\n            <\/figure>\n        <\/a><\/div>\n            <div class=\"scroll-arrows\">\n                <div class=\"scroll-arrow scroll-left\"><\/div>\n                <div class=\"scroll-arrow scroll-right\"><\/div>\n            <\/div>\n            <div class=\"progress-container\">\n                <div class=\"progress-bar\"><\/div>\n            <\/div>\n        <\/div>\n    <\/section>\n\n\n","protected":false},"excerpt":{"rendered":"<p>Auf der ewigen Suche nach Frieden und Ausgeglichenheit haben sich Millionen von Menschen aus gutem Grund der Meditation und den Yoga-Asanas zugewandt. Shree Peetha Nilaya ist ein Ort der Gemeinschaft, der inneren Entdeckung und des Erwachens. Alles, was wir t\u00e4glich praktizieren, hat unsere liebevolle Beziehung zum G\u00f6ttlichen zum Ziel. Wir teilen die Lehren von Paramahamsa [&hellip;]<\/p>\n","protected":false},"author":1,"featured_media":0,"parent":3526,"menu_order":0,"comment_status":"closed","ping_status":"closed","template":"","meta":{"_acf_changed":false,"inline_featured_image":false,"footnotes":""},"class_list":["post-3535","page","type-page","status-publish","hentry"],"acf":[],"_links":{"self":[{"href":"https:\/\/country.bhaktimarga.org\/ashram-shree-peetha-nilaya\/wp-json\/wp\/v2\/pages\/3535","targetHints":{"allow":["GET"]}}],"collection":[{"href":"https:\/\/country.bhaktimarga.org\/ashram-shree-peetha-nilaya\/wp-json\/wp\/v2\/pages"}],"about":[{"href":"https:\/\/country.bhaktimarga.org\/ashram-shree-peetha-nilaya\/wp-json\/wp\/v2\/types\/page"}],"author":[{"embeddable":true,"href":"https:\/\/country.bhaktimarga.org\/ashram-shree-peetha-nilaya\/wp-json\/wp\/v2\/users\/1"}],"replies":[{"embeddable":true,"href":"https:\/\/country.bhaktimarga.org\/ashram-shree-peetha-nilaya\/wp-json\/wp\/v2\/comments?post=3535"}],"version-history":[{"count":4,"href":"https:\/\/country.bhaktimarga.org\/ashram-shree-peetha-nilaya\/wp-json\/wp\/v2\/pages\/3535\/revisions"}],"predecessor-version":[{"id":5108,"href":"https:\/\/country.bhaktimarga.org\/ashram-shree-peetha-nilaya\/wp-json\/wp\/v2\/pages\/3535\/revisions\/5108"}],"up":[{"embeddable":true,"href":"https:\/\/country.bhaktimarga.org\/ashram-shree-peetha-nilaya\/wp-json\/wp\/v2\/pages\/3526"}],"wp:attachment":[{"href":"https:\/\/country.bhaktimarga.org\/ashram-shree-peetha-nilaya\/wp-json\/wp\/v2\/media?parent=3535"}],"curies":[{"name":"wp","href":"https:\/\/api.w.org\/{rel}","templated":true}]}}