{"id":3539,"date":"2024-02-09T09:38:48","date_gmt":"2024-02-09T09:38:48","guid":{"rendered":"https:\/\/country.bhaktimarga.org\/spn\/?page_id=3539"},"modified":"2024-03-15T10:30:13","modified_gmt":"2024-03-15T10:30:13","slug":"meditative-and-sacred-spaces","status":"publish","type":"page","link":"https:\/\/country.bhaktimarga.org\/ashram-shree-peetha-nilaya\/ashram-shree-peetha-nilaya\/deu\/explore\/meditative-and-sacred-spaces\/","title":{"rendered":"Meditative and Sacred Spaces DE"},"content":{"rendered":"\n<section class=\"hero-image\">\n    <div class=\"hero-image__container\">\n        <img decoding=\"async\" class=\"hero-image__background object-fit-cover\" src=\"https:\/\/country.bhaktimarga.org\/ashram-shree-peetha-nilaya\/wp-content\/uploads\/sites\/44\/2023\/09\/know-more-meditative-sacred-spaces.webp\" alt=\"\">\n            <\/div>\n    <div class=\"hero-image__content container\">\n        <h1>DAS RICHTIGE UMFELD F\u00dcR TIEFGREIFENDE ERFAHRUNGEN<\/h1>\n    <\/div>\n<\/section>\n\n<style>\n    <\/style>\n\n\n<section class=\"intro-text-icon\">\n    <div class=\"container\">\n        <div class=\"intro-text-icon__container\" style=\"background-color: #F8E5BE;\">\n            <img decoding=\"async\" src=\"https:\/\/country.bhaktimarga.org\/ashram-shree-peetha-nilaya\/wp-content\/uploads\/sites\/44\/2023\/12\/lotus-icon.png\">\n            <div class=\"intro-text-icon__content\">\n                <span class=\"intro-text-icon__text\"><p>Wer meditieren m\u00f6chte, findet Ruhe in unserer Meditationsgrotte mit einer Murti von Babaji. F\u00fcr Wissensdurstige ist ein Besuch des Hindu-Museums und unseres wundersch\u00f6nen Tempels sehr interessant. Wem der Sinn nach Bewegung steht, der kann den Weg rund um den Ashram gehen und den See besuchen. Begib dich auf eine spannende Entdeckungsreise durch den Ashram und seine Umgebung.<\/p>\n<\/span>\n                            <\/div>\n        <\/div>\n    <\/div>\n<\/section>\n\n\n<section class=\"no-padding\">\n    <div class=\"container no-padding\">\n        <div class=\"flex-50\">\n            <p>Ob f\u00fcr einen Tag, ein Wochenende oder l\u00e4nger, der Ashram ist der ideale Ort, um Ruhe und innere Einkehr zu finden. Die tiefe Stille der W\u00e4lder und des Ashramgel\u00e4ndes l\u00e4dt zum Entspannen ein. <\/p>\n            <p>Spaziere durch die W\u00e4lder, entdecke die sch\u00f6nen G\u00e4rten und versteckten B\u00e4che oder trinke eine Tasse Tee auf unserer Panoramaterrasse und beobachte die Wolken.<\/p>\n        <\/div>\n    <\/div>\n<\/section>\n\n\n\n<section class=\"images-grid\">\n    <div class=\"container grid-3-auto\">\n        <img decoding=\"async\" class=\"object-fit-cover\" src=\"\/wp-content\/uploads\/sites\/44\/2023\/10\/grid-01-nature-shree-peetha-nilaya.webp\">\n        <img decoding=\"async\" class=\"object-fit-cover\" src=\"\/wp-content\/uploads\/sites\/44\/2023\/10\/grid-02-nature-shree-peetha-nilaya.webp\">\n        <img decoding=\"async\" class=\"object-fit-cover\" src=\"\/wp-content\/uploads\/sites\/44\/2023\/10\/grid-06-nature-shree-peetha-nilaya.webp\">\n        <img decoding=\"async\" class=\"object-fit-cover\" src=\"\/wp-content\/uploads\/sites\/44\/2023\/10\/grid-04-nature-shree-peetha-nilaya.webp\">\n        <img decoding=\"async\" class=\"object-fit-cover\" src=\"\/wp-content\/uploads\/sites\/44\/2023\/10\/grid-03-nature-shree-peetha-nilaya.webp\">\n        <img decoding=\"async\" class=\"object-fit-cover\" src=\"\/wp-content\/uploads\/sites\/44\/2023\/10\/grid-05-nature-shree-peetha-nilaya.webp\">\n    <\/div>\n<\/section>\n\n\n\n<section>\n    <div class=\"container no-padding\">\n        <div class=\"flex-50\">\n            <p>Drau\u00dfen regnet es? Dann ist unsere Tierwelt genau das Richtige f\u00fcr dich. Zwei gro\u00dfe Aquarien in unserer Lobby bieten einen Blick in die faszinierende Unterwasserwelt und sorgen f\u00fcr Entspannung und Erholung. Auch f\u00fcr eine gute Aussicht ist gesorgt. Jedes Zimmer hat ein Panoramafenster, eine Terrasse oder einen Balkon, um den weiten Blick \u00fcber das Tal zu genie\u00dfen.<\/p>\n            <p>Es ist das gleiche Tal, das Paramahamsa Vishwananda vor vielen Jahren als den richtigen Ort f\u00fcr den Ashram erkannte.<\/p>\n        <\/div>\n    <\/div>\n<\/section>\n","protected":false},"excerpt":{"rendered":"<p>Ob f\u00fcr einen Tag, ein Wochenende oder l\u00e4nger, der Ashram ist der ideale Ort, um Ruhe und innere Einkehr zu finden. Die tiefe Stille der W\u00e4lder und des Ashramgel\u00e4ndes l\u00e4dt zum Entspannen ein. Spaziere durch die W\u00e4lder, entdecke die sch\u00f6nen G\u00e4rten und versteckten B\u00e4che oder trinke eine Tasse Tee auf unserer Panoramaterrasse und beobachte die [&hellip;]<\/p>\n","protected":false},"author":1,"featured_media":0,"parent":3526,"menu_order":0,"comment_status":"closed","ping_status":"closed","template":"","meta":{"_acf_changed":false,"inline_featured_image":false,"footnotes":""},"class_list":["post-3539","page","type-page","status-publish","hentry"],"acf":[],"_links":{"self":[{"href":"https:\/\/country.bhaktimarga.org\/ashram-shree-peetha-nilaya\/wp-json\/wp\/v2\/pages\/3539","targetHints":{"allow":["GET"]}}],"collection":[{"href":"https:\/\/country.bhaktimarga.org\/ashram-shree-peetha-nilaya\/wp-json\/wp\/v2\/pages"}],"about":[{"href":"https:\/\/country.bhaktimarga.org\/ashram-shree-peetha-nilaya\/wp-json\/wp\/v2\/types\/page"}],"author":[{"embeddable":true,"href":"https:\/\/country.bhaktimarga.org\/ashram-shree-peetha-nilaya\/wp-json\/wp\/v2\/users\/1"}],"replies":[{"embeddable":true,"href":"https:\/\/country.bhaktimarga.org\/ashram-shree-peetha-nilaya\/wp-json\/wp\/v2\/comments?post=3539"}],"version-history":[{"count":3,"href":"https:\/\/country.bhaktimarga.org\/ashram-shree-peetha-nilaya\/wp-json\/wp\/v2\/pages\/3539\/revisions"}],"predecessor-version":[{"id":3607,"href":"https:\/\/country.bhaktimarga.org\/ashram-shree-peetha-nilaya\/wp-json\/wp\/v2\/pages\/3539\/revisions\/3607"}],"up":[{"embeddable":true,"href":"https:\/\/country.bhaktimarga.org\/ashram-shree-peetha-nilaya\/wp-json\/wp\/v2\/pages\/3526"}],"wp:attachment":[{"href":"https:\/\/country.bhaktimarga.org\/ashram-shree-peetha-nilaya\/wp-json\/wp\/v2\/media?parent=3539"}],"curies":[{"name":"wp","href":"https:\/\/api.w.org\/{rel}","templated":true}]}}