{"id":3541,"date":"2024-02-09T09:39:35","date_gmt":"2024-02-09T09:39:35","guid":{"rendered":"https:\/\/country.bhaktimarga.org\/spn\/?page_id=3541"},"modified":"2024-04-10T13:43:27","modified_gmt":"2024-04-10T12:43:27","slug":"community","status":"publish","type":"page","link":"https:\/\/country.bhaktimarga.org\/ashram-shree-peetha-nilaya\/ashram-shree-peetha-nilaya\/deu\/explore\/community\/","title":{"rendered":"Community DE"},"content":{"rendered":"\n<section class=\"hero-image\">\n    <div class=\"hero-image__container\">\n        <img decoding=\"async\" class=\"hero-image__background object-fit-cover\" src=\"https:\/\/country.bhaktimarga.org\/ashram-shree-peetha-nilaya\/wp-content\/uploads\/sites\/44\/2023\/09\/know-more-community.webp\" alt=\"community, two holding hands\">\n            <\/div>\n    <div class=\"hero-image__content container\">\n        <h1>MIT SUCHENDEN AUS ALLER WELT IN KONTAKT KOMMEN<\/h1>\n    <\/div>\n<\/section>\n\n<style>\n    <\/style>\n\n\n<section class=\"intro-text-icon\">\n    <div class=\"container\">\n        <div class=\"intro-text-icon__container\" style=\"background-color: #F8E5BE;\">\n            <img decoding=\"async\" src=\"https:\/\/country.bhaktimarga.org\/ashram-shree-peetha-nilaya\/wp-content\/uploads\/sites\/44\/2023\/12\/lotus-icon.png\">\n            <div class=\"intro-text-icon__content\">\n                <span class=\"intro-text-icon__text\"><p>Die Heiligen Schriften sind eindeutig: Wir sind nicht f\u00fcr ein Leben in Einsamkeit geschaffen. Tritt in Kontakt mit Menschen und suche den Austausch. Verbringe Zeit im Bhajan Caf\u00e9, genie\u00dfe das gute Essen, die sch\u00f6ne Musik und das fr\u00f6hliche Beisammensein.<\/p>\n<\/span>\n                            <\/div>\n        <\/div>\n    <\/div>\n<\/section>\n\n\n<section class=\"no-padding\">\n    <div class=\"container no-padding\">\n        <div class=\"flex-50\">\n            <p>Die Leute sagen uns, dass sie gerne hierher kommen, weil die Atmosph\u00e4re so gut ist. Das Gef\u00fchl, einfach hier zu sein, die Energie, die Positivit\u00e4t.<\/p>\n            <p>Was kommt an zweiter Stelle? Die Menschen. Die Freude, mit gleichgesinnten, fr\u00f6hlichen Menschen zusammen zu sein und die gemeinsame spirituelle Reise zu genie\u00dfen.<\/p>\n        <\/div>\n    <\/div>\n<\/section>\n\n\n\n<section class=\"images-grid\">\n    <div class=\"container grid-3-auto\">\n        <img decoding=\"async\" class=\"object-fit-cover\" src=\"\/wp-content\/uploads\/sites\/44\/2023\/12\/grid-01-people-shree-peetha-nilaya.webp\">\n        <img decoding=\"async\" class=\"object-fit-cover\" src=\"\/wp-content\/uploads\/sites\/44\/2023\/10\/grid-04-people-shree-peetha-nilaya.webp\">\n        <img decoding=\"async\" class=\"object-fit-cover\" src=\"\/wp-content\/uploads\/sites\/44\/2023\/10\/grid-02-people-shree-peetha-nilaya.webp\">\n        <img decoding=\"async\" class=\"object-fit-cover\" src=\"\/wp-content\/uploads\/sites\/44\/2023\/12\/grid-03-people-shree-peetha-nilaya.webp\">\n        <img decoding=\"async\" class=\"object-fit-cover\" src=\"\/wp-content\/uploads\/sites\/44\/2023\/10\/grid-05-people-shree-peetha-nilaya.webp\">\n        <img decoding=\"async\" class=\"object-fit-cover\" src=\"\/wp-content\/uploads\/sites\/44\/2023\/10\/grid-06-people-shree-peetha-nilaya.webp\">\n    <\/div>\n<\/section>\n\n\n\n<section>\n    <div class=\"container no-padding\">\n        <div class=\"flex-50\">\n            <p>Wenn wir sagen, dass wir ein internationales geistliches Zentrum sind, dann stimmt das. Wir sind Gastgeber f\u00fcr die ganze Welt. Zu unseren Veranstaltungen kommen Menschen aus \u00fcber 50 L\u00e4ndern, die Tausende von Kilometern zur\u00fccklegen, um hierher zu kommen. Hier sind alle miteinander verbunden. &#8216;Vasudhaiva Kutumbakam&#8217; &#8211; die Welt ist unsere Familie.<\/p>\n            <p>Bei einem Rundgang durch das Zentrum kann man an einem Tag 20 verschiedene Sprachen h\u00f6ren. Wer also seinen Horizont erweitern und mit jemandem sprechen m\u00f6chte, der 4.000 Kilometer entfernt oder in der N\u00e4he wohnt, ist hier genau richtig.<\/p>\n        <\/div>\n    <\/div>\n<\/section>\n","protected":false},"excerpt":{"rendered":"<p>Die Leute sagen uns, dass sie gerne hierher kommen, weil die Atmosph\u00e4re so gut ist. Das Gef\u00fchl, einfach hier zu sein, die Energie, die Positivit\u00e4t. Was kommt an zweiter Stelle? Die Menschen. Die Freude, mit gleichgesinnten, fr\u00f6hlichen Menschen zusammen zu sein und die gemeinsame spirituelle Reise zu genie\u00dfen. Wenn wir sagen, dass wir ein internationales [&hellip;]<\/p>\n","protected":false},"author":1,"featured_media":0,"parent":3526,"menu_order":0,"comment_status":"closed","ping_status":"closed","template":"","meta":{"_acf_changed":false,"inline_featured_image":false,"footnotes":""},"class_list":["post-3541","page","type-page","status-publish","hentry"],"acf":[],"_links":{"self":[{"href":"https:\/\/country.bhaktimarga.org\/ashram-shree-peetha-nilaya\/wp-json\/wp\/v2\/pages\/3541","targetHints":{"allow":["GET"]}}],"collection":[{"href":"https:\/\/country.bhaktimarga.org\/ashram-shree-peetha-nilaya\/wp-json\/wp\/v2\/pages"}],"about":[{"href":"https:\/\/country.bhaktimarga.org\/ashram-shree-peetha-nilaya\/wp-json\/wp\/v2\/types\/page"}],"author":[{"embeddable":true,"href":"https:\/\/country.bhaktimarga.org\/ashram-shree-peetha-nilaya\/wp-json\/wp\/v2\/users\/1"}],"replies":[{"embeddable":true,"href":"https:\/\/country.bhaktimarga.org\/ashram-shree-peetha-nilaya\/wp-json\/wp\/v2\/comments?post=3541"}],"version-history":[{"count":2,"href":"https:\/\/country.bhaktimarga.org\/ashram-shree-peetha-nilaya\/wp-json\/wp\/v2\/pages\/3541\/revisions"}],"predecessor-version":[{"id":4316,"href":"https:\/\/country.bhaktimarga.org\/ashram-shree-peetha-nilaya\/wp-json\/wp\/v2\/pages\/3541\/revisions\/4316"}],"up":[{"embeddable":true,"href":"https:\/\/country.bhaktimarga.org\/ashram-shree-peetha-nilaya\/wp-json\/wp\/v2\/pages\/3526"}],"wp:attachment":[{"href":"https:\/\/country.bhaktimarga.org\/ashram-shree-peetha-nilaya\/wp-json\/wp\/v2\/media?parent=3541"}],"curies":[{"name":"wp","href":"https:\/\/api.w.org\/{rel}","templated":true}]}}