{"id":3543,"date":"2024-02-09T09:40:57","date_gmt":"2024-02-09T09:40:57","guid":{"rendered":"https:\/\/country.bhaktimarga.org\/spn\/?page_id=3543"},"modified":"2024-04-10T13:51:15","modified_gmt":"2024-04-10T12:51:15","slug":"bhajan-cafe","status":"publish","type":"page","link":"https:\/\/country.bhaktimarga.org\/ashram-shree-peetha-nilaya\/ashram-shree-peetha-nilaya\/deu\/explore\/bhajan-cafe\/","title":{"rendered":"Bhajan Cafe DE"},"content":{"rendered":"\n<section class=\"hero-image\">\n    <div class=\"hero-image__container\">\n        <img decoding=\"async\" class=\"hero-image__background object-fit-cover\" src=\"https:\/\/country.bhaktimarga.org\/ashram-shree-peetha-nilaya\/wp-content\/uploads\/sites\/44\/2023\/09\/know-more-bhajan-cafe-horizontal.webp\" alt=\"\">\n            <\/div>\n    <div class=\"hero-image__content container\">\n        <h1>Vegetarische und vegane K\u00f6stlichkeiten &#8211; mit Liebe<\/h1>\n    <\/div>\n<\/section>\n\n<style>\n    <\/style>\n\n\n<section class=\"intro-text-icon\">\n    <div class=\"container\">\n        <div class=\"intro-text-icon__container\" style=\"background-color: #F8E5BE;\">\n            <img decoding=\"async\" src=\"https:\/\/country.bhaktimarga.org\/ashram-shree-peetha-nilaya\/wp-content\/uploads\/sites\/44\/2023\/12\/lotus-icon.png\">\n            <div class=\"intro-text-icon__content\">\n                <span class=\"intro-text-icon__text\"><p>Ein Cappuccino und ein St\u00fcck Kuchen im Bhajan Cafe runden den Aufenthalt im Ashram perfekt ab. Au\u00dferdem werden hausgemachte Kekse, Desserts mit frischem Obst, vegetarische Wraps, Brezeln und frische S\u00e4fte angeboten. Die einzige Schwierigkeit besteht darin, sich zu entscheiden.<\/p>\n<\/span>\n                            <\/div>\n        <\/div>\n    <\/div>\n<\/section>\n\n\n<section class=\"no-padding\">\n    <div class=\"container no-padding\">\n        <div class=\"flex-50\">\n            <p>Unsere &#8216;gl\u00fccklichen K\u00fche&#8217; liefern die Milchprodukte, unsere Bienen den Honig und unsere gro\u00dfen Gem\u00fcseg\u00e4rten die biologisch angebauten Produkte f\u00fcr unsere Mahlzeiten.<\/p>\n            <p>Die Liebe, die in diesen Produkten steckt, macht unsere K\u00fcche einzigartig. \nJeden Sonntag von 14.00 bis 15.00 Uhr gibt es im Caf\u00e9 Live-Musik, veganes Geb\u00e4ck, Chai, Kaffee, Milchkaffee und vieles mehr.<\/p>\n        <\/div>\n    <\/div>\n<\/section>\n\n\n\n<section class=\"images-grid\">\n    <div class=\"container grid-3-auto\">\n        <img decoding=\"async\" class=\"object-fit-cover\" src=\"\/wp-content\/uploads\/sites\/44\/2023\/10\/grid-01-vegetarian-vegan-shree-peetha-nilaya.webp\">\n        <img decoding=\"async\" class=\"object-fit-cover\" src=\"\/wp-content\/uploads\/sites\/44\/2023\/10\/grid-04-vegetarian-vegan-shree-peetha-nilaya.webp\">\n        <img decoding=\"async\" class=\"object-fit-cover\" src=\"\/wp-content\/uploads\/sites\/44\/2023\/10\/grid-02-vegetarian-vegan-shree-peetha-nilaya.webp\">\n        <img decoding=\"async\" class=\"object-fit-cover\" src=\"\/wp-content\/uploads\/sites\/44\/2023\/10\/grid-03-vegetarian-vegan-shree-peetha-nilaya.webp\">\n        <img decoding=\"async\" class=\"object-fit-cover\" src=\"\/wp-content\/uploads\/sites\/44\/2023\/10\/grid-05-vegetarian-vegan-shree-peetha-nilaya.webp\">\n        <img decoding=\"async\" class=\"object-fit-cover\" src=\"\/wp-content\/uploads\/sites\/44\/2023\/10\/grid-06-vegetarian-vegan-shree-peetha-nilaya.webp\">\n    <\/div>\n<\/section>\n\n\n\n<section>\n    <div class=\"container no-padding\">\n        <div class=\"flex-50\">\n            <div>\n                <h3>Bhajan Caf\u00e9<\/h3>\n                <ul>\n                    <li>Kaffee und Chai (indischer Gew\u00fcrztee)<\/li>\n                    <li>S\u00fc\u00dfes Geb\u00e4ck wie Obstkuchen und Apfeldreiecke<\/li>\n                    <li>Herzhaftes Geb\u00e4ck wie Auberginen-Quiche ohne Ei<\/li>\n                    <li>Schokoladenspezialit\u00e4ten wie Kuchen mit Zartbitterschokolade<\/li>\n                    <li>Obstkuchen und Pudding<\/li>\n                    <li>Vegane Pizza<\/li>\n                    <li>Frisch zubereitete Obsts\u00e4fte und Smoothies.<\/li>\n                <\/ul>\n            <\/div>\n            <div>\n                <h3>T\u00c4GLICHE MAHLZEITEN IM SPEISESAAL <\/h3>\n                <ul>\n                    <li>Vegane Rezepte aus aller Welt<\/li>\n                    <li>Selbstgebackenes Brot<\/li>\n                    <li>Kr\u00e4utertee<\/li>\n                    <li>Frisches Gem\u00fcse aus dem Garten<\/li>\n                    <li>Hausgemachte Suppen<\/li>\n                    <li>Saucen und Feinkost<\/li>\n                    <li>Spezielle Desserts je nach Anlass<\/li>\n                <\/ul>\n            <\/div>\n        <\/div>\n    <\/div>\n<\/section>\n","protected":false},"excerpt":{"rendered":"<p>Unsere &#8216;gl\u00fccklichen K\u00fche&#8217; liefern die Milchprodukte, unsere Bienen den Honig und unsere gro\u00dfen Gem\u00fcseg\u00e4rten die biologisch angebauten Produkte f\u00fcr unsere Mahlzeiten. Die Liebe, die in diesen Produkten steckt, macht unsere K\u00fcche einzigartig. Jeden Sonntag von 14.00 bis 15.00 Uhr gibt es im Caf\u00e9 Live-Musik, veganes Geb\u00e4ck, Chai, Kaffee, Milchkaffee und vieles mehr. Bhajan Caf\u00e9 Kaffee [&hellip;]<\/p>\n","protected":false},"author":1,"featured_media":0,"parent":3526,"menu_order":0,"comment_status":"closed","ping_status":"closed","template":"","meta":{"_acf_changed":false,"inline_featured_image":false,"footnotes":""},"class_list":["post-3543","page","type-page","status-publish","hentry"],"acf":[],"_links":{"self":[{"href":"https:\/\/country.bhaktimarga.org\/ashram-shree-peetha-nilaya\/wp-json\/wp\/v2\/pages\/3543","targetHints":{"allow":["GET"]}}],"collection":[{"href":"https:\/\/country.bhaktimarga.org\/ashram-shree-peetha-nilaya\/wp-json\/wp\/v2\/pages"}],"about":[{"href":"https:\/\/country.bhaktimarga.org\/ashram-shree-peetha-nilaya\/wp-json\/wp\/v2\/types\/page"}],"author":[{"embeddable":true,"href":"https:\/\/country.bhaktimarga.org\/ashram-shree-peetha-nilaya\/wp-json\/wp\/v2\/users\/1"}],"replies":[{"embeddable":true,"href":"https:\/\/country.bhaktimarga.org\/ashram-shree-peetha-nilaya\/wp-json\/wp\/v2\/comments?post=3543"}],"version-history":[{"count":3,"href":"https:\/\/country.bhaktimarga.org\/ashram-shree-peetha-nilaya\/wp-json\/wp\/v2\/pages\/3543\/revisions"}],"predecessor-version":[{"id":3610,"href":"https:\/\/country.bhaktimarga.org\/ashram-shree-peetha-nilaya\/wp-json\/wp\/v2\/pages\/3543\/revisions\/3610"}],"up":[{"embeddable":true,"href":"https:\/\/country.bhaktimarga.org\/ashram-shree-peetha-nilaya\/wp-json\/wp\/v2\/pages\/3526"}],"wp:attachment":[{"href":"https:\/\/country.bhaktimarga.org\/ashram-shree-peetha-nilaya\/wp-json\/wp\/v2\/media?parent=3543"}],"curies":[{"name":"wp","href":"https:\/\/api.w.org\/{rel}","templated":true}]}}