{"id":3647,"date":"2024-02-09T17:11:49","date_gmt":"2024-02-09T17:11:49","guid":{"rendered":"https:\/\/country.bhaktimarga.org\/spn\/?page_id=3647"},"modified":"2025-06-27T11:48:59","modified_gmt":"2025-06-27T10:48:59","slug":"retreats","status":"publish","type":"page","link":"https:\/\/country.bhaktimarga.org\/ashram-shree-peetha-nilaya\/ashram-shree-peetha-nilaya\/deu\/retreats\/","title":{"rendered":"Retreats DE"},"content":{"rendered":"\n<section class=\"hero-image\">\n    <div class=\"hero-image__container\">\n        <img decoding=\"async\" class=\"hero-image__background object-fit-cover\" src=\"https:\/\/country.bhaktimarga.org\/ashram-shree-peetha-nilaya\/wp-content\/uploads\/sites\/44\/2023\/10\/know-more-yoga-and-meditation.webp\" alt=\"woman sitting in the nature and doing japa meditation\">\n            <\/div>\n    <div class=\"hero-image__content container\">\n        <h1>FINDE DEINEN INNEREN FRIEDEN<\/h1>\n    <\/div>\n<\/section>\n\n<style>\n    <\/style>\n\n\n<section class=\"intro-text-icon\">\n    <div class=\"container\">\n        <div class=\"intro-text-icon__container\" style=\"background-color: #F8E5BE;\">\n            <img decoding=\"async\" src=\"https:\/\/country.bhaktimarga.org\/ashram-shree-peetha-nilaya\/wp-content\/uploads\/sites\/44\/2023\/12\/lotus-icon.png\">\n            <div class=\"intro-text-icon__content\">\n                <span class=\"intro-text-icon__text\"><p>Wir alle m\u00f6chten echten Frieden finden und gl\u00fccklich sein. Doch wie ist das in der heutigen Zeit m\u00f6glich? Meditation und andere Techniken haben den Menschen schon immer geholfen, gro\u00dfe Ver\u00e4nderungen mit mehr Liebe und Gelassenheit zu \u00fcberstehen. In unseren Retreats kannst du Inspiration finden und deinen pers\u00f6nlichen Schl\u00fcssel f\u00fcr inneren Frieden entdecken. Wir freuen uns auf dich!<\/p>\n<\/span>\n                            <\/div>\n        <\/div>\n    <\/div>\n<\/section>\n\n\n<section id=\"no-padding-top\" class=\"cards-overlay-grid\" style=\"background-color: \">\n\n        \n    <div class=\"container cards-overlay-grid__container\">\n        \n                            <figure class=\"cards-overlay-grid__card animated-element\" data-animation=\"slide-up\">\n                                <div class=\"cards-overlay-grid__image-container\">\n                                    <img decoding=\"async\" class=\"object-fit-cover\" src=\"https:\/\/country.bhaktimarga.org\/ashram-shree-peetha-nilaya\/wp-content\/uploads\/sites\/44\/2024\/06\/SILENT-RETREAT-Banner.jpg\" alt=\"\">\n                                <\/div>\n                                <figcaption class=\"cards-overlay-grid__content\">\n                                    <h3 class=\"cards-overlay-grid__title\">Schweige Retreat<\/h3>\n                                    <span class=\"cards-overlay-grid__text\"><p><span style=\"font-weight: 400;\">Eine ideale Gelegenheit, in die Stille einzutauchen und innerlich Klarheit zu finden.<\/span><\/p>\n<\/span>\n                                                                            <a class=\"cards-overlay-grid__link\" href=\"https:\/\/shreepeethanilaya.org\/ashram-shree-peetha-nilaya\/retreats\/silent-retreat-de\/\" target=\"_self\">\n                                            <p class=\"button button--outline--white\">Mehr Info<\/p>\n                                        <\/a>\n                                                                    <\/figcaption>\n                            <\/figure>\n                                                    \n                            <figure class=\"cards-overlay-grid__card animated-element\" data-animation=\"slide-up\">\n                                <div class=\"cards-overlay-grid__image-container\">\n                                    <img decoding=\"async\" class=\"object-fit-cover\" src=\"https:\/\/country.bhaktimarga.org\/ashram-shree-peetha-nilaya\/wp-content\/uploads\/sites\/44\/2024\/02\/2017-07-08-p-0393-2-scaled.jpg\" alt=\"\">\n                                <\/div>\n                                <figcaption class=\"cards-overlay-grid__content\">\n                                    <h3 class=\"cards-overlay-grid__title\">Atma Kriya Yoga &#8211; Meditationskurs<\/h3>\n                                    <span class=\"cards-overlay-grid__text\"><p><span style=\"font-weight: 400;\">Bereichere dein Leben &#8211; Atma Kriya Yoga st\u00e4rkt die Liebe in deinem Herzen.<\/span><\/p>\n<\/span>\n                                                                            <a class=\"cards-overlay-grid__link\" href=\"https:\/\/shreepeethanilaya.org\/ashram-shree-peetha-nilaya\/deu\/retreats\/atma-kriya-yoga-meditation-course\/\" target=\"_self\">\n                                            <p class=\"button button--outline--white\">Mehr Info<\/p>\n                                        <\/a>\n                                                                    <\/figcaption>\n                            <\/figure>\n                                                    \n                            <figure class=\"cards-overlay-grid__card animated-element\" data-animation=\"slide-up\">\n                                <div class=\"cards-overlay-grid__image-container\">\n                                    <img decoding=\"async\" class=\"object-fit-cover\" src=\"https:\/\/country.bhaktimarga.org\/ashram-shree-peetha-nilaya\/wp-content\/uploads\/sites\/44\/2025\/02\/2024-07-21-p-0273.jpg\" alt=\"\">\n                                <\/div>\n                                <figcaption class=\"cards-overlay-grid__content\">\n                                    <h3 class=\"cards-overlay-grid__title\">Swami Retreats<\/h3>\n                                    <span class=\"cards-overlay-grid__text\"><\/span>\n                                                                    <\/figcaption>\n                            <\/figure>\n                                                    \n                            <figure class=\"cards-overlay-grid__card animated-element\" data-animation=\"slide-up\">\n                                <div class=\"cards-overlay-grid__image-container\">\n                                    <img decoding=\"async\" class=\"object-fit-cover\" src=\"https:\/\/country.bhaktimarga.org\/ashram-shree-peetha-nilaya\/wp-content\/uploads\/sites\/44\/2025\/01\/tulsi-blog-banner.jpg\" alt=\"\">\n                                <\/div>\n                                <figcaption class=\"cards-overlay-grid__content\">\n                                    <h3 class=\"cards-overlay-grid__title\">Deity Retreats<\/h3>\n                                    <span class=\"cards-overlay-grid__text\"><\/span>\n                                                                    <\/figcaption>\n                            <\/figure>\n                                                    \n                            <figure class=\"cards-overlay-grid__card animated-element\" data-animation=\"slide-up\">\n                                <div class=\"cards-overlay-grid__image-container\">\n                                    <img decoding=\"async\" class=\"object-fit-cover\" src=\"https:\/\/country.bhaktimarga.org\/ashram-shree-peetha-nilaya\/wp-content\/uploads\/sites\/44\/2025\/02\/peackock.png\" alt=\"\">\n                                <\/div>\n                                <figcaption class=\"cards-overlay-grid__content\">\n                                    <h3 class=\"cards-overlay-grid__title\">Newcomer Weekend<\/h3>\n                                    <span class=\"cards-overlay-grid__text\"><\/span>\n                                                                    <\/figcaption>\n                            <\/figure>\n                                                        <\/div>\n<\/section>\n\n\n\n<section class=\"no-padding\">\n    <div class=\"container no-padding\">\n        <div class=\"flex-50\">\n            <p><br><br><\/p>\n<p><\/p>\n        <\/div>\n    <\/div>\n<\/section>\n\n\n<section id=\"\" class=\"events-cards-list\">\n        <div class=\"container\">\n            <h2 class=\"title-with-ornament title-with-ornament--violet\">Die n\u00e4chsten Termine<\/h2>\n            <a href=\"https:\/\/events.bhaktimarga.org\/pages\/calendar\" target=\"_blank\">\n                <p class=\"button button--outline--violet\">Calendar View<\/p>\n            <\/a>\n            <div class=\"events-cards-list__carousel scroll-container\"><a href=\"https:\/\/bhaktievent-108.myshopify.com\/products\/atma-kriya-yoga-meditation-course-en-17-april-26\" target=\"_blank\">\n            <figure class=\"events-cards-list__card\">\n                <img decoding=\"async\" class=\"events-cards-list__image\" src=\"https:\/\/cdn.shopify.com\/s\/files\/1\/0721\/1168\/5949\/files\/AKY-meditation_940747c3-8583-4726-952a-3fa7175e586a_large.jpg?v=1707227558\">\n                <figcaption class=\"events-cards-list__info\">\n                    <p class=\"events-cards-list__category\">Yoga & Meditation<\/p>\n                    <p class=\"events-cards-list__title\">ATMA KRIYA YOGA - MEDITATION COURSE (EN)<\/p>\n                    <p class=\"events-cards-list__date\">17 Apr 2026<\/p>\n                    <span class=\"events-cards-list__price\">108\u20ac - 480\u20ac<\/span>\n                <\/figcaption>\n            <\/figure>\n        <\/a><a href=\"https:\/\/bhaktievent-108.myshopify.com\/products\/narasimha-intensive-retreat-find-your-inner-purpose-2026\" target=\"_blank\">\n            <figure class=\"events-cards-list__card\">\n                <img decoding=\"async\" class=\"events-cards-list__image\" src=\"https:\/\/cdn.shopify.com\/s\/files\/1\/0721\/1168\/5949\/files\/narasimha-intensive-retreat-main.webp?v=1772807844\">\n                <figcaption class=\"events-cards-list__info\">\n                    <p class=\"events-cards-list__category\">Festivities<\/p>\n                    <p class=\"events-cards-list__title\">NARASIMHA INTENSIVE RETREAT - FIND YOUR INNER...<\/p>\n                    <p class=\"events-cards-list__date\">29 Apr 2026<\/p>\n                    <span class=\"events-cards-list__price\">75\u20ac - 200\u20ac<\/span>\n                <\/figcaption>\n            <\/figure>\n        <\/a><a href=\"https:\/\/bhaktievent-108.myshopify.com\/products\/newcomer-weekend-in-shree-peetha-nilaya-1-may-26\" target=\"_blank\">\n            <figure class=\"events-cards-list__card\">\n                <img decoding=\"async\" class=\"events-cards-list__image\" src=\"https:\/\/cdn.shopify.com\/s\/files\/1\/0721\/1168\/5949\/files\/newcomer-weekend-spn-header_large.jpg?v=1741962624\">\n                <figcaption class=\"events-cards-list__info\">\n                    <p class=\"events-cards-list__category\">Festivities<\/p>\n                    <p class=\"events-cards-list__title\">NEWCOMER WEEKEND IN SHREE PEETHA NILAYA<\/p>\n                    <p class=\"events-cards-list__date\">1 May 2026<\/p>\n                    <span class=\"events-cards-list__price\">89\u20ac<\/span>\n                <\/figcaption>\n            <\/figure>\n        <\/a><a href=\"https:\/\/bhaktievent-108.myshopify.com\/products\/women-s-retreat-support-on-the-bhakti-path\" target=\"_blank\">\n            <figure class=\"events-cards-list__card\">\n                <img decoding=\"async\" class=\"events-cards-list__image\" src=\"https:\/\/cdn.shopify.com\/s\/files\/1\/0721\/1168\/5949\/files\/womans-retreat-main.webp?v=1773152488\">\n                <figcaption class=\"events-cards-list__info\">\n                    <p class=\"events-cards-list__category\">Retreat<\/p>\n                    <p class=\"events-cards-list__title\">WOMEN\u2019S RETREAT - SUPPORT ON THE BHAKTI PATH<\/p>\n                    <p class=\"events-cards-list__date\">15 Jun 2026<\/p>\n                    <span class=\"events-cards-list__price\">150\u20ac - 275\u20ac<\/span>\n                <\/figcaption>\n            <\/figure>\n        <\/a><a href=\"https:\/\/bhaktievent-108.myshopify.com\/products\/newcomer-wochenende-in-shree-peetha-nilaya-19-june-26\" target=\"_blank\">\n            <figure class=\"events-cards-list__card\">\n                <img decoding=\"async\" class=\"events-cards-list__image\" src=\"https:\/\/cdn.shopify.com\/s\/files\/1\/0721\/1168\/5949\/files\/newcomer-weekend-spn-header_large.jpg?v=1741962624\">\n                <figcaption class=\"events-cards-list__info\">\n                    <p class=\"events-cards-list__category\">Festivities<\/p>\n                    <p class=\"events-cards-list__title\">NEWCOMER-WOCHENENDE IN SHREE PEETHA NILAYA<\/p>\n                    <p class=\"events-cards-list__date\">19 Jun 2026<\/p>\n                    <span class=\"events-cards-list__price\">89\u20ac<\/span>\n                <\/figcaption>\n            <\/figure>\n        <\/a><a href=\"https:\/\/bhaktievent-108.myshopify.com\/products\/atma-kriya-yoga-meditationskurs-26-june-26\" target=\"_blank\">\n            <figure class=\"events-cards-list__card\">\n                <img decoding=\"async\" class=\"events-cards-list__image\" src=\"https:\/\/cdn.shopify.com\/s\/files\/1\/0721\/1168\/5949\/files\/AKY-meditation_00746cb6-21b7-4347-85c4-3eb8be6270f5_large.jpg?v=1707219450\">\n                <figcaption class=\"events-cards-list__info\">\n                    <p class=\"events-cards-list__category\">Yoga & Meditation<\/p>\n                    <p class=\"events-cards-list__title\">ATMA KRIYA YOGA - MEDITATIONSKURS<\/p>\n                    <p class=\"events-cards-list__date\">26 Jun 2026<\/p>\n                    <span class=\"events-cards-list__price\">108\u20ac - 480\u20ac<\/span>\n                <\/figcaption>\n            <\/figure>\n        <\/a><a href=\"https:\/\/bhaktievent-108.myshopify.com\/products\/atma-kriya-yoga-meditation-course-en-17-july-26\" target=\"_blank\">\n            <figure class=\"events-cards-list__card\">\n                <img decoding=\"async\" class=\"events-cards-list__image\" src=\"https:\/\/cdn.shopify.com\/s\/files\/1\/0721\/1168\/5949\/files\/AKY-meditation_940747c3-8583-4726-952a-3fa7175e586a_large.jpg?v=1707227558\">\n                <figcaption class=\"events-cards-list__info\">\n                    <p class=\"events-cards-list__category\">Yoga & Meditation<\/p>\n                    <p class=\"events-cards-list__title\">ATMA KRIYA YOGA - MEDITATION COURSE (EN)<\/p>\n                    <p class=\"events-cards-list__date\">17 Jul 2026<\/p>\n                    <span class=\"events-cards-list__price\">108\u20ac - 480\u20ac<\/span>\n                <\/figcaption>\n            <\/figure>\n        <\/a><a href=\"https:\/\/bhaktievent-108.myshopify.com\/products\/newcomer-weekend-in-shree-peetha-nilaya-7-august-26\" target=\"_blank\">\n            <figure class=\"events-cards-list__card\">\n                <img decoding=\"async\" class=\"events-cards-list__image\" src=\"https:\/\/cdn.shopify.com\/s\/files\/1\/0721\/1168\/5949\/files\/newcomer-weekend-spn-header_large.jpg?v=1741962624\">\n                <figcaption class=\"events-cards-list__info\">\n                    <p class=\"events-cards-list__category\">Festivities<\/p>\n                    <p class=\"events-cards-list__title\">NEWCOMER WEEKEND IN SHREE PEETHA NILAYA<\/p>\n                    <p class=\"events-cards-list__date\">7 Aug 2026<\/p>\n                    <span class=\"events-cards-list__price\">89\u20ac<\/span>\n                <\/figcaption>\n            <\/figure>\n        <\/a><a href=\"https:\/\/bhaktievent-108.myshopify.com\/products\/atma-kriya-yoga-meditationskurs-21-august-26\" target=\"_blank\">\n            <figure class=\"events-cards-list__card\">\n                <img decoding=\"async\" class=\"events-cards-list__image\" src=\"https:\/\/cdn.shopify.com\/s\/files\/1\/0721\/1168\/5949\/files\/AKY-meditation_00746cb6-21b7-4347-85c4-3eb8be6270f5_large.jpg?v=1707219450\">\n                <figcaption class=\"events-cards-list__info\">\n                    <p class=\"events-cards-list__category\">Yoga & Meditation<\/p>\n                    <p class=\"events-cards-list__title\">ATMA KRIYA YOGA - MEDITATIONSKURS<\/p>\n                    <p class=\"events-cards-list__date\">21 Aug 2026<\/p>\n                    <span class=\"events-cards-list__price\">108\u20ac - 480\u20ac<\/span>\n                <\/figcaption>\n            <\/figure>\n        <\/a><a href=\"https:\/\/bhaktievent-108.myshopify.com\/products\/krishna-intensive-retreat-find-your-inner-focus-2-september-26\" target=\"_blank\">\n            <figure class=\"events-cards-list__card\">\n                <img decoding=\"async\" class=\"events-cards-list__image\" src=\"https:\/\/cdn.shopify.com\/s\/files\/1\/0721\/1168\/5949\/files\/Krishna-intensive-retreat-2026-main_large.jpg?v=1775050427\">\n                <figcaption class=\"events-cards-list__info\">\n                    <p class=\"events-cards-list__category\">Festivities<\/p>\n                    <p class=\"events-cards-list__title\">KRISHNA INTENSIVE RETREAT - FIND YOUR INNER FOCUS<\/p>\n                    <p class=\"events-cards-list__date\">2 Sep 2026<\/p>\n                    <span class=\"events-cards-list__price\">75\u20ac - 200\u20ac<\/span>\n                <\/figcaption>\n            <\/figure>\n        <\/a><a href=\"https:\/\/bhaktievent-108.myshopify.com\/products\/silent-retreat-with-spn-swamis-24-september-26\" target=\"_blank\">\n            <figure class=\"events-cards-list__card\">\n                <img decoding=\"async\" class=\"events-cards-list__image\" src=\"https:\/\/cdn.shopify.com\/s\/files\/1\/0721\/1168\/5949\/files\/Untitled_design.png?v=1747126689\">\n                <figcaption class=\"events-cards-list__info\">\n                    <p class=\"events-cards-list__category\">Retreat<\/p>\n                    <p class=\"events-cards-list__title\">SILENT RETREAT WITH SPN SWAMIS<\/p>\n                    <p class=\"events-cards-list__date\">24 Sep 2026<\/p>\n                    <span class=\"events-cards-list__price\">150\u20ac<\/span>\n                <\/figcaption>\n            <\/figure>\n        <\/a><a href=\"https:\/\/bhaktievent-108.myshopify.com\/products\/atma-kriya-yoga-meditation-course-en-25-sept-26\" target=\"_blank\">\n            <figure class=\"events-cards-list__card\">\n                <img decoding=\"async\" class=\"events-cards-list__image\" src=\"https:\/\/cdn.shopify.com\/s\/files\/1\/0721\/1168\/5949\/files\/AKY-meditation_940747c3-8583-4726-952a-3fa7175e586a_large.jpg?v=1707227558\">\n                <figcaption class=\"events-cards-list__info\">\n                    <p class=\"events-cards-list__category\">Yoga & Meditation<\/p>\n                    <p class=\"events-cards-list__title\">ATMA KRIYA YOGA - MEDITATION COURSE (EN)<\/p>\n                    <p class=\"events-cards-list__date\">25 Sep 2026<\/p>\n                    <span class=\"events-cards-list__price\">108\u20ac - 480\u20ac<\/span>\n                <\/figcaption>\n            <\/figure>\n        <\/a><a href=\"https:\/\/bhaktievent-108.myshopify.com\/products\/atma-kriya-yoga-meditation-course-en-30-october-26\" target=\"_blank\">\n            <figure class=\"events-cards-list__card\">\n                <img decoding=\"async\" class=\"events-cards-list__image\" src=\"https:\/\/cdn.shopify.com\/s\/files\/1\/0721\/1168\/5949\/files\/AKY-meditation_940747c3-8583-4726-952a-3fa7175e586a_large.jpg?v=1707227558\">\n                <figcaption class=\"events-cards-list__info\">\n                    <p class=\"events-cards-list__category\">Yoga & Meditation<\/p>\n                    <p class=\"events-cards-list__title\">ATMA KRIYA YOGA - MEDITATION COURSE (EN)<\/p>\n                    <p class=\"events-cards-list__date\">30 Oct 2026<\/p>\n                    <span class=\"events-cards-list__price\">108\u20ac - 480\u20ac<\/span>\n                <\/figcaption>\n            <\/figure>\n        <\/a><a href=\"https:\/\/bhaktievent-108.myshopify.com\/products\/newcomer-weekend-in-shree-peetha-nilaya-30-october-26\" target=\"_blank\">\n            <figure class=\"events-cards-list__card\">\n                <img decoding=\"async\" class=\"events-cards-list__image\" src=\"https:\/\/cdn.shopify.com\/s\/files\/1\/0721\/1168\/5949\/files\/newcomer-weekend-spn-header_large.jpg?v=1741962624\">\n                <figcaption class=\"events-cards-list__info\">\n                    <p class=\"events-cards-list__category\">Festivities<\/p>\n                    <p class=\"events-cards-list__title\">NEWCOMER WEEKEND IN SHREE PEETHA NILAYA<\/p>\n                    <p class=\"events-cards-list__date\">30 Oct 2026<\/p>\n                    <span class=\"events-cards-list__price\">89\u20ac<\/span>\n                <\/figcaption>\n            <\/figure>\n        <\/a><a href=\"https:\/\/bhaktievent-108.myshopify.com\/products\/atma-kriya-yoga-meditationskurs-20-november-26\" target=\"_blank\">\n            <figure class=\"events-cards-list__card\">\n                <img decoding=\"async\" class=\"events-cards-list__image\" src=\"https:\/\/cdn.shopify.com\/s\/files\/1\/0721\/1168\/5949\/files\/AKY-meditation_00746cb6-21b7-4347-85c4-3eb8be6270f5_large.jpg?v=1707219450\">\n                <figcaption class=\"events-cards-list__info\">\n                    <p class=\"events-cards-list__category\">Yoga & Meditation<\/p>\n                    <p class=\"events-cards-list__title\">ATMA KRIYA YOGA - MEDITATIONSKURS<\/p>\n                    <p class=\"events-cards-list__date\">20 Nov 2026<\/p>\n                    <span class=\"events-cards-list__price\">108\u20ac - 480\u20ac<\/span>\n                <\/figcaption>\n            <\/figure>\n        <\/a><a href=\"https:\/\/bhaktievent-108.myshopify.com\/products\/atma-kriya-yoga-meditation-course-en-18-december-26\" target=\"_blank\">\n            <figure class=\"events-cards-list__card\">\n                <img decoding=\"async\" class=\"events-cards-list__image\" src=\"https:\/\/cdn.shopify.com\/s\/files\/1\/0721\/1168\/5949\/files\/AKY-meditation_940747c3-8583-4726-952a-3fa7175e586a_large.jpg?v=1707227558\">\n                <figcaption class=\"events-cards-list__info\">\n                    <p class=\"events-cards-list__category\">Yoga & Meditation<\/p>\n                    <p class=\"events-cards-list__title\">ATMA KRIYA YOGA - MEDITATION COURSE (EN)<\/p>\n                    <p class=\"events-cards-list__date\">18 Dec 2026<\/p>\n                    <span class=\"events-cards-list__price\">108\u20ac - 480\u20ac<\/span>\n                <\/figcaption>\n            <\/figure>\n        <\/a><\/div>\n            <div class=\"scroll-arrows\">\n                <div class=\"scroll-arrow scroll-left\"><\/div>\n                <div class=\"scroll-arrow scroll-right\"><\/div>\n            <\/div>\n            <div class=\"progress-container\">\n                <div class=\"progress-bar\"><\/div>\n            <\/div>\n        <\/div>\n    <\/section>\n\n\n\n<style>\n\n#no-padding-bottom {\n    padding-bottom: 0rem;\n}\n#no-padding-top {\n    padding-top: 0rem;\n}\n\n<\/style>\n","protected":false},"excerpt":{"rendered":"","protected":false},"author":1,"featured_media":0,"parent":3266,"menu_order":0,"comment_status":"closed","ping_status":"closed","template":"","meta":{"_acf_changed":false,"inline_featured_image":false,"footnotes":""},"class_list":["post-3647","page","type-page","status-publish","hentry"],"acf":[],"_links":{"self":[{"href":"https:\/\/country.bhaktimarga.org\/ashram-shree-peetha-nilaya\/wp-json\/wp\/v2\/pages\/3647","targetHints":{"allow":["GET"]}}],"collection":[{"href":"https:\/\/country.bhaktimarga.org\/ashram-shree-peetha-nilaya\/wp-json\/wp\/v2\/pages"}],"about":[{"href":"https:\/\/country.bhaktimarga.org\/ashram-shree-peetha-nilaya\/wp-json\/wp\/v2\/types\/page"}],"author":[{"embeddable":true,"href":"https:\/\/country.bhaktimarga.org\/ashram-shree-peetha-nilaya\/wp-json\/wp\/v2\/users\/1"}],"replies":[{"embeddable":true,"href":"https:\/\/country.bhaktimarga.org\/ashram-shree-peetha-nilaya\/wp-json\/wp\/v2\/comments?post=3647"}],"version-history":[{"count":36,"href":"https:\/\/country.bhaktimarga.org\/ashram-shree-peetha-nilaya\/wp-json\/wp\/v2\/pages\/3647\/revisions"}],"predecessor-version":[{"id":8951,"href":"https:\/\/country.bhaktimarga.org\/ashram-shree-peetha-nilaya\/wp-json\/wp\/v2\/pages\/3647\/revisions\/8951"}],"up":[{"embeddable":true,"href":"https:\/\/country.bhaktimarga.org\/ashram-shree-peetha-nilaya\/wp-json\/wp\/v2\/pages\/3266"}],"wp:attachment":[{"href":"https:\/\/country.bhaktimarga.org\/ashram-shree-peetha-nilaya\/wp-json\/wp\/v2\/media?parent=3647"}],"curies":[{"name":"wp","href":"https:\/\/api.w.org\/{rel}","templated":true}]}}