{"id":3656,"date":"2024-02-09T17:14:23","date_gmt":"2024-02-09T17:14:23","guid":{"rendered":"https:\/\/country.bhaktimarga.org\/spn\/?page_id=3656"},"modified":"2025-01-14T10:58:57","modified_gmt":"2025-01-14T10:58:57","slug":"atma-kriya-yoga-meditation-course","status":"publish","type":"page","link":"https:\/\/country.bhaktimarga.org\/ashram-shree-peetha-nilaya\/ashram-shree-peetha-nilaya\/deu\/retreats\/atma-kriya-yoga-meditation-course\/","title":{"rendered":"Atma Kriya Yoga Meditation Course DE"},"content":{"rendered":"\n<section class=\"hero-image\">\n    <div class=\"hero-image__container\">\n        <img decoding=\"async\" class=\"hero-image__background object-fit-cover\" src=\"https:\/\/country.bhaktimarga.org\/ashram-shree-peetha-nilaya\/wp-content\/uploads\/sites\/44\/2024\/02\/2020-04-26-p-0367-scaled.jpg\" alt=\"\">\n            <\/div>\n    <div class=\"hero-image__content container\">\n        <h1>ATMA KRIYA YOGA &#8211; MEDITATIONSKURS<\/h1>\n    <\/div>\n<\/section>\n\n<style>\n    <\/style>\n\n\n<section class=\"intro-text-icon\">\n    <div class=\"container\">\n        <div class=\"intro-text-icon__container\" style=\"background-color: #F8E5BE;\">\n            <img decoding=\"async\" src=\"https:\/\/country.bhaktimarga.org\/ashram-shree-peetha-nilaya\/wp-content\/uploads\/sites\/44\/2023\/12\/lotus-icon.png\">\n            <div class=\"intro-text-icon__content\">\n                <span class=\"intro-text-icon__text\"><p>Entdecke inneren Frieden und spirituelles Wachstum mit Atma Kriya Yoga. Diese transformative Technik, gesegnet von den Meistern Paramahamsa Vishwananda und Mahavatar Babaji, f\u00f6rdert die Liebe, l\u00f6st unerw\u00fcnschte Muster und vertieft die Verbindung zum G\u00f6ttlichen. In diesem Kurs erh\u00e4ltst du nicht nur praktische Werkzeuge, sondern auch eine einzigartige Shaktipat-Energie\u00fcbertragung. Du lernst, Meditation als Teil deines allt\u00e4glichen Lebens zu praktizieren, und beginnst deine pers\u00f6nliche Reise zu deinem wahren Selbst!<\/p>\n<\/span>\n                            <\/div>\n        <\/div>\n    <\/div>\n<\/section>\n\n\n<section class=\"no-padding\">\n    <div class=\"container no-padding\">\n        <div class=\"flex-50\">\n            <p>Atma Kriya Yoga ist eine einzigartige Meditation, die dein t\u00e4gliches Leben weit \u00fcber die \u00dcbungen\nhinaus bereichert. Sie bringt mehr Stabilit\u00e4t und ein neues Lebensgef\u00fchl in dein Leben. Atma Kriya\nYoga l\u00e4sst sich sehr gut in deinen Alltag integrieren und kann schon ab etwa 20 Minuten t\u00e4glicher\nPraxis eine tiefgreifende positive Ver\u00e4nderung in deinem Leben hervorrufen. Es besteht aus einer\nkraftvollen Reihe von Asanas (Yogastellungen), Meditationstechniken, Mudras (spezielle energetische\nK\u00f6rper- oder Handhaltungen) und Mantras, um dich mit deinem Herzen zu verbinden.<\/p>\n            <p>Statt alles vom\nVerstand aus zu entscheiden, kommst du mehr und mehr in Kontakt mit dem Bewusstsein des\nHerzens. Du l\u00e4sst alten Ballast los und wirst authentisch du selbst. Nutze diese tolle Gelegenheit,\nbesuche einen unserer n\u00e4chsten Kurse und werde auch ein Atma Kriya Yogi!<\/p>\n        <\/div>\n    <\/div>\n<\/section>\n\n\n<section id=\"\" class=\"events-cards-list\">\n        <div class=\"container\">\n            <h2 class=\"title-with-ornament title-with-ornament--violet\">Die n\u00e4chsten Termine<\/h2>\n            <a href=\"https:\/\/events.bhaktimarga.org\/pages\/calendar\" target=\"_blank\">\n                <p class=\"button button--outline--violet\">Calendar View<\/p>\n            <\/a>\n            <div class=\"events-cards-list__carousel scroll-container\"><a href=\"https:\/\/bhaktievent-108.myshopify.com\/products\/atma-kriya-yoga-meditationskurs-15-may-26\" target=\"_blank\">\n            <figure class=\"events-cards-list__card\">\n                <img decoding=\"async\" class=\"events-cards-list__image\" src=\"https:\/\/cdn.shopify.com\/s\/files\/1\/0721\/1168\/5949\/files\/AKY-meditation_00746cb6-21b7-4347-85c4-3eb8be6270f5_large.jpg?v=1707219450\">\n                <figcaption class=\"events-cards-list__info\">\n                    <p class=\"events-cards-list__category\">Yoga & Meditation<\/p>\n                    <p class=\"events-cards-list__title\">ATMA KRIYA YOGA - MEDITATIONSKURS<\/p>\n                    <p class=\"events-cards-list__date\">15 May 2026<\/p>\n                    <span class=\"events-cards-list__price\">108\u20ac - 480\u20ac<\/span>\n                <\/figcaption>\n            <\/figure>\n        <\/a><a href=\"https:\/\/bhaktievent-108.myshopify.com\/products\/atma-kriya-yoga-meditationskurs-26-june-26\" target=\"_blank\">\n            <figure class=\"events-cards-list__card\">\n                <img decoding=\"async\" class=\"events-cards-list__image\" src=\"https:\/\/cdn.shopify.com\/s\/files\/1\/0721\/1168\/5949\/files\/AKY-meditation_00746cb6-21b7-4347-85c4-3eb8be6270f5_large.jpg?v=1707219450\">\n                <figcaption class=\"events-cards-list__info\">\n                    <p class=\"events-cards-list__category\">Yoga & Meditation<\/p>\n                    <p class=\"events-cards-list__title\">ATMA KRIYA YOGA - MEDITATIONSKURS<\/p>\n                    <p class=\"events-cards-list__date\">26 Jun 2026<\/p>\n                    <span class=\"events-cards-list__price\">108\u20ac - 480\u20ac<\/span>\n                <\/figcaption>\n            <\/figure>\n        <\/a><a href=\"https:\/\/bhaktievent-108.myshopify.com\/products\/atma-kriya-yoga-meditation-course-en-17-july-26\" target=\"_blank\">\n            <figure class=\"events-cards-list__card\">\n                <img decoding=\"async\" class=\"events-cards-list__image\" src=\"https:\/\/cdn.shopify.com\/s\/files\/1\/0721\/1168\/5949\/files\/AKY-meditation_940747c3-8583-4726-952a-3fa7175e586a_large.jpg?v=1707227558\">\n                <figcaption class=\"events-cards-list__info\">\n                    <p class=\"events-cards-list__category\">Yoga & Meditation<\/p>\n                    <p class=\"events-cards-list__title\">ATMA KRIYA YOGA - MEDITATION COURSE (EN)<\/p>\n                    <p class=\"events-cards-list__date\">17 Jul 2026<\/p>\n                    <span class=\"events-cards-list__price\">108\u20ac - 480\u20ac<\/span>\n                <\/figcaption>\n            <\/figure>\n        <\/a><a href=\"https:\/\/bhaktievent-108.myshopify.com\/products\/atma-kriya-yoga-meditationskurs-21-august-26\" target=\"_blank\">\n            <figure class=\"events-cards-list__card\">\n                <img decoding=\"async\" class=\"events-cards-list__image\" src=\"https:\/\/cdn.shopify.com\/s\/files\/1\/0721\/1168\/5949\/files\/AKY-meditation_00746cb6-21b7-4347-85c4-3eb8be6270f5_large.jpg?v=1707219450\">\n                <figcaption class=\"events-cards-list__info\">\n                    <p class=\"events-cards-list__category\">Yoga & Meditation<\/p>\n                    <p class=\"events-cards-list__title\">ATMA KRIYA YOGA - MEDITATIONSKURS<\/p>\n                    <p class=\"events-cards-list__date\">21 Aug 2026<\/p>\n                    <span class=\"events-cards-list__price\">108\u20ac - 480\u20ac<\/span>\n                <\/figcaption>\n            <\/figure>\n        <\/a><a href=\"https:\/\/bhaktievent-108.myshopify.com\/products\/atma-kriya-yoga-meditation-course-en-25-sept-26\" target=\"_blank\">\n            <figure class=\"events-cards-list__card\">\n                <img decoding=\"async\" class=\"events-cards-list__image\" src=\"https:\/\/cdn.shopify.com\/s\/files\/1\/0721\/1168\/5949\/files\/AKY-meditation_940747c3-8583-4726-952a-3fa7175e586a_large.jpg?v=1707227558\">\n                <figcaption class=\"events-cards-list__info\">\n                    <p class=\"events-cards-list__category\">Yoga & Meditation<\/p>\n                    <p class=\"events-cards-list__title\">ATMA KRIYA YOGA - MEDITATION COURSE (EN)<\/p>\n                    <p class=\"events-cards-list__date\">25 Sep 2026<\/p>\n                    <span class=\"events-cards-list__price\">108\u20ac - 480\u20ac<\/span>\n                <\/figcaption>\n            <\/figure>\n        <\/a><a href=\"https:\/\/bhaktievent-108.myshopify.com\/products\/atma-kriya-yoga-meditation-course-en-30-october-26\" target=\"_blank\">\n            <figure class=\"events-cards-list__card\">\n                <img decoding=\"async\" class=\"events-cards-list__image\" src=\"https:\/\/cdn.shopify.com\/s\/files\/1\/0721\/1168\/5949\/files\/AKY-meditation_940747c3-8583-4726-952a-3fa7175e586a_large.jpg?v=1707227558\">\n                <figcaption class=\"events-cards-list__info\">\n                    <p class=\"events-cards-list__category\">Yoga & Meditation<\/p>\n                    <p class=\"events-cards-list__title\">ATMA KRIYA YOGA - MEDITATION COURSE (EN)<\/p>\n                    <p class=\"events-cards-list__date\">30 Oct 2026<\/p>\n                    <span class=\"events-cards-list__price\">108\u20ac - 480\u20ac<\/span>\n                <\/figcaption>\n            <\/figure>\n        <\/a><a href=\"https:\/\/bhaktievent-108.myshopify.com\/products\/atma-kriya-yoga-meditationskurs-20-november-26\" target=\"_blank\">\n            <figure class=\"events-cards-list__card\">\n                <img decoding=\"async\" class=\"events-cards-list__image\" src=\"https:\/\/cdn.shopify.com\/s\/files\/1\/0721\/1168\/5949\/files\/AKY-meditation_00746cb6-21b7-4347-85c4-3eb8be6270f5_large.jpg?v=1707219450\">\n                <figcaption class=\"events-cards-list__info\">\n                    <p class=\"events-cards-list__category\">Yoga & Meditation<\/p>\n                    <p class=\"events-cards-list__title\">ATMA KRIYA YOGA - MEDITATIONSKURS<\/p>\n                    <p class=\"events-cards-list__date\">20 Nov 2026<\/p>\n                    <span class=\"events-cards-list__price\">108\u20ac - 480\u20ac<\/span>\n                <\/figcaption>\n            <\/figure>\n        <\/a><a href=\"https:\/\/bhaktievent-108.myshopify.com\/products\/atma-kriya-yoga-meditation-course-en-18-december-26\" target=\"_blank\">\n            <figure class=\"events-cards-list__card\">\n                <img decoding=\"async\" class=\"events-cards-list__image\" src=\"https:\/\/cdn.shopify.com\/s\/files\/1\/0721\/1168\/5949\/files\/AKY-meditation_940747c3-8583-4726-952a-3fa7175e586a_large.jpg?v=1707227558\">\n                <figcaption class=\"events-cards-list__info\">\n                    <p class=\"events-cards-list__category\">Yoga & Meditation<\/p>\n                    <p class=\"events-cards-list__title\">ATMA KRIYA YOGA - MEDITATION COURSE (EN)<\/p>\n                    <p class=\"events-cards-list__date\">18 Dec 2026<\/p>\n                    <span class=\"events-cards-list__price\">108\u20ac - 480\u20ac<\/span>\n                <\/figcaption>\n            <\/figure>\n        <\/a><\/div>\n            <div class=\"scroll-arrows\">\n                <div class=\"scroll-arrow scroll-left\"><\/div>\n                <div class=\"scroll-arrow scroll-right\"><\/div>\n            <\/div>\n            <div class=\"progress-container\">\n                <div class=\"progress-bar\"><\/div>\n            <\/div>\n        <\/div>\n    <\/section>\n\n\n\n<section class=\"images-grid\" id=\"stay-with-us\">\n    <div class=\"container grid-3-auto\">\n        <img decoding=\"async\" class=\"object-fit-cover\" src=\"https:\/\/country.bhaktimarga.org\/ashram-shree-peetha-nilaya\/wp-content\/uploads\/sites\/44\/2024\/06\/Atma-Kriya-Yoga-Meditation-Course-Grid-1.jpg\" alt=\"\"><img decoding=\"async\" class=\"object-fit-cover\" src=\"https:\/\/country.bhaktimarga.org\/ashram-shree-peetha-nilaya\/wp-content\/uploads\/sites\/44\/2024\/02\/AKY-meditation.webp\" alt=\"\"><img decoding=\"async\" class=\"object-fit-cover\" src=\"https:\/\/country.bhaktimarga.org\/ashram-shree-peetha-nilaya\/wp-content\/uploads\/sites\/44\/2024\/02\/2023-07-21-p-0140-scaled-e1707319106342.jpg\" alt=\"\"><img decoding=\"async\" class=\"object-fit-cover\" src=\"https:\/\/country.bhaktimarga.org\/ashram-shree-peetha-nilaya\/wp-content\/uploads\/sites\/44\/2024\/02\/2017-07-08-p-0393-2-scaled.jpg\" alt=\"\"><img decoding=\"async\" class=\"object-fit-cover\" src=\"https:\/\/country.bhaktimarga.org\/ashram-shree-peetha-nilaya\/wp-content\/uploads\/sites\/44\/2024\/06\/Atma-Kriya-Yoga-Meditation-Course-Grid-5.jpg\" alt=\"\"><img decoding=\"async\" class=\"object-fit-cover\" src=\"https:\/\/country.bhaktimarga.org\/ashram-shree-peetha-nilaya\/wp-content\/uploads\/sites\/44\/2024\/06\/Atma-Kriya-Yoga-Meditation-Course-Grid-6.jpg\" alt=\"\">    <\/div>\n<\/section>\n","protected":false},"excerpt":{"rendered":"<p>Atma Kriya Yoga ist eine einzigartige Meditation, die dein t\u00e4gliches Leben weit \u00fcber die \u00dcbungen hinaus bereichert. Sie bringt mehr Stabilit\u00e4t und ein neues Lebensgef\u00fchl in dein Leben. Atma Kriya Yoga l\u00e4sst sich sehr gut in deinen Alltag integrieren und kann schon ab etwa 20 Minuten t\u00e4glicher Praxis eine tiefgreifende positive Ver\u00e4nderung in deinem Leben [&hellip;]<\/p>\n","protected":false},"author":1,"featured_media":0,"parent":3647,"menu_order":0,"comment_status":"closed","ping_status":"closed","template":"","meta":{"_acf_changed":false,"inline_featured_image":false,"footnotes":""},"class_list":["post-3656","page","type-page","status-publish","hentry"],"acf":[],"_links":{"self":[{"href":"https:\/\/country.bhaktimarga.org\/ashram-shree-peetha-nilaya\/wp-json\/wp\/v2\/pages\/3656","targetHints":{"allow":["GET"]}}],"collection":[{"href":"https:\/\/country.bhaktimarga.org\/ashram-shree-peetha-nilaya\/wp-json\/wp\/v2\/pages"}],"about":[{"href":"https:\/\/country.bhaktimarga.org\/ashram-shree-peetha-nilaya\/wp-json\/wp\/v2\/types\/page"}],"author":[{"embeddable":true,"href":"https:\/\/country.bhaktimarga.org\/ashram-shree-peetha-nilaya\/wp-json\/wp\/v2\/users\/1"}],"replies":[{"embeddable":true,"href":"https:\/\/country.bhaktimarga.org\/ashram-shree-peetha-nilaya\/wp-json\/wp\/v2\/comments?post=3656"}],"version-history":[{"count":13,"href":"https:\/\/country.bhaktimarga.org\/ashram-shree-peetha-nilaya\/wp-json\/wp\/v2\/pages\/3656\/revisions"}],"predecessor-version":[{"id":8168,"href":"https:\/\/country.bhaktimarga.org\/ashram-shree-peetha-nilaya\/wp-json\/wp\/v2\/pages\/3656\/revisions\/8168"}],"up":[{"embeddable":true,"href":"https:\/\/country.bhaktimarga.org\/ashram-shree-peetha-nilaya\/wp-json\/wp\/v2\/pages\/3647"}],"wp:attachment":[{"href":"https:\/\/country.bhaktimarga.org\/ashram-shree-peetha-nilaya\/wp-json\/wp\/v2\/media?parent=3656"}],"curies":[{"name":"wp","href":"https:\/\/api.w.org\/{rel}","templated":true}]}}