{"id":5181,"date":"2024-05-29T14:21:05","date_gmt":"2024-05-29T13:21:05","guid":{"rendered":"https:\/\/country.bhaktimarga.org\/spn\/?page_id=5181"},"modified":"2024-09-10T10:27:42","modified_gmt":"2024-09-10T09:27:42","slug":"workshops","status":"publish","type":"page","link":"https:\/\/country.bhaktimarga.org\/ashram-shree-peetha-nilaya\/ashram-shree-peetha-nilaya\/deu\/workshops\/","title":{"rendered":"Workshops DE"},"content":{"rendered":"\n<section class=\"hero-image\">\n    <div class=\"hero-image__container\">\n        <img decoding=\"async\" class=\"hero-image__background object-fit-cover\" src=\"https:\/\/country.bhaktimarga.org\/ashram-shree-peetha-nilaya\/wp-content\/uploads\/sites\/44\/2024\/05\/IMAGE-2024-05-29-124905.jpg\" alt=\"\">\n            <\/div>\n    <div class=\"hero-image__content container\">\n        <h1>St\u00e4rke die Verbindung zu deinem wahren Selbst<\/h1>\n    <\/div>\n<\/section>\n\n<style>\n    <\/style>\n\n\n<section class=\"intro-text-icon\">\n    <div class=\"container\">\n        <div class=\"intro-text-icon__container\" style=\"background-color: #F8E5BE;\">\n            <img decoding=\"async\" src=\"https:\/\/country.bhaktimarga.org\/ashram-shree-peetha-nilaya\/wp-content\/uploads\/sites\/44\/2023\/12\/lotus-icon.png\">\n            <div class=\"intro-text-icon__content\">\n                <span class=\"intro-text-icon__text\"><p>Im Shree Peetha Nilaya bieten wir dir eine vielf\u00e4ltige Auswahl an Workshops, die dich dabei unterst\u00fctzen, deine Beziehung zum G\u00f6ttlichen zu vertiefen. Unsere Workshops vermitteln dir wertvolle Techniken und F\u00e4higkeiten, um dein wahres Selbst zu entdecken und zu entfalten. W\u00e4hle den passenden Workshop f\u00fcr dich und gehe einen Schritt weiter auf deinem spirituellen Weg. Wir freuen uns darauf, dich bei uns willkommen zu hei\u00dfen.<\/p>\n<\/span>\n                            <\/div>\n        <\/div>\n    <\/div>\n<\/section>\n\n<section id=\"\" class=\"events-cards-list\">\n        <div class=\"container\">\n            <h2 class=\"title-with-ornament title-with-ornament--violet\">Die n\u00e4chsten Workshops<\/h2>\n            <a href=\"https:\/\/events.bhaktimarga.org\/pages\/calendar\" target=\"_blank\">\n                <p class=\"button button--outline--violet\">Calendar View<\/p>\n            <\/a>\n            <div class=\"events-cards-list__carousel scroll-container\"><a href=\"https:\/\/bhaktievent-108.myshopify.com\/products\/painting-meditation-maha-lakshmi-2-may-2026\" target=\"_blank\">\n            <figure class=\"events-cards-list__card\">\n                <img decoding=\"async\" class=\"events-cards-list__image\" src=\"https:\/\/cdn.shopify.com\/s\/files\/1\/0721\/1168\/5949\/files\/painting-meditation-maha-lakshmi-header_large.jpg?v=1737114642\">\n                <figcaption class=\"events-cards-list__info\">\n                    <p class=\"events-cards-list__category\">Devotional Arts<\/p>\n                    <p class=\"events-cards-list__title\">PAINTING MEDITATION - MAHA LAKSHMI<\/p>\n                    <p class=\"events-cards-list__date\">2 May 2026<\/p>\n                    <span class=\"events-cards-list__price\">39\u20ac<\/span>\n                <\/figcaption>\n            <\/figure>\n        <\/a><a href=\"https:\/\/bhaktievent-108.myshopify.com\/products\/sri-yantra-drawing-and-painting-meditation-in-depth-22-may-26\" target=\"_blank\">\n            <figure class=\"events-cards-list__card\">\n                <img decoding=\"async\" class=\"events-cards-list__image\" src=\"https:\/\/cdn.shopify.com\/s\/files\/1\/0721\/1168\/5949\/files\/SriYantrapaitingmeditationlevel2_82d72c71-cd77-4b44-98e2-d60622c5231f_large.jpg?v=1707821701\">\n                <figcaption class=\"events-cards-list__info\">\n                    <p class=\"events-cards-list__category\">Devotional Arts<\/p>\n                    <p class=\"events-cards-list__title\">SRI YANTRA DRAWING AND PAINTING MEDITATION...<\/p>\n                    <p class=\"events-cards-list__date\">22 May 2026<\/p>\n                    <span class=\"events-cards-list__price\">185\u20ac<\/span>\n                <\/figcaption>\n            <\/figure>\n        <\/a><a href=\"https:\/\/bhaktievent-108.myshopify.com\/products\/in-person-om-chanting-workshop-deutsch-29-may-26\" target=\"_blank\">\n            <figure class=\"events-cards-list__card\">\n                <img decoding=\"async\" class=\"events-cards-list__image\" src=\"https:\/\/cdn.shopify.com\/s\/files\/1\/0721\/1168\/5949\/files\/om-chanting-workshop-2023-pic1_98be6e6a-7388-4efd-a674-e4ba2306e588_large.jpg?v=1703087299\">\n                <figcaption class=\"events-cards-list__info\">\n                    <p class=\"events-cards-list__category\">Yoga & Meditation<\/p>\n                    <p class=\"events-cards-list__title\">IN-PERSON - OM CHANTING WORKSHOP - DEUTSCH<\/p>\n                    <p class=\"events-cards-list__date\">29 May 2026<\/p>\n                    <span class=\"events-cards-list__price\">40\u20ac<\/span>\n                <\/figcaption>\n            <\/figure>\n        <\/a><a href=\"https:\/\/bhaktievent-108.myshopify.com\/products\/babaji-surya-namaskar-29-may-26\" target=\"_blank\">\n            <figure class=\"events-cards-list__card\">\n                <img decoding=\"async\" class=\"events-cards-list__image\" src=\"https:\/\/cdn.shopify.com\/s\/files\/1\/0721\/1168\/5949\/files\/mahavatar-babaji-yogi_27f0b3d2-3a7b-405a-a18b-37c528d7e95f_large.jpg?v=1712395028\">\n                <figcaption class=\"events-cards-list__info\">\n                    <p class=\"events-cards-list__category\">Yoga & Meditation<\/p>\n                    <p class=\"events-cards-list__title\">BABAJI SURYA NAMASKAR<\/p>\n                    <p class=\"events-cards-list__date\">29 May 2026<\/p>\n                    <span class=\"events-cards-list__price\">15\u20ac<\/span>\n                <\/figcaption>\n            <\/figure>\n        <\/a><a href=\"https:\/\/bhaktievent-108.myshopify.com\/products\/sri-yantra-painting-meditation-deepening-exploration\" target=\"_blank\">\n            <figure class=\"events-cards-list__card\">\n                <img decoding=\"async\" class=\"events-cards-list__image\" src=\"https:\/\/cdn.shopify.com\/s\/files\/1\/0721\/1168\/5949\/files\/SriYantrapaitingmeditationlevel2_a231604b-5bea-4dcd-b482-2a37a84f1397_large.jpg?v=1705415533\">\n                <figcaption class=\"events-cards-list__info\">\n                    <p class=\"events-cards-list__category\">Devotional Arts<\/p>\n                    <p class=\"events-cards-list__title\">SRI YANTRA PAINTING MEDITATION - DEEPENING...<\/p>\n                    <p class=\"events-cards-list__date\">20 Jun 2026<\/p>\n                    <span class=\"events-cards-list__price\">120\u20ac<\/span>\n                <\/figcaption>\n            <\/figure>\n        <\/a><a href=\"https:\/\/bhaktievent-108.myshopify.com\/products\/garland-workshop-level-1-30-july-26\" target=\"_blank\">\n            <figure class=\"events-cards-list__card\">\n                <img decoding=\"async\" class=\"events-cards-list__image\" src=\"https:\/\/cdn.shopify.com\/s\/files\/1\/0721\/1168\/5949\/files\/garland-workshop1_large.jpg?v=1732113142\">\n                <figcaption class=\"events-cards-list__info\">\n                    <p class=\"events-cards-list__category\">Rituals<\/p>\n                    <p class=\"events-cards-list__title\">GARLAND WORKSHOP - LEVEL 1<\/p>\n                    <p class=\"events-cards-list__date\">30 Jul 2026<\/p>\n                    <span class=\"events-cards-list__price\">54\u20ac<\/span>\n                <\/figcaption>\n            <\/figure>\n        <\/a><a href=\"https:\/\/bhaktievent-108.myshopify.com\/products\/in-person-om-chanting-workshop-deutsch-28-august-26\" target=\"_blank\">\n            <figure class=\"events-cards-list__card\">\n                <img decoding=\"async\" class=\"events-cards-list__image\" src=\"https:\/\/cdn.shopify.com\/s\/files\/1\/0721\/1168\/5949\/files\/om-chanting-workshop-2023-pic1_98be6e6a-7388-4efd-a674-e4ba2306e588_large.jpg?v=1703087299\">\n                <figcaption class=\"events-cards-list__info\">\n                    <p class=\"events-cards-list__category\">Yoga & Meditation<\/p>\n                    <p class=\"events-cards-list__title\">IN-PERSON - OM CHANTING WORKSHOP - DEUTSCH<\/p>\n                    <p class=\"events-cards-list__date\">28 Aug 2026<\/p>\n                    <span class=\"events-cards-list__price\">40\u20ac<\/span>\n                <\/figcaption>\n            <\/figure>\n        <\/a><a href=\"https:\/\/bhaktievent-108.myshopify.com\/products\/in-person-om-chanting-workshop-20-october-26\" target=\"_blank\">\n            <figure class=\"events-cards-list__card\">\n                <img decoding=\"async\" class=\"events-cards-list__image\" src=\"https:\/\/cdn.shopify.com\/s\/files\/1\/0721\/1168\/5949\/files\/om-chanting-workshop-2023-pic1_d12642d1-3c05-4840-a96d-a7a341bee1db_large.jpg?v=1712397046\">\n                <figcaption class=\"events-cards-list__info\">\n                    <p class=\"events-cards-list__category\">Yoga & Meditation<\/p>\n                    <p class=\"events-cards-list__title\">IN-PERSON - OM CHANTING WORKSHOP<\/p>\n                    <p class=\"events-cards-list__date\">20 Oct 2026<\/p>\n                    <span class=\"events-cards-list__price\">40\u20ac<\/span>\n                <\/figcaption>\n            <\/figure>\n        <\/a><a href=\"https:\/\/bhaktievent-108.myshopify.com\/products\/babaji-surya-namaskar-21-october-26\" target=\"_blank\">\n            <figure class=\"events-cards-list__card\">\n                <img decoding=\"async\" class=\"events-cards-list__image\" src=\"https:\/\/cdn.shopify.com\/s\/files\/1\/0721\/1168\/5949\/files\/mahavatar-babaji-yogi_27f0b3d2-3a7b-405a-a18b-37c528d7e95f_large.jpg?v=1712395028\">\n                <figcaption class=\"events-cards-list__info\">\n                    <p class=\"events-cards-list__category\">Yoga & Meditation<\/p>\n                    <p class=\"events-cards-list__title\">BABAJI SURYA NAMASKAR<\/p>\n                    <p class=\"events-cards-list__date\">21 Oct 2026<\/p>\n                    <span class=\"events-cards-list__price\">15\u20ac<\/span>\n                <\/figcaption>\n            <\/figure>\n        <\/a><a href=\"https:\/\/bhaktievent-108.myshopify.com\/products\/in-person-om-chanting-workshop-28-november-26\" target=\"_blank\">\n            <figure class=\"events-cards-list__card\">\n                <img decoding=\"async\" class=\"events-cards-list__image\" src=\"https:\/\/cdn.shopify.com\/s\/files\/1\/0721\/1168\/5949\/files\/om-chanting-workshop-2023-pic1_d12642d1-3c05-4840-a96d-a7a341bee1db_large.jpg?v=1712397046\">\n                <figcaption class=\"events-cards-list__info\">\n                    <p class=\"events-cards-list__category\">Yoga & Meditation<\/p>\n                    <p class=\"events-cards-list__title\">IN-PERSON - OM CHANTING WORKSHOP<\/p>\n                    <p class=\"events-cards-list__date\">28 Nov 2026<\/p>\n                    <span class=\"events-cards-list__price\">40\u20ac<\/span>\n                <\/figcaption>\n            <\/figure>\n        <\/a><a href=\"https:\/\/bhaktievent-108.myshopify.com\/products\/babaji-surya-namaskar-28-november-26\" target=\"_blank\">\n            <figure class=\"events-cards-list__card\">\n                <img decoding=\"async\" class=\"events-cards-list__image\" src=\"https:\/\/cdn.shopify.com\/s\/files\/1\/0721\/1168\/5949\/files\/mahavatar-babaji-yogi_27f0b3d2-3a7b-405a-a18b-37c528d7e95f_large.jpg?v=1712395028\">\n                <figcaption class=\"events-cards-list__info\">\n                    <p class=\"events-cards-list__category\">Yoga & Meditation<\/p>\n                    <p class=\"events-cards-list__title\">BABAJI SURYA NAMASKAR<\/p>\n                    <p class=\"events-cards-list__date\">28 Nov 2026<\/p>\n                    <span class=\"events-cards-list__price\">15\u20ac<\/span>\n                <\/figcaption>\n            <\/figure>\n        <\/a><\/div>\n            <div class=\"scroll-arrows\">\n                <div class=\"scroll-arrow scroll-left\"><\/div>\n                <div class=\"scroll-arrow scroll-right\"><\/div>\n            <\/div>\n            <div class=\"progress-container\">\n                <div class=\"progress-bar\"><\/div>\n            <\/div>\n        <\/div>\n    <\/section>\n\n\n\n<section class=\"images-grid\" id=\"stay-with-us\">\n    <div class=\"container grid-3-auto\">\n        <img decoding=\"async\" class=\"object-fit-cover\" src=\"https:\/\/country.bhaktimarga.org\/ashram-shree-peetha-nilaya\/wp-content\/uploads\/sites\/44\/2024\/02\/2023-06-13-p-1028-scaled.jpg\" alt=\"\"><img decoding=\"async\" class=\"object-fit-cover\" src=\"https:\/\/country.bhaktimarga.org\/ashram-shree-peetha-nilaya\/wp-content\/uploads\/sites\/44\/2024\/02\/2023-07-24-p-0219-scaled.jpg\" alt=\"\"><img decoding=\"async\" class=\"object-fit-cover\" src=\"https:\/\/country.bhaktimarga.org\/ashram-shree-peetha-nilaya\/wp-content\/uploads\/sites\/44\/2024\/05\/2023-05-01-p-0278.jpg\" alt=\"\"><img decoding=\"async\" class=\"object-fit-cover\" src=\"https:\/\/country.bhaktimarga.org\/ashram-shree-peetha-nilaya\/wp-content\/uploads\/sites\/44\/2024\/06\/Workshops-Grid-6.jpg\" alt=\"\">    <\/div>\n<\/section>\n","protected":false},"excerpt":{"rendered":"","protected":false},"author":1,"featured_media":0,"parent":3266,"menu_order":0,"comment_status":"closed","ping_status":"closed","template":"","meta":{"_acf_changed":false,"inline_featured_image":false,"footnotes":""},"class_list":["post-5181","page","type-page","status-publish","hentry"],"acf":[],"_links":{"self":[{"href":"https:\/\/country.bhaktimarga.org\/ashram-shree-peetha-nilaya\/wp-json\/wp\/v2\/pages\/5181","targetHints":{"allow":["GET"]}}],"collection":[{"href":"https:\/\/country.bhaktimarga.org\/ashram-shree-peetha-nilaya\/wp-json\/wp\/v2\/pages"}],"about":[{"href":"https:\/\/country.bhaktimarga.org\/ashram-shree-peetha-nilaya\/wp-json\/wp\/v2\/types\/page"}],"author":[{"embeddable":true,"href":"https:\/\/country.bhaktimarga.org\/ashram-shree-peetha-nilaya\/wp-json\/wp\/v2\/users\/1"}],"replies":[{"embeddable":true,"href":"https:\/\/country.bhaktimarga.org\/ashram-shree-peetha-nilaya\/wp-json\/wp\/v2\/comments?post=5181"}],"version-history":[{"count":4,"href":"https:\/\/country.bhaktimarga.org\/ashram-shree-peetha-nilaya\/wp-json\/wp\/v2\/pages\/5181\/revisions"}],"predecessor-version":[{"id":6271,"href":"https:\/\/country.bhaktimarga.org\/ashram-shree-peetha-nilaya\/wp-json\/wp\/v2\/pages\/5181\/revisions\/6271"}],"up":[{"embeddable":true,"href":"https:\/\/country.bhaktimarga.org\/ashram-shree-peetha-nilaya\/wp-json\/wp\/v2\/pages\/3266"}],"wp:attachment":[{"href":"https:\/\/country.bhaktimarga.org\/ashram-shree-peetha-nilaya\/wp-json\/wp\/v2\/media?parent=5181"}],"curies":[{"name":"wp","href":"https:\/\/api.w.org\/{rel}","templated":true}]}}