{"id":6541,"date":"2024-10-02T10:00:01","date_gmt":"2024-10-02T09:00:01","guid":{"rendered":"https:\/\/country.bhaktimarga.org\/spn\/?page_id=6541"},"modified":"2024-11-26T13:44:06","modified_gmt":"2024-11-26T13:44:06","slug":"blog-posts","status":"publish","type":"page","link":"https:\/\/country.bhaktimarga.org\/ashram-shree-peetha-nilaya\/ashram-shree-peetha-nilaya\/temple\/blog-posts\/","title":{"rendered":"Temple Blog Posts"},"content":{"rendered":"\n<section class=\"hero-image\">\n    <div class=\"hero-image__container\">\n        <img decoding=\"async\" class=\"hero-image__background object-fit-cover\" src=\"https:\/\/country.bhaktimarga.org\/ashram-shree-peetha-nilaya\/wp-content\/uploads\/sites\/44\/2024\/06\/temple-bhutabhrteshwarnath-00.jpg\" alt=\"\">\n            <\/div>\n    <div class=\"hero-image__content container\">\n        <h1>Temple Blog Posts<\/h1>\n    <\/div>\n<\/section>\n\n<style>\n    <\/style>\n\n\n<section class=\"blog-cards-list\">\n  <div class=\"container\">\n      <h2 class=\"title-with-ornament title-with-ornament--violet\">All Blog Posts<\/h2>\n      <div class=\"blog-cards-list__carousel scroll-container\">\n           <a href=\"https:\/\/shreepeethanilaya.org\/ashram-shree-peetha-nilaya\/temple\/blog-posts\/ram-darbar-lilas\/\" rel=\"noopener\">\n            <figure class=\"blog-cards-list__card animated-element\" data-animation=\"slide-left\">\n                <img decoding=\"async\" class=\"blog-cards-list__image\" src=\"https:\/\/country.bhaktimarga.org\/ashram-shree-peetha-nilaya\/wp-content\/uploads\/sites\/44\/2026\/03\/ram-darbar-blog-banner.jpg\">\n                <figcaption class=\"blog-cards-list__info\">\n                    <p class=\"blog-cards-list__title\">Ram Darbar Lilas<\/p>\n                    <p class=\"blog-cards-list__text\">The Ram Darbar\u2014comprising R\u0101ma, S\u012bt\u0101, Lak\u1e63ma\u1e47a, and Hanum\u0101n \u2014 symbolizes the human body and the soul\u2019s inner journey. <\/p>\n                    <p class=\"blog-cards-list__time\">March 2026<\/p>\n                <\/figcaption>\n            <\/figure>\n          <\/a>\n           <a href=\"https:\/\/shreepeethanilaya.org\/ashram-shree-peetha-nilaya\/temple\/blog-posts\/radha-durgas-lilas\/\" rel=\"noopener\">\n            <figure class=\"blog-cards-list__card animated-element\" data-animation=\"slide-left\">\n                <img decoding=\"async\" class=\"blog-cards-list__image\" src=\"https:\/\/country.bhaktimarga.org\/ashram-shree-peetha-nilaya\/wp-content\/uploads\/sites\/44\/2026\/01\/radha-durga-blog-banner.jpg\">\n                <figcaption class=\"blog-cards-list__info\">\n                    <p class=\"blog-cards-list__title\">Radha Durga\u2019s Lilas<\/p>\n                    <p class=\"blog-cards-list__text\">R\u0101dh\u0101-Durg\u0101 is a rare and mystical form, worshipped for the first time as a divine manifestation of R\u0101dh\u0101 appearing as Durg\u0101.<\/p>\n                    <p class=\"blog-cards-list__time\">January 2026<\/p>\n                <\/figcaption>\n            <\/figure>\n          <\/a>\n           <a href=\"https:\/\/shreepeethanilaya.org\/ashram-shree-peetha-nilaya\/temple\/blog-posts\/sri-jagannatha-and-gaura-nitais-lilas\/\" rel=\"noopener\">\n            <figure class=\"blog-cards-list__card animated-element\" data-animation=\"slide-left\">\n                <img decoding=\"async\" class=\"blog-cards-list__image\" src=\"https:\/\/country.bhaktimarga.org\/ashram-shree-peetha-nilaya\/wp-content\/uploads\/sites\/44\/2025\/10\/sri-jagannatha-and-gaura-nitai-blog-banner.jpg\">\n                <figcaption class=\"blog-cards-list__info\">\n                    <p class=\"blog-cards-list__title\">Sri Jagannatha and Gaura Nitai\u2019s Lilas<\/p>\n                    <p class=\"blog-cards-list__text\">\u015ar\u012b Jagann\u0101tha, a manifestation of \u015ar\u012b K\u1e5b\u1e63\u1e47a Himself, embodies the all-embracing form of God who offers His love and mercy to everyone, regardless of background.<\/p>\n                    <p class=\"blog-cards-list__time\">November 2025<\/p>\n                <\/figcaption>\n            <\/figure>\n          <\/a>\n          <a href=\"https:\/\/shreepeethanilaya.org\/ashram-shree-peetha-nilaya\/temple\/blog-posts\/lord-varahas-lilas\/\" rel=\"noopener\">\n            <figure class=\"blog-cards-list__card animated-element\" data-animation=\"slide-left\">\n                <img decoding=\"async\" class=\"blog-cards-list__image\" src=\"https:\/\/country.bhaktimarga.org\/ashram-shree-peetha-nilaya\/wp-content\/uploads\/sites\/44\/2025\/08\/lord-varaha-blog-00.jpg\">\n                <figcaption class=\"blog-cards-list__info\">\n                    <p class=\"blog-cards-list__title\">Lord Varaha`s Lilas<\/p>\n                    <p class=\"blog-cards-list__text\">Lord Var\u0101ha is a boar incarnation of Bhagav\u0101n, particularly renowned for His act of saving Mother Earth from the demon Hira\u1e47y\u0101k\u1e63a.<\/p>\n                    <p class=\"blog-cards-list__time\">September 2025<\/p>\n                <\/figcaption>\n            <\/figure>\n          <\/a>\n          <a href=\"https:\/\/shreepeethanilaya.org\/ashram-shree-peetha-nilaya\/temple\/blog-posts\/gayatri-devis-lilas\/\" rel=\"noopener\">\n            <figure class=\"blog-cards-list__card animated-element\" data-animation=\"slide-left\">\n                <img decoding=\"async\" class=\"blog-cards-list__image\" src=\"https:\/\/country.bhaktimarga.org\/ashram-shree-peetha-nilaya\/wp-content\/uploads\/sites\/44\/2025\/06\/gayatri-devis-lila-banner.jpg\">\n                <figcaption class=\"blog-cards-list__info\">\n                    <p class=\"blog-cards-list__title\">Gayatri Devi`s Lilas<\/p>\n                    <p class=\"blog-cards-list__text\">G\u0101yatr\u012b-dev\u012b, a radiant aspect of the Divine Mother, is revered as the source of wisdom in Hindu tradition. As the divine origin of the G\u0101yatr\u012b-mantra, She embodies purity, clarity, and higher learning.<\/p>\n                    <p class=\"blog-cards-list__time\">July 2025<\/p>\n                <\/figcaption>\n            <\/figure>\n          <\/a>\n          <a href=\"https:\/\/shreepeethanilaya.org\/ashram-shree-peetha-nilaya\/temple\/blog-posts\/the-masters-lilas\/\" rel=\"noopener\">\n            <figure class=\"blog-cards-list__card animated-element\" data-animation=\"slide-left\">\n                <img decoding=\"async\" class=\"blog-cards-list__image\" src=\"https:\/\/country.bhaktimarga.org\/ashram-shree-peetha-nilaya\/wp-content\/uploads\/sites\/44\/2025\/04\/The-Masters.jpg\">\n                <figcaption class=\"blog-cards-list__info\">\n                    <p class=\"blog-cards-list__title\">The Masters`s Lilas<\/p>\n                    <p class=\"blog-cards-list__text\">At Shree Peetha Nilaya, The Masters\u2014 \u015ar\u012b R\u0101m\u0101nuj\u0101c\u0101rya, and Mah\u0101vat\u0101ra B\u0101b\u0101j\u012b \u2014are deeply cherished by devotees. Their lives of selfless service and deep devotion continue to inspire us.<\/p>\n                    <p class=\"blog-cards-list__time\">May 2025<\/p>\n                <\/figcaption>\n            <\/figure>\n          <\/a>\n          <a href=\"https:\/\/shreepeethanilaya.org\/ashram-shree-peetha-nilaya\/temple\/blog-posts\/shiva-kamakshi-devi-lilas\/\" rel=\"noopener\">\n              <figure class=\"blog-cards-list__card animated-element\" data-animation=\"slide-left\">\n                  <img decoding=\"async\" class=\"blog-cards-list__image\" src=\"https:\/\/country.bhaktimarga.org\/ashram-shree-peetha-nilaya\/wp-content\/uploads\/sites\/44\/2025\/03\/Shiva-Kamakshi.jpg\">\n                  <figcaption class=\"blog-cards-list__info\">\n                      <p class=\"blog-cards-list__title\">Shiva &#038; Kamakshi Devi`s Lilas<\/p>\n                      <p class=\"blog-cards-list__text\">Lord \u015aiva, one of the Trim\u016brti, embodies love, service, and devotion, holding a special place in the hearts of his devotees. His divine counterpart, K\u0101m\u0101k\u1e63\u012b-dev\u012b, a powerful form&#8230;<\/p>\n                      <p class=\"blog-cards-list__time\">March 2025<\/p>\n                  <\/figcaption>\n              <\/figure>\n          <\/a>\n          <a href=\"https:\/\/shreepeethanilaya.org\/ashram-shree-peetha-nilaya\/temple\/blog-posts\/tulsi-devis-lilas\/\" rel=\"noopener\">\n              <figure class=\"blog-cards-list__card animated-element\" data-animation=\"slide-left\">\n                  <img decoding=\"async\" class=\"blog-cards-list__image\" src=\"https:\/\/country.bhaktimarga.org\/spn\/wp-content\/uploads\/sites\/44\/2025\/01\/tulsi-blog-banner.jpg\">\n                  <figcaption class=\"blog-cards-list__info\">\n                      <p class=\"blog-cards-list__title\">Tulsi Devi`s Lilas<\/p>\n                      <p class=\"blog-cards-list__text\">Tuls\u012b-dev\u012b is more than a plant\u2014She is a living presence of love and devotion that touches the hearts of all who serve Her.<\/p>\n                      <p class=\"blog-cards-list__time\">January 2025<\/p>\n                  <\/figcaption>\n              <\/figure>\n          <\/a>\n          <a href=\"https:\/\/shreepeethanilaya.org\/ashram-shree-peetha-nilaya\/temple\/blog-posts\/maha-lakshmis-lilas\/\" rel=\"noopener\">\n              <figure class=\"blog-cards-list__card animated-element\" data-animation=\"slide-left\">\n                  <img decoding=\"async\" class=\"blog-cards-list__image\" src=\"https:\/\/country.bhaktimarga.org\/spn\/wp-content\/uploads\/sites\/44\/2024\/11\/maha-lakshmi-blog-01.jpg\">\n                  <figcaption class=\"blog-cards-list__info\">\n                      <p class=\"blog-cards-list__title\">Maha Lakshmi`s Lilas<\/p>\n                      <p class=\"blog-cards-list__text\">Maha-Lakshmi, the beloved wife of Lord Narayana, fills our lives with blessings, peace, and kindness.<\/p>\n                      <p class=\"blog-cards-list__time\">November 2024<\/p>\n                  <\/figcaption>\n              <\/figure>\n          <\/a>\n          <a href=\"https:\/\/shreepeethanilaya.org\/ashram-shree-peetha-nilaya\/temple\/blog-posts\/radha-krishnas-lilas\/\" rel=\"noopener\">\n              <figure class=\"blog-cards-list__card animated-element\" data-animation=\"slide-left\">\n                  <img decoding=\"async\" class=\"blog-cards-list__image\" src=\"https:\/\/country.bhaktimarga.org\/spn\/wp-content\/uploads\/sites\/44\/2024\/10\/radha-krishna-blog-00.jpg\">\n                  <figcaption class=\"blog-cards-list__info\">\n                      <p class=\"blog-cards-list__title\">Radha Krishna`s Lilas<\/p>\n                      <p class=\"blog-cards-list__text\">Radha and Krishna, residing in the Bhutabhrteshwarnath Mandir at Shree Peetha Nilaya, were lovingly named \u2018Kripanidhe\u2019 by Guruji, meaning \u2018the ones who are full of mercy and grace\u2019.<\/p>\n                      <p class=\"blog-cards-list__time\">October 2024<\/p>\n                  <\/figcaption>\n              <\/figure>\n          <\/a>\n          <a href=\"https:\/\/shreepeethanilaya.org\/ashram-shree-peetha-nilaya\/temple\/blog-posts\/lord-narasimhas-lilas\/\" rel=\"noopener\">\n              <figure class=\"blog-cards-list__card animated-element\" data-animation=\"slide-left\">\n                  <img decoding=\"async\" class=\"blog-cards-list__image\" src=\"https:\/\/country.bhaktimarga.org\/spn\/wp-content\/uploads\/sites\/44\/2023\/11\/narasimha-serve-a-deity.webp\">\n                  <figcaption class=\"blog-cards-list__info\">\n                      <p class=\"blog-cards-list__title\">Lord Narasimha`s Lilas<\/p>\n                      <p class=\"blog-cards-list__text\">At the Bhutabhrteshwarnath Mandir in Shree Peetha Nilaya, Lord Narasimha, who is both fierce and gentle, is not just respected but also truly loved by His devotees.<\/p>\n                      <p class=\"blog-cards-list__time\">September 2024<\/p>\n                  <\/figcaption>\n              <\/figure>\n          <\/a>\n      <\/div>\n      <div class=\"scroll-arrows\">\n          <div class=\"scroll-arrow scroll-left\">&lt;<\/div>\n          <div class=\"scroll-arrow scroll-right\">&gt;<\/div>\n      <\/div>\n      <div class=\"progress-container\">\n          <div class=\"progress-bar\"><\/div>\n      <\/div>\n  <\/div>\n<\/section>\n","protected":false},"excerpt":{"rendered":"","protected":false},"author":1,"featured_media":5724,"parent":774,"menu_order":0,"comment_status":"closed","ping_status":"closed","template":"","meta":{"_acf_changed":false,"inline_featured_image":false,"footnotes":""},"class_list":["post-6541","page","type-page","status-publish","has-post-thumbnail","hentry"],"acf":[],"_links":{"self":[{"href":"https:\/\/country.bhaktimarga.org\/ashram-shree-peetha-nilaya\/wp-json\/wp\/v2\/pages\/6541","targetHints":{"allow":["GET"]}}],"collection":[{"href":"https:\/\/country.bhaktimarga.org\/ashram-shree-peetha-nilaya\/wp-json\/wp\/v2\/pages"}],"about":[{"href":"https:\/\/country.bhaktimarga.org\/ashram-shree-peetha-nilaya\/wp-json\/wp\/v2\/types\/page"}],"author":[{"embeddable":true,"href":"https:\/\/country.bhaktimarga.org\/ashram-shree-peetha-nilaya\/wp-json\/wp\/v2\/users\/1"}],"replies":[{"embeddable":true,"href":"https:\/\/country.bhaktimarga.org\/ashram-shree-peetha-nilaya\/wp-json\/wp\/v2\/comments?post=6541"}],"version-history":[{"count":14,"href":"https:\/\/country.bhaktimarga.org\/ashram-shree-peetha-nilaya\/wp-json\/wp\/v2\/pages\/6541\/revisions"}],"predecessor-version":[{"id":7527,"href":"https:\/\/country.bhaktimarga.org\/ashram-shree-peetha-nilaya\/wp-json\/wp\/v2\/pages\/6541\/revisions\/7527"}],"up":[{"embeddable":true,"href":"https:\/\/country.bhaktimarga.org\/ashram-shree-peetha-nilaya\/wp-json\/wp\/v2\/pages\/774"}],"wp:featuredmedia":[{"embeddable":true,"href":"https:\/\/country.bhaktimarga.org\/ashram-shree-peetha-nilaya\/wp-json\/wp\/v2\/media\/5724"}],"wp:attachment":[{"href":"https:\/\/country.bhaktimarga.org\/ashram-shree-peetha-nilaya\/wp-json\/wp\/v2\/media?parent=6541"}],"curies":[{"name":"wp","href":"https:\/\/api.w.org\/{rel}","templated":true}]}}