{"id":8350,"date":"2025-02-18T15:56:27","date_gmt":"2025-02-18T15:56:27","guid":{"rendered":"https:\/\/country.bhaktimarga.org\/ashram-shree-peetha-nilaya\/?page_id=8350"},"modified":"2025-06-27T12:01:09","modified_gmt":"2025-06-27T11:01:09","slug":"silent-retreat-de","status":"publish","type":"page","link":"https:\/\/country.bhaktimarga.org\/ashram-shree-peetha-nilaya\/ashram-shree-peetha-nilaya\/retreats\/silent-retreat-de\/","title":{"rendered":"Silent Retreat DE"},"content":{"rendered":"\n<section class=\"hero-image\">\n    <div class=\"hero-image__container\">\n        <img decoding=\"async\" class=\"hero-image__background object-fit-cover\" src=\"https:\/\/country.bhaktimarga.org\/ashram-shree-peetha-nilaya\/wp-content\/uploads\/sites\/44\/2024\/06\/SILENT-RETREAT-Banner.jpg\" alt=\"\">\n                    <img decoding=\"async\" class=\"hero-image__mobile-background object-fit-cover\" src=\"https:\/\/country.bhaktimarga.org\/ashram-shree-peetha-nilaya\/wp-content\/uploads\/sites\/44\/2024\/06\/SILENT-RETREAT-Banner.jpg\" alt=\"\">\n            <\/div>\n    <div class=\"hero-image__content container\">\n        <h1>Schweige Retreat<\/h1>\n    <\/div>\n<\/section>\n\n<style>\n            .hero-image__background {\n            display: none;\n        }\n        @media (min-width: 768px) {\n            .hero-image__background {\n                display: initial;\n            }\n            .hero-image__mobile-background {\n                display: none;\n            }\n        }\n    <\/style>\n\n\n<section class=\"intro-text-icon\">\n    <div class=\"container\">\n        <div class=\"intro-text-icon__container\" style=\"background-color: #F8E5BE;\">\n            <img decoding=\"async\" src=\"https:\/\/country.bhaktimarga.org\/ashram-shree-peetha-nilaya\/wp-content\/uploads\/sites\/44\/2023\/12\/lotus-icon.png\">\n            <div class=\"intro-text-icon__content\">\n                <span class=\"intro-text-icon__text\"><p>The silent retreat at the ashram has a long tradition and many people have made tremendous progress on their path simply through the power of conscious silence. Characterized by inner progress and inner work, this retreat is a real opportunity for those seeking serious change or real peace. The entire retreat is facilitated by the Ashram Swamis and Swaminis to guide the participants in their transformational work.<\/p>\n<\/span>\n                            <\/div>\n        <\/div>\n    <\/div>\n<\/section>\n\n\n<section class=\"no-padding\">\n    <div class=\"container no-padding\">\n        <div class=\"flex-50\">\n            <p hidden>Nested in the peaceful environment of our ashram, you will experience the loving presence of the Divine Mother while learning to accept and integrate new aspects of yourself. This transformative retreat invites you to come closer to your inner divinity through silence and supportive spiritual practices.<\/p>\n            <p hidden>Meditation, mantra walks in nature, self-analysis and a Vedic fire ceremony in silence will help you to clarify your inner world and direct it towards the positive. Open up to new areas of your heart and be ready for a transforming inner journey!<\/p>\n        <\/div>\n    <\/div>\n<\/section>\n\n\n\n<section class=\"cards-image-carousel\">\n    <div class=\"container\">\n                    <div\n                     \n                    class=\"cards-image-carousel__card\"\n                >\n                    <div class=\"card__content\">\n                        <h3 class=\"card__title\">Die SEHNSUCHT NACH STILLE<\/h3>\n                        <p>Schalte alle Ablenkungen ab und verbringe ein paar Tage in v\u00f6lliger Stille. Finde den Frieden in dir und lerne, wirklich zuzuh\u00f6ren. Pl\u00f6tzlich wird jeder Schritt laut, jede Bewegung bewusster.<\/p>\n<p>Stille ist in unserer lauten, schnelllebigen Welt unerl\u00e4sslich. Sie hilft dir, dich von den t\u00e4glichen Ablenkungen zu l\u00f6sen, Stress abzubauen und wieder mit deinem Herzen und deiner Intuition in Verbindung zu treten.<\/p>\n<p>&nbsp;<\/p>\n                                                    <a href=\"https:\/\/events.bhaktimarga.org\/products\/silent-retreat-with-spn-swamis-swaminis-2025\" target=\"_blank\">\n                                <p class=\"button button--outline\">Book now: 26 Okt &#8211; 01 Nov<\/p>\n                            <\/a>\n                                            <\/div>\n                    <div class=\"card__image-container carousel-container\">\n                        <div class=\"carousel\">\n                                                                    <img decoding=\"async\" class=\"card__image\" src=\"https:\/\/country.bhaktimarga.org\/ashram-shree-peetha-nilaya\/wp-content\/uploads\/sites\/44\/2024\/05\/IMAGE-2024-05-29-124905.jpg\" alt=\"\">\n                                                                                <img decoding=\"async\" class=\"card__image\" src=\"https:\/\/country.bhaktimarga.org\/ashram-shree-peetha-nilaya\/wp-content\/uploads\/sites\/44\/2024\/02\/2022-07-03-p-0202-scaled.jpg\" alt=\"\">\n                                                                                <img decoding=\"async\" class=\"card__image\" src=\"https:\/\/country.bhaktimarga.org\/ashram-shree-peetha-nilaya\/wp-content\/uploads\/sites\/44\/2025\/02\/2016-07-13-p-0044.jpg\" alt=\"\">\n                                                                                <img decoding=\"async\" class=\"card__image\" src=\"https:\/\/country.bhaktimarga.org\/ashram-shree-peetha-nilaya\/wp-content\/uploads\/sites\/44\/2025\/02\/peackock.png\" alt=\"\">\n                                                                <\/div>\n                    <\/div>\n                <\/div>\n                                <div\n                     \n                    class=\"cards-image-carousel__card\"\n                >\n                    <div class=\"card__content\">\n                        <h3 class=\"card__title\">Was erwartet dich?<\/h3>\n                        <p>Am ersten Tag werden w\u00e4hrend des Begr\u00fc\u00dfungstreffens alle Anweisungen f\u00fcr die kommenden Tage gegeben. Ab diesem Moment beginnt die Stille. Die Tage werden gr\u00f6\u00dftenteils im eigenen Raum verbracht, mit zugewiesener Mantra-Rezitation, Selbstreflexion und Kontemplation. Dazwischen kommt die Gruppe f\u00fcr Meditationen, Japa-Walks und Mahlzeiten zusammen \u2013 immer in v\u00f6lliger Stille.<\/p>\n<ul>\n<li>Gruppenmeditationen<\/li>\n<li>Gef\u00fchrte Japa-Walks<\/li>\n<li>Selbstreflexion<\/li>\n<li>Speziell zugewiesene Mantra-Rezitation<\/li>\n<li>Dunkelheitsmeditation<\/li>\n<li>Yajna-Feuerzeremonie<\/li>\n<\/ul>\n                                            <\/div>\n                    <div class=\"card__image-container carousel-container\">\n                        <div class=\"carousel\">\n                                                                    <img decoding=\"async\" class=\"card__image\" src=\"https:\/\/country.bhaktimarga.org\/ashram-shree-peetha-nilaya\/wp-content\/uploads\/sites\/44\/2024\/06\/Beginners-Week-How-to-meditate-Banner-2.jpg\" alt=\"\">\n                                                                                <img decoding=\"async\" class=\"card__image\" src=\"https:\/\/country.bhaktimarga.org\/ashram-shree-peetha-nilaya\/wp-content\/uploads\/sites\/44\/2024\/06\/Bhakti-Yoga-Weekend-Grid-2.jpg\" alt=\"\">\n                                                                                <img decoding=\"async\" class=\"card__image\" src=\"https:\/\/country.bhaktimarga.org\/ashram-shree-peetha-nilaya\/wp-content\/uploads\/sites\/44\/2024\/06\/SILENT-RETREAT-Grid-3.jpg\" alt=\"\">\n                                                                                <img decoding=\"async\" class=\"card__image\" src=\"https:\/\/country.bhaktimarga.org\/ashram-shree-peetha-nilaya\/wp-content\/uploads\/sites\/44\/2024\/02\/2023-07-23-p-0901-scaled.jpg\" alt=\"\">\n                                                                                <img decoding=\"async\" class=\"card__image\" src=\"https:\/\/country.bhaktimarga.org\/ashram-shree-peetha-nilaya\/wp-content\/uploads\/sites\/44\/2024\/06\/SILENT-RETREAT-Grid-5-e1729071315123.jpg\" alt=\"\">\n                                                                <\/div>\n                    <\/div>\n                <\/div>\n                                <div\n                     \n                    class=\"cards-image-carousel__card\"\n                >\n                    <div class=\"card__content\">\n                        <h3 class=\"card__title\">Unterkunft &#038; Verpflegung<\/h3>\n                        <p>Du wirst zu allen Mahlzeiten mit einem veganen Buffet versorgt, das du in Stille gemeinsam mit der Gruppe im Gemeinschaftsraum oder, wenn gew\u00fcnscht, in deinem eigenen Zimmer genie\u00dfen kannst. Au\u00dferhalb der Mahlzeiten steht im Gemeinschaftsraum hei\u00dfes Wasser f\u00fcr Tee bereit.<\/p>\n<ul>\n<li>08:30 &#8211; 09:15 Fr\u00fchst\u00fcck<\/li>\n<li>13:00 &#8211; 13:45 Mittagessen<\/li>\n<li>19:15 &#8211; 19:45 Abendessen<\/li>\n<\/ul>\n<p>F\u00fcr dieses Retreat gibt es die M\u00f6glichkeit, in Einzel- oder Doppelzimmern zu \u00fcbernachten. Alle Zimmer bieten eine wundersch\u00f6ne Aussicht \u00fcber das Tal und verf\u00fcgen \u00fcber ein eigenes Badezimmer mit Dusche. Bitte bedenke, dass ein Gro\u00dfteil der Zeit im eigenen Zimmer verbracht wird.<\/p>\n<p>Kostenlose Parkpl\u00e4tze stehen auf dem Gel\u00e4nde zur Verf\u00fcgung.<\/p>\n                                            <\/div>\n                    <div class=\"card__image-container carousel-container\">\n                        <div class=\"carousel\">\n                                                                    <img decoding=\"async\" class=\"card__image\" src=\"https:\/\/country.bhaktimarga.org\/ashram-shree-peetha-nilaya\/wp-content\/uploads\/sites\/44\/2023\/10\/shared-room-02.webp\" alt=\"shared room in shree peetha nilaya\">\n                                                                                <img decoding=\"async\" class=\"card__image\" src=\"https:\/\/country.bhaktimarga.org\/ashram-shree-peetha-nilaya\/wp-content\/uploads\/sites\/44\/2025\/02\/IMAGE-2025-02-05-115514.jpg\" alt=\"\">\n                                                                                <img decoding=\"async\" class=\"card__image\" src=\"https:\/\/country.bhaktimarga.org\/ashram-shree-peetha-nilaya\/wp-content\/uploads\/sites\/44\/2025\/02\/2024-01-20-p-0031.jpg\" alt=\"\">\n                                                                <\/div>\n                    <\/div>\n                <\/div>\n                                <div\n                     \n                    class=\"cards-image-carousel__card\"\n                >\n                    <div class=\"card__content\">\n                        <h3 class=\"card__title\">Geleitet von Swamis und Swaminis<\/h3>\n                        <p data-start=\"62\" data-end=\"298\">In der sch\u00f6nen Atmosph\u00e4re unseres Ashrams werden dich unsere Swamis und Swaminis durch diese stillen Tage begleiten. Sie f\u00fchren die Japa-Walks durch die Natur, leiten die Meditationen und sind auch w\u00e4hrend der Mahlzeiten anwesend.<\/p>\n<p data-start=\"300\" data-end=\"433\">Im Gemeinschaftsraum steht eine Pinnwand zur Verf\u00fcgung, auf der du Fragen notieren oder mitteilen kannst, falls du etwas ben\u00f6tigst.<\/p>\n<p data-start=\"435\" data-end=\"581\" data-is-last-node=\"\">Der Kurs wird auf Englisch gehalten, aber die meisten Swamis und Swaminis sprechen flie\u00dfend Englisch und Deutsch und k\u00f6nnen bei Bedarf \u00fcbersetzen.<\/p>\n                                            <\/div>\n                    <div class=\"card__image-container carousel-container\">\n                        <div class=\"carousel\">\n                                                                    <img decoding=\"async\" class=\"card__image\" src=\"https:\/\/country.bhaktimarga.org\/ashram-shree-peetha-nilaya\/wp-content\/uploads\/sites\/44\/2023\/11\/your-event-learn-from-us.webp\" alt=\"swami (hindu senior monk) sharing knowledge\">\n                                                                                <img decoding=\"async\" class=\"card__image\" src=\"https:\/\/country.bhaktimarga.org\/ashram-shree-peetha-nilaya\/wp-content\/uploads\/sites\/44\/2025\/02\/SPNswamisandswaminis.jpg.webp\" alt=\"\">\n                                                                                <img decoding=\"async\" class=\"card__image\" src=\"https:\/\/country.bhaktimarga.org\/ashram-shree-peetha-nilaya\/wp-content\/uploads\/sites\/44\/2024\/04\/teacher-swamini-dakshini.jpeg\" alt=\"\">\n                                                                <\/div>\n                    <\/div>\n                <\/div>\n                    <\/div>\n<\/section>\n\n\n<section id=\"\" class=\"events-cards-list\">\n        <div class=\"container\">\n            <h2 class=\"title-with-ornament title-with-ornament--violet\">Upcoming Retreats<\/h2>\n            <a href=\"https:\/\/events.bhaktimarga.org\/pages\/calendar\" target=\"_blank\">\n                <p class=\"button button--outline--violet\">Calendar View<\/p>\n            <\/a>\n            <div class=\"events-cards-list__carousel scroll-container\"><a href=\"https:\/\/bhaktievent-108.myshopify.com\/products\/silent-retreat-with-spn-swamis-24-september-26\" target=\"_blank\">\n            <figure class=\"events-cards-list__card\">\n                <img decoding=\"async\" class=\"events-cards-list__image\" src=\"https:\/\/cdn.shopify.com\/s\/files\/1\/0721\/1168\/5949\/files\/Untitled_design.png?v=1747126689\">\n                <figcaption class=\"events-cards-list__info\">\n                    <p class=\"events-cards-list__category\">Retreat<\/p>\n                    <p class=\"events-cards-list__title\">SILENT RETREAT WITH SPN SWAMIS<\/p>\n                    <p class=\"events-cards-list__date\">24 Sep 2026<\/p>\n                    <span class=\"events-cards-list__price\">150\u20ac<\/span>\n                <\/figcaption>\n            <\/figure>\n        <\/a><\/div>\n            <div class=\"scroll-arrows\">\n                <div class=\"scroll-arrow scroll-left\"><\/div>\n                <div class=\"scroll-arrow scroll-right\"><\/div>\n            <\/div>\n            <div class=\"progress-container\">\n                <div class=\"progress-bar\"><\/div>\n            <\/div>\n        <\/div>\n    <\/section>\n\n\n\n<section  class=\"no-padding\">\n    <figure class=\"quote\">\n        <img decoding=\"async\" src=\"\/wp-content\/themes\/vaikuntha\/images\/quote-icon.svg\" alt=\"\">\n        <blockquote>\n            <p>&#8220;As you silence your mind completely, you will receive everything,<br \/>\nwithout even needing to ask. God&#8217;s mercy is boundless.&#8221;<\/p>\n        <\/blockquote>\n        <figcaption>Paramahamsa Sri Swami Vishwananda<\/figcaption>\n    <\/figure>\n<\/section>\n\n\n\n<section class=\"images-grid\" id=\"stay-with-us\">\n    <div class=\"container grid-3-auto\">\n        <img decoding=\"async\" class=\"object-fit-cover\" src=\"https:\/\/country.bhaktimarga.org\/ashram-shree-peetha-nilaya\/wp-content\/uploads\/sites\/44\/2024\/03\/2023-07-21-p-0231-scaled.jpg\" alt=\"\"><img decoding=\"async\" class=\"object-fit-cover\" src=\"https:\/\/country.bhaktimarga.org\/ashram-shree-peetha-nilaya\/wp-content\/uploads\/sites\/44\/2024\/06\/SILENT-RETREAT-Grid-2.jpg\" alt=\"\"><img decoding=\"async\" class=\"object-fit-cover\" src=\"https:\/\/country.bhaktimarga.org\/ashram-shree-peetha-nilaya\/wp-content\/uploads\/sites\/44\/2024\/06\/SILENT-RETREAT-Grid-3.jpg\" alt=\"\"><img decoding=\"async\" class=\"object-fit-cover\" src=\"https:\/\/country.bhaktimarga.org\/ashram-shree-peetha-nilaya\/wp-content\/uploads\/sites\/44\/2024\/06\/SILENT-RETREAT-Grid-4.jpg\" alt=\"\"><img decoding=\"async\" class=\"object-fit-cover\" src=\"https:\/\/country.bhaktimarga.org\/ashram-shree-peetha-nilaya\/wp-content\/uploads\/sites\/44\/2024\/06\/SILENT-RETREAT-Grid-5-e1729071315123.jpg\" alt=\"\"><img decoding=\"async\" class=\"object-fit-cover\" src=\"https:\/\/country.bhaktimarga.org\/ashram-shree-peetha-nilaya\/wp-content\/uploads\/sites\/44\/2024\/06\/SILENT-RETREAT-Grid-6.jpg\" alt=\"\">    <\/div>\n<\/section>\n","protected":false},"excerpt":{"rendered":"<p>Nested in the peaceful environment of our ashram, you will experience the loving presence of the Divine Mother while learning to accept and integrate new aspects of yourself. This transformative retreat invites you to come closer to your inner divinity through silence and supportive spiritual practices. Meditation, mantra walks in nature, self-analysis and a Vedic [&hellip;]<\/p>\n","protected":false},"author":12,"featured_media":0,"parent":2547,"menu_order":0,"comment_status":"closed","ping_status":"closed","template":"","meta":{"_acf_changed":false,"inline_featured_image":false,"footnotes":""},"class_list":["post-8350","page","type-page","status-publish","hentry"],"acf":[],"_links":{"self":[{"href":"https:\/\/country.bhaktimarga.org\/ashram-shree-peetha-nilaya\/wp-json\/wp\/v2\/pages\/8350","targetHints":{"allow":["GET"]}}],"collection":[{"href":"https:\/\/country.bhaktimarga.org\/ashram-shree-peetha-nilaya\/wp-json\/wp\/v2\/pages"}],"about":[{"href":"https:\/\/country.bhaktimarga.org\/ashram-shree-peetha-nilaya\/wp-json\/wp\/v2\/types\/page"}],"author":[{"embeddable":true,"href":"https:\/\/country.bhaktimarga.org\/ashram-shree-peetha-nilaya\/wp-json\/wp\/v2\/users\/12"}],"replies":[{"embeddable":true,"href":"https:\/\/country.bhaktimarga.org\/ashram-shree-peetha-nilaya\/wp-json\/wp\/v2\/comments?post=8350"}],"version-history":[{"count":6,"href":"https:\/\/country.bhaktimarga.org\/ashram-shree-peetha-nilaya\/wp-json\/wp\/v2\/pages\/8350\/revisions"}],"predecessor-version":[{"id":8912,"href":"https:\/\/country.bhaktimarga.org\/ashram-shree-peetha-nilaya\/wp-json\/wp\/v2\/pages\/8350\/revisions\/8912"}],"up":[{"embeddable":true,"href":"https:\/\/country.bhaktimarga.org\/ashram-shree-peetha-nilaya\/wp-json\/wp\/v2\/pages\/2547"}],"wp:attachment":[{"href":"https:\/\/country.bhaktimarga.org\/ashram-shree-peetha-nilaya\/wp-json\/wp\/v2\/media?parent=8350"}],"curies":[{"name":"wp","href":"https:\/\/api.w.org\/{rel}","templated":true}]}}