{"id":8613,"date":"2025-04-02T14:41:05","date_gmt":"2025-04-02T13:41:05","guid":{"rendered":"https:\/\/country.bhaktimarga.org\/ashram-shree-peetha-nilaya\/?page_id=8613"},"modified":"2025-04-03T14:41:34","modified_gmt":"2025-04-03T13:41:34","slug":"seminarraume","status":"publish","type":"page","link":"https:\/\/country.bhaktimarga.org\/ashram-shree-peetha-nilaya\/ashram-shree-peetha-nilaya\/deu\/seminarraume\/","title":{"rendered":"Host Your Event DE"},"content":{"rendered":"\n<section class=\"hero-image\">\n    <div class=\"hero-image__container\">\n        <img decoding=\"async\" class=\"hero-image__background object-fit-cover\" src=\"https:\/\/country.bhaktimarga.org\/ashram-shree-peetha-nilaya\/wp-content\/uploads\/sites\/44\/2025\/02\/peackock.png\" alt=\"\">\n            <\/div>\n    <div class=\"hero-image__content container\">\n        <h1>EIN GESEGNETER ORT MIT VIELEN M\u00d6GLICHKEITEN<\/h1>\n    <\/div>\n<\/section>\n\n<style>\n    <\/style>\n\n\n<section class=\"cards-image-carousel\">\n    <div class=\"container\">\n                    <div\n                     \n                    class=\"cards-image-carousel__card\"\n                >\n                    <div class=\"card__content\">\n                        <h3 class=\"card__title\">Willkommen in Shree Peetha Nilaya<\/h3>\n                        <p>Shree Peetha Nilaya ist ein spiritueller Zufluchtsort, der sowohl als Ashram als auch als Zentrum f\u00fcr Veranstaltungen und Retreats dient.<\/p>\n<p>Shree Peetha Nilaya bietet dir und deinen Teilnehmern alles was du f\u00fcr ein erfolgreiches Seminar ben\u00f6tigst. Seminar- und Yogar\u00e4ume, vegane Vollpension, gem\u00fctliche Zimmer, ein kraftvoller Ort f\u00fcr Transformation und Wachstum.<\/p>\n                                            <\/div>\n                    <div class=\"card__image-container carousel-container\">\n                        <div class=\"carousel\">\n                                                                    <img decoding=\"async\" class=\"card__image\" src=\"https:\/\/country.bhaktimarga.org\/ashram-shree-peetha-nilaya\/wp-content\/uploads\/sites\/44\/2023\/10\/come-visit-us-the-ashram.webp\" alt=\"shree peetha nilaya ashram viewed from the sky\">\n                                                                                <img decoding=\"async\" class=\"card__image\" src=\"https:\/\/country.bhaktimarga.org\/ashram-shree-peetha-nilaya\/wp-content\/uploads\/sites\/44\/2024\/06\/Atma-Kriya-Yoga-Meditation-Course-Grid-5.jpg\" alt=\"\">\n                                                                                <img decoding=\"async\" class=\"card__image\" src=\"https:\/\/country.bhaktimarga.org\/ashram-shree-peetha-nilaya\/wp-content\/uploads\/sites\/44\/2024\/05\/IMAGE-2024-05-29-124905.jpg\" alt=\"\">\n                                                                                <img decoding=\"async\" class=\"card__image\" src=\"https:\/\/country.bhaktimarga.org\/ashram-shree-peetha-nilaya\/wp-content\/uploads\/sites\/44\/2025\/02\/SPN-garden.jpg\" alt=\"\">\n                                                                                <img decoding=\"async\" class=\"card__image\" src=\"https:\/\/country.bhaktimarga.org\/ashram-shree-peetha-nilaya\/wp-content\/uploads\/sites\/44\/2024\/02\/2023-08-27-p-0070-scaled.jpg\" alt=\"\">\n                                                                <\/div>\n                    <\/div>\n                <\/div>\n                                <div\n                     \n                    class=\"cards-image-carousel__card\"\n                >\n                    <div class=\"card__content\">\n                        <h3 class=\"card__title\">Plan dein Event mit uns<\/h3>\n                        <p>Unser Tagungszentrum liegt inmitten der \u00fcppigen Felder und W\u00e4lder des ber\u00fchmten deutschen Taunus. Abgelegen genug, um \u2018weg\u2019 zu sein, aber nur 30 Minuten von der gesch\u00e4ftigen Stadt Wiesbaden entfernt, bietet das Zentrum eine Vielzahl von Tagungsr\u00e4umen f\u00fcr Gruppen von 5 bis 700 Personen. Kostenlose Parkpl\u00e4tze sind ausreichend vorhanden.<\/p>\n<p>&nbsp;<\/p>\n                                                    <a href=\"#host-your-event-contact\" target=\"_self\">\n                                <p class=\"button button--outline\">Contact us<\/p>\n                            <\/a>\n                                            <\/div>\n                    <div class=\"card__image-container carousel-container\">\n                        <div class=\"carousel\">\n                                                                    <img decoding=\"async\" class=\"card__image\" src=\"https:\/\/country.bhaktimarga.org\/ashram-shree-peetha-nilaya\/wp-content\/uploads\/sites\/44\/2025\/02\/2023-07-21-p-0143-scaled.jpg\" alt=\"\">\n                                                                                <img decoding=\"async\" class=\"card__image\" src=\"https:\/\/country.bhaktimarga.org\/ashram-shree-peetha-nilaya\/wp-content\/uploads\/sites\/44\/2024\/06\/Beginners-Week-How-to-meditate-Banner-2.jpg\" alt=\"\">\n                                                                                <img decoding=\"async\" class=\"card__image\" src=\"https:\/\/country.bhaktimarga.org\/ashram-shree-peetha-nilaya\/wp-content\/uploads\/sites\/44\/2025\/03\/2024-08-11-p-0688-scaled.jpg\" alt=\"\">\n                                                                                <img decoding=\"async\" class=\"card__image\" src=\"https:\/\/country.bhaktimarga.org\/ashram-shree-peetha-nilaya\/wp-content\/uploads\/sites\/44\/2024\/02\/2023-07-24-p-0219-scaled.jpg\" alt=\"\">\n                                                                <\/div>\n                    <\/div>\n                <\/div>\n                    <\/div>\n<\/section>\n\n\n\n<section id=\"for-organizations\" class=\"cards-overlay-grid\" style=\"background-color: #ffffff\">\n\n            <h2 class=\"container no-padding title-with-ornament title-with-ornament--violet\">Unsere Seminarr\u00e4ume<\/h2>\n        \n    <div class=\"container cards-overlay-grid__container\">\n        \n                            <figure class=\"cards-overlay-grid__card animated-element\" data-animation=\"slide-up\">\n                                <div class=\"cards-overlay-grid__image-container\">\n                                    <img decoding=\"async\" class=\"object-fit-cover\" src=\"https:\/\/country.bhaktimarga.org\/ashram-shree-peetha-nilaya\/wp-content\/uploads\/sites\/44\/2025\/01\/IMAGE-2025-01-25-162042.jpg\" alt=\"\">\n                                <\/div>\n                                <figcaption class=\"cards-overlay-grid__content\">\n                                    <h3 class=\"cards-overlay-grid__title\">Panorama Halle<\/h3>\n                                    <span class=\"cards-overlay-grid__text\"><\/span>\n                                                                            <a class=\"cards-overlay-grid__link\" href=\"https:\/\/shreepeethanilaya.org\/ashram-shree-peetha-nilaya\/deu\/seminarraume\/panorama-halle\/\" target=\"_self\">\n                                            <p class=\"button button--outline--white\">Mehr info<\/p>\n                                        <\/a>\n                                                                    <\/figcaption>\n                            <\/figure>\n                                                    \n                            <figure class=\"cards-overlay-grid__card animated-element\" data-animation=\"slide-up\">\n                                <div class=\"cards-overlay-grid__image-container\">\n                                    <img decoding=\"async\" class=\"object-fit-cover\" src=\"https:\/\/country.bhaktimarga.org\/ashram-shree-peetha-nilaya\/wp-content\/uploads\/sites\/44\/2025\/01\/2024-11-29-p-0307.jpg\" alt=\"\">\n                                <\/div>\n                                <figcaption class=\"cards-overlay-grid__content\">\n                                    <h3 class=\"cards-overlay-grid__title\">Event Zelt<\/h3>\n                                    <span class=\"cards-overlay-grid__text\"><\/span>\n                                                                            <a class=\"cards-overlay-grid__link\" href=\"https:\/\/shreepeethanilaya.org\/ashram-shree-peetha-nilaya\/deu\/seminarraume\/panorama-halle\/\" target=\"_self\">\n                                            <p class=\"button button--outline--white\">Mehr info<\/p>\n                                        <\/a>\n                                                                    <\/figcaption>\n                            <\/figure>\n                                                    \n                            <figure class=\"cards-overlay-grid__card animated-element\" data-animation=\"slide-up\">\n                                <div class=\"cards-overlay-grid__image-container\">\n                                    <img decoding=\"async\" class=\"object-fit-cover\" src=\"https:\/\/country.bhaktimarga.org\/ashram-shree-peetha-nilaya\/wp-content\/uploads\/sites\/44\/2023\/11\/your-event-rent-equipment.webp\" alt=\"seminar room with audio and video equipment\">\n                                <\/div>\n                                <figcaption class=\"cards-overlay-grid__content\">\n                                    <h3 class=\"cards-overlay-grid__title\">Seminar Raum<\/h3>\n                                    <span class=\"cards-overlay-grid__text\"><\/span>\n                                                                            <a class=\"cards-overlay-grid__link\" href=\"https:\/\/shreepeethanilaya.org\/ashram-shree-peetha-nilaya\/deu\/seminarraume\/seminarraum\/\" target=\"_self\">\n                                            <p class=\"button button--outline--white\">Mehr info<\/p>\n                                        <\/a>\n                                                                    <\/figcaption>\n                            <\/figure>\n                                                    \n                            <figure class=\"cards-overlay-grid__card animated-element\" data-animation=\"slide-up\">\n                                <div class=\"cards-overlay-grid__image-container\">\n                                    <img decoding=\"async\" class=\"object-fit-cover\" src=\"https:\/\/country.bhaktimarga.org\/ashram-shree-peetha-nilaya\/wp-content\/uploads\/sites\/44\/2024\/04\/conference-room-shree-peetha-nilaya-3.jpg\" alt=\"\">\n                                <\/div>\n                                <figcaption class=\"cards-overlay-grid__content\">\n                                    <h3 class=\"cards-overlay-grid__title\">Konferenzraum<\/h3>\n                                    <span class=\"cards-overlay-grid__text\"><\/span>\n                                                                            <a class=\"cards-overlay-grid__link\" href=\"https:\/\/shreepeethanilaya.org\/ashram-shree-peetha-nilaya\/deu\/seminarraume\/konferenzraum\/\" target=\"_self\">\n                                            <p class=\"button button--outline--white\">Mehr Info<\/p>\n                                        <\/a>\n                                                                    <\/figcaption>\n                            <\/figure>\n                                                    \n                            <figure class=\"cards-overlay-grid__card animated-element\" data-animation=\"slide-up\">\n                                <div class=\"cards-overlay-grid__image-container\">\n                                    <img decoding=\"async\" class=\"object-fit-cover\" src=\"https:\/\/country.bhaktimarga.org\/ashram-shree-peetha-nilaya\/wp-content\/uploads\/sites\/44\/2024\/04\/art-studio-2.jpg\" alt=\"\">\n                                <\/div>\n                                <figcaption class=\"cards-overlay-grid__content\">\n                                    <h3 class=\"cards-overlay-grid__title\">KUNSTATELIER<\/h3>\n                                    <span class=\"cards-overlay-grid__text\"><\/span>\n                                                                            <a class=\"cards-overlay-grid__link\" href=\"https:\/\/shreepeethanilaya.org\/ashram-shree-peetha-nilaya\/deu\/seminarraume\/kunstatelier\/\" target=\"_self\">\n                                            <p class=\"button button--outline--white\">Mehr info<\/p>\n                                        <\/a>\n                                                                    <\/figcaption>\n                            <\/figure>\n                                                        <\/div>\n<\/section>\n\n\n\n<section id=\"host-your-event-contact\">\n    <div class=\"container\">\n        <h3 class=\"title-with-ornament title-with-ornament--violet\">Wir freuen uns auf Ihre Nachricht<\/h3>\n        <script charset=\"utf-8\" type=\"text\/javascript\" src=\"https:\/\/js.hsforms.net\/forms\/embed\/v2.js\"><\/script>\n        <script>\n            hbspt.forms.create({\n                region: \"na1\",\n                portalId: \"8952526\",\n                formId: \"e8b192fd-9d12-4e6d-bdcd-ad5f6c03da12\"\n            });\n        <\/script>\n    <\/div>\n<\/section>\n\n\n\n<section class=\"no-padding\">\n    <div class=\"container\">\n        <h3 class=\"title-with-ornament title-with-ornament--violet\">Mehr Information<\/h3>\n        <a target=\"_blank\" href=\"https:\/\/drive.google.com\/file\/d\/1LLslQ8YOhOKv3Wykxm0YJw_8Xs1S8qun\/view?usp=share_link\" rel=\"noopener\">\n            <p class=\"standalone-link\">Download 3rd Parties Brochure (PDF)<\/p>\n        <\/a>\n       \n    <\/div>\n<\/section>\n\n\n\n<section id=\"partner-companies\">\n    <div class=\"container\">\n                    <h2 class=\"title-with-ornament title-with-ornament--violet\">\n                UNTERNEHMEN, DIE UNS IHR VERTRAUEN SCHENKEN            <\/h2>\n        \n        <div class=\"grid-auto-columns\">\n                                                <div class=\"grid-auto-columns__cell\">\n                                                    <a href=\"https:\/\/www.stefanotiozzo.com\/\" target=\"_blank\">\n                                <img decoding=\"async\" src=\"https:\/\/country.bhaktimarga.org\/ashram-shree-peetha-nilaya\/wp-content\/uploads\/sites\/44\/2023\/11\/tiozzo-logo.png\" alt=\"\">\n                            <\/a>\n                        \n                                            <\/div>\n                                    <div class=\"grid-auto-columns__cell\">\n                                                    <img decoding=\"async\" src=\"https:\/\/country.bhaktimarga.org\/ashram-shree-peetha-nilaya\/wp-content\/uploads\/sites\/44\/2023\/11\/ursula-apolloner.png\" alt=\"\">\n                        \n                                            <\/div>\n                                    <div class=\"grid-auto-columns__cell\">\n                                                    <img decoding=\"async\" src=\"https:\/\/country.bhaktimarga.org\/ashram-shree-peetha-nilaya\/wp-content\/uploads\/sites\/44\/2023\/10\/sati-logo.png\" alt=\"\">\n                        \n                                            <\/div>\n                                    <div class=\"grid-auto-columns__cell\">\n                                                    <img decoding=\"async\" src=\"https:\/\/country.bhaktimarga.org\/ashram-shree-peetha-nilaya\/wp-content\/uploads\/sites\/44\/2023\/11\/avatar-nature.jpg\" alt=\"\">\n                        \n                                            <\/div>\n                                    <div class=\"grid-auto-columns__cell\">\n                                                    <img decoding=\"async\" src=\"https:\/\/country.bhaktimarga.org\/ashram-shree-peetha-nilaya\/wp-content\/uploads\/sites\/44\/2023\/11\/universal-harmonics.jpeg\" alt=\"\">\n                        \n                                            <\/div>\n                                    <div class=\"grid-auto-columns__cell\">\n                                                    <img decoding=\"async\" src=\"https:\/\/country.bhaktimarga.org\/ashram-shree-peetha-nilaya\/wp-content\/uploads\/sites\/44\/2023\/11\/right-energy.jpeg\" alt=\"\">\n                        \n                                            <\/div>\n                                    <div class=\"grid-auto-columns__cell\">\n                                                    <img decoding=\"async\" src=\"https:\/\/country.bhaktimarga.org\/ashram-shree-peetha-nilaya\/wp-content\/uploads\/sites\/44\/2023\/11\/your-poise.png\" alt=\"\">\n                        \n                                            <\/div>\n                                    <div class=\"grid-auto-columns__cell\">\n                                                    <img decoding=\"async\" src=\"https:\/\/country.bhaktimarga.org\/ashram-shree-peetha-nilaya\/wp-content\/uploads\/sites\/44\/2023\/11\/hari-tech.png\" alt=\"\">\n                        \n                                            <\/div>\n                                    <div class=\"grid-auto-columns__cell\">\n                                                    <img decoding=\"async\" src=\"https:\/\/country.bhaktimarga.org\/ashram-shree-peetha-nilaya\/wp-content\/uploads\/sites\/44\/2023\/11\/ayurveda-beratung.png\" alt=\"\">\n                        \n                                            <\/div>\n                                    <div class=\"grid-auto-columns__cell\">\n                                                    <img decoding=\"async\" src=\"https:\/\/country.bhaktimarga.org\/ashram-shree-peetha-nilaya\/wp-content\/uploads\/sites\/44\/2023\/11\/bhajan-cafe.png\" alt=\"\">\n                        \n                                            <\/div>\n                                    <div class=\"grid-auto-columns__cell\">\n                                                    <img decoding=\"async\" src=\"https:\/\/country.bhaktimarga.org\/ashram-shree-peetha-nilaya\/wp-content\/uploads\/sites\/44\/2023\/12\/company-zelene_energij_logo-scaled.jpg\" alt=\"\">\n                        \n                                            <\/div>\n                                    <div class=\"grid-auto-columns__cell\">\n                                                    <img decoding=\"async\" src=\"https:\/\/country.bhaktimarga.org\/ashram-shree-peetha-nilaya\/wp-content\/uploads\/sites\/44\/2023\/10\/love-seed-logo.png\" alt=\"\">\n                        \n                                            <\/div>\n                                    <div class=\"grid-auto-columns__cell\">\n                                                    <img decoding=\"async\" src=\"https:\/\/country.bhaktimarga.org\/ashram-shree-peetha-nilaya\/wp-content\/uploads\/sites\/44\/2023\/10\/mantrica-logo.png\" alt=\"\">\n                        \n                                            <\/div>\n                                    <div class=\"grid-auto-columns__cell\">\n                                                    <img decoding=\"async\" src=\"https:\/\/country.bhaktimarga.org\/ashram-shree-peetha-nilaya\/wp-content\/uploads\/sites\/44\/2023\/12\/company-malka-cabanas.jpg\" alt=\"\">\n                        \n                                            <\/div>\n                                    <div class=\"grid-auto-columns__cell\">\n                                                    <img decoding=\"async\" src=\"https:\/\/country.bhaktimarga.org\/ashram-shree-peetha-nilaya\/wp-content\/uploads\/sites\/44\/2023\/12\/company-goofy-foot.png\" alt=\"\">\n                        \n                                            <\/div>\n                                    <div class=\"grid-auto-columns__cell\">\n                                                    <img decoding=\"async\" src=\"https:\/\/country.bhaktimarga.org\/ashram-shree-peetha-nilaya\/wp-content\/uploads\/sites\/44\/2023\/12\/company-solar.png\" alt=\"\">\n                        \n                                            <\/div>\n                                    <div class=\"grid-auto-columns__cell\">\n                                                    <img decoding=\"async\" src=\"https:\/\/country.bhaktimarga.org\/ashram-shree-peetha-nilaya\/wp-content\/uploads\/sites\/44\/2023\/12\/company-bullulaivas.png\" alt=\"\">\n                        \n                                            <\/div>\n                                    <div class=\"grid-auto-columns__cell\">\n                                                    <img decoding=\"async\" src=\"https:\/\/country.bhaktimarga.org\/ashram-shree-peetha-nilaya\/wp-content\/uploads\/sites\/44\/2023\/12\/company-constantin-meiningen.png\" alt=\"\">\n                        \n                                            <\/div>\n                                    <div class=\"grid-auto-columns__cell\">\n                                                    <img decoding=\"async\" src=\"https:\/\/country.bhaktimarga.org\/ashram-shree-peetha-nilaya\/wp-content\/uploads\/sites\/44\/2023\/12\/company-lalita-dasika.jpg\" alt=\"\">\n                        \n                                            <\/div>\n                                    <div class=\"grid-auto-columns__cell\">\n                                                    <img decoding=\"async\" src=\"https:\/\/country.bhaktimarga.org\/ashram-shree-peetha-nilaya\/wp-content\/uploads\/sites\/44\/2023\/12\/company-landnet-solutions.jpg\" alt=\"\">\n                        \n                                            <\/div>\n                                    <div class=\"grid-auto-columns__cell\">\n                                                    <img decoding=\"async\" src=\"https:\/\/country.bhaktimarga.org\/ashram-shree-peetha-nilaya\/wp-content\/uploads\/sites\/44\/2023\/12\/company-maithili-thakur.png\" alt=\"\">\n                        \n                                            <\/div>\n                                    <div class=\"grid-auto-columns__cell\">\n                                                    <img decoding=\"async\" src=\"https:\/\/country.bhaktimarga.org\/ashram-shree-peetha-nilaya\/wp-content\/uploads\/sites\/44\/2023\/12\/company-yoga-perle.png\" alt=\"\">\n                        \n                                            <\/div>\n                                    <div class=\"grid-auto-columns__cell\">\n                                                    <img decoding=\"async\" src=\"https:\/\/country.bhaktimarga.org\/ashram-shree-peetha-nilaya\/wp-content\/uploads\/sites\/44\/2023\/12\/company-brent-bruning.png\" alt=\"\">\n                        \n                                            <\/div>\n                                    <div class=\"grid-auto-columns__cell\">\n                                                    <img decoding=\"async\" src=\"https:\/\/country.bhaktimarga.org\/ashram-shree-peetha-nilaya\/wp-content\/uploads\/sites\/44\/2023\/12\/company-schamanismus.png\" alt=\"\">\n                        \n                                            <\/div>\n                                    <div class=\"grid-auto-columns__cell\">\n                                                    <img decoding=\"async\" src=\"https:\/\/country.bhaktimarga.org\/ashram-shree-peetha-nilaya\/wp-content\/uploads\/sites\/44\/2023\/12\/company-bhakti-life.png\" alt=\"\">\n                        \n                                            <\/div>\n                                    <div class=\"grid-auto-columns__cell\">\n                                                    <a href=\"https:\/\/sriganesha.it\/\" target=\"_blank\">\n                                <img decoding=\"async\" src=\"https:\/\/country.bhaktimarga.org\/ashram-shree-peetha-nilaya\/wp-content\/uploads\/sites\/44\/2024\/02\/company-sri-ganesha.png\" alt=\"\">\n                            <\/a>\n                        \n                                            <\/div>\n                                    <div class=\"grid-auto-columns__cell\">\n                                                    <a href=\"https:\/\/sabine-blang.at\/\" target=\"_blank\">\n                                <img decoding=\"async\" src=\"https:\/\/country.bhaktimarga.org\/ashram-shree-peetha-nilaya\/wp-content\/uploads\/sites\/44\/2024\/04\/company-sabrina-blang.png\" alt=\"sabine blang logo\">\n                            <\/a>\n                        \n                                            <\/div>\n                                    <\/div>\n    <\/div>\n<\/section>\n\n<style>\n    #partner-companies .grid-auto-columns {\n        display: grid;\n        grid-template-columns: repeat(auto-fit, minmax(min(180px, 100%), 1fr));\n        gap: 2rem;\n        row-gap: 2rem;\n    }\n\n    #partner-companies .grid-auto-columns .grid-auto-columns__cell img {\n        max-width: 150px;\n    }\n\n    @media (max-width: 768px) {\n                    }\n<\/style>\n","protected":false},"excerpt":{"rendered":"<p>Wir freuen uns auf Ihre Nachricht Mehr Information Download 3rd Parties Brochure (PDF)<\/p>\n","protected":false},"author":12,"featured_media":0,"parent":3266,"menu_order":0,"comment_status":"closed","ping_status":"closed","template":"","meta":{"_acf_changed":false,"inline_featured_image":false,"footnotes":""},"class_list":["post-8613","page","type-page","status-publish","hentry"],"acf":[],"_links":{"self":[{"href":"https:\/\/country.bhaktimarga.org\/ashram-shree-peetha-nilaya\/wp-json\/wp\/v2\/pages\/8613","targetHints":{"allow":["GET"]}}],"collection":[{"href":"https:\/\/country.bhaktimarga.org\/ashram-shree-peetha-nilaya\/wp-json\/wp\/v2\/pages"}],"about":[{"href":"https:\/\/country.bhaktimarga.org\/ashram-shree-peetha-nilaya\/wp-json\/wp\/v2\/types\/page"}],"author":[{"embeddable":true,"href":"https:\/\/country.bhaktimarga.org\/ashram-shree-peetha-nilaya\/wp-json\/wp\/v2\/users\/12"}],"replies":[{"embeddable":true,"href":"https:\/\/country.bhaktimarga.org\/ashram-shree-peetha-nilaya\/wp-json\/wp\/v2\/comments?post=8613"}],"version-history":[{"count":15,"href":"https:\/\/country.bhaktimarga.org\/ashram-shree-peetha-nilaya\/wp-json\/wp\/v2\/pages\/8613\/revisions"}],"predecessor-version":[{"id":8650,"href":"https:\/\/country.bhaktimarga.org\/ashram-shree-peetha-nilaya\/wp-json\/wp\/v2\/pages\/8613\/revisions\/8650"}],"up":[{"embeddable":true,"href":"https:\/\/country.bhaktimarga.org\/ashram-shree-peetha-nilaya\/wp-json\/wp\/v2\/pages\/3266"}],"wp:attachment":[{"href":"https:\/\/country.bhaktimarga.org\/ashram-shree-peetha-nilaya\/wp-json\/wp\/v2\/media?parent=8613"}],"curies":[{"name":"wp","href":"https:\/\/api.w.org\/{rel}","templated":true}]}}