{"id":8620,"date":"2025-04-02T13:29:08","date_gmt":"2025-04-02T12:29:08","guid":{"rendered":"https:\/\/country.bhaktimarga.org\/ashram-shree-peetha-nilaya\/?page_id=8620"},"modified":"2025-04-03T14:19:00","modified_gmt":"2025-04-03T13:19:00","slug":"panorama-halle","status":"publish","type":"page","link":"https:\/\/country.bhaktimarga.org\/ashram-shree-peetha-nilaya\/ashram-shree-peetha-nilaya\/deu\/seminarraume\/panorama-halle\/","title":{"rendered":"Panorama Halle DE"},"content":{"rendered":"\n<section class=\"hero-image\">\n    <div class=\"hero-image__container\">\n        <img decoding=\"async\" class=\"hero-image__background object-fit-cover\" src=\"https:\/\/country.bhaktimarga.org\/ashram-shree-peetha-nilaya\/wp-content\/uploads\/sites\/44\/2025\/02\/2021-01-09-p-0144-scaled.jpg\" alt=\"\">\n            <\/div>\n    <div class=\"hero-image__content container\">\n        <h1>Panorama Halle<\/h1>\n    <\/div>\n<\/section>\n\n<style>\n    <\/style>\n\n\n<section class=\"cards-image-carousel\">\n    <div class=\"container\">\n                    <div\n                     \n                    class=\"cards-image-carousel__card\"\n                >\n                    <div class=\"card__content\">\n                        <h3 class=\"card__title\">PanoRama Hall<\/h3>\n                        <p>Die Panorama-Halle ist ein bevorzugter Ort f\u00fcr Gruppenmeditationen, Yogakurse und Konferenzen. Seine Gro\u00dfz\u00fcgigkeit und ruhige Atmosph\u00e4re machen ihn zum idealen Ort f\u00fcr gr\u00f6\u00dfere Versammlungen. Der Raum bietet einen herrlichen Blick \u00fcber das Springener Tal und verf\u00fcgt \u00fcber einen Balkon. Die gute Beleuchtung und der weiche Teppichboden schaffen eine angenehme und einladende Atmosph\u00e4re.<\/p>\n<p><strong>Die Panorama-Halle ist\u00a0<\/strong><\/p>\n                                            <\/div>\n                    <div class=\"card__image-container carousel-container\">\n                        <div class=\"carousel\">\n                                                                    <img decoding=\"async\" class=\"card__image\" src=\"https:\/\/country.bhaktimarga.org\/ashram-shree-peetha-nilaya\/wp-content\/uploads\/sites\/44\/2025\/01\/IMAGE-2025-01-25-162042.jpg\" alt=\"\">\n                                                                <\/div>\n                    <\/div>\n                <\/div>\n                                <div\n                     \n                    class=\"cards-image-carousel__card\"\n                >\n                    <div class=\"card__content\">\n                        <h3 class=\"card__title\">Details<\/h3>\n                        <p>&nbsp;<\/p>\n<ul>\n<li>Bis zu 100 Personen<\/li>\n<li>Gr\u00f6\u00dfe: 288 m\u00b2 (12 m x 24 m)<\/li>\n<li>Boden: geeignet f\u00fcr Meditation und dynamische Aktivit\u00e4ten<\/li>\n<li>Bestuhlung: flexibel, z.B. mit Yogamatten, St\u00fchlen oder Klassenzimmerbestuhlung<\/li>\n<\/ul>\n                                            <\/div>\n                    <div class=\"card__image-container carousel-container\">\n                        <div class=\"carousel\">\n                                                                    <img decoding=\"async\" class=\"card__image\" src=\"https:\/\/country.bhaktimarga.org\/ashram-shree-peetha-nilaya\/wp-content\/uploads\/sites\/44\/2024\/04\/darshan-hall-1.jpg\" alt=\"\">\n                                                                <\/div>\n                    <\/div>\n                <\/div>\n                    <\/div>\n<\/section>\n","protected":false},"excerpt":{"rendered":"","protected":false},"author":12,"featured_media":0,"parent":8613,"menu_order":0,"comment_status":"closed","ping_status":"closed","template":"","meta":{"_acf_changed":false,"inline_featured_image":false,"footnotes":""},"class_list":["post-8620","page","type-page","status-publish","hentry"],"acf":[],"_links":{"self":[{"href":"https:\/\/country.bhaktimarga.org\/ashram-shree-peetha-nilaya\/wp-json\/wp\/v2\/pages\/8620","targetHints":{"allow":["GET"]}}],"collection":[{"href":"https:\/\/country.bhaktimarga.org\/ashram-shree-peetha-nilaya\/wp-json\/wp\/v2\/pages"}],"about":[{"href":"https:\/\/country.bhaktimarga.org\/ashram-shree-peetha-nilaya\/wp-json\/wp\/v2\/types\/page"}],"author":[{"embeddable":true,"href":"https:\/\/country.bhaktimarga.org\/ashram-shree-peetha-nilaya\/wp-json\/wp\/v2\/users\/12"}],"replies":[{"embeddable":true,"href":"https:\/\/country.bhaktimarga.org\/ashram-shree-peetha-nilaya\/wp-json\/wp\/v2\/comments?post=8620"}],"version-history":[{"count":2,"href":"https:\/\/country.bhaktimarga.org\/ashram-shree-peetha-nilaya\/wp-json\/wp\/v2\/pages\/8620\/revisions"}],"predecessor-version":[{"id":8622,"href":"https:\/\/country.bhaktimarga.org\/ashram-shree-peetha-nilaya\/wp-json\/wp\/v2\/pages\/8620\/revisions\/8622"}],"up":[{"embeddable":true,"href":"https:\/\/country.bhaktimarga.org\/ashram-shree-peetha-nilaya\/wp-json\/wp\/v2\/pages\/8613"}],"wp:attachment":[{"href":"https:\/\/country.bhaktimarga.org\/ashram-shree-peetha-nilaya\/wp-json\/wp\/v2\/media?parent=8620"}],"curies":[{"name":"wp","href":"https:\/\/api.w.org\/{rel}","templated":true}]}}