{"id":8627,"date":"2025-04-02T14:09:16","date_gmt":"2025-04-02T13:09:16","guid":{"rendered":"https:\/\/country.bhaktimarga.org\/ashram-shree-peetha-nilaya\/?page_id=8627"},"modified":"2025-04-03T14:18:36","modified_gmt":"2025-04-03T13:18:36","slug":"seminarraum","status":"publish","type":"page","link":"https:\/\/country.bhaktimarga.org\/ashram-shree-peetha-nilaya\/ashram-shree-peetha-nilaya\/deu\/seminarraume\/seminarraum\/","title":{"rendered":"Seminarraum"},"content":{"rendered":"\n<section class=\"hero-image\">\n    <div class=\"hero-image__container\">\n        <img decoding=\"async\" class=\"hero-image__background object-fit-cover\" src=\"https:\/\/country.bhaktimarga.org\/ashram-shree-peetha-nilaya\/wp-content\/uploads\/sites\/44\/2025\/02\/2021-01-09-p-0144-scaled.jpg\" alt=\"\">\n            <\/div>\n    <div class=\"hero-image__content container\">\n        <h1>Seminarraum<\/h1>\n    <\/div>\n<\/section>\n\n<style>\n    <\/style>\n\n\n<section class=\"cards-image-carousel\">\n    <div class=\"container\">\n                    <div\n                     \n                    class=\"cards-image-carousel__card\"\n                >\n                    <div class=\"card__content\">\n                        <h3 class=\"card__title\">Seminarraum<\/h3>\n                        <p>Der ger\u00e4umige Seminarraum hat einen direkten Zugang nach drau\u00dfen und gro\u00dfe Fenster, die frische Luft hereinlassen, ideal f\u00fcr erholsame Pausen und Workshops im Freien. Der Raum ist mit unterschiedlichen Sitzgelegenheiten m\u00f6bliert und bietet reichlich Platz f\u00fcr Yogakurse und andere Bewegungsworkshops.<\/p>\n                                            <\/div>\n                    <div class=\"card__image-container carousel-container\">\n                        <div class=\"carousel\">\n                                                                    <img decoding=\"async\" class=\"card__image\" src=\"https:\/\/country.bhaktimarga.org\/ashram-shree-peetha-nilaya\/wp-content\/uploads\/sites\/44\/2023\/10\/seminar-room-shree-peetha-nilaya-6.jpg\" alt=\"\">\n                                                                                <img decoding=\"async\" class=\"card__image\" src=\"https:\/\/country.bhaktimarga.org\/ashram-shree-peetha-nilaya\/wp-content\/uploads\/sites\/44\/2023\/10\/seminar-room-shree-peetha-nilaya-2.jpg\" alt=\"\">\n                                                                <\/div>\n                    <\/div>\n                <\/div>\n                                <div\n                     \n                    class=\"cards-image-carousel__card\"\n                >\n                    <div class=\"card__content\">\n                        <h3 class=\"card__title\">Room Information<\/h3>\n                        <p>&nbsp;<\/p>\n<ul>\n<li>Kapazit\u00e4t: bis zu 50 Personen<\/li>\n<li>Gr\u00f6\u00dfe: 80 m\u00b2<\/li>\n<li>Boden: Teppich<\/li>\n<li>Bestuhlung: Klassenzimmer-, Theater- oder Rundbestuhlung, St\u00fchle<\/li>\n<\/ul>\n                                            <\/div>\n                    <div class=\"card__image-container carousel-container\">\n                        <div class=\"carousel\">\n                                                                    <img decoding=\"async\" class=\"card__image\" src=\"https:\/\/country.bhaktimarga.org\/ashram-shree-peetha-nilaya\/wp-content\/uploads\/sites\/44\/2023\/10\/seminar-room-shree-peetha-nilaya-9.jpg\" alt=\"\">\n                                                                <\/div>\n                    <\/div>\n                <\/div>\n                    <\/div>\n<\/section>\n","protected":false},"excerpt":{"rendered":"","protected":false},"author":12,"featured_media":0,"parent":8613,"menu_order":0,"comment_status":"closed","ping_status":"closed","template":"","meta":{"_acf_changed":false,"inline_featured_image":false,"footnotes":""},"class_list":["post-8627","page","type-page","status-publish","hentry"],"acf":[],"_links":{"self":[{"href":"https:\/\/country.bhaktimarga.org\/ashram-shree-peetha-nilaya\/wp-json\/wp\/v2\/pages\/8627","targetHints":{"allow":["GET"]}}],"collection":[{"href":"https:\/\/country.bhaktimarga.org\/ashram-shree-peetha-nilaya\/wp-json\/wp\/v2\/pages"}],"about":[{"href":"https:\/\/country.bhaktimarga.org\/ashram-shree-peetha-nilaya\/wp-json\/wp\/v2\/types\/page"}],"author":[{"embeddable":true,"href":"https:\/\/country.bhaktimarga.org\/ashram-shree-peetha-nilaya\/wp-json\/wp\/v2\/users\/12"}],"replies":[{"embeddable":true,"href":"https:\/\/country.bhaktimarga.org\/ashram-shree-peetha-nilaya\/wp-json\/wp\/v2\/comments?post=8627"}],"version-history":[{"count":1,"href":"https:\/\/country.bhaktimarga.org\/ashram-shree-peetha-nilaya\/wp-json\/wp\/v2\/pages\/8627\/revisions"}],"predecessor-version":[{"id":8628,"href":"https:\/\/country.bhaktimarga.org\/ashram-shree-peetha-nilaya\/wp-json\/wp\/v2\/pages\/8627\/revisions\/8628"}],"up":[{"embeddable":true,"href":"https:\/\/country.bhaktimarga.org\/ashram-shree-peetha-nilaya\/wp-json\/wp\/v2\/pages\/8613"}],"wp:attachment":[{"href":"https:\/\/country.bhaktimarga.org\/ashram-shree-peetha-nilaya\/wp-json\/wp\/v2\/media?parent=8627"}],"curies":[{"name":"wp","href":"https:\/\/api.w.org\/{rel}","templated":true}]}}