{"id":8632,"date":"2025-04-02T14:15:31","date_gmt":"2025-04-02T13:15:31","guid":{"rendered":"https:\/\/country.bhaktimarga.org\/ashram-shree-peetha-nilaya\/?page_id=8632"},"modified":"2025-04-03T14:16:46","modified_gmt":"2025-04-03T13:16:46","slug":"kunstatelier","status":"publish","type":"page","link":"https:\/\/country.bhaktimarga.org\/ashram-shree-peetha-nilaya\/ashram-shree-peetha-nilaya\/deu\/seminarraume\/kunstatelier\/","title":{"rendered":"KUNSTATELIER"},"content":{"rendered":"\n<section class=\"hero-image\">\n    <div class=\"hero-image__container\">\n        <img decoding=\"async\" class=\"hero-image__background object-fit-cover\" src=\"https:\/\/country.bhaktimarga.org\/ashram-shree-peetha-nilaya\/wp-content\/uploads\/sites\/44\/2024\/02\/2023-04-28-p-0393.jpg\" alt=\"\">\n            <\/div>\n    <div class=\"hero-image__content container\">\n        <h1>KUNSTATELIER<\/h1>\n    <\/div>\n<\/section>\n\n<style>\n    <\/style>\n\n\n<section class=\"cards-image-carousel\">\n    <div class=\"container\">\n                    <div\n                     \n                    class=\"cards-image-carousel__card\"\n                >\n                    <div class=\"card__content\">\n                        <h3 class=\"card__title\">KUNSTATELIER<\/h3>\n                        <p>Einer unserer beliebtesten R\u00e4ume ist das Kunstatelier, in dem im Laufe der Jahre viele Kunstwerke in stiller Meditation entstanden sind.<\/p>\n<p>Der Raum strahlt einfach eine gro\u00dfe Ruhe aus! Durch das sch\u00f6ne nat\u00fcrliche Licht in diesem gro\u00dfen und offenen Raum eignet sich das Kunstatelier hervorragend f\u00fcr Kunstkurse, aber auch andere Kurse k\u00f6nnen diesen Raum nutzen.<\/p>\n<p>Die Tische und St\u00fchle k\u00f6nnen auf verschiedene Weise aufgestellt werden und auch die Terrasse, die an den Raum angrenzt, kann genutzt werden. F\u00fcr Pr\u00e4sentationen steht eine gro\u00dfe Leinwand zur Verf\u00fcgung.<\/p>\n                                            <\/div>\n                    <div class=\"card__image-container carousel-container\">\n                        <div class=\"carousel\">\n                                                                    <img decoding=\"async\" class=\"card__image\" src=\"https:\/\/country.bhaktimarga.org\/ashram-shree-peetha-nilaya\/wp-content\/uploads\/sites\/44\/2024\/04\/art-studio-2.jpg\" alt=\"\">\n                                                                                <img decoding=\"async\" class=\"card__image\" src=\"https:\/\/country.bhaktimarga.org\/ashram-shree-peetha-nilaya\/wp-content\/uploads\/sites\/44\/2024\/04\/art-studio-1.jpg\" alt=\"\">\n                                                                <\/div>\n                    <\/div>\n                <\/div>\n                                <div\n                     \n                    class=\"cards-image-carousel__card\"\n                >\n                    <div class=\"card__content\">\n                        <h3 class=\"card__title\">Room Information<\/h3>\n                        <p>&nbsp;<\/p>\n<ul>\n<li>Kapazit\u00e4t: bis zu 40 Personen<\/li>\n<li>Gr\u00f6\u00dfe: 95 m\u00b2<\/li>\n<li>Boden: Laminat<\/li>\n<li>Bestuhlung: Klassenzimmer, Tische und St\u00fchle<\/li>\n<\/ul>\n                                            <\/div>\n                    <div class=\"card__image-container carousel-container\">\n                        <div class=\"carousel\">\n                                                                    <img decoding=\"async\" class=\"card__image\" src=\"https:\/\/country.bhaktimarga.org\/ashram-shree-peetha-nilaya\/wp-content\/uploads\/sites\/44\/2023\/12\/art-atelier-shree-peetha-nilaya.webp\" alt=\"art atelier in shree peetha nilaya\">\n                                                                <\/div>\n                    <\/div>\n                <\/div>\n                    <\/div>\n<\/section>\n","protected":false},"excerpt":{"rendered":"","protected":false},"author":12,"featured_media":0,"parent":8613,"menu_order":0,"comment_status":"closed","ping_status":"closed","template":"","meta":{"_acf_changed":false,"inline_featured_image":false,"footnotes":""},"class_list":["post-8632","page","type-page","status-publish","hentry"],"acf":[],"_links":{"self":[{"href":"https:\/\/country.bhaktimarga.org\/ashram-shree-peetha-nilaya\/wp-json\/wp\/v2\/pages\/8632","targetHints":{"allow":["GET"]}}],"collection":[{"href":"https:\/\/country.bhaktimarga.org\/ashram-shree-peetha-nilaya\/wp-json\/wp\/v2\/pages"}],"about":[{"href":"https:\/\/country.bhaktimarga.org\/ashram-shree-peetha-nilaya\/wp-json\/wp\/v2\/types\/page"}],"author":[{"embeddable":true,"href":"https:\/\/country.bhaktimarga.org\/ashram-shree-peetha-nilaya\/wp-json\/wp\/v2\/users\/12"}],"replies":[{"embeddable":true,"href":"https:\/\/country.bhaktimarga.org\/ashram-shree-peetha-nilaya\/wp-json\/wp\/v2\/comments?post=8632"}],"version-history":[{"count":2,"href":"https:\/\/country.bhaktimarga.org\/ashram-shree-peetha-nilaya\/wp-json\/wp\/v2\/pages\/8632\/revisions"}],"predecessor-version":[{"id":8635,"href":"https:\/\/country.bhaktimarga.org\/ashram-shree-peetha-nilaya\/wp-json\/wp\/v2\/pages\/8632\/revisions\/8635"}],"up":[{"embeddable":true,"href":"https:\/\/country.bhaktimarga.org\/ashram-shree-peetha-nilaya\/wp-json\/wp\/v2\/pages\/8613"}],"wp:attachment":[{"href":"https:\/\/country.bhaktimarga.org\/ashram-shree-peetha-nilaya\/wp-json\/wp\/v2\/media?parent=8632"}],"curies":[{"name":"wp","href":"https:\/\/api.w.org\/{rel}","templated":true}]}}