{"id":162,"date":"2023-06-08T14:54:40","date_gmt":"2023-06-08T13:54:40","guid":{"rendered":"https:\/\/country.bhaktimarga.org\/de\/?page_id=162"},"modified":"2026-01-05T19:10:16","modified_gmt":"2026-01-05T19:10:16","slug":"paramahamsa-vishwananda","status":"publish","type":"page","link":"https:\/\/country.bhaktimarga.org\/de\/paramahamsa-vishwananda\/","title":{"rendered":"Paramahamsa Vishwananda"},"content":{"rendered":"\n<section class=\"secondary-hero\">\n    <div class=\"secondary-hero__container\">\n        <img decoding=\"async\" class=\"object-fit-cover\" src=\"https:\/\/country.bhaktimarga.org\/de\/wp-content\/uploads\/sites\/6\/2023\/06\/paramahamsa-sri-swami-vishwananda-mission-of-love.jpeg\"  alt=\"Guruji\">\n    <\/div>\n    <div class=\"secondary-hero__content\">\n        <h1>Paramahamsa Vishwananda<\/h1>\n        <span class=\"secondary-hero__text\"><p>Paramahamsa Vishwananda ist ein gottverwirklichter Meister, der in Einheit mit dem G\u00f6ttlichen lebt. Sein Ziel ist es, allen Menschen zu helfen, eben diese g\u00f6ttliche Beziehung in ihrem Leben zu erfahren. Dies macht Ihn so einzigartig.<\/p>\n<\/span>\n                    <a href=\"#guruji\" target=\"_self\">\n                <p class=\"standalone-link\">Begegne dem G\u00f6ttlichen<\/p>\n            <\/a>\n            <\/div>\n<\/section>\n\n\n\n<section  class=\"no-padding\">\n    <figure class=\"quote\">\n        <img decoding=\"async\" src=\"\/wp-content\/themes\/vaikuntha\/images\/quote-icon.svg\" alt=\"\">\n        <blockquote>\n            <p>\u201eWenn du auf deine eigene Kraft setzt, kannst du einen gewissen Grad an spirituellem Fortschritt erreichen, aber um das Allerh\u00f6chste zu verwirklichen, um dich vollst\u00e4ndig in das Licht Gottes zu verwandeln, brauchst du die Gnade des Meisters. Solange der Meister nicht erscheint, ist es nicht m\u00f6glich.\u201c\u200b\u200b<\/p>\n        <\/blockquote>\n        <figcaption>Paramahamsa Vishwananda<\/figcaption>\n    <\/figure>\n<\/section>\n\n\n\n<section class=\"cards\">\n    <div class=\"container\">\n    \n                <div\n                    id=\"guruji\"                    class=\"cards__card card--light-blue\"\n                >\n                    <div class=\"card__content\">\n                        <h3 class=\"card__title\">GR\u00dcNDER VON BHAKTI MARGA<\/h3>\n                        <span class=\"card__text\"><p>Paramahamsa Vishwananda verk\u00f6rpert viele Facetten des Meisters, die Ihn sowohl individuell als auch in Gemeinschaft als einen lebenden Ausdruck von bhakti auszeichnen. Er ist ein\u00a0<em>Vaishnava-acharya<\/em>, ein\u00a0<em>Kriya Yoga-Meister<\/em>\u00a0und der\u00a0<em>Gr\u00fcnder-acharya<\/em>,\u00a0<em>satguru<\/em>\u00a0und Leiter der Bhakti Marga-Mission.<\/p>\n<p>F\u00fcr alles, was die Mission im Dienste der Menschheit macht, ist Er die treibende Kraft und Inspiration. Indem Er auf einzigartige Weise Elemente aus diesen verschiedenen Traditionen miteinander verwebt, stellt Er einen bew\u00e4hrten Weg zur Verf\u00fcgung und bietet die Unterst\u00fctzung, um letztendlich Gottverwirklichung zu erreichen.<\/p>\n<\/span>\n                                                                    <\/div>\n                    <div class=\"card__image-container\">\n                                                    <img decoding=\"async\" src=\"https:\/\/country.bhaktimarga.org\/de\/wp-content\/uploads\/sites\/6\/2023\/06\/paramahamsa-vishwananda-looking-at-the-sky.jpeg\" alt=\"Paramahamsa Vishwananda looking at the sky.\">\n                                            <\/div>\n                <\/div>\n\n                \n                <div\n                                        class=\"cards__card card--gold\"\n                >\n                    <div class=\"card__content\">\n                        <h3 class=\"card__title\">METHODEN DER TRANSFORMATION<\/h3>\n                        <span class=\"card__text\"><p>Paramahamsa Vishwananda vermittelt einen erprobten Weg und bietet bew\u00e4hrte Methoden, um die Weisheit des Herzens zum Vorschein zu bringen und uns mit dem G\u00f6ttlichen zu verbinden. Diese Methoden helfen uns, in unserem t\u00e4glichen Leben\u00a0<em>bhakti<\/em>\u00a0zu leben, indem wir eine zutiefst pers\u00f6nliche Beziehung zu Gott aufbauen.<\/p>\n<p>Die einzigartige Bandbreite an spirituellen Methoden l\u00e4sst sich nirgendwo sonst finden. Die Methoden dienen dazu, die Menschheit durch die Entwicklung von\u00a0<em>bhakti<\/em>\u00a0\u2013 Liebe und Hingabe zum G\u00f6ttlichen \u2013 zu erheben. Erkunde sie alle, um die besten f\u00fcr dich zu finden.<\/p>\n<\/span>\n                                                    <a href=\"https:\/\/bhaktimarga.de\/the-path\/\" target=\"_blank\">\n                                <p class=\"button button--outline button--outline--white\">Erkunde den Weg<\/p>\n                            <\/a>\n                                                                    <\/div>\n                    <div class=\"card__image-container\">\n                                                    <img decoding=\"async\" src=\"https:\/\/country.bhaktimarga.org\/de\/wp-content\/uploads\/sites\/6\/2023\/06\/vaishnava-india-temple.jpg\" alt=\"\">\n                                            <\/div>\n                <\/div>\n\n                \n                <div\n                                        class=\"cards__card card--light-blue\"\n                >\n                    <div class=\"card__content\">\n                        <h3 class=\"card__title\">TRIFF DEN MEISTER<\/h3>\n                        <span class=\"card__text\"><p>Einem lebenden Meister und\u00a0<em>satguru<\/em>\u00a0zu begegnen, ist eine \u00e4u\u00dferst seltene und kostbare Gelegenheit. Ob es Seine bedingungslose Liebe, Seine tiefe Weisheit oder Seine unvergleichliche Ausstrahlung ist, die deine Aufmerksamkeit fesselt \u2013 Ihm zu begegnen ist kein Zufall! Es ist eine Erfahrung, die deine Seele erweckt.<\/p>\n<p>Paramahamsa Vishwanandas Leben ist dem Dienste der Menschheit gewidmet, wof\u00fcr Er Sich auf vielf\u00e4ltige Weise zur Verf\u00fcgung stellt. Jeder Moment, den du mit Ihm verbringst, ist kostbar. Nutze diese Momente mit Ihm, solange es dir m\u00f6glich ist.<\/p>\n<\/span>\n                                                    <a href=\"https:\/\/events.bhaktimarga.org\/\" target=\"_blank\">\n                                <p class=\"button button--outline button--outline--white\">Triff Den Meister<\/p>\n                            <\/a>\n                                                                    <\/div>\n                    <div class=\"card__image-container\">\n                                                    <img decoding=\"async\" src=\"https:\/\/country.bhaktimarga.org\/de\/wp-content\/uploads\/sites\/6\/2023\/06\/paramahamsa-vishwananda-accessibility.jpg\" alt=\"\">\n                                            <\/div>\n                <\/div>\n\n                    <\/div>\n<\/section>\n\n\n<section class=\"call-to-action-media no-padding\">  \n                        <div id=\"insights-from-the-master\" class=\"call-to-action-media__wrapper\">\n                        <div class=\"container call-to-action-media__item\">\n                            <div class=\"call-to-action-media__content\">\n                                <h3 class=\"title-with-ornament title-with-ornament--blue\">EINSICHTEN VOM MEISTER<\/h3>\n                                <span class=\"call-to-action-media__text\"><p>Paramahamsa Vishwananda pflegt die ehrw\u00fcrdige Tradition, in Zusammenk\u00fcnften\u00a0Fragen zu beantworten, was\u00a0<em>satsang<\/em>\u00a0oder spirituelles Gespr\u00e4ch genannt wird. Es ist sehr selten, einen so direkten Zugang zu einem lebenden Meister und\u00a0<em>satguru<\/em>\u00a0zu haben und die Gelegenheit zu erhalten, von Ihm zu lernen.<\/p>\n<\/span>\n                                                                    <a href=\"https:\/\/www.youtube.com\/watch?v=KKWFYa84e7k&#038;list=PLRJzEHCmzsf2K-ETOxFTNC0r6QNbqSE5A&#038;index=1\" target=\"_blank\">\n                                        <p class=\"button button--primary--dark-blue\">Mehr ansehen<\/p>\n                                    <\/a>\n                                                                                            <\/div>\n                                                                                        <div class=\"embed-container\">\n                                    <iframe loading=\"lazy\" title=\"The Key to True Generosity | Paramahamsa Vishwananda\" width=\"640\" height=\"360\" src=\"https:\/\/www.youtube.com\/embed\/NDTw5sldcfU?feature=oembed\" frameborder=\"0\" allow=\"accelerometer; autoplay; clipboard-write; encrypted-media; gyroscope; picture-in-picture; web-share\" referrerpolicy=\"strict-origin-when-cross-origin\" allowfullscreen><\/iframe>                                <\/div>\n                                                    <\/div>\n                    <\/div>\n                                    <div id=\"kirtan-with-the-master\" class=\"call-to-action-media__wrapper\">\n                        <div class=\"container call-to-action-media__item\">\n                            <div class=\"call-to-action-media__content\">\n                                <h3 class=\"title-with-ornament title-with-ornament--blue\">KIRTAN MIT DEM MEISTER<\/h3>\n                                <span class=\"call-to-action-media__text\"><p>In der Beziehung zwischen Liebenden und Geliebten gibt es nur eine Erfahrung, nur eine Motivation und nur eine Realit\u00e4t \u2013 Liebe. Mach mit, singe, klatsche, tanze! Sei befreit!<\/p>\n<\/span>\n                                                                    <a href=\"https:\/\/www.youtube.com\/watch?v=82j0eQoG73E\" target=\"_blank\">\n                                        <p class=\"button button--primary--dark-blue\">Mehr ansehen<\/p>\n                                    <\/a>\n                                                                                            <\/div>\n                                                                                        <div class=\"embed-container\">\n                                    <iframe loading=\"lazy\" title=\"Live Kirtans with Paramahamsa Vishwananda\" width=\"640\" height=\"360\" src=\"https:\/\/www.youtube.com\/embed\/videoseries?list=PLRJzEHCmzsf0X1lgU1foY1x_1ACvrhiqZ\" frameborder=\"0\" allow=\"accelerometer; autoplay; clipboard-write; encrypted-media; gyroscope; picture-in-picture; web-share\" referrerpolicy=\"strict-origin-when-cross-origin\" allowfullscreen><\/iframe>                                <\/div>\n                                                    <\/div>\n                    <\/div>\n                <\/section>\n\n\n\n<section class=\"cards\">\n    <div class=\"container\">\n    \n                <div\n                                        class=\"cards__card card--gold\"\n                >\n                    <div class=\"card__content\">\n                        <h3 class=\"card__title\">ZEITLOSE WEISHEIT<\/h3>\n                        <span class=\"card__text\"><p>Von einem wahren Meister lernen zu d\u00fcrfen, ist unbezahlbar. Sein Humor und Seine bodenst\u00e4ndige Art helfen dir, zu einem neuen Bewusstsein von dir selbst, deiner Bestimmung und deinem Platz in der Welt zu gelangen. Die zeitlose Weisheit, die Er vermittelt, macht selbst komplexe Themen f\u00fcr unser modernes Zeitalter praxisnah und verst\u00e4ndlich.<\/p>\n<p>Im Laufe der Jahre hat Paramahamsa Vishwananda tiefgr\u00fcndige Kommentare zu wesentlichen hinduistischen Schriften gegeben, wie z.B. der\u00a0<em>Bhagavad Gita<\/em>, dem\u00a0<em>Srimad Bhagavatam<\/em>\u00a0und der\u00a0<em>Guru Gita<\/em>.<\/p>\n<\/span>\n                                                    <a href=\"https:\/\/bhaktishop.com\/collections\/books-guruji\" target=\"_blank\">\n                                <p class=\"button button--outline button--outline--white\">Lerne vom Meister<\/p>\n                            <\/a>\n                                                                    <\/div>\n                    <div class=\"card__image-container\">\n                                                    <img decoding=\"async\" src=\"https:\/\/country.bhaktimarga.org\/de\/wp-content\/uploads\/sites\/6\/2023\/06\/paramahamsa-vishwananda-holding-bhagavad-gita.jpg\" alt=\"\">\n                                            <\/div>\n                <\/div>\n\n                    <\/div>\n<\/section>\n","protected":false},"excerpt":{"rendered":"","protected":false},"author":1,"featured_media":0,"parent":0,"menu_order":0,"comment_status":"closed","ping_status":"closed","template":"","meta":{"_acf_changed":false,"inline_featured_image":false,"footnotes":""},"class_list":["post-162","page","type-page","status-publish","hentry"],"acf":[],"_links":{"self":[{"href":"https:\/\/country.bhaktimarga.org\/de\/wp-json\/wp\/v2\/pages\/162","targetHints":{"allow":["GET"]}}],"collection":[{"href":"https:\/\/country.bhaktimarga.org\/de\/wp-json\/wp\/v2\/pages"}],"about":[{"href":"https:\/\/country.bhaktimarga.org\/de\/wp-json\/wp\/v2\/types\/page"}],"author":[{"embeddable":true,"href":"https:\/\/country.bhaktimarga.org\/de\/wp-json\/wp\/v2\/users\/1"}],"replies":[{"embeddable":true,"href":"https:\/\/country.bhaktimarga.org\/de\/wp-json\/wp\/v2\/comments?post=162"}],"version-history":[{"count":24,"href":"https:\/\/country.bhaktimarga.org\/de\/wp-json\/wp\/v2\/pages\/162\/revisions"}],"predecessor-version":[{"id":9685,"href":"https:\/\/country.bhaktimarga.org\/de\/wp-json\/wp\/v2\/pages\/162\/revisions\/9685"}],"wp:attachment":[{"href":"https:\/\/country.bhaktimarga.org\/de\/wp-json\/wp\/v2\/media?parent=162"}],"curies":[{"name":"wp","href":"https:\/\/api.w.org\/{rel}","templated":true}]}}