{"id":218,"date":"2023-06-19T11:53:17","date_gmt":"2023-06-19T10:53:17","guid":{"rendered":"https:\/\/country.bhaktimarga.org\/de\/?page_id=218"},"modified":"2026-01-05T19:13:11","modified_gmt":"2026-01-05T19:13:11","slug":"the-path","status":"publish","type":"page","link":"https:\/\/country.bhaktimarga.org\/de\/the-path\/","title":{"rendered":"The Path"},"content":{"rendered":"\n<section class=\"secondary-hero\">\n    <div class=\"secondary-hero__container\">\n        <img decoding=\"async\" class=\"object-fit-cover\" src=\"https:\/\/country.bhaktimarga.org\/de\/wp-content\/uploads\/sites\/6\/2024\/10\/der-Weg-e1729070269429.jpg\"  alt=\"\">\n    <\/div>\n    <div class=\"secondary-hero__content\">\n        <h1>Der Weg<\/h1>\n        <span class=\"secondary-hero__text\"><p>Da du den Weg hierher gefunden hast, bist du wahrscheinlich auf der Suche nach etwas; etwas Sinnvollerem, etwas, das dir wirklich Halt gibt und dir helfen kann, die Herausforderungen des Lebens zu meistern.<\/p>\n<\/span>\n                    <a href=\"#der-weg\" target=\"_self\">\n                <p class=\"standalone-link\">Erfahre mehr \u00fcber den Weg<\/p>\n            <\/a>\n            <\/div>\n<\/section>\n\n\n\n<section class=\"video-embed\">\n    <div class=\"container\">\n                    <div class=\"video-embed__container\">\n                <iframe loading=\"lazy\" title=\"The Path   Bhakti Marga\" width=\"640\" height=\"360\" src=\"https:\/\/www.youtube.com\/embed\/pZv1_9MDYww?feature=oembed\" frameborder=\"0\" allow=\"accelerometer; autoplay; clipboard-write; encrypted-media; gyroscope; picture-in-picture; web-share\" referrerpolicy=\"strict-origin-when-cross-origin\" allowfullscreen><\/iframe>            <\/div>\n            <\/div>\n<\/section>\n\n\n<section class=\"cards\">\n    <div class=\"container\">\n    \n                <div\n                    id=\"der-weg\"                    class=\"cards__card card--blue\"\n                >\n                    <div class=\"card__content\">\n                        <h3 class=\"card__title\">EIN WEG ZU GOTT<\/h3>\n                        <span class=\"card__text\"><p>\u201e<em>Bhakti<\/em>\u201c bedeutet Liebe und Hingabe zum G\u00f6ttlichen. Bhakti zu leben ist unser Weg: Gott bewusst zu lieben, nicht nur oberfl\u00e4chlich, sondern tief in unserem Herzen, in jedem Moment unseres Lebens.<\/p>\n<p>Paramahamsa Vishwananda lehrt, dass die Verwirklichung Gottes die letztendliche Bestimmung der menschlichen Existenz ist. Er ist hier, um dich auf diesem Weg zu f\u00fchren und dir zu helfen,\u00a0<em>bhakti\u00a0<\/em>zu leben, indem du deine eigene, einzigartige und pers\u00f6nliche Beziehung zum G\u00f6ttlichen entwickelst.<\/p>\n<p>Mit dem Meister ist es nicht nur Yogis oder Heiligen m\u00f6glich, in einem solch erh\u00f6hten Zustand zu leben! Es ist f\u00fcr alle von uns eine realistische M\u00f6glichkeit in diesem Leben.<\/p>\n<\/span>\n                                                                    <\/div>\n                    <div class=\"card__image-container\">\n                                                    <img decoding=\"async\" src=\"https:\/\/country.bhaktimarga.org\/de\/wp-content\/uploads\/sites\/6\/2024\/07\/paramahamsa-vishwananda-path-to-god.jpeg\" alt=\"\">\n                                            <\/div>\n                <\/div>\n\n                \n                <div\n                                        class=\"cards__card card--beige\"\n                >\n                    <div class=\"card__content\">\n                        <h3 class=\"card__title\">DIE REISE DER SEELE<\/h3>\n                        <span class=\"card__text\"><p>Wahres Wissen und aufrichtige Praxis k\u00f6nnen zu einem Zustand f\u00fchren, den man \u201eSelbstverwirklichung\u201c nennt und in dem man seine eigene G\u00f6ttlichkeit wahrnimmt. Aber das ist noch nicht das Ende.<\/p>\n<p>Dar\u00fcber hinauszugehen bedeutet, die Quelle des Lebens selbst zu verwirklichen, die in der gesamten Sch\u00f6pfung zu finden ist und die wir \u201eGottverwirklichung\u201c nennen. Gottverwirklichung ist wichtig, weil sie uns aus dem Kreislauf von Geburt und Tod befreit und uns erlaubt, die ewige Wirklichkeit zu sehen, die allem zugrunde liegt.<\/p>\n<p>Um dies zu erreichen, bietet Bhakti Marga einen einzigartigen und ganzheitlichen Ansatz, der aus vier Armen besteht und in alt-ehrw\u00fcrdigen spirituellen Traditionen wurzelt.<\/p>\n<\/span>\n                                                                    <\/div>\n                    <div class=\"card__image-container\">\n                                                    <img decoding=\"async\" src=\"https:\/\/country.bhaktimarga.org\/de\/wp-content\/uploads\/sites\/6\/2024\/07\/the-souls-journey-bhavani.jpeg\" alt=\"\">\n                                            <\/div>\n                <\/div>\n\n                \n                <div\n                                        class=\"cards__card card--blue\"\n                >\n                    <div class=\"card__content\">\n                        <h3 class=\"card__title\">EIN GOTT \u2014 VIELE GESICHTER<\/h3>\n                        <span class=\"card__text\"><p>Wir glauben an einen Gott; wir nennen Ihn Sriman Narayana.<\/p>\n<p>Obwohl Er in uns lebt, nimmt Er auch eine Vielzahl von \u00e4u\u00dferen Formen an. Diese Formen erm\u00f6glichen es uns, eine Beziehung mit Ihm zu erleben, die wir f\u00fcr die wichtigste in unserem Leben halten.<\/p>\n<p>Jede dieser \u00e4u\u00dferen Formen weist eine einzigartige Anzahl von Qualit\u00e4ten und Merkmalen auf. Das gibt dir die Freiheit, die eine Form des G\u00f6ttlichen, die du am anziehendsten findest, zu lieben und mit dieser in Beziehung zu treten.<\/p>\n<\/span>\n                                                                    <\/div>\n                    <div class=\"card__image-container\">\n                                                    <img decoding=\"async\" src=\"https:\/\/country.bhaktimarga.org\/de\/wp-content\/uploads\/sites\/6\/2024\/07\/krishna-leela-vishwarupa-form-bhagavad-gita.jpg\" alt=\"\">\n                                            <\/div>\n                <\/div>\n\n                \n                <div\n                                        class=\"cards__card card--beige\"\n                >\n                    <div class=\"card__content\">\n                        <h3 class=\"card__title\">DIE GNADE DES GURU<\/h3>\n                        <span class=\"card__text\"><p>Durch unsere eigenen Bem\u00fchungen k\u00f6nnen wir nur bis zu einem gewissen Punkt auf der Reise zur Gottverwirklichung kommen. Um die Begrenzungen der materiellen Welt zu durchbrechen, ist die Gnade eines wahren Meisters erforderlich.<\/p>\n<p>Paramahamsa Vishwananda ist ein\u00a0<em>satguru<\/em>, der den Weg gemeistert hat und der dich \u00fcber deine eigenen Grenzen hinausf\u00fchren kann. Er erweckt die g\u00f6ttliche Liebe in deinem Herzen und leitet dich auf diesem Weg mit Hilfe einer einzigartigen Kombination von spirituellen Methoden.<\/p>\n<\/span>\n                                                                    <\/div>\n                    <div class=\"card__image-container\">\n                                                    <img decoding=\"async\" src=\"https:\/\/country.bhaktimarga.org\/de\/wp-content\/uploads\/sites\/6\/2024\/07\/paramahamsa-vishwananda-vrindavan-grace-of-the-guru.jpg\" alt=\"\">\n                                            <\/div>\n                <\/div>\n\n                    <\/div>\n<\/section>\n\n\n\n<section class=\"four-arms\">\n    <div class=\"container\">\n        <img decoding=\"async\" src=\"\/wp-content\/themes\/vaikuntha\/images\/four-arms-vishnu-the-path.svg\">\n        <ul class=\"four-arms__list\">\n            <li class=\"four-arms__item animated-element\" data-animation=\"appear\" id=\"yoga\"><a href=\"https:\/\/country.bhaktimarga.org\/de\/the-path\/yoga-meditation\" target=\"_self\"><p>Yoga &amp; Meditation<\/p><\/a><\/li>\n            <li class=\"four-arms__item animated-element\" data-animation=\"appear\" id=\"knowledge\"><a href=\"https:\/\/country.bhaktimarga.org\/de\/the-path\/knowledge\" target=\"_self\"><p>Wissen<\/p><\/a><\/li>\n            <li class=\"four-arms__item animated-element\" data-animation=\"appear\" id=\"rituals\"><a href=\"https:\/\/country.bhaktimarga.org\/de\/the-path\/rituals\" target=\"_self\"><p>Rituale<\/p><\/a><\/li>\n            <li class=\"four-arms__item animated-element\" data-animation=\"appear\" id=\"arts\"><a href=\"https:\/\/country.bhaktimarga.org\/de\/the-path\/devotional-arts\" target=\"_self\"><p>Hingebungsvolle K\u00fcnste<\/p><\/a><\/li>\n        <\/ul>\n    <\/div>\n<\/section>\n<style>\n    @media (min-width: 768px) {\n        .four-arms__list #yoga:hover::after {\n            content: \"Beruhige den Geist, finde Gott im Inneren\";\n        }\n        .four-arms__list #knowledge:hover::after {\n            content: \"Gewinne Einblicke und Klahrheit\";\n        }\n        .four-arms__list #rituals:hover::after {\n            content: \"Vertiefe die Verbindung mit dem G\u00f6ttlichen\";\n        }\n        .four-arms__list #arts:hover::after {\n            content: \"Schaffe einen Ausdruck der Liebe\";\n        }\n    }\n<\/style>","protected":false},"excerpt":{"rendered":"","protected":false},"author":1,"featured_media":0,"parent":0,"menu_order":0,"comment_status":"closed","ping_status":"closed","template":"","meta":{"_acf_changed":false,"inline_featured_image":false,"footnotes":""},"class_list":["post-218","page","type-page","status-publish","hentry"],"acf":[],"_links":{"self":[{"href":"https:\/\/country.bhaktimarga.org\/de\/wp-json\/wp\/v2\/pages\/218","targetHints":{"allow":["GET"]}}],"collection":[{"href":"https:\/\/country.bhaktimarga.org\/de\/wp-json\/wp\/v2\/pages"}],"about":[{"href":"https:\/\/country.bhaktimarga.org\/de\/wp-json\/wp\/v2\/types\/page"}],"author":[{"embeddable":true,"href":"https:\/\/country.bhaktimarga.org\/de\/wp-json\/wp\/v2\/users\/1"}],"replies":[{"embeddable":true,"href":"https:\/\/country.bhaktimarga.org\/de\/wp-json\/wp\/v2\/comments?post=218"}],"version-history":[{"count":24,"href":"https:\/\/country.bhaktimarga.org\/de\/wp-json\/wp\/v2\/pages\/218\/revisions"}],"predecessor-version":[{"id":9686,"href":"https:\/\/country.bhaktimarga.org\/de\/wp-json\/wp\/v2\/pages\/218\/revisions\/9686"}],"wp:attachment":[{"href":"https:\/\/country.bhaktimarga.org\/de\/wp-json\/wp\/v2\/media?parent=218"}],"curies":[{"name":"wp","href":"https:\/\/api.w.org\/{rel}","templated":true}]}}