{"id":230,"date":"2023-06-20T10:48:42","date_gmt":"2023-06-20T09:48:42","guid":{"rendered":"https:\/\/country.bhaktimarga.org\/de\/?page_id=230"},"modified":"2024-10-23T14:09:53","modified_gmt":"2024-10-23T13:09:53","slug":"connect","status":"publish","type":"page","link":"https:\/\/country.bhaktimarga.org\/de\/connect\/","title":{"rendered":"Connect"},"content":{"rendered":"\n<section class=\"secondary-hero\">\n    <div class=\"secondary-hero__container\">\n        <img decoding=\"async\" class=\"object-fit-cover\" src=\"https:\/\/country.bhaktimarga.org\/de\/wp-content\/uploads\/sites\/6\/2023\/06\/contact-connect-jai-gurudev.jpeg\"  alt=\"\">\n    <\/div>\n    <div class=\"secondary-hero__content\">\n        <h1>VERBINDE DICH<\/h1>\n        <span class=\"secondary-hero__text\"><p>Verwende das folgende Formular und frage uns etwas. Ben\u00f6tigst du Hilfe bei der Suche nach einer Gemeinschaft in deiner N\u00e4he? M\u00f6chtest Du meditieren lernen? Suchst du ein Buch, von dem du geh\u00f6rt hast?<\/p>\n<p>Sende uns eine Nachricht! Wir antworten dir so schnell wie m\u00f6glich. Vielleicht m\u00f6chtest du auch den beliebtesten Telegram-Kan\u00e4len beitreten?<\/p>\n<\/span>\n                    <a href=\"#connect\" target=\"_self\">\n                <p class=\"standalone-link\">Telegram Channels<\/p>\n            <\/a>\n            <\/div>\n<\/section>\n\n\n\n<section class=\"info-list-link\">\n    <div class=\"container\">\n        <div>\n            <h4>International<\/h4>\n            <ul>\n                                            <li>\n                                    <a href=\"https:\/\/t.me\/bhaktimarga\" target=\"_blank\">\n                                        <img decoding=\"async\" src=\"https:\/\/country.bhaktimarga.org\/de\/wp-content\/uploads\/sites\/6\/2023\/12\/telegram-icon.svg\" alt=\"telegram icon to join the channel\">\n                                    <\/a>\n                                    <div>\n                                        <h5>Bm Today<\/h5>\n                                        <p>Erfahre internationale Neuigkeiten von Bhakti Marga, Aktuelles und Berichte von Gurujis Reisen, und sieh die neuesten Ver\u00f6ffentlichungen von \u201eInsights from the Master\u201c und \u201eKirtan session\u201c-Videos.<\/p>\n                                    <\/div>\n                                <\/li>\n                                                                <li>\n                                    <a href=\"https:\/\/t.me\/SPN_Temple_Satsangs\" target=\"_blank\">\n                                        <img decoding=\"async\" src=\"https:\/\/country.bhaktimarga.org\/de\/wp-content\/uploads\/sites\/6\/2023\/12\/telegram-icon.svg\" alt=\"telegram icon to join the channel\">\n                                    <\/a>\n                                    <div>\n                                        <h5>SPN DAILY TEMPLE SATSANGS<\/h5>\n                                        <p>T\u00e4gliche satsangs \u00fcber Verse des \u015ar\u012bmad Bh\u0101gavatam (morgens) &amp; Divya Prabandham (abends) aus dem Bhutabhrteshwarnath Mandir (Tempel) im internationalen Ashram Shree Peetha Nilaya (SPN).<\/p>\n                                    <\/div>\n                                <\/li>\n                                            <\/ul>\n        <\/div>\n        <div>\n            <h4>Deutschland<\/h4>\n            <ul>\n                                            <li>\n                                    <a href=\"https:\/\/t.me\/bhaktimarganewsde\" target=\"_blank\">\n                                        <img decoding=\"async\" src=\"https:\/\/country.bhaktimarga.org\/de\/wp-content\/uploads\/sites\/6\/2023\/12\/telegram-icon.svg\" alt=\"telegram icon to join the channel\">\n                                    <\/a>\n                                    <div>\n                                        <h5>BM Deutschland News<\/h5>\n                                        <p>Hier erf\u00e4hrst du am schnellsten alle Neuigkeiten! Bleibe durch die lokalen Nachrichten des Landes \u00fcber aktuelle Veranstaltungen von Bhakti Marga aber auch z. B. internationale Reisen informiert und lasse dich immer wieder inspirieren.<\/p>\n                                    <\/div>\n                                <\/li>\n                                                                <li>\n                                    <a href=\"https:\/\/t.me\/svd_events\" target=\"_blank\">\n                                        <img decoding=\"async\" src=\"https:\/\/country.bhaktimarga.org\/de\/wp-content\/uploads\/sites\/6\/2023\/12\/telegram-icon.svg\" alt=\"telegram icon to join the channel\">\n                                    <\/a>\n                                    <div>\n                                        <h5>Sri Vitthal Dham Events<\/h5>\n                                        <p>Hier erf\u00e4hrst du alle Events und Kurse, die im deutschen Tempel &amp; Ashram Sri Vitthal Dham stattfinden.<\/p>\n                                    <\/div>\n                                <\/li>\n                                                                <li>\n                                    <a href=\"https:\/\/t.me\/svd_tempel_satsangs\" target=\"_blank\">\n                                        <img decoding=\"async\" src=\"https:\/\/country.bhaktimarga.org\/de\/wp-content\/uploads\/sites\/6\/2023\/12\/telegram-icon.svg\" alt=\"telegram icon to join the channel\">\n                                    <\/a>\n                                    <div>\n                                        <h5>SVD Tempel-Satsangs<\/h5>\n                                        <p>Satsangs aus dem Tempel Sri Vitthal Dham Mandir im deutschen Ashram Sri Vitthal Dham (SVD).<\/p>\n                                    <\/div>\n                                <\/li>\n                                            <\/ul>\n        <\/div>\n    <\/div>\n<\/section>\n\n\n\n\n<section style=\"background-color: #16254c;\">\n    <div class=\"container\">\n        <h3 class=\"title-with-ornament title-with-ornament--gold\">Abonniere unseren Newsletter<\/h3>\n        <script charset=\"utf-8\" type=\"text\/javascript\" src=\"https:\/\/js.hsforms.net\/forms\/embed\/v2.js\"><\/script>\n        <script>\n            hbspt.forms.create({\n                region: \"na1\",\n                portalId: \"27091710\",\n                formId: \"d396047c-81cc-4f96-82fd-d58b6ad996f7\"\n            });\n        <\/script>\n    <\/div>\n<\/section>\n\n\n\n<section id=\"kontaktpersonen\">\n    <div class=\"container\">\n        <h3 class=\"title-with-ornament title-with-ornament--blue\">KONTAKTPERSONEN<\/h3>\n        <div class=\"flex-50\">\n            <div style=\"display: flex; gap: 1.5rem;\">\n                <i class=\"fa-solid fa-user\"><\/i>\n                <div>\n                    <p><strong>Swami Vishwamadhavananda<\/strong><\/p>\n                    <p>Appointed Swami f\u00fcr Deutschland &#038; \u00d6sterreich<\/p>\n                    <a class=\"standalone-link\" href=\"mailto:madhavananda@bhaktimarga.de\"><p>madhavananda@bhaktimarga.de<\/p><\/a>\n                <\/div>\n            <\/div>\n            <div style=\"display: flex; gap: 1.5rem;\">\n                <i class=\"fa-solid fa-user\"><\/i>\n                <div>\n                    <p><strong>Rishika Kalyanishwari<\/strong><\/p>\n                    <p>Landeskoordinatorin<\/p>\n                    <a class=\"standalone-link\" href=\"mailto:kalyanishwari@bhaktimarga.de\"><p>kalyanishwari@bhaktimarga.de<\/p><\/a>\n                <\/div>\n            <\/div>\n        <\/div>\n    <\/div>\n<\/section>\n\n\n\n<section id=\"contact-form\">\n    <div class=\"container\">\n        <div>\n            <h2 class=\"title-with-ornament title-with-ornament--blue\">Kontaktiere uns<\/h2>\n            <script charset=\"utf-8\" type=\"text\/javascript\" src=\"\/\/js.hsforms.net\/forms\/embed\/v2.js\"><\/script>\n    <script>\n      hbspt.forms.create({\n        region: \"na1\",\n        portalId: \"8952526\",\n        formId: \"e315fa00-7fd8-44fa-a4d9-51fb5988a8f3\"\n      });\n    <\/script>\n        <\/div>\n    <\/div>\n<\/section>\n\n\n<style>#contact-form {\r\n    display: none;\r\n}<\/style>","protected":false},"excerpt":{"rendered":"<p>Abonniere unseren Newsletter KONTAKTPERSONEN Swami Vishwamadhavananda Appointed Swami f\u00fcr Deutschland &#038; \u00d6sterreich madhavananda@bhaktimarga.de Rishika Kalyanishwari Landeskoordinatorin kalyanishwari@bhaktimarga.de Kontaktiere uns<\/p>\n","protected":false},"author":1,"featured_media":0,"parent":0,"menu_order":0,"comment_status":"closed","ping_status":"closed","template":"","meta":{"_acf_changed":false,"inline_featured_image":false,"footnotes":""},"class_list":["post-230","page","type-page","status-publish","hentry"],"acf":[],"_links":{"self":[{"href":"https:\/\/country.bhaktimarga.org\/de\/wp-json\/wp\/v2\/pages\/230","targetHints":{"allow":["GET"]}}],"collection":[{"href":"https:\/\/country.bhaktimarga.org\/de\/wp-json\/wp\/v2\/pages"}],"about":[{"href":"https:\/\/country.bhaktimarga.org\/de\/wp-json\/wp\/v2\/types\/page"}],"author":[{"embeddable":true,"href":"https:\/\/country.bhaktimarga.org\/de\/wp-json\/wp\/v2\/users\/1"}],"replies":[{"embeddable":true,"href":"https:\/\/country.bhaktimarga.org\/de\/wp-json\/wp\/v2\/comments?post=230"}],"version-history":[{"count":42,"href":"https:\/\/country.bhaktimarga.org\/de\/wp-json\/wp\/v2\/pages\/230\/revisions"}],"predecessor-version":[{"id":7723,"href":"https:\/\/country.bhaktimarga.org\/de\/wp-json\/wp\/v2\/pages\/230\/revisions\/7723"}],"wp:attachment":[{"href":"https:\/\/country.bhaktimarga.org\/de\/wp-json\/wp\/v2\/media?parent=230"}],"curies":[{"name":"wp","href":"https:\/\/api.w.org\/{rel}","templated":true}]}}