{"id":253,"date":"2023-07-19T09:31:46","date_gmt":"2023-07-19T08:31:46","guid":{"rendered":"https:\/\/country.bhaktimarga.org\/de\/?page_id=253"},"modified":"2026-03-21T16:30:11","modified_gmt":"2026-03-21T16:30:11","slug":"yoga-meditation","status":"publish","type":"page","link":"https:\/\/country.bhaktimarga.org\/de\/the-path\/yoga-meditation\/","title":{"rendered":"Yoga and Meditation"},"content":{"rendered":"\n<section class=\"secondary-hero\">\n    <div class=\"secondary-hero__container\">\n        <img decoding=\"async\" class=\"object-fit-cover\" src=\"https:\/\/country.bhaktimarga.org\/de\/wp-content\/uploads\/sites\/6\/2023\/12\/the-path-yoga-and-meditation.jpeg\"  alt=\"\">\n    <\/div>\n    <div class=\"secondary-hero__content\">\n        <h1>YOGA &amp; MEDITATION<\/h1>\n        <span class=\"secondary-hero__text\"><p>Paramahamsa Vishwanandas Meditationsmethoden lenken unsere Aufmerksamkeit und unser Handeln auf die G\u00f6ttlichkeit im Inneren. Durch ernsthafte Praxis kannst du in die Stille eintreten, die frei ist von Gedanken, und dich in deinem Herzen zentrieren, in dem g\u00f6ttliche Liebe Wirklichkeit ist.<\/p>\n<\/span>\n                    <a href=\"#reconnect\" target=\"_self\">\n                <p class=\"standalone-link\">Den Geist beruhigen, Gott im Inneren finden<\/p>\n            <\/a>\n            <\/div>\n<\/section>\n\n\n\n<section  class=\"no-padding\">\n    <figure class=\"quote\">\n        <img decoding=\"async\" src=\"\/wp-content\/themes\/vaikuntha\/images\/quote-icon.svg\" alt=\"\">\n        <blockquote>\n            <p>\u201eWenn man alle Sinne unter Kontrolle hat, sollte man im Zustand der Meditation verweilen und Mich (Krishna) als h\u00f6chstes Ziel sehen.\u201d<\/p>\n        <\/blockquote>\n        <figcaption>Bhagavad Gita<\/figcaption>\n    <\/figure>\n<\/section>\n\n\n\n<section class=\"video-embed\">\n    <div class=\"container\">\n                    <div class=\"video-embed__container\">\n                <iframe loading=\"lazy\" title=\"Start your Journey with Yoga &amp; Meditation\" width=\"640\" height=\"360\" src=\"https:\/\/www.youtube.com\/embed\/5t8HbS4-K7g?feature=oembed\" frameborder=\"0\" allow=\"accelerometer; autoplay; clipboard-write; encrypted-media; gyroscope; picture-in-picture; web-share\" referrerpolicy=\"strict-origin-when-cross-origin\" allowfullscreen><\/iframe>            <\/div>\n            <\/div>\n<\/section>\n\n\n<section class=\"cards\">\n    <div class=\"container\">\n    \n                <div\n                    id=\"reconnect\"                    class=\"cards__card card--blue\"\n                >\n                    <div class=\"card__content\">\n                        <h3 class=\"card__title\">GEMEINSCHAFT MIT DEM G\u00d6TTLICHEN<\/h3>\n                        <span class=\"card__text\"><p>Je mehr wir unsere Aufmerksamkeit auf etwas richten, desto mehr stimmen wir uns darauf ein. Gott als Zentrum f\u00fcr unser\u00a0<em>yoga<\/em>\u00a0und unsere Meditation zu w\u00e4hlen, hilft uns, unsere innere G\u00f6ttlichkeit zu entdecken. Denn die Verbindung mit dem G\u00f6ttlichen ist das wahre Ziel des\u00a0<em>yoga<\/em>.<\/p>\n<p>Auf dem\u00a0<em>bhakti<\/em>-Weg, helfen\u00a0<em>yoga<\/em>\u00a0und Meditation dabei, deinen K\u00f6rper zu unterst\u00fctzen und deinen Geist zu trainieren, um dich darauf vorzubereiten, dauerhafte Verwirklichung zu empfangen und aufrecht zu erhalten.<br \/>\nParamahamsa Vishwananda lehrt verschiedene Formen der Meditation, die dir helfen, dich auf Gott und Seine Liebe zu konzentrieren.<\/p>\n<\/span>\n                                                    <a href=\"https:\/\/eventshop.bhaktimarga.de\/\" target=\"_self\">\n                                <p class=\"button button--outline button--outline--white\">Sieh dir Veranstaltungen an<\/p>\n                            <\/a>\n                                                                    <\/div>\n                    <div class=\"card__image-container\">\n                                                    <img decoding=\"async\" src=\"https:\/\/country.bhaktimarga.org\/de\/wp-content\/uploads\/sites\/6\/2023\/12\/paramahamsa-vishwananda-meditating-contemplating.jpeg\" alt=\"\">\n                                            <\/div>\n                <\/div>\n\n                \n                <div\n                                        class=\"cards__card card--light-blue\"\n                >\n                    <div class=\"card__content\">\n                        <h3 class=\"card__title\">ATMA KRIYA YOGA<\/h3>\n                        <span class=\"card__text\"><p>Atma Kriya Yoga ist absolut einzigartig. Auch wenn die \u00dcbungen den Geist beruhigen, ist es das spirituelle Ziel, die Seele durch die Entwicklung verschiedener Formen von\u00a0<em>bhakti<\/em>\u00a0\u2013 Liebe und Hingabe \u2013 in ihrer ewigen Beziehung zu Gott zu erwecken.<\/p>\n<p>Mit zunehmender Praxis beginnen sich auf nat\u00fcrliche Weise g\u00f6ttliche Qualit\u00e4ten zu manifestieren: Frieden, Selbstbeherrschung, St\u00e4rke, Weisheit, Demut, Mitgef\u00fchl, Lebensfreude und mehr.<\/p>\n<p>Durch die Gnade der Shaktipat-Einweihung sind die \u00dcbungen so einfach, dass sie von Menschen ohne Meditationserfahrung erlernt werden k\u00f6nnen, und doch kraftvoll genug, um selbst die fortgeschrittensten Meditierenden zu neuen H\u00f6hen der g\u00f6ttlichen Verbindung zu f\u00fchren.<\/p>\n<\/span>\n                                                    <a href=\"https:\/\/eventshop.bhaktimarga.de\/collections\/yoga-meditation\" target=\"_blank\">\n                                <p class=\"button button--outline button--outline--white\">Jetzt f\u00fcr einen Kurs anmelden<\/p>\n                            <\/a>\n                                                                    <\/div>\n                    <div class=\"card__image-container\">\n                                                    <img decoding=\"async\" src=\"https:\/\/country.bhaktimarga.org\/de\/wp-content\/uploads\/sites\/6\/2023\/12\/mahavatar-babaji-yogi.jpeg\" alt=\"\">\n                                            <\/div>\n                <\/div>\n\n                \n                <div\n                                        class=\"cards__card card--light-blue\"\n                >\n                    <div class=\"card__content\">\n                        <h3 class=\"card__title\">OM Chanting<\/h3>\n                        <span class=\"card__text\"><p>OM Chanting ist eine Gruppenpraxis, die die transformierende Kraft des OM nutzt, um das Selbstheilungspotenzial der Teilnehmer zu aktivieren. Zus\u00e4tzlich zum Nutzen f\u00fcr jeden einzelnen Teilnehmer ist OM Chanting auch ein Dienst an der Menschheit.<\/p>\n<p>Die Schwingungswellen, die durch das OM Chanting entstehen, breiten sich in einem Radius von 2 Kilometern aus und schaffen eine harmonische, friedliche Umgebung. Sie unterst\u00fctzen das Miteinander von Mensch und Natur. Das OM schwingt auch nach dem OM Chanting im K\u00f6rper der Teilnehmenden weiter und erm\u00f6glicht es, die guten Schwingungen zu verbreiten, wohin du auch gehst.<\/p>\n<\/span>\n                                                    <a href=\"https:\/\/www.google.com\/maps\/d\/u\/0\/viewer?mid=1dLb467T4-iGYPQXtjrFPp2Ewjoj9kDI&#038;ll=49.21681543874117%2C17.696678816732526&#038;z=6\" target=\"_blank\">\n                                <p class=\"button button--outline button--outline--white\">Finde einen Kreis in der N\u00e4he<\/p>\n                            <\/a>\n                                                                    <\/div>\n                    <div class=\"card__image-container\">\n                                                    <img decoding=\"async\" src=\"https:\/\/country.bhaktimarga.org\/de\/wp-content\/uploads\/sites\/6\/2023\/12\/om-chanting-resonate-with-om.jpeg\" alt=\"\">\n                                            <\/div>\n                <\/div>\n\n                \n                <div\n                                        class=\"cards__card card--light-blue\"\n                >\n                    <div class=\"card__content\">\n                        <h3 class=\"card__title\">BABAJI SURYA NAMASKAR<\/h3>\n                        <span class=\"card__text\"><p>Babaji Surya Namaskar ist eine Meditation in Bewegung, die den menschlichen K\u00f6rper als g\u00f6ttlichen Tempel ehrt. Diese einfachen und dennoch kraftvollen\u00a0<em>asanas<\/em>\u00a0(K\u00f6rperhaltungen) ben\u00f6tigen weniger als 15 Minuten pro Tag und bringen Licht und Lebendigkeit in dein ganzes Sein.<\/p>\n<p>So wie sich die t\u00e4gliche Praxis tief im Inneren deines K\u00f6rpers verwurzelt, werden die Gedanken weniger und deine Bewegungen werden zu einem sanften, bewussten Ausdruck deiner inneren Kraft.<\/p>\n<p>Wenn die Praxis mit Liebe und Bewusstsein ausgef\u00fchrt wird, wird jede Haltung zu einem Gebet der Dankbarkeit f\u00fcr das Leben selbst. Bring deine Hingabe in Bewegung!<\/p>\n<\/span>\n                                                    <a href=\"https:\/\/eventshop.bhaktimarga.de\/collections\/yoga-meditation\" target=\"_self\">\n                                <p class=\"button button--outline button--outline--white\">Jetzt einen Kurs finden<\/p>\n                            <\/a>\n                                                                    <\/div>\n                    <div class=\"card__image-container\">\n                                                    <img decoding=\"async\" src=\"https:\/\/country.bhaktimarga.org\/de\/wp-content\/uploads\/sites\/6\/2023\/12\/babaji-surya-namaskar-align-body-mind-and-spirit.jpeg\" alt=\"\">\n                                            <\/div>\n                <\/div>\n\n                \n                <div\n                                        class=\"cards__card card--light-blue\"\n                >\n                    <div class=\"card__content\">\n                        <h3 class=\"card__title\">PROJEKT MANTRA<\/h3>\n                        <span class=\"card__text\"><p>Die g\u00f6ttlichen Namen zu chanten (rezitieren), ist eine Meditationspraxis, die sehr einfach auszuf\u00fchren ist. Sie ist besonders segensreich, wenn du sie als inniges Gebet aus\u00fcbst. Obwohl das Projekt Mantra scheinbar einfach ist, kann es dich direkt den ganzen Weg hin zu Gott f\u00fchren!<\/p>\n<p>Jeder kann es praktizieren, jederzeit und \u00fcberall, sogar Kinder. Es ist perfekt f\u00fcr Menschen ohne Meditationserfahrung, die sich ein einfaches, wirkungsvolles Werkzeug w\u00fcnschen, um den Geist zu beruhigen und das Herz zu \u00f6ffnen.<\/p>\n<p>Projekt Mantra ist ein kostenfreies Programm, das dir helfen soll, eine t\u00e4gliche Praxis des Chantens aufzubauen, und zwar \u00fcber 40 Tage durch eine \u201eChallenge\u201c.<\/p>\n<\/span>\n                                                    <a href=\"https:\/\/pages.bhaktimarga.org\/de\/project-mantra\" target=\"_blank\">\n                                <p class=\"button button--outline button--outline--white\">Hier kannst du starten<\/p>\n                            <\/a>\n                                                                    <\/div>\n                    <div class=\"card__image-container\">\n                                                    <img decoding=\"async\" src=\"https:\/\/country.bhaktimarga.org\/de\/wp-content\/uploads\/sites\/6\/2023\/12\/project-mantra-chanting-the-divine-name.jpeg\" alt=\"\">\n                                            <\/div>\n                <\/div>\n\n                    <\/div>\n<\/section>\n\n\n<section class=\"call-to-action-media no-padding\">  \n                        <div id=\"meditation\" class=\"call-to-action-media__wrapper\">\n                        <div class=\"container call-to-action-media__item\">\n                            <div class=\"call-to-action-media__content\">\n                                <h3 class=\"title-with-ornament title-with-ornament--blue\">ERLEBE MEDITATION<\/h3>\n                                <span class=\"call-to-action-media__text\"><p>Lehne dich zur\u00fcck und entspanne dich. In diesem Video erkl\u00e4rt Aksharananda, einer unserer\u00a0<em>yoga-<\/em>\u00a0&amp; Meditationslehrer, was Meditation ist und wie sie dir helfen kann, Gott n\u00e4her zu kommen. Er f\u00fchrt dich auch durch zwei kurze Meditationen, damit du es selber erleben kannst.<\/p>\n<\/span>\n                                                                                            <\/div>\n                                                                                        <div class=\"embed-container\">\n                                    <iframe loading=\"lazy\" title=\"Bhakti Marga Yoga &amp; Meditation Experience\" width=\"640\" height=\"360\" src=\"https:\/\/www.youtube.com\/embed\/pDOHcU1Jq4Q?feature=oembed\" frameborder=\"0\" allow=\"accelerometer; autoplay; clipboard-write; encrypted-media; gyroscope; picture-in-picture; web-share\" referrerpolicy=\"strict-origin-when-cross-origin\" allowfullscreen><\/iframe>                                <\/div>\n                                                    <\/div>\n                    <\/div>\n                <\/section>\n","protected":false},"excerpt":{"rendered":"","protected":false},"author":1,"featured_media":0,"parent":218,"menu_order":0,"comment_status":"closed","ping_status":"closed","template":"","meta":{"_acf_changed":false,"inline_featured_image":false,"footnotes":""},"class_list":["post-253","page","type-page","status-publish","hentry"],"acf":[],"_links":{"self":[{"href":"https:\/\/country.bhaktimarga.org\/de\/wp-json\/wp\/v2\/pages\/253","targetHints":{"allow":["GET"]}}],"collection":[{"href":"https:\/\/country.bhaktimarga.org\/de\/wp-json\/wp\/v2\/pages"}],"about":[{"href":"https:\/\/country.bhaktimarga.org\/de\/wp-json\/wp\/v2\/types\/page"}],"author":[{"embeddable":true,"href":"https:\/\/country.bhaktimarga.org\/de\/wp-json\/wp\/v2\/users\/1"}],"replies":[{"embeddable":true,"href":"https:\/\/country.bhaktimarga.org\/de\/wp-json\/wp\/v2\/comments?post=253"}],"version-history":[{"count":51,"href":"https:\/\/country.bhaktimarga.org\/de\/wp-json\/wp\/v2\/pages\/253\/revisions"}],"predecessor-version":[{"id":8965,"href":"https:\/\/country.bhaktimarga.org\/de\/wp-json\/wp\/v2\/pages\/253\/revisions\/8965"}],"up":[{"embeddable":true,"href":"https:\/\/country.bhaktimarga.org\/de\/wp-json\/wp\/v2\/pages\/218"}],"wp:attachment":[{"href":"https:\/\/country.bhaktimarga.org\/de\/wp-json\/wp\/v2\/media?parent=253"}],"curies":[{"name":"wp","href":"https:\/\/api.w.org\/{rel}","templated":true}]}}