{"id":255,"date":"2023-07-19T11:17:08","date_gmt":"2023-07-19T10:17:08","guid":{"rendered":"https:\/\/country.bhaktimarga.org\/de\/?page_id=255"},"modified":"2026-01-05T19:15:52","modified_gmt":"2026-01-05T19:15:52","slug":"knowledge","status":"publish","type":"page","link":"https:\/\/country.bhaktimarga.org\/de\/the-path\/knowledge\/","title":{"rendered":"Wissen"},"content":{"rendered":"\n<section class=\"secondary-hero\">\n    <div class=\"secondary-hero__container\">\n        <img decoding=\"async\" class=\"object-fit-cover\" src=\"https:\/\/country.bhaktimarga.org\/de\/wp-content\/uploads\/sites\/6\/2024\/07\/the-path-knowledge-scriptures-e1720520583705.jpg\"  alt=\"\">\n    <\/div>\n    <div class=\"secondary-hero__content\">\n        <h1>WISSEN<\/h1>\n        <span class=\"secondary-hero__text\"><p>Das durch Paramahamsa Vishwananda vermittelte Wissen hilft dir, zu erkennen, wer du wirklich bist, woher du kommst und was der wahre Sinn deines menschlichen Daseins ist.<\/p>\n<\/span>\n                    <a href=\"#wissen-meister\" target=\"_self\">\n                <p class=\"standalone-link\">Finde hier weitere Informationen <\/p>\n            <\/a>\n            <\/div>\n<\/section>\n\n\n\n<section  class=\"no-padding\">\n    <figure class=\"quote\">\n        <img decoding=\"async\" src=\"\/wp-content\/themes\/vaikuntha\/images\/quote-icon.svg\" alt=\"\">\n        <blockquote>\n            <p>\u201eDer Verstand ist ein Freund f\u00fcr den, der ihn gemeistert hat. Aber f\u00fcr jemanden, dessen Verstand unkontrolliert ist, wird er zum schlimmsten aller Feinde.\u201c<\/p>\n        <\/blockquote>\n        <figcaption>Bhagavad Gita<\/figcaption>\n    <\/figure>\n<\/section>\n\n\n\n<section class=\"video-embed\">\n    <div class=\"container\">\n                    <div class=\"video-embed__container\">\n                <iframe loading=\"lazy\" title=\"Start your Journey with Knowledge\" width=\"640\" height=\"360\" src=\"https:\/\/www.youtube.com\/embed\/FsQJj9f_NFU?feature=oembed\" frameborder=\"0\" allow=\"accelerometer; autoplay; clipboard-write; encrypted-media; gyroscope; picture-in-picture; web-share\" referrerpolicy=\"strict-origin-when-cross-origin\" allowfullscreen><\/iframe>            <\/div>\n            <\/div>\n<\/section>\n\n\n<section class=\"cards\">\n    <div class=\"container\">\n    \n                <div\n                    id=\"wissen-meister\"                    class=\"cards__card card--blue\"\n                >\n                    <div class=\"card__content\">\n                        <h3 class=\"card__title\">WISSEN VOM MEISTER<\/h3>\n                        <span class=\"card__text\"><p>Paramahamsa Vishwananda ist ein vollkommen gottverwirklichter Meister, der immerw\u00e4hrend im Gottbewusstsein lebt. Er offenbart und teilt auf Seine praktische, bodenst\u00e4ndige Art die tiefsten Wahrheiten und Geheimnisse, von denen in den alten Schriften gesprochen wird, und macht sie f\u00fcr die heutige Welt nachvollziehbar. Seine B\u00fccher und Diskurse sind heute f\u00fcr jeden leicht zug\u00e4nglich.<\/p>\n<p>Wissen ist wichtig, um\u00a0<em>bhakti<\/em>\u00a0zu leben. Es liefert die Basis daf\u00fcr, den Weg zu verstehen und gibt die Inspiration, zu leben, zu lieben und mit der Zeit zu wachsen. Erfahrung wird durch Wissen in Weisheit verwandelt.<\/p>\n<\/span>\n                                                    <a href=\"https:\/\/bhaktishop.com\/collections\/books-guruji\" target=\"_self\">\n                                <p class=\"button button--outline button--outline--white\">Lerne vom Meister<\/p>\n                            <\/a>\n                                                                    <\/div>\n                    <div class=\"card__image-container\">\n                                                    <img decoding=\"async\" src=\"https:\/\/country.bhaktimarga.org\/de\/wp-content\/uploads\/sites\/6\/2023\/12\/knowledge-from-the-master-e1729416325427.jpeg\" alt=\"\">\n                                            <\/div>\n                <\/div>\n\n                \n                <div\n                                        class=\"cards__card card--beige\"\n                >\n                    <div class=\"card__content\">\n                        <h3 class=\"card__title\">BHAGAVAD GITA<\/h3>\n                        <span class=\"card__text\"><p>Die Bhagavad Gita offenbart in nur 700 Versen wirkliche Spiritualit\u00e4t. Sie enth\u00e4lt alles Wissen dar\u00fcber, wie man Selbsterkenntnis und Gotteserkenntnis durch <em>bhakti<\/em>, den Weg der Hingabe, erlangen kann.<\/p>\n<p>Die Bhagavad Gita ist spirituell Suchenden eine Wegbeschreibung zur Quelle der G\u00f6ttlichkeit. Paramahamsa Vishwanandas wunderbarer und doch einfacher Kommentar macht diese zeitlose Schrift lebendig und zeigt uns, wie wir ihre Weisheiten in unserem t\u00e4glichen Leben leben k\u00f6nnen.<\/p>\n<\/span>\n                                                    <a href=\"https:\/\/bhaktishop.com\/products\/shreemad-bhagavad-gita-the-song-of-love\" target=\"_blank\">\n                                <p class=\"button button--outline button--outline--blue\">Bestelle dein Exemplar<\/p>\n                            <\/a>\n                                                                    <\/div>\n                    <div class=\"card__image-container\">\n                                                    <img decoding=\"async\" src=\"https:\/\/country.bhaktimarga.org\/de\/wp-content\/uploads\/sites\/6\/2023\/12\/lord-krishna-bhagavad-gita-song-of-love.jpeg\" alt=\"\">\n                                            <\/div>\n                <\/div>\n\n                \n                <div\n                                        class=\"cards__card card--blue\"\n                >\n                    <div class=\"card__content\">\n                        <h3 class=\"card__title\">SHREEMAD BHAGAVATAM<\/h3>\n                        <span class=\"card__text\"><p>Diese zeitlose Schrift \u00f6ffnet das Herz f\u00fcr die g\u00f6ttliche Liebe. Sie besteht aus herzerw\u00e4rmenden Geschichten dar\u00fcber, wie der h\u00f6chste Herr durch die Zeitalter hindurch Geburt nimmt, um mit Seinen Devotees in vielen verschiedenen Beziehungen zu leben und zu wirken.<\/p>\n<p>Paramahamsa Vishwananda hat die urspr\u00fcnglichen 18.000 Verse zu den ergreifendsten Geschichten verdichtet. Seine aufschlussreichen Kommentare enth\u00fcllen die verborgene Bedeutung in diesen Geschichten und veranschaulichen, wie man sich dieses Wissen zu Herzen nehmen und auf dem spirituellen Weg voranschreiten kann.<\/p>\n<\/span>\n                                                    <a href=\"https:\/\/bhaktishop.com\/products\/the-essence-of-shreemad-bhagavatam\" target=\"_blank\">\n                                <p class=\"button button--outline button--outline--white\">Bestelle dein Exemplar<\/p>\n                            <\/a>\n                                                                    <\/div>\n                    <div class=\"card__image-container\">\n                                                    <img decoding=\"async\" src=\"https:\/\/country.bhaktimarga.org\/de\/wp-content\/uploads\/sites\/6\/2023\/12\/essence-of-shreemad-bhagavatam.jpeg\" alt=\"\">\n                                            <\/div>\n                <\/div>\n\n                    <\/div>\n<\/section>\n\n\n<section class=\"call-to-action-media no-padding\">  \n                        <div  class=\"call-to-action-media__wrapper\">\n                        <div class=\"container call-to-action-media__item\">\n                            <div class=\"call-to-action-media__content\">\n                                <h3 class=\"title-with-ornament title-with-ornament--blue\">TAUCHE TIEFER IN DAS WISSEN EIN<\/h3>\n                                <span class=\"call-to-action-media__text\"><p>Der Verstand hat oft Fragen und braucht Erkl\u00e4rungen, um sich f\u00fcr neue Ideen zu \u00f6ffnen. Auf dem \u201eBhakti Marga-Weg\u201c geht es nicht darum, den Verstand zu \u00fcberfordern. Es geht darum, ihm genug Wissen zu geben, um ein klares Ziel vor Augen zu haben und darum, den Geist auf die richtigen Dinge zu fokussieren, um sich \u00fcber dessen Begrenzungen zu erheben.<\/p>\n<\/span>\n                                                                    <a href=\"https:\/\/t.me\/SPN_Temple_Satsangs\" target=\"_blank\">\n                                        <p class=\"button button--primary--dark-blue\">H\u00f6re mehr<\/p>\n                                    <\/a>\n                                                                                            <\/div>\n                                                                                        <div class=\"embed-container\">\n                                    <iframe loading=\"lazy\" title=\"The Secret of True Transformation\" width=\"640\" height=\"360\" src=\"https:\/\/www.youtube.com\/embed\/i67OvfrZpYg?feature=oembed\" frameborder=\"0\" allow=\"accelerometer; autoplay; clipboard-write; encrypted-media; gyroscope; picture-in-picture; web-share\" referrerpolicy=\"strict-origin-when-cross-origin\" allowfullscreen><\/iframe>                                <\/div>\n                                                    <\/div>\n                    <\/div>\n                <\/section>\n","protected":false},"excerpt":{"rendered":"","protected":false},"author":1,"featured_media":0,"parent":218,"menu_order":0,"comment_status":"closed","ping_status":"closed","template":"","meta":{"_acf_changed":false,"inline_featured_image":false,"footnotes":""},"class_list":["post-255","page","type-page","status-publish","hentry"],"acf":[],"_links":{"self":[{"href":"https:\/\/country.bhaktimarga.org\/de\/wp-json\/wp\/v2\/pages\/255","targetHints":{"allow":["GET"]}}],"collection":[{"href":"https:\/\/country.bhaktimarga.org\/de\/wp-json\/wp\/v2\/pages"}],"about":[{"href":"https:\/\/country.bhaktimarga.org\/de\/wp-json\/wp\/v2\/types\/page"}],"author":[{"embeddable":true,"href":"https:\/\/country.bhaktimarga.org\/de\/wp-json\/wp\/v2\/users\/1"}],"replies":[{"embeddable":true,"href":"https:\/\/country.bhaktimarga.org\/de\/wp-json\/wp\/v2\/comments?post=255"}],"version-history":[{"count":20,"href":"https:\/\/country.bhaktimarga.org\/de\/wp-json\/wp\/v2\/pages\/255\/revisions"}],"predecessor-version":[{"id":9688,"href":"https:\/\/country.bhaktimarga.org\/de\/wp-json\/wp\/v2\/pages\/255\/revisions\/9688"}],"up":[{"embeddable":true,"href":"https:\/\/country.bhaktimarga.org\/de\/wp-json\/wp\/v2\/pages\/218"}],"wp:attachment":[{"href":"https:\/\/country.bhaktimarga.org\/de\/wp-json\/wp\/v2\/media?parent=255"}],"curies":[{"name":"wp","href":"https:\/\/api.w.org\/{rel}","templated":true}]}}