{"id":258,"date":"2023-07-19T11:17:53","date_gmt":"2023-07-19T10:17:53","guid":{"rendered":"https:\/\/country.bhaktimarga.org\/de\/?page_id=258"},"modified":"2026-01-05T19:16:49","modified_gmt":"2026-01-05T19:16:49","slug":"rituals","status":"publish","type":"page","link":"https:\/\/country.bhaktimarga.org\/de\/the-path\/rituals\/","title":{"rendered":"Rituale"},"content":{"rendered":"\n<section class=\"secondary-hero\">\n    <div class=\"secondary-hero__container\">\n        <img decoding=\"async\" class=\"object-fit-cover\" src=\"https:\/\/country.bhaktimarga.org\/de\/wp-content\/uploads\/sites\/6\/2024\/06\/SILENT-RETREAT-Grid-5-e1729071315123.jpg\"  alt=\"\">\n    <\/div>\n    <div class=\"secondary-hero__content\">\n        <h1>RITUALE<\/h1>\n        <span class=\"secondary-hero__text\"><p>Paramahamsa Vishwananda zeigt uns, wie wir eine lebendige, liebevolle Beziehung zu Gott aufbauen k\u00f6nnen. Wenn du die g\u00f6ttlichen Namen chantest und voller Liebe hingebungsvollen Dienst erweist, kannst du eine innige Verbindung mit dem Herrn erleben.<\/p>\n<\/span>\n                    <a href=\"#liebende\" target=\"_self\">\n                <p class=\"standalone-link\">VERTIEFE DIE VERBINDUNG MIT GOTT<\/p>\n            <\/a>\n            <\/div>\n<\/section>\n\n\n\n<section  class=\"no-padding\">\n    <figure class=\"quote\">\n        <img decoding=\"async\" src=\"\/wp-content\/themes\/vaikuntha\/images\/quote-icon.svg\" alt=\"\">\n        <blockquote>\n            <p>\u201eEin Devotee sollte das allerh\u00f6chste Wesen in der speziellen pers\u00f6nlichen Form des Herrn verehren, die er am anziehendsten findet.\u201c<\/p>\n        <\/blockquote>\n        <figcaption>Srimad Bhagavatam<\/figcaption>\n    <\/figure>\n<\/section>\n\n\n\n<section class=\"video-embed\">\n    <div class=\"container\">\n                    <div class=\"video-embed__container\">\n                <iframe loading=\"lazy\" title=\"RITUALS TRAILER 4\" width=\"640\" height=\"360\" src=\"https:\/\/www.youtube.com\/embed\/34YtKc_cPvY?feature=oembed\" frameborder=\"0\" allow=\"accelerometer; autoplay; clipboard-write; encrypted-media; gyroscope; picture-in-picture; web-share\" referrerpolicy=\"strict-origin-when-cross-origin\" allowfullscreen><\/iframe>            <\/div>\n            <\/div>\n<\/section>\n\n\n<section class=\"cards\">\n    <div class=\"container\">\n    \n                <div\n                    id=\"liebende\"                    class=\"cards__card card--violet\"\n                >\n                    <div class=\"card__content\">\n                        <h3 class=\"card__title\">LIEBENDE UND GELIEBTE<\/h3>\n                        <span class=\"card__text\"><p>Wenn wir uns auf dem spirituellen Weg befinden, dann weil unser geliebter Herr uns ruft, um uns an unsere ewige Beziehung mit Ihm zu erinnern.<\/p>\n<p>Durch das Chanten Seines g\u00f6ttlichen Namens und hingebungsvolle, liebende Verehrung l\u00e4dst du Ihn ein, Teil deines Lebens zu sein. So kannst du dich an der allerh\u00f6chsten Beziehung mit Ihm \u2013 Liebende\/Geliebte \u2013 erfreuen.<\/p>\n<p>Das ist gelebtes\u00a0<em>bhakti<\/em>.<\/p>\n<\/span>\n                                                                    <\/div>\n                    <div class=\"card__image-container\">\n                                                    <img decoding=\"async\" src=\"https:\/\/country.bhaktimarga.org\/de\/wp-content\/uploads\/sites\/6\/2024\/07\/IMG_4738-e1720516811644.jpg\" alt=\"\">\n                                            <\/div>\n                <\/div>\n\n                \n                <div\n                                        class=\"cards__card card--beige\"\n                >\n                    <div class=\"card__content\">\n                        <h3 class=\"card__title\">ZEREMONIELLE VEREHRUNG<\/h3>\n                        <span class=\"card__text\"><p>In der hinduistischen Tradition hei\u00dft es: \u201eWenn du glaubst, dass ein Stein ein Stein ist, wird er ein Stein sein. Aber wenn du glaubst, dass er Gott ist, wird er zu Gott.\u201c Der hingebungsvolle Dienst, der mit vollem Glauben ausgef\u00fchrt wird, bewirkt die Gegenwart Gottes in einer Statue.<\/p>\n<p>Durch ein Verehrungsritual,\u00a0<em>puja<\/em>\u00a0genannt, k\u00f6nnen wir die S\u00fc\u00dfe der F\u00fcrsorge f\u00fcr das G\u00f6ttliche erleben. Baden, Ankleiden und Verk\u00f6stigung deines Geliebten \/ deiner Geliebten in deinem eigenen individuellen Stil erlauben dir, deine Liebe auszudr\u00fccken und diese heilige Zeit gemeinsam zu genie\u00dfen.<\/p>\n<\/span>\n                                                                    <\/div>\n                    <div class=\"card__image-container\">\n                                                    <img decoding=\"async\" src=\"https:\/\/country.bhaktimarga.org\/de\/wp-content\/uploads\/sites\/6\/2024\/07\/DSC01429-scaled.jpeg\" alt=\"\">\n                                            <\/div>\n                <\/div>\n\n                \n                <div\n                                        class=\"cards__card card--violet\"\n                >\n                    <div class=\"card__content\">\n                        <h3 class=\"card__title\">VEDISCHES CHANTEN<\/h3>\n                        <span class=\"card__text\"><p><em>Sanskrit<\/em>\u00a0ist eine schwingungsbasierte Sprache, die seit Tausenden von Jahren in Gebetsritualen verwendet wird. Die Schwingungsfrequenzen, die durch das Chanten von\u00a0<em>Sanskrit-mantren<\/em>\u00a0erzeugt werden, beruhigen den Geist und lassen dich in dein Herz sinken, wo das G\u00f6ttliche wohnt.<\/p>\n<p>Jeder g\u00f6ttliche Name ruft die Gegenwart dieser Form Gottes herbei. Das Chanten des Namens deiner geliebten Gottheit zieht diese an, so dass du ihre Gesellschaft genie\u00dfen kannst und die Gottheit sich an deiner uneingeschr\u00e4nkten Aufmerksamkeit erfreuen kann.<\/p>\n<\/span>\n                                                    <a href=\"https:\/\/bhaktishop.com\/products\/prathana-prayers-of-bhakti-marga-complete-with-translations-and-vedic-chants\" target=\"_blank\">\n                                <p class=\"button button--outline button--outline--white\">Hol dir jetzt dein Gebetsbuch<\/p>\n                            <\/a>\n                                                                    <\/div>\n                    <div class=\"card__image-container\">\n                                                    <img decoding=\"async\" src=\"https:\/\/country.bhaktimarga.org\/de\/wp-content\/uploads\/sites\/6\/2024\/04\/vedic-chanting.jpeg\" alt=\"\">\n                                            <\/div>\n                <\/div>\n\n                \n                <div\n                                        class=\"cards__card card--beige\"\n                >\n                    <div class=\"card__content\">\n                        <h3 class=\"card__title\">TEMPELGEBETE<\/h3>\n                        <span class=\"card__text\"><p>Eine T\u00e4tigkeit ist dann erfolgreich, wenn Gottes Segen darauf ruht. Wenn der Segen vom Himmel herabgerufen wird, wirkt sich das auf die Arbeit des ganzen Tages aus. Das gemeinschaftliche Gebet ist st\u00e4rker als das pers\u00f6nliche Gebet und erhebt diejenigen, die daran teilnehmen und alle, mit denen sie in Kontakt kommen.<\/p>\n<p>Tempelgebete sind reichhaltig und sprechen die Sinne aktiv an. Unter anderem werden D\u00fcfte, Aromen, Kl\u00e4nge und Speisen dargeboten, um den Herrn zu erfreuen, der im Gegenzug Seinen Segen \u00fcber alle aussch\u00fcttet. Bete f\u00fcr die Menschheit!<\/p>\n<\/span>\n                                                                    <\/div>\n                    <div class=\"card__image-container\">\n                                                    <img decoding=\"async\" src=\"https:\/\/country.bhaktimarga.org\/de\/wp-content\/uploads\/sites\/6\/2024\/07\/DSC09388-scaled.jpg\" alt=\"\">\n                                            <\/div>\n                <\/div>\n\n                    <\/div>\n<\/section>\n\n\n<section class=\"call-to-action-media no-padding\">  \n                        <div  class=\"call-to-action-media__wrapper\">\n                        <div class=\"container call-to-action-media__item\">\n                            <div class=\"call-to-action-media__content\">\n                                <h3 class=\"title-with-ornament title-with-ornament--blue\">VERSINKE IN DER ANBETUNG<\/h3>\n                                <span class=\"call-to-action-media__text\"><p>Unternimm eine kleine Reise mit Vandhanananda, unserem internationalen Trainer der Chanting-Lehrer und Lehrerinnen. Auf dieser Reise wirst du in die Tempelgebete eingef\u00fchrt, du erlebst die Sch\u00f6nheit einer\u00a0<em>puja<\/em>\u00a0und erf\u00e4hrst mehr dar\u00fcber, wie Rituale dir helfen, eine lebendige Beziehung mit dem G\u00f6ttlichen zu entwickeln. Au\u00dferdem lernst du eine Familie kennen, die sich durch Rituale miteinander und mit Gott verbindet.<\/p>\n<\/span>\n                                                                                            <\/div>\n                                                                                        <div class=\"embed-container\">\n                                    <iframe loading=\"lazy\" title=\"Free Bhakti Marga Lecture on Rituals\" width=\"640\" height=\"360\" src=\"https:\/\/www.youtube.com\/embed\/1eUDjrcJDW8?feature=oembed\" frameborder=\"0\" allow=\"accelerometer; autoplay; clipboard-write; encrypted-media; gyroscope; picture-in-picture; web-share\" referrerpolicy=\"strict-origin-when-cross-origin\" allowfullscreen><\/iframe>                                <\/div>\n                                                    <\/div>\n                    <\/div>\n                <\/section>\n","protected":false},"excerpt":{"rendered":"","protected":false},"author":1,"featured_media":0,"parent":218,"menu_order":0,"comment_status":"closed","ping_status":"closed","template":"","meta":{"_acf_changed":false,"inline_featured_image":false,"footnotes":""},"class_list":["post-258","page","type-page","status-publish","hentry"],"acf":[],"_links":{"self":[{"href":"https:\/\/country.bhaktimarga.org\/de\/wp-json\/wp\/v2\/pages\/258","targetHints":{"allow":["GET"]}}],"collection":[{"href":"https:\/\/country.bhaktimarga.org\/de\/wp-json\/wp\/v2\/pages"}],"about":[{"href":"https:\/\/country.bhaktimarga.org\/de\/wp-json\/wp\/v2\/types\/page"}],"author":[{"embeddable":true,"href":"https:\/\/country.bhaktimarga.org\/de\/wp-json\/wp\/v2\/users\/1"}],"replies":[{"embeddable":true,"href":"https:\/\/country.bhaktimarga.org\/de\/wp-json\/wp\/v2\/comments?post=258"}],"version-history":[{"count":39,"href":"https:\/\/country.bhaktimarga.org\/de\/wp-json\/wp\/v2\/pages\/258\/revisions"}],"predecessor-version":[{"id":9689,"href":"https:\/\/country.bhaktimarga.org\/de\/wp-json\/wp\/v2\/pages\/258\/revisions\/9689"}],"up":[{"embeddable":true,"href":"https:\/\/country.bhaktimarga.org\/de\/wp-json\/wp\/v2\/pages\/218"}],"wp:attachment":[{"href":"https:\/\/country.bhaktimarga.org\/de\/wp-json\/wp\/v2\/media?parent=258"}],"curies":[{"name":"wp","href":"https:\/\/api.w.org\/{rel}","templated":true}]}}