{"id":260,"date":"2023-07-19T11:18:24","date_gmt":"2023-07-19T10:18:24","guid":{"rendered":"https:\/\/country.bhaktimarga.org\/de\/?page_id=260"},"modified":"2026-01-05T19:18:04","modified_gmt":"2026-01-05T19:18:04","slug":"devotional-arts","status":"publish","type":"page","link":"https:\/\/country.bhaktimarga.org\/de\/the-path\/devotional-arts\/","title":{"rendered":"Devotional Arts"},"content":{"rendered":"\n<section class=\"secondary-hero\">\n    <div class=\"secondary-hero__container\">\n        <img decoding=\"async\" class=\"object-fit-cover\" src=\"https:\/\/country.bhaktimarga.org\/de\/wp-content\/uploads\/sites\/6\/2024\/07\/photo_2024-03-21-16.58.33.jpeg\"  alt=\"\">\n    <\/div>\n    <div class=\"secondary-hero__content\">\n        <h1>KUNST &amp; MUSIK<\/h1>\n        <span class=\"secondary-hero__text\"><p>Paramahamsa Vishwananda ermutigt uns, unsere nat\u00fcrliche Sehnsucht nach Freude, die die Sinne anspricht, in den Dienst des Herrn zu stellen. Den Herrn kreativ mit Farben, Musik und in Bewegung \u201eeinzufangen\u201c, erm\u00f6glicht dir, den vollen Umfang g\u00f6ttlicher Sch\u00f6nheit zu genie\u00dfen.<\/p>\n<\/span>\n                    <a href=\"#dienen\" target=\"_self\">\n                <p class=\"standalone-link\">SCHAFFE EINEN AUSDRUCK DER LIEBE<\/p>\n            <\/a>\n            <\/div>\n<\/section>\n\n\n\n<section  class=\"no-padding\">\n    <figure class=\"quote\">\n        <img decoding=\"async\" src=\"\/wp-content\/themes\/vaikuntha\/images\/quote-icon.svg\" alt=\"\">\n        <blockquote>\n            <p>\u201eJenen, die sich best\u00e4ndig mit Mir befassen und Mich mit intensiver Liebe verehren, schenke Ich die Verwirklichung, durch die sie zu Mir kommen k\u00f6nnen.\u201c<\/p>\n        <\/blockquote>\n        <figcaption>Bhagavad Gita<\/figcaption>\n    <\/figure>\n<\/section>\n\n\n\n<section class=\"cards\">\n    <div class=\"container\">\n    \n                <div\n                    id=\"dienen\"                    class=\"cards__card card--beige\"\n                >\n                    <div class=\"card__content\">\n                        <h3 class=\"card__title\">DEM G\u00d6TTLICHEN FREUDIG UND MIT ALLEN SINNEN DIENEN<\/h3>\n                        <span class=\"card__text\"><p>Unsere Erfahrungen werden von unseren Sinnen beeinflusst. Unkontrolliert k\u00f6nnen sie uns zu einem Sklaven weltlicher Vergn\u00fcgungen machen. Die Ausrichtung der Sinne auf das G\u00f6ttliche erm\u00f6glicht uns, das h\u00f6chste Gl\u00fcck und die liebende Gemeinschaft mit Gott zu erlangen.<\/p>\n<p>Wenn du\u00a0<em>bhakti<\/em>\u00a0durch die hingebungsvollen K\u00fcnste lebst, kannst du dein wahres Wesen zum Ausdruck bringen und die Herrlichkeit deiner Beziehung mit Gott genie\u00dfen. Kunst manifestiert g\u00f6ttliche Sch\u00f6nheit.<\/p>\n<p>Sei es Musik, Gesang, Malerei, Tanz oder Schauspiel \u2013 mit der richtigen Einstellung, mit Liebe und Hingabe, kannst du deine Lieblingsbesch\u00e4ftigungen in Opfergaben an das G\u00f6ttliche verwandeln.<\/p>\n<\/span>\n                                                                    <\/div>\n                    <div class=\"card__image-container\">\n                                                    <img decoding=\"async\" src=\"https:\/\/country.bhaktimarga.org\/de\/wp-content\/uploads\/sites\/6\/2023\/12\/the-master-paramahamsa-vishwananda-painting.jpeg\" alt=\"\">\n                                            <\/div>\n                <\/div>\n\n                \n                <div\n                                        class=\"cards__card card--light-green\"\n                >\n                    <div class=\"card__content\">\n                        <h3 class=\"card__title\">FINDE DICH SELBST IN DER MUSIK<\/h3>\n                        <span class=\"card__text\"><p>Wenn wir nicht zu unserem eigenen Vergn\u00fcgen, sondern zur Freude unseres geliebten Herrn singen und tanzen, verwandelt sich das Weltliche in das G\u00f6ttliche. Reine Lie-be beginnt zu flie\u00dfen, das Denken h\u00f6rt auf, und es bleibt nur noch das Sein. Nichts anderes existiert au\u00dfer dir und deinem \/ deiner Geliebten.<\/p>\n<p>Singe den Namen des Herrn aus vollem Herzen \u2013 Er wird nicht widerstehen k\u00f6nnen und antwortet dir! Gl\u00fccklicherweise hat Seine Antwort wenig mit der Qualit\u00e4t deiner Stimme zu tun. Alles, was z\u00e4hlt, ist die Aufrichtigkeit deines Rufens. Erfreue dich an der S\u00fc\u00dfe der Liebe.<\/p>\n<\/span>\n                                                                    <\/div>\n                    <div class=\"card__image-container\">\n                                                    <img decoding=\"async\" src=\"https:\/\/country.bhaktimarga.org\/de\/wp-content\/uploads\/sites\/6\/2023\/12\/music-for-god-kirtan-bhajan.jpeg\" alt=\"\">\n                                            <\/div>\n                <\/div>\n\n                    <\/div>\n<\/section>\n\n\n<section class=\"call-to-action-media no-padding\">  \n                        <div  class=\"call-to-action-media__wrapper\">\n                        <div class=\"container call-to-action-media__item\">\n                            <div class=\"call-to-action-media__content\">\n                                <h3 class=\"title-with-ornament title-with-ornament--blue\">KIRTAN &#8211; MUSIK F\u00dcR DIE SEELE<\/h3>\n                                <span class=\"call-to-action-media__text\"><p>Kirtan ist das gef\u00fchlvolle Singen von Gottes Namen. Es ist eine ausgezeichnete Methode, um die Nerven zu beruhigen und den Emotionen eine positive Richtung zu geben. Kirtan ber\u00fchrt und \u00f6ffnet das Herz, erf\u00fcllt den Geist mit Reinheit und bringt Harmonie und g\u00f6ttliche Liebe.<\/p>\n<\/span>\n                                                                    <a href=\"https:\/\/www.youtube.com\/playlist?list=PL1I_xPvgBqRAqFGJFqvcI1HwQSfEvCu9S\" target=\"_self\">\n                                        <p class=\"button button--primary--dark-blue\">KIRTAN SESSIONS<\/p>\n                                    <\/a>\n                                                                                            <\/div>\n                                                                                        <div class=\"embed-container\">\n                                    <iframe loading=\"lazy\" title=\"Jai Radhe Radhe Radhe - Maithili Thakur | Kirtan Sessions\" width=\"640\" height=\"360\" src=\"https:\/\/www.youtube.com\/embed\/a6SS1050Lm8?feature=oembed\" frameborder=\"0\" allow=\"accelerometer; autoplay; clipboard-write; encrypted-media; gyroscope; picture-in-picture; web-share\" referrerpolicy=\"strict-origin-when-cross-origin\" allowfullscreen><\/iframe>                                <\/div>\n                                                    <\/div>\n                    <\/div>\n                                    <div  class=\"call-to-action-media__wrapper\">\n                        <div class=\"container call-to-action-media__item\">\n                            <div class=\"call-to-action-media__content\">\n                                <h3 class=\"title-with-ornament title-with-ornament--blue\">KIRTAN MIT DEM MEISTER<\/h3>\n                                <span class=\"call-to-action-media__text\"><p>In der Beziehung zwischen dem Liebenden und dem Geliebten gibt es nur eine Erfahrung, nur eine Motivation und nur eine Realit\u00e4t &#8211; Just Love. Engagiere dich, singe, klatsche, tanze. Lasst dich frei sein.<\/p>\n<\/span>\n                                                                    <a href=\"https:\/\/www.youtube.com\/playlist?list=PLRJzEHCmzsf0X1lgU1foY1x_1ACvrhiqZ\" target=\"_self\">\n                                        <p class=\"button button--primary--dark-blue\">KIRTAN MIT DEM MEISTER<\/p>\n                                    <\/a>\n                                                                                            <\/div>\n                                                                                        <div class=\"embed-container\">\n                                    <iframe loading=\"lazy\" title=\"Live Kirtans with Paramahamsa Vishwananda\" width=\"640\" height=\"360\" src=\"https:\/\/www.youtube.com\/embed\/videoseries?list=PLRJzEHCmzsf0X1lgU1foY1x_1ACvrhiqZ\" frameborder=\"0\" allow=\"accelerometer; autoplay; clipboard-write; encrypted-media; gyroscope; picture-in-picture; web-share\" referrerpolicy=\"strict-origin-when-cross-origin\" allowfullscreen><\/iframe>                                <\/div>\n                                                    <\/div>\n                    <\/div>\n                <\/section>\n\n\n\n<section class=\"cards\">\n    <div class=\"container\">\n    \n                <div\n                                        class=\"cards__card card--light-green\"\n                >\n                    <div class=\"card__content\">\n                        <h3 class=\"card__title\">SPIRITUELLE KUNST<\/h3>\n                        <span class=\"card__text\"><p>Meditation ist ein erhabener Zustand der Konzentration, der unser ganzes Wesen ein-bezieht. Wenn man vollkommen im Zeichnen oder Malen einer g\u00f6ttlichen Form aufgeht, fesselt das die Sinne und entzieht sie der Welt \u2013 man ist ganz auf das G\u00f6ttliche konzentriert.<\/p>\n<p>Wenn du mit deiner Kunst einer g\u00f6ttlichen Form Ausdruck gibst, ist deine Aufmerksamkeit beim Herrn und das bringt dich Ihm n\u00e4her. Diese Verbindung vertieft sich noch mehr, wenn du \u00fcber l\u00e4ngere Zeit an einem Werk oder immer wieder mit der gleichen Form arbeitest. Je mehr Zeit du damit verbringst, je l\u00e4nger du dich auf ein Bild des G\u00f6ttlichen konzentrierst, desto einfacher ist es, dieses w\u00e4hrend der Meditation zu visualisieren. Erschaffe das G\u00f6ttliche durch deinen k\u00fcnstlerischen Ausdruck.<\/p>\n<\/span>\n                                                                    <\/div>\n                    <div class=\"card__image-container\">\n                                                    <img decoding=\"async\" src=\"https:\/\/country.bhaktimarga.org\/de\/wp-content\/uploads\/sites\/6\/2024\/07\/2023-09-14-12.55.51.jpg\" alt=\"\">\n                                            <\/div>\n                <\/div>\n\n                    <\/div>\n<\/section>\n\n\n<section class=\"call-to-action-media no-padding\">  \n                        <div  class=\"call-to-action-media__wrapper\">\n                        <div class=\"container call-to-action-media__item\">\n                            <div class=\"call-to-action-media__content\">\n                                <h3 class=\"title-with-ornament title-with-ornament--blue\">SCHAFFE HINGEBUNGSVOLLE KUNST<\/h3>\n                                <span class=\"call-to-action-media__text\"><p>Dakshini, Leiterin von Bhakti Marga-Art, stellt dir die alte spirituelle Praxis des Erschaffens von hingebungsvoller Kunst vor. Sie f\u00fchrt dich durch eine kurze Meditation, um dir zu helfen, die Sch\u00f6nheit der G\u00f6ttlichen Mutter zu erkunden und zu manifestieren, indem du ein Bild von Ihr in der Form von Maha-Lakshmi ausmalst.<\/p>\n<\/span>\n                                                                                            <\/div>\n                                                                                        <div class=\"embed-container\">\n                                    <iframe loading=\"lazy\" title=\"Free Mini Workshop on Bhakti Marga Devotional Art\" width=\"640\" height=\"360\" src=\"https:\/\/www.youtube.com\/embed\/W8rb6sceH1w?feature=oembed\" frameborder=\"0\" allow=\"accelerometer; autoplay; clipboard-write; encrypted-media; gyroscope; picture-in-picture; web-share\" referrerpolicy=\"strict-origin-when-cross-origin\" allowfullscreen><\/iframe>                                <\/div>\n                                                    <\/div>\n                    <\/div>\n                <\/section>\n","protected":false},"excerpt":{"rendered":"","protected":false},"author":1,"featured_media":0,"parent":218,"menu_order":0,"comment_status":"closed","ping_status":"closed","template":"","meta":{"_acf_changed":false,"inline_featured_image":false,"footnotes":""},"class_list":["post-260","page","type-page","status-publish","hentry"],"acf":[],"_links":{"self":[{"href":"https:\/\/country.bhaktimarga.org\/de\/wp-json\/wp\/v2\/pages\/260","targetHints":{"allow":["GET"]}}],"collection":[{"href":"https:\/\/country.bhaktimarga.org\/de\/wp-json\/wp\/v2\/pages"}],"about":[{"href":"https:\/\/country.bhaktimarga.org\/de\/wp-json\/wp\/v2\/types\/page"}],"author":[{"embeddable":true,"href":"https:\/\/country.bhaktimarga.org\/de\/wp-json\/wp\/v2\/users\/1"}],"replies":[{"embeddable":true,"href":"https:\/\/country.bhaktimarga.org\/de\/wp-json\/wp\/v2\/comments?post=260"}],"version-history":[{"count":37,"href":"https:\/\/country.bhaktimarga.org\/de\/wp-json\/wp\/v2\/pages\/260\/revisions"}],"predecessor-version":[{"id":9690,"href":"https:\/\/country.bhaktimarga.org\/de\/wp-json\/wp\/v2\/pages\/260\/revisions\/9690"}],"up":[{"embeddable":true,"href":"https:\/\/country.bhaktimarga.org\/de\/wp-json\/wp\/v2\/pages\/218"}],"wp:attachment":[{"href":"https:\/\/country.bhaktimarga.org\/de\/wp-json\/wp\/v2\/media?parent=260"}],"curies":[{"name":"wp","href":"https:\/\/api.w.org\/{rel}","templated":true}]}}