{"id":4222,"date":"2024-04-02T11:09:31","date_gmt":"2024-04-02T10:09:31","guid":{"rendered":"https:\/\/country.bhaktimarga.org\/de\/?page_id=4222"},"modified":"2025-10-31T13:10:37","modified_gmt":"2025-10-31T13:10:37","slug":"love-trees","status":"publish","type":"page","link":"https:\/\/country.bhaktimarga.org\/de\/ashram-sri-vitthal-dham\/love-trees\/","title":{"rendered":"Love Trees"},"content":{"rendered":"\n<section class=\"hero-image\">\n    <div class=\"hero-image__container\">\n        <img decoding=\"async\" class=\"hero-image__background object-fit-cover\" src=\"https:\/\/country.bhaktimarga.org\/de\/wp-content\/uploads\/sites\/6\/2024\/04\/love-trees-header.jpeg\" alt=\"\">\n            <\/div>\n    <div class=\"hero-image__content container\">\n        <h1>Just Love Trees<\/h1>\n    <\/div>\n<\/section>\n\n<style>\n    <\/style>\n\n\n<section>\n    <div class=\"container\">\n        <h2>JUST LOVE TREES &#8211; B\u00e4ume pflanzen und pflegen<\/h2>\n        <figure class=\"quote--simple\">\n            <blockquote>\n                <p>How many people look at the earth and say \u201cthank you\u201d to her. Very few! But she is the most important. She is the mother sustaining all of us.<\/p>\n            <\/blockquote>\n        <\/figure>\n        <p class=\"text-750\">Wie viele Menschen schauen die Erde wirklich an und sagen \u201eDanke!\u201c zu ihr. Nur sehr wenige! Und doch ist sie so wichtig f\u00fcr uns. Sie ist die Mutter, die uns alle am Leben h\u00e4lt. (Just Love Fragen und Antworten 1)<\/p>\n        <figure class=\"quote--simple\">\n            <blockquote>\n                <p>If we want to be healthy, we have to care for nature. We have to plant many trees so that we can build up those lungs of the world for ourselves.<\/p>\n            <\/blockquote>\n        <\/figure>\n        <p class=\"text-750\">Wenn wir gesund sein wollen, m\u00fcssen wir die Natur sch\u00fctzen. Wir m\u00fcssen viele B\u00e4ume pflanzen, sodass wir die Lungen dieser Erde aufbauen, was unserem eigenen Schutz dient. (Satsang 20.03.2020)<\/p>\n        <p>Paramahamsa Vishwananda<\/p>\n    <\/div>\n<\/section>\n\n<style>\n    .quote--simple blockquote {\n        border-width: 0 2px;\n        border-style: solid;\n        border-color: #8c734b;\n        padding: 1rem;\n        max-width: 750px;\n        margin: initial;\n        margin-bottom: 1rem;\n    }\n\n    .quote--simple p {\n        text-transform: uppercase;\n        margin-bottom: 0;\n    }\n<\/style>\n\n\n\n<section style=\"color: rgb(39, 96, 146); background-color: rgba(22, 37, 76, 0.1);\">\n    <div class=\"container\">\n        <h2>Jai Gurudev liebe Bhakti Marga Familie und Freunde.<\/h2>\n        <p class=\"text-750\">Wir m\u00f6chten Guruji unsere Hingabe und Dankbarkeit f\u00fcr unserer Mutter Erde schenken, indem wir B\u00e4ume pflanzen. Dazu ist jeder Devotee und gerne auch Follower aufgerufen ein Baumprojekt zu unternehmen. Guruji hat 2019 in Mauritius gesagt, dass er sich w\u00fcnschen w\u00fcrde, dass jeder von uns mindestens 10 B\u00e4ume pflanzt und sich auch um diese k\u00fcmmert.<\/p>\n        <p><strong>Starten wir damit. Es gibt verschiedene M\u00f6glichkeiten, unter anderem:<\/strong><\/p>\n        <div class=\"flex-50\">\n            <ul class=\"dotted-list\">\n                <li>Baum auf eigenen oder befreundeten Grundst\u00fccken pflanzen<\/li>\n                <li>Teilnahme an regionalen Vereinen, die B\u00e4ume pflegen und pflanzen (z.B. Streuobstwiesen-Vereine)<\/li>\n                <li>JUST LOVE TREES IN SHREE PEETHA NILAYA &#8211; Pflanze und pflege einen Baum in Gurujis Garten (<a href=\"https:\/\/bhaktimarga.de\/wp-content\/uploads\/2020\/05\/2020-05-21-BM-Baumpakete.pdf\" target=\"_blank\" rel=\"noopener\">Details hier<\/a>) LEIDER SCHON AUSGEBUCHT!<\/li>\n                <li>JUST LOVE TREES IN SRI VITTHAL DHAM &#8211; Pflanze und Pflege einen Baum im Garten von Panduranga (<a href=\"https:\/\/sri-vitthal-dham.de\/wp-content\/uploads\/2021\/11\/211107-BM-Baumpakete-SVD-3.1.pdf\" target=\"_blank\" rel=\"noopener noreferrer\">Details hier<\/a>)<\/li>\n            <\/ul>\n            <ul class=\"dotted-list\">\n                <li>Teilnahme an regionalen Pflanzaktionen von F\u00f6rstern oder Freiwilligeneins\u00e4tzen zum Aufforsten z.B.: <a href=\"https:\/\/www.bergwaldprojekt.de\/mitmachen\" target=\"_blank\" rel=\"noopener\">https:\/\/www.bergwaldprojekt.de\/mitmachen<\/a> oder in der Taunusregion (n\u00e4here Infos bei Revierf\u00f6rster Tino Manthey, Telefon 0160 92168002 tino.manthey@heidenrod.de)<\/li>\n                <li>Manche Gemeinden bieten Baumpatenschaften inklusive Neupflanzung an z.B. beim Umweltreferat nachfragen<\/li>\n                <li>Teilnahme an von Bhaktas geplanten Projekten. Unten findest Du eine Auswahl\n                <\/li>\n            <\/ul>\n        <\/div>\n        <p class=\"text-750\">Sehr gerne k\u00f6nnt Ihr auch auf der Telegram-Gruppe <a href=\"https:\/\/t.me\/joinchat\/AdOeWxP721uIBOxVV8NViA\">JUST LOVE TREES<\/a> neue Projekte posten und Mitmacher finden. Es gibt auch die M\u00f6glichkeit, dass Du erstmal einen Baum in einen K\u00fcbel auf den Balkon oder Terrasse 3 Jahre gro\u00dfziehst, um Ihn zu einem sp\u00e4teren Zeitpunkt einzusetzen. Falls es jemanden nicht m\u00f6glich ist, sich vor Ort um B\u00e4ume zu k\u00fcmmern, sagt Guruji, kann man auch Organisationen finanziell unterst\u00fctzen.<\/p>\n    <\/div>\n<\/section>\n\n\n\n<section class=\"images-grid\" id=\"stay-with-us\">\n    <div class=\"container grid-3-auto\">\n        <img decoding=\"async\" class=\"object-fit-cover\" src=\"https:\/\/country.bhaktimarga.org\/de\/wp-content\/uploads\/sites\/6\/2024\/04\/just-love-trees-grid-00.jpeg\" alt=\"\"><img decoding=\"async\" class=\"object-fit-cover\" src=\"https:\/\/country.bhaktimarga.org\/de\/wp-content\/uploads\/sites\/6\/2024\/04\/just-love-trees-grid-01.jpeg\" alt=\"\"><img decoding=\"async\" class=\"object-fit-cover\" src=\"https:\/\/country.bhaktimarga.org\/de\/wp-content\/uploads\/sites\/6\/2024\/04\/just-love-trees-grid-02.jpeg\" alt=\"\"><img decoding=\"async\" class=\"object-fit-cover\" src=\"https:\/\/country.bhaktimarga.org\/de\/wp-content\/uploads\/sites\/6\/2024\/04\/just-love-trees-grid-03.jpeg\" alt=\"\"><img decoding=\"async\" class=\"object-fit-cover\" src=\"https:\/\/country.bhaktimarga.org\/de\/wp-content\/uploads\/sites\/6\/2024\/04\/just-love-trees-grid-04.jpeg\" alt=\"\"><img decoding=\"async\" class=\"object-fit-cover\" src=\"https:\/\/country.bhaktimarga.org\/de\/wp-content\/uploads\/sites\/6\/2024\/04\/just-love-trees-grid-05.jpeg\" alt=\"\">    <\/div>\n<\/section>\n\n\n\n<section>\n    <div class=\"container\">\n        <div class=\"flex-50\">\n            <div>\n                <p>Zur Orientierung im Folgenden eine Aufstellung der ungef\u00e4hren Kosten pro Baum ohne Grundst\u00fcckskosten:<\/p>\n                <ul class=\"dotted-list\">\n                    <li>40-80 \u20ac pro Baum je nach Sorte<\/li>\n                    <li>20 \u20ac Pfahl und W\u00fchlmausschutz, Anbindung<\/li>\n                    <li>10 \u20ac Anti-Sch\u00e4dlingsmittel<\/li>\n                    <li>10 \u20ac Wasser pro Jahr in den Anfangsjahren (je nach Sorte ca. 1600 l von April bis Juli)<\/li>\n                <\/ul>\n                <p>Hinzu kommt Seva f\u00fcr Pflanzen und Gie\u00dfen sowie ggf. Baumschnitt und die Ernte bei Obst-oder Nussb\u00e4umen.<\/p>\n                <p>Wer ein Grundst\u00fcck hat und eine Streuobstwiese anlegen m\u00f6chte, kann mit F\u00f6rderungen bis zu 100 % rechnen. Das ist abh\u00e4ngig vom jeweiligen Bundesland und es m\u00fcssen bestimmte Voraussetzungen erf\u00fcllt werden. N\u00e4here Infos dazu kann via Telegram @Janani_108 geben.<\/p>\n                <p>Die ideale Pflanzzeit f\u00fcr B\u00e4ume ist im Herbst oder Fr\u00fchjahr. Guruji hat zu seinem 42. Geburtstag eine Karte mit der Anzahl der geplanten bzw. teils schon realisierten Baumprojekten in Deutschland erhalten, 2025 wollen wir Ihnen wieder einen aktuellen Stand zeigen. Auf der R\u00fcckseite werden alle Devotees und Follower, die mitmachen vermerkt.<\/p>\n            <\/div>\n            <div>\n                <p>Sende um mitzumachen n\u00e4here Informationen zu deinem Projekt an @Shreedhari per Telegram, u.a.:<\/p>\n                <ul class=\"dotted-list\">\n                    <li>Teilnehmer: weltlicher und spiritueller Name<\/li>\n                    <li>Wo werden die B\u00e4ume gepflanzt:\n                        <ul class=\"dotted-list\">\n                            PLZ\n                            Ortschaft\n                        <\/ul>                        \n                    <\/li>\n                    <li>Wieviele und welche Baumsorte?<\/li>\n                    <li>Foto<\/li>\n                    <li>GGf. Name des Vereins, Organisation<\/li>\n                <\/ul>\n                <p>Warum wir mehr B\u00e4ume brauchen: B\u00e4ume spenden uns Sauerstoff, sie reinigen die Luft, filtern das Grundwasser und halten den Grundwasserspiegel stabil. In W\u00e4ldern kann mehr Niederschlagswasser aufgenommen und gespeichert werden (Interzeption). Dieses Wasser geben B\u00e4ume wieder an die Atmosph\u00e4re schrittweise ab, wodurch es deutlich mehr Regen gibt (Evapotranspiration).<\/p>\n                <p>Lasst uns Guruji, Mutter Erde und uns selbst eine Freude machen und mit Baumpflanzungen starten. Wir freuen uns auf Eure JUST LOVE TREES-Projekte.<\/p>\n                <p>Euer Bhakti Marga Team Deutschland<\/p>\n            <\/div>\n        <\/div>\n    <\/div>\n<\/section>\n\n\n\n<section style=\"color: rgb(39, 96, 146); background-color: rgba(22, 37, 76, 0.1);\">\n    <div class=\"container\">\n        <h3>Weitere Projekte von Devotees<\/h3>\n        <div class=\"flex-50\">\n            <div>\n                <h4>Streuobstverein Heidenrod<\/h4>\n                <p>Der Streuobstverein Heidenrod bietet M\u00f6glichkeiten zur ehrenamtlichen Mitarbeit (Seva) bei der Obstbaumpflege in und um Springen im Gemeindegebiet Heidenrod an, z.B. Neuanlage von Streuobstwiesen, Einzelbaumpflanzungen, Pflegeaktionen, Patenschafts\u00fcbernahme, Erntebeteiligungen, Kelteraktivit\u00e4ten etc. Das notwendige Wissen hierzu wird Jedem vermittelt durch entsprechende Kurse\/Workshops. Wer hier Interesse hat wendet sich an Janani via Telegram @Janani_108 oder E-Mail info@streuobstverein-heidenrod.de.<\/p>\n            <\/div>\n            <div>\n              \n            <\/div>\n        <\/div>\n    <\/div>\n<\/section>\n\n\n\n<section>\n    <div class=\"container\">\n        <h2>Fragen<\/h2>\n        <details>\n            <summary><strong>K\u00f6nnen sich zwei auch einen Baum teilen?<\/strong><\/summary>\n            <div class=\"content\">\n              <p>Ja<\/p>\n            <\/div>\n          <\/details>\n        <details>\n            <summary><strong>Kann ich auch B\u00e4ume im Ausland pflanzen?<\/strong><\/summary>\n            <div class=\"content\">\n              <p>Hier steht mehr Informationen \u00fcber das Pflanzen von B\u00e4umen im Ausland.<\/p>\n            <\/div>\n        <\/details>\n        <details>\n            <summary><strong>Ist die Baumsorte entscheidend?<\/strong><\/summary>\n            <div class=\"content\">\n              <p>Nein<\/p>\n            <\/div>\n          <\/details>\n        <details>\n            <summary><strong>Darf mein Baum irgendwann gef\u00e4llt werden?<\/strong><\/summary>\n            <div class=\"content\">\n              <p>Das Ziel des Projektes ist mehr B\u00e4ume auf unserer Erde zu haben. F\u00e4lle daher nur, wenn Du f\u00fcr einen gleichwertigen Ersatz sorgst. (Bei Teilnahme an Aufforstungsaktionen bei F\u00f6rstern in Deutschland wird eine \u2013 zumindest ansatzweise \u2013 nachhaltige Bewirtschaftung angenommen).<\/p>\n            <\/div>\n        <\/details>\n    <\/div>\n<\/section>\n\n\n<style>details {\r\n        max-width: 750px;\r\n        padding: 1rem 0 0.25rem 0;\r\n        border-bottom: 1px solid #ddd;\r\n    }\r\n    details summary strong {\r\n        color: rgb(39, 96, 146);\r\n        font-size: var(--h5);\r\n    }\r\n    details p {\r\n        margin: 1rem 0 0 0;\r\n    }<\/style>","protected":false},"excerpt":{"rendered":"<p>JUST LOVE TREES &#8211; B\u00e4ume pflanzen und pflegen How many people look at the earth and say \u201cthank you\u201d to her. Very few! But she is the most important. She is the mother sustaining all of us. Wie viele Menschen schauen die Erde wirklich an und sagen \u201eDanke!\u201c zu ihr. Nur sehr wenige! Und doch [&hellip;]<\/p>\n","protected":false},"author":1,"featured_media":0,"parent":2524,"menu_order":0,"comment_status":"closed","ping_status":"closed","template":"","meta":{"_acf_changed":false,"inline_featured_image":false,"footnotes":""},"class_list":["post-4222","page","type-page","status-publish","hentry"],"acf":[],"_links":{"self":[{"href":"https:\/\/country.bhaktimarga.org\/de\/wp-json\/wp\/v2\/pages\/4222","targetHints":{"allow":["GET"]}}],"collection":[{"href":"https:\/\/country.bhaktimarga.org\/de\/wp-json\/wp\/v2\/pages"}],"about":[{"href":"https:\/\/country.bhaktimarga.org\/de\/wp-json\/wp\/v2\/types\/page"}],"author":[{"embeddable":true,"href":"https:\/\/country.bhaktimarga.org\/de\/wp-json\/wp\/v2\/users\/1"}],"replies":[{"embeddable":true,"href":"https:\/\/country.bhaktimarga.org\/de\/wp-json\/wp\/v2\/comments?post=4222"}],"version-history":[{"count":48,"href":"https:\/\/country.bhaktimarga.org\/de\/wp-json\/wp\/v2\/pages\/4222\/revisions"}],"predecessor-version":[{"id":9508,"href":"https:\/\/country.bhaktimarga.org\/de\/wp-json\/wp\/v2\/pages\/4222\/revisions\/9508"}],"up":[{"embeddable":true,"href":"https:\/\/country.bhaktimarga.org\/de\/wp-json\/wp\/v2\/pages\/2524"}],"wp:attachment":[{"href":"https:\/\/country.bhaktimarga.org\/de\/wp-json\/wp\/v2\/media?parent=4222"}],"curies":[{"name":"wp","href":"https:\/\/api.w.org\/{rel}","templated":true}]}}