{"id":49,"date":"2023-06-05T19:56:55","date_gmt":"2023-06-05T18:56:55","guid":{"rendered":"https:\/\/country.bhaktimarga.org\/de\/?page_id=49"},"modified":"2025-08-05T11:11:56","modified_gmt":"2025-08-05T10:11:56","slug":"home","status":"publish","type":"page","link":"https:\/\/country.bhaktimarga.org\/de\/","title":{"rendered":"Home"},"content":{"rendered":"\n<section class=\"hero\">\n    <div class=\"hero__container\">\n        <img decoding=\"async\" class=\"object-fit-cover\" src=\"https:\/\/country.bhaktimarga.org\/de\/wp-content\/uploads\/sites\/6\/2023\/09\/founder-paramahamsa-vishwananda-e1729416446446.webp\"  alt=\"paramahamsa vishwananda, founder of bhakti marga, smiling\">\n    <\/div>\n    <div class=\"hero__content container\">\n        <h1>Lebe die g\u00f6ttliche Liebe<\/h1>\n        <h2>Bhakti Marga ist der Weg der Hingabe<\/h2>\n        <h3>Eine Reise vom Verstand zum Herzen, unter der F\u00fchrung eines lebenden Meisters.<\/h3>\n    <\/div>\n<\/section>\n\n\n\n<section class=\"cards\">\n    <div class=\"container\">\n    \n                <div\n                                        class=\"cards__card card--gold\"\n                >\n                    <div class=\"card__content\">\n                        <h3 class=\"card__title\">           Der Meister<\/h3>\n                        <span class=\"card__text\"><p>Paramahamsa Sri Swami Vishwananda ist ein erleuchteter, gottverwirklichter Meister. Seine Mission in der Welt ist, \u201edie Herzen der Menschen zu \u00f6ffnen\u201c. Er ist hier, um uns alle an die Liebe Gottes zu erinnern und um uns zu zeigen, wie wir eine einzigartig pers\u00f6nliche, liebevolle Beziehung zu Gott erfahren und genie\u00dfen k\u00f6nnen.<\/p>\n<p>Als gottverwirklichter Meister und\u00a0<em>satguru<\/em>\u00a0vermittelt Paramahamsa Vishwananda die Ihm innewohnenden tiefsten Lebensweisheiten. Er hat Sich diese Weisheit nicht erworben, Er wurde mit ihr geboren.<\/p>\n<\/span>\n                                                    <a href=\"https:\/\/bhaktimarga.de\/paramahamsa-vishwananda\/\" target=\"_self\">\n                                <p class=\"button button--outline button--outline--white\">Mehr \u00fcber den Meister<\/p>\n                            <\/a>\n                                                                    <\/div>\n                    <div class=\"card__image-container\">\n                                                    <img decoding=\"async\" src=\"https:\/\/country.bhaktimarga.org\/de\/wp-content\/uploads\/sites\/6\/2023\/06\/paramahamsa-vishwananda-the-master.jpeg\" alt=\"\">\n                                            <\/div>\n                <\/div>\n\n                    <\/div>\n<\/section>\n\n\n<section class=\"call-to-action-media no-padding\">  \n                        <div id=\"online-darshan\" class=\"call-to-action-media__wrapper\">\n                        <div class=\"container call-to-action-media__item\">\n                            <div class=\"call-to-action-media__content\">\n                                <h3 class=\"title-with-ornament title-with-ornament--blue\">Darshan-Segen<\/h3>\n                                <span class=\"call-to-action-media__text\"><p>Wo auch immer du gerade bist \u2014 du kannst eine pers\u00f6nliche Begegnung mit Paramahamsa Vishwananda erleben. Erfahre bedingungslose Liebe und Segen durch Seinen <em>darshan &#8211; <\/em>online oder in Person.<\/p>\n<\/span>\n                                                                    <a href=\"https:\/\/pages.bhaktimarga.org\/de\/in-person-darshan\" target=\"_blank\">\n                                        <p class=\"button button--primary--dark-blue\">Darshan In-Person<\/p>\n                                    <\/a>\n                                                                                            <\/div>\n                                                                                        <div class=\"embed-container\">\n                                    <iframe loading=\"lazy\" title=\"Online Darshan with Paramahamsa Vishwananda\" width=\"640\" height=\"360\" src=\"https:\/\/www.youtube.com\/embed\/OKeYaqp58JM?feature=oembed\" frameborder=\"0\" allow=\"accelerometer; autoplay; clipboard-write; encrypted-media; gyroscope; picture-in-picture; web-share\" referrerpolicy=\"strict-origin-when-cross-origin\" allowfullscreen><\/iframe>                                <\/div>\n                                                    <\/div>\n                    <\/div>\n                                    <div id=\"connect-with-divine\" class=\"call-to-action-media__wrapper\">\n                        <div class=\"container call-to-action-media__item\">\n                            <div class=\"call-to-action-media__content\">\n                                <h3 class=\"title-with-ornament title-with-ornament--blue\">VERBINDE DICH MIT DEM G\u00d6TTLICHEN<\/h3>\n                                <span class=\"call-to-action-media__text\"><p>Paramahamsa Vishwananda gibt regelm\u00e4\u00dfig <em>satsangs<\/em>, Antworten auf spirituelle Fragen. Schau dir die zeitlosen Weisheiten an.<\/p>\n<\/span>\n                                                                    <a href=\"https:\/\/www.youtube.com\/@ParamahamsaVishwananda108\" target=\"_blank\">\n                                        <p class=\"button button--primary--dark-blue\">Videos ansehen<\/p>\n                                    <\/a>\n                                                                                            <\/div>\n                                                                                        <div class=\"embed-container\">\n                                    <iframe loading=\"lazy\" title=\"Commit to Success!\" width=\"219\" height=\"389\" src=\"https:\/\/www.youtube.com\/embed\/w6r8bZwgxsI?feature=oembed\" frameborder=\"0\" allow=\"accelerometer; autoplay; clipboard-write; encrypted-media; gyroscope; picture-in-picture; web-share\" referrerpolicy=\"strict-origin-when-cross-origin\" allowfullscreen><\/iframe>                                <\/div>\n                                                    <\/div>\n                    <\/div>\n                <\/section>\n\n\n\n<section class=\"cards\">\n    <div class=\"container\">\n    \n                <div\n                                        class=\"cards__card card--gold\"\n                >\n                    <div class=\"card__content\">\n                        <h3 class=\"card__title\">Der Weg<\/h3>\n                        <span class=\"card__text\"><p>Da du den Weg hierher gefunden hast, bist du wahrscheinlich auf der Suche nach etwas, etwas Sinnvollem, etwas, das dir wirklich Halt gibt und dir hilft, die Herausforderungen des Lebens zu meistern.<\/p>\n<p>F\u00fcr all das bietet Bhakti Marga einen einzigartigen und ganzheitlichen Ansatz, der aus vier Armen besteht und tief in altehrw\u00fcrdigen spirituellen Traditionen verwurzelt ist. Jeder Bereich (Arm) bietet verschiedene Methoden, um sich an der liebevollen Gemeinschaft mit Gott zu erfreuen. Ein erhobener Zustand im Leben ist nicht mehr nur Yogis oder Heiligen vorbehalten! In diesem Leben ist das eine echte M\u00f6glichkeit f\u00fcr uns alle.<\/p>\n<\/span>\n                                                    <a href=\"\/de\/the-path\" target=\"_self\">\n                                <p class=\"button button--outline button--outline--white\">Erkunde den Weg<\/p>\n                            <\/a>\n                                                                    <\/div>\n                    <div class=\"card__image-container\">\n                                                    <img decoding=\"async\" src=\"https:\/\/country.bhaktimarga.org\/de\/wp-content\/uploads\/sites\/6\/2023\/06\/paramahamsa-vishwananda-pilgrimage-the-path.jpeg\" alt=\"\">\n                                            <\/div>\n                <\/div>\n\n                    <\/div>\n<\/section>\n\n\n\n<section class=\"four-arms\">\n    <div class=\"container\">\n        <img decoding=\"async\" src=\"\/wp-content\/themes\/vaikuntha\/images\/four-arms-vishnu-the-path.svg\">\n        <ul class=\"four-arms__list\">\n            <li class=\"four-arms__item animated-element\" data-animation=\"appear\" id=\"yoga\"><a href=\"https:\/\/country.bhaktimarga.org\/de\/the-path\/yoga-meditation\" target=\"_self\"><p>Yoga &amp; Meditation<\/p><\/a><\/li>\n            <li class=\"four-arms__item animated-element\" data-animation=\"appear\" id=\"knowledge\"><a href=\"https:\/\/country.bhaktimarga.org\/de\/the-path\/knowledge\" target=\"_self\"><p>Wissen<\/p><\/a><\/li>\n            <li class=\"four-arms__item animated-element\" data-animation=\"appear\" id=\"rituals\"><a href=\"https:\/\/country.bhaktimarga.org\/de\/the-path\/rituals\" target=\"_self\"><p>Rituale<\/p><\/a><\/li>\n            <li class=\"four-arms__item animated-element\" data-animation=\"appear\" id=\"arts\"><a href=\"https:\/\/country.bhaktimarga.org\/de\/the-path\/devotional-arts\" target=\"_self\"><p>Kunst &amp; Musik<\/p><\/a><\/li>\n        <\/ul>\n    <\/div>\n<\/section>\n<style>\n    @media (min-width: 768px) {\n        .four-arms__list #yoga:hover::after {\n            content: \"Beruhige den Geist, finde Gott im Inneren\";\n        }\n        .four-arms__list #knowledge:hover::after {\n            content: \"Gewinne Einblicke und Klarheit\";\n        }\n        .four-arms__list #rituals:hover::after {\n            content: \"Vertiefe die Verbindung mit dem G\u00f6ttlichen\";\n        }\n        .four-arms__list #arts:hover::after {\n            content: \"Schaffe einen Ausdruck der Liebe\";\n        }\n    }\n<\/style>","protected":false},"excerpt":{"rendered":"","protected":false},"author":1,"featured_media":0,"parent":0,"menu_order":0,"comment_status":"closed","ping_status":"closed","template":"","meta":{"_acf_changed":false,"inline_featured_image":false,"footnotes":""},"class_list":["post-49","page","type-page","status-publish","hentry"],"acf":[],"_links":{"self":[{"href":"https:\/\/country.bhaktimarga.org\/de\/wp-json\/wp\/v2\/pages\/49","targetHints":{"allow":["GET"]}}],"collection":[{"href":"https:\/\/country.bhaktimarga.org\/de\/wp-json\/wp\/v2\/pages"}],"about":[{"href":"https:\/\/country.bhaktimarga.org\/de\/wp-json\/wp\/v2\/types\/page"}],"author":[{"embeddable":true,"href":"https:\/\/country.bhaktimarga.org\/de\/wp-json\/wp\/v2\/users\/1"}],"replies":[{"embeddable":true,"href":"https:\/\/country.bhaktimarga.org\/de\/wp-json\/wp\/v2\/comments?post=49"}],"version-history":[{"count":61,"href":"https:\/\/country.bhaktimarga.org\/de\/wp-json\/wp\/v2\/pages\/49\/revisions"}],"predecessor-version":[{"id":10214,"href":"https:\/\/country.bhaktimarga.org\/de\/wp-json\/wp\/v2\/pages\/49\/revisions\/10214"}],"wp:attachment":[{"href":"https:\/\/country.bhaktimarga.org\/de\/wp-json\/wp\/v2\/media?parent=49"}],"curies":[{"name":"wp","href":"https:\/\/api.w.org\/{rel}","templated":true}]}}