{"id":5229,"date":"2024-05-31T15:45:04","date_gmt":"2024-05-31T14:45:04","guid":{"rendered":"https:\/\/country.bhaktimarga.org\/de\/?page_id=5229"},"modified":"2026-04-25T16:48:14","modified_gmt":"2026-04-25T15:48:14","slug":"holy-lake-festival","status":"publish","type":"page","link":"https:\/\/country.bhaktimarga.org\/de\/ashram-sri-vitthal-dham\/holy-lake-festival\/","title":{"rendered":"Holy Lake Festival 2026"},"content":{"rendered":"\n<section class=\"hero-image\">\n    <div class=\"hero-image__container\">\n        <img decoding=\"async\" class=\"hero-image__background object-fit-cover\" src=\"https:\/\/country.bhaktimarga.org\/de\/wp-content\/uploads\/sites\/6\/2026\/04\/Hintergrundbild-Landingpage-e1776788735453.png\" alt=\"\">\n            <\/div>\n    <div class=\"hero-image__content container\">\n        <h1><\/h1>\n    <\/div>\n<\/section>\n\n<style>\n    <\/style>\n\n\n<section id=\"flip-cards\">\n    <div class=\"container no-padding\" style=\"display: flex; justify-content: end;\">\n        <a\n            href=\"https:\/\/country.bhaktimarga.org\/de\/ashram-sri-vitthal-dham\/holy-lake-festival-en\/\" \n            target=\"_self\" \n            rel=\"noopener\" \n            style=\"\n                display: flex;\n                align-items: center;\n                color:  white;\n                text-transform: uppercase;\n                gap: 1rem;\"\n        >\n            Switch to english\n            <img decoding=\"async\" style=\"width: 100%; max-width: 54px;\" src=\"https:\/\/country.bhaktimarga.org\/de\/wp-content\/uploads\/sites\/6\/2024\/08\/icons-globe-100.png\">\n        <\/a>\n    <\/div>\n\n<div style=\"color: #fff\" class=\"container\">\n\n\n<br>\n<br>\n  <div style=\"line-height: 1.5;\">\n\n  <p style=\"font-size: 24px; margin: 0 0 12px 0;\">\n    Das ist kein gew\u00f6hnliches Festival. Komm raus an den See, sp\u00fcr den Sand unter deinen F\u00fc\u00dfen und lass den Alltag mal hinter dir. Dich erwarten:\n  <\/p>\n\n  <ul style=\"margin-left: 24px; padding-left: 24px; list-style-type: disc;\">\n    <li style=\"font-size: 24px; margin-bottom: 8px;\">Live-DJ-Sets direkt am Strand<\/li>\n    <li style=\"font-size: 24px; margin-bottom: 8px;\">Yoga und Meditation zum Runterkommen<\/li>\n    <li style=\"font-size: 24px; margin-bottom: 8px;\">Inspirierende Vortr\u00e4ge, Workshops und besondere Rituale<\/li>\n    <li style=\"font-size: 24px; margin-bottom: 8px;\">Leckeres veganes Essen und erfrischende Getr\u00e4nke<\/li>\n  <\/ul>\n\n  <p style=\"font-size: 24px; margin: 12px 0 0 0;\">\n    Ob jung oder alt \u2013 jeder ist willkommen, um zusammenzukommen, neue Menschen kennenzulernen und das Leben zu feiern.\n  <\/p>\n\n<\/div>      \n<br>\n<br>\n<a href=\"https:\/\/eventshop.bhaktimarga.de\/en\/products\/24-stunden-gayatri-yajna\" \ntarget=\"_blank\"\n   style=\"\n     background-color: #c90076;  \/* Dunkelblau *\/\n     color: white;                \/* Wei\u00dfer Text *\/\n     padding: 12px 24px;          \/* Abstand oben\/unten und links\/rechts *\/\n     border-radius: 12px;         \/* Abgerundete Ecken *\/\n     font-size: 16px;             \/* Textgr\u00f6\u00dfe *\/\n     font-weight: bold;\n     text-decoration: none;       \/* Kein Unterstrich *\/\n     display: inline-block;\n     transition: background-color 0.3s, transform 0.2s;\n   \"\n   onmouseover=\"this.style.backgroundColor='#c90076'; this.style.transform='translateY(-2px)';\"\n   onmouseout=\"this.style.backgroundColor='#c90076'; this.style.transform='translateY(0)';\"\n   onmousedown=\"this.style.backgroundColor='#c90076';\"\n   onmouseup=\"this.style.backgroundColor='#c90076';\"\n>\n  Sei dabei und registriere dich jetzt!\n<\/a>\n<br>\n<br>\n<br> \n <\/div>\n    <div class=\"container flex-30\">\n <div class=\"flip-card-wrapper\">\n            <div class=\"flip-card\" id=\"musik\">\n                <div class=\"flip-card__side flip-card__side--front\">\n                    <h2 class=\"flip-card__title\">MUSIK<\/h2>\n                    <p class=\"flip-card__subtitle\">Kirtan Clubbing. DJs.<\/p>\n<p>Musik den ganzen Tag.<\/p>\n                <\/div>\n                <div class=\"flip-card__side flip-card__side--back\">\n                    <h4>VON POP BIS ROCK UND HOUSE-MUSIK IST F\u00dcR ALLE WAS DABEI &#8211; INSPIRIERT VON DEN G\u00d6TTLICHEN NAMEN.<\/h4>\n                    <p>Bekannte Kirtan-Artists mit spiritueller, indischer Musik treffen auf internationale DJs.<\/p>\n                    <p>Den ganzen Tag gibt\u2019s besondere Live-Musik am Strand und im Cafe bis tief in die Nacht.<\/p>    \n               \n                <\/div>\n        <\/div>      \n    <\/div>      \n  <div class=\"flip-card-wrapper\">\n            <div class=\"flip-card\" id=\"holi\">\n                <div class=\"flip-card__side flip-card__side--front\">\n                    <h2 class=\"flip-card__title\">HOLI \u2013 DAS FEST DER FARBEN<\/h2>\n                    <p class=\"flip-card__subtitle\">Bunt. Gut gelaunt. Einfach das Leben feiern.<\/p>\n                <\/div>\n                <div class=\"flip-card__side flip-card__side--back\">\n                    <div class=\"flip-card__description\">\n                        <h3>LASS DICH VON BEATS AM STRAND IN EINEM MEER AUS FARBEN MITREISSEN. <\/h3>\n                        <p>Das indische Fest der Farben ist voller Euphorie.<\/p>\n                        <p>Es symbolisiert, dass wir alle verschieden sind und doch vereint.<\/p>\n                        <p>Sei dabei und erlebe es selbst am 03.Juli!<\/p>\n                    <\/div>\n                <\/div>\n            <\/div>\n        <\/div>\n        <div class=\"flip-card-wrapper\">\n            <div class=\"flip-card\" id=\"marktplatz\">\n                <div class=\"flip-card__side flip-card__side--front\">\n                    <h2 class=\"flip-card__title\">BAZAR<\/h2>\n                    <p class=\"flip-card__subtitle\">Mode. Kunst. Lifestyle.<\/p>\n                <\/div>\n                <div class=\"flip-card__side flip-card__side--back\">\n                    <div class=\"flip-card__description\">\n                        <h3>ENTDECKE DAS BREITE SORTIMENT!<\/h3>\n                        <p>Schlendere \u00fcber unseren Bazar und entdecke eine vielf\u00e4ltige Auswahl an Angeboten.<\/p>\n                        <p>Dich erwarten indische Kleidung und Schmuck, exklusive Naturkosmetik und Wellnessangebote sowie ein Tattoo-Studio und vieles mehr.<\/p>\n                    <\/div>\n      <\/div>\n            <\/div>\n        <\/div>\n        <div class=\"flip-card-wrapper\">\n            <div class=\"flip-card\" id=\"veganes-essen\">\n                <div class=\"flip-card__side flip-card__side--front\">\n                    <h2 class=\"flip-card__title\">VEGANES ESSEN UND STREET FOOD<\/h2>\n                    <p class=\"flip-card__subtitle\">Au\u00dfergew\u00f6hnliche K\u00f6stlichkeiten<\/p>\n                <\/div>\n                <div class=\"flip-card__side flip-card__side--back\">\n                    <div class=\"flip-card__description\">\n                        <h3>VEGANE VIELFALT. FRISCH. EINFACH LECKER.<\/h3>\n                        <p>Lass dich von kulturellem Essen aus aller Welt kulinarisch verw\u00f6hnen und genie\u00dfe eine leckere Auszeit!<\/p>\n                        <p>Es erwarten dich au\u00dfergew\u00f6hnliche K\u00f6stlichkeiten und abwechslungsreiche Gerichte.<\/p>\n                    <\/div>\n                <\/div>\n            <\/div>\n        <\/div>\n        <div class=\"flip-card-wrapper\">\n            <div class=\"flip-card\" id=\"meditation-yoga\">\n                <div class=\"flip-card__side flip-card__side--front\">\n                    <h2 class=\"flip-card__title\">YOGA und MEDITATION<\/h2>\n                    <p class=\"flip-card__subtitle\">Kraft tanken<\/p>\n                <\/div>\n                <div class=\"flip-card__side flip-card__side--back\">\n                    <div class=\"flip-card__description\">\n                        <h3>ZUR RUHE KOMMEN. DURCHATMEN. IM HIER UND JETZT SEIN.<\/h3>\n                        <p>Zwischen Musik, Farben und Festivaltrubel findest du bei uns eine breites Spektrum von urspr\u00fcnglichen Yoga- und Meditationstechniken.<\/p>\n                        <p>Zum Mitmachen und Ausprobieren &#8211; Einfach genie\u00dfen.<\/p>\n                    <\/div>\n                <\/div>\n            <\/div>\n        <\/div>\n        <div class=\"flip-card-wrapper\">\n            <div class=\"flip-card\" id=\"vedische-rituale\">\n                <div class=\"flip-card__side flip-card__side--front\">\n                    <h2 class=\"flip-card__title\">VEDISCHE RITUALE UND ZEREMONIEN<\/h2>\n                    <p class=\"flip-card__subtitle\">Tauche in die indische Tradition ein<\/p>\n                <\/div>\n                <div class=\"flip-card__side flip-card__side--back\">\n                    <div class=\"flip-card__description\">\n                        <h3>Spiritualit\u00e4t. Rituale. Tradition hautnah erleben.<\/h3>\n                        <p>Erlebe Spiritualit\u00e4t hautnah und nimm an vedischen Ritualen und besonderen Feuerzeremonien teil.<\/p>\n                        <p>Besuche die Morgen- und Abendgebete im gr\u00f6\u00dften hinduistischen Tempel Europas. <\/p>\n<p>Lass dich von gelebter Spiritualit\u00e4t und Live-Musik mitrei\u00dfen.<\/p>\n                    <\/div>\n                <\/div>\n            <\/div>\n        <\/div>\n        <div class=\"flip-card-wrapper\">\n            <div class=\"flip-card\" id=\"inspiriende-talks\">\n                <div class=\"flip-card__side flip-card__side--front\">\n                    <h2 class=\"flip-card__title\">INSPIRIERENDE TALKS<\/h2>\n                    <p class=\"flip-card__subtitle\">Erweitere deinen Horizont!<\/p>\n                <\/div>\n                <div class=\"flip-card__side flip-card__side--back\">\n                    <div class=\"flip-card__description\">\n                        <h3>SPIRITUELLES WISSEN. ERFAHRUNG. INSPIRATION. <\/h3>\n                        <p>Packende Vortr\u00e4ge von vedischen Lehrern teilen wertvolle Erfahrungen aus ihrem Leben und bieten tiefe Einblicke in den Hinduismus und unseren Ashram.<\/p>\n                        <p>Bereichere deine Festivalerfahrung mit neuen Erkenntnissen.<\/p>\n                    <\/div>\n                <\/div>\n            <\/div>\n        <\/div>\n        <div class=\"flip-card-wrapper\">\n            <div class=\"flip-card\" id=\"chandrabhaga-see\">\n                <div class=\"flip-card__side flip-card__side--front\">\n                    <h2 class=\"flip-card__title\">CHANDRABHAGA-SEE<\/h2>\n                    <p class=\"flip-card__subtitle\">Natur &amp; Erholung<\/p>\n                <\/div>\n                <div class=\"flip-card__side flip-card__side--back\">\n                    <div class=\"flip-card__description\">\n                        <h3>SPAZIERG\u00c4NGE &#038; ABK\u00dcHLUNG<\/h3>\n                        <p>Direkt am Chandrabhaga-See findest du Wasserski, unseren Sandstrand und Chillout-Spots die bis zum Sonnenuntergang zum Verweilen einladen. <\/p>\n                    <\/div>\n                <\/div>\n            <\/div>\n        <\/div>\n        <div class=\"flip-card-wrapper\">\n            <div class=\"flip-card\" id=\"kinderprogramm\">\n                <div class=\"flip-card__side flip-card__side--front\">\n                    <h2 class=\"flip-card__title\">KINDERPROGRAMM<\/h2>\n                    <p class=\"flip-card__subtitle\">Spiel &amp; Spa\u00df<\/p>\n                <\/div>\n                <div class=\"flip-card__side flip-card__side--back\">\n                    <div class=\"flip-card__description\">\n                        <h3>Spiritualit\u00e4t spielend erleben!<\/h3>\n                        <p>Auch f\u00fcr die Kleinsten ist gesorgt. T\u00e4glich findet ein abwechslungsreiches Kinderprogramm statt \u2014 Spiel und Spa\u00df in Verbindung mit Spiritualit\u00e4t.<\/p>\n                    <\/div>\n                <\/div>\n            <\/div>\n        <\/div>\n    <\/div>\n\n  <img decoding=\"async\" style=\"width: 100%; max-width: 54px;\" \n        <\/a>\n    <\/div>\n\n<div style=\"color: #fff\" class=\"container\">\n<br>\n        <font size=\"6\">In diesem Jahr geht es direkt im Anschluss an das Holy Lake Festival weiter mit einem besonderen Erlebnis: Das 24h Gayatri Yajna zusammen mit Paramahamsa Vishwananda. \nYajnas, also traditionelle Feuerzeremonien aus den vedischen Lehren, werden seit Tausenden von Jahren durchgef\u00fchrt und stehen f\u00fcr Dankbarkeit, Hingabe und innere Ausrichtung. Auch wenn du damit noch keine Erfahrung hast, bist du herzlich eingeladen, dabei zu sein und die besondere Atmosph\u00e4re mitzuerleben. Gayatri gilt als eine Form der g\u00f6ttlichen Mutter und steht f\u00fcr Licht, Schutz und Weisheit. Nutze die Gelegenheit, diesen besonderen Moment gemeinsam zu erleben.\n<\/font>\n<br>\n<br>\n<br>\n<a href=\"https:\/\/eventshop.bhaktimarga.de\/en\/products\/24-stunden-gayatri-yajna\" \n   style=\"\n     background-color: #c90076;  \/* Dunkelblau *\/\n     color: white;                \/* Wei\u00dfer Text *\/\n     padding: 12px 24px;          \/* Abstand oben\/unten und links\/rechts *\/\n     border-radius: 12px;         \/* Abgerundete Ecken *\/\n     font-size: 16px;             \/* Textgr\u00f6\u00dfe *\/\n     font-weight: bold;\n     text-decoration: none;       \/* Kein Unterstrich *\/\n     display: inline-block;\n     transition: background-color 0.3s, transform 0.2s;\n   \"\n   onmouseover=\"this.style.backgroundColor='#c90076'; this.style.transform='translateY(-2px)';\"\n   onmouseout=\"this.style.backgroundColor='#c90076'; this.style.transform='translateY(0)';\"\n   onmousedown=\"this.style.backgroundColor='#c90076';\"\n   onmouseup=\"this.style.backgroundColor='#c90076';\"\n>\n  Sei dabei und registriere dich jetzt!\n<\/a>\n\n<\/section>\n\n\n\n<style>  \n\n    .page-id-5229 .hero-image {\n        background: none\n    }\n\n\n    #flip-cards .container {\n        flex-wrap: wrap;\n    }\n\n    .flip-card-wrapper {\n        perspective: 1000px;\n    }\n\n    .flip-card {\n        height: 500px;\n        min-width: 350px;\n        position: relative;\n        transform-style: preserve-3d;\n        transition: transform 0.9s;\n        text-align: center;\n    }\n\n    .flip-card__side {\n        position: absolute;\n        width: 100%;\n        height: 100%;\n        backface-visibility: hidden;\n        display: flex;\n        flex-direction: column;\n        justify-content: center;\n        align-items: center;\n        padding: 2rem 1rem;\n        box-sizing: border-box;\n        border-radius: 1rem;\n    }\n\n    .flip-card__side--front {\n        background-size: cover;\n        color: white;\n    }\n    .page-id-5229 #yajna .flip-card__side--front {\n        background-image: url(https:\/\/country.bhaktimarga.org\/de\/wp-content\/uploads\/sites\/6\/2026\/04\/paramahamsa-vishwanandas-birthday-2025_54610358986_o.jpg);\n    }\n    .page-id-5229 #theater .flip-card__side--front {\n        background-image: url(https:\/\/country.bhaktimarga.org\/de\/wp-content\/uploads\/sites\/6\/2025\/02\/theater2-scaled-e1740758741657.jpg);\n    }\n    .page-id-5229 #bhandara .flip-card__side--front {\n        background-image: url(https:\/\/country.bhaktimarga.org\/de\/wp-content\/uploads\/sites\/6\/2025\/02\/india-2731817_12801-e1740760177360.jpg);\n    }\n    .page-id-5229 #musik .flip-card__side--front {\n        background-image: url(https:\/\/country.bhaktimarga.org\/de\/wp-content\/uploads\/sites\/6\/2026\/04\/2023-07-21-p-0933-e1777131612349.jpg);\n    }\n    .page-id-5229 #holi .flip-card__side--front {\n        background-image: url(https:\/\/country.bhaktimarga.org\/de\/wp-content\/uploads\/sites\/6\/2024\/06\/Holi-Lake-02-Holi.jpg);\n    }\n    .page-id-5229 #marktplatz .flip-card__side--front {\n        background-image: url(https:\/\/country.bhaktimarga.org\/de\/wp-content\/uploads\/sites\/6\/2024\/06\/Holi-lake-03-Marktplatz.jpg);\n    }\n    .page-id-5229 #veganes-essen .flip-card__side--front {\n        background-image: url(https:\/\/country.bhaktimarga.org\/de\/wp-content\/uploads\/sites\/6\/2026\/04\/51340990338_ba3aa4d6f6_o.jpg);\n    }\n    .page-id-5229 #meditation-yoga .flip-card__side--front {\n        background-image: url(https:\/\/country.bhaktimarga.org\/de\/wp-content\/uploads\/sites\/6\/2026\/04\/48249582267_24a5a005e3_o-1.jpg);\n    }\n    .page-id-5229 #vedische-rituale .flip-card__side--front {\n        background-image: url(https:\/\/country.bhaktimarga.org\/de\/wp-content\/uploads\/sites\/6\/2026\/04\/paramahamsa-vishwanandas-birthday-2025_54610358986_o.jpg);\n    }\n    .page-id-5229 #inspiriende-talks .flip-card__side--front {\n        background-image: url(https:\/\/country.bhaktimarga.org\/de\/wp-content\/uploads\/sites\/6\/2026\/04\/54671640990_dc7d6c551a_o.jpg);\n    }\n    .page-id-5229 #chandrabhaga-see .flip-card__side--front {\n        background-image: url(https:\/\/country.bhaktimarga.org\/de\/wp-content\/uploads\/sites\/6\/2026\/04\/Design-ohne-Titel-10.png);\n    }\n    .page-id-5229 #kinderprogramm .flip-card__side--front {\n        background-image: url(https:\/\/country.bhaktimarga.org\/de\/wp-content\/uploads\/sites\/6\/2025\/05\/origami-7095603_1920-e1747256236248.jpg);\n    }\n    .page-id-5229 #flip-cards {\n        background-image: url('https:\/\/country.bhaktimarga.org\/de\/wp-content\/uploads\/sites\/6\/2025\/02\/background-02.png');\n        background-size: cover;\n    }\n    \n    .flip-card__side--back {\n        background-color: #c90076;\n        color: white;\n        transform: rotateY(180deg);\n    }\n\n    .flip-card__title {\n        margin: 0;\n    }\n\n    .flip-card__subtitle {\n        font-size: 18px;\n        margin: 10px 0 0;\n    }\n\n    .flip-card-wrapper:hover .flip-card {\n        transform: rotateY(180deg);\n    }\n<\/style>\n","protected":false},"excerpt":{"rendered":"<p>Erlebe das Holy Lake Festival in diesem Jahr ganz neu. Sp\u00fcre, wie mitrei\u00dfende Kirtan-Musik dir direkt ins Herz geht. Komm zur Ruhe bei Yoga und Meditation, lass dich kulinarisch verw\u00f6hnen, erlebe besondere Rituale und h\u00f6re spannende Vortr\u00e4ge \u00fcber zeitlose Lebensweisheiten aus dem Hinduismus \u2014 und feiere mit uns Holi am Chandrabhaga-See!<\/p>\n","protected":false},"author":1,"featured_media":0,"parent":2524,"menu_order":0,"comment_status":"closed","ping_status":"closed","template":"","meta":{"_acf_changed":false,"inline_featured_image":false,"footnotes":""},"class_list":["post-5229","page","type-page","status-publish","hentry"],"acf":[],"_links":{"self":[{"href":"https:\/\/country.bhaktimarga.org\/de\/wp-json\/wp\/v2\/pages\/5229","targetHints":{"allow":["GET"]}}],"collection":[{"href":"https:\/\/country.bhaktimarga.org\/de\/wp-json\/wp\/v2\/pages"}],"about":[{"href":"https:\/\/country.bhaktimarga.org\/de\/wp-json\/wp\/v2\/types\/page"}],"author":[{"embeddable":true,"href":"https:\/\/country.bhaktimarga.org\/de\/wp-json\/wp\/v2\/users\/1"}],"replies":[{"embeddable":true,"href":"https:\/\/country.bhaktimarga.org\/de\/wp-json\/wp\/v2\/comments?post=5229"}],"version-history":[{"count":407,"href":"https:\/\/country.bhaktimarga.org\/de\/wp-json\/wp\/v2\/pages\/5229\/revisions"}],"predecessor-version":[{"id":10320,"href":"https:\/\/country.bhaktimarga.org\/de\/wp-json\/wp\/v2\/pages\/5229\/revisions\/10320"}],"up":[{"embeddable":true,"href":"https:\/\/country.bhaktimarga.org\/de\/wp-json\/wp\/v2\/pages\/2524"}],"wp:attachment":[{"href":"https:\/\/country.bhaktimarga.org\/de\/wp-json\/wp\/v2\/media?parent=5229"}],"curies":[{"name":"wp","href":"https:\/\/api.w.org\/{rel}","templated":true}]}}