{"id":5246,"date":"2024-06-01T15:35:01","date_gmt":"2024-06-01T14:35:01","guid":{"rendered":"https:\/\/country.bhaktimarga.org\/de\/?page_id=5246"},"modified":"2025-11-06T19:23:09","modified_gmt":"2025-11-06T19:23:09","slug":"strandcafe","status":"publish","type":"page","link":"https:\/\/country.bhaktimarga.org\/de\/ashram-sri-vitthal-dham\/strandcafe\/","title":{"rendered":"Strandcaf\u00e9"},"content":{"rendered":"\n<section class=\"hero-image\">\n    <div class=\"hero-image__container\">\n        <img decoding=\"async\" class=\"hero-image__background object-fit-cover\" src=\"https:\/\/country.bhaktimarga.org\/de\/wp-content\/uploads\/sites\/6\/2025\/11\/2G4A1109-scaled.jpg\" alt=\"\">\n            <\/div>\n    <div class=\"hero-image__content container\">\n        <h1>Ranganath-Strandcaf\u00e9<\/h1>\n    <\/div>\n<\/section>\n\n<style>\n    <\/style>\n\n\n<section class=\"intro-text-icon\">\n    <div class=\"container\">\n        <div class=\"intro-text-icon__container\" style=\"background-color: #F8E5BE;\">\n            <img decoding=\"async\" src=\"https:\/\/country.bhaktimarga.org\/de\/wp-content\/uploads\/sites\/6\/2023\/12\/lotus-icon.png\">\n            <div class=\"intro-text-icon__content\">\n                <span class=\"intro-text-icon__text\"><p>Stell dir vor, du sitzt bei Sonnenschein mit einem Cappuccino am Strand oder im Strandcaf\u00e9 und blickst auf den See.<\/p>\n<p>Du l\u00e4sst einen entspannten, bereichernden Tag Revue passieren und genie\u00dft den Blick \u00fcber den See und in die Natur. Lass dich in unserem vegan-vegetarischen Strandcaf\u00e9 kulinarisch verw\u00f6hnen und lass die Seele baumeln.<\/p>\n<\/span>\n                            <\/div>\n        <\/div>\n    <\/div>\n<\/section>\n\n\n<section class=\"images-grid images-grid--irregular\" id=\"stay-with-us\">\n    <div class=\"container grid-3-12\">\n        <img decoding=\"async\" class=\"object-fit-cover\" src=\"https:\/\/country.bhaktimarga.org\/de\/wp-content\/uploads\/sites\/6\/2025\/11\/2G4A1189-scaled-e1762456828968.jpg\" alt=\"\"><img decoding=\"async\" class=\"object-fit-cover\" src=\"https:\/\/country.bhaktimarga.org\/de\/wp-content\/uploads\/sites\/6\/2025\/11\/2G4A1197-scaled.jpg\" alt=\"\"><img decoding=\"async\" class=\"object-fit-cover\" src=\"https:\/\/country.bhaktimarga.org\/de\/wp-content\/uploads\/sites\/6\/2025\/11\/2G4A1117-scaled-e1762456891227.jpg\" alt=\"\"><img decoding=\"async\" class=\"object-fit-cover\" src=\"https:\/\/country.bhaktimarga.org\/de\/wp-content\/uploads\/sites\/6\/2024\/10\/2024-04-26-p-0735-e1728638840233.jpg\" alt=\"\"><img decoding=\"async\" class=\"object-fit-cover\" src=\"https:\/\/country.bhaktimarga.org\/de\/wp-content\/uploads\/sites\/6\/2025\/11\/2G4A1109-scaled.jpg\" alt=\"\"><img decoding=\"async\" class=\"object-fit-cover\" src=\"https:\/\/country.bhaktimarga.org\/de\/wp-content\/uploads\/sites\/6\/2024\/10\/51251952367_aaf025800b_3k-scaled-e1728740873874.jpg\" alt=\"\">    <\/div>\n<\/section>\n\n\n\n<section class=\"info-banner\">\n    <div class=\"container\">\n        <div class=\"info-banner__content\">\n            <img decoding=\"async\" src=\"https:\/\/country.bhaktimarga.org\/de\/wp-content\/uploads\/sites\/6\/2024\/08\/icons-heart-100.png\">\n            <p><strong>\u00d6ffnungszeiten Strandcaf\u00e9<\/strong> <br>\n            April bis Oktober: Montag bis Sonntag 14 \u2014 17 Uhr \/ \nNovember bis M\u00e4rz: Freitag, Samstag &#038; Sonntag 14 \u2014 17 Uhr<br>\n            Besondere \u00d6ffnungszeiten bei Veranstaltungen.<\/p>\n        <\/div>\n    <\/div>\n<\/section>\n\n\n\n<section id=\"offers\">\n    <div class=\"container\">\n                    <h2 class=\"title-with-ornament title-with-ornament--violet\">\n                Angebote            <\/h2>\n        \n        <div class=\"grid-auto-columns\">\n                                                <div class=\"grid-auto-columns__cell\">\n                                                    <img decoding=\"async\" src=\"https:\/\/country.bhaktimarga.org\/de\/wp-content\/uploads\/sites\/6\/2023\/10\/facilities-vegan.svg\" alt=\"\">\n                        \n                                                    <span>Kuchen<\/span>\n                                            <\/div>\n                                    <div class=\"grid-auto-columns__cell\">\n                                                    <img decoding=\"async\" src=\"https:\/\/country.bhaktimarga.org\/de\/wp-content\/uploads\/sites\/6\/2023\/10\/facilities-cafe.svg\" alt=\"\">\n                        \n                                                    <span>Kaffee und Chai (indischer Gew\u00fcrztee)<\/span>\n                                            <\/div>\n                                    <div class=\"grid-auto-columns__cell\">\n                                                    <img decoding=\"async\" src=\"https:\/\/country.bhaktimarga.org\/de\/wp-content\/uploads\/sites\/6\/2023\/10\/facilities-eco-friendly.svg\" alt=\"\">\n                        \n                                                    <span>Kr\u00e4utertees<\/span>\n                                            <\/div>\n                                    <div class=\"grid-auto-columns__cell\">\n                                                    <img decoding=\"async\" src=\"https:\/\/country.bhaktimarga.org\/de\/wp-content\/uploads\/sites\/6\/2023\/10\/facilities-vegan.svg\" alt=\"\">\n                        \n                                                    <span>Desserts &amp; Snacks<\/span>\n                                            <\/div>\n                                    <div class=\"grid-auto-columns__cell\">\n                                                    <img decoding=\"async\" src=\"https:\/\/country.bhaktimarga.org\/de\/wp-content\/uploads\/sites\/6\/2023\/10\/facilities-vegan.svg\" alt=\"\">\n                        \n                                                    <span>Erfrischungen<\/span>\n                                            <\/div>\n                                    <div class=\"grid-auto-columns__cell\">\n                                                    <img decoding=\"async\" src=\"https:\/\/country.bhaktimarga.org\/de\/wp-content\/uploads\/sites\/6\/2023\/10\/facilities-therapies.svg\" alt=\"\">\n                        \n                                                    <span>Gemeinschaft mit Gleichgesinnten<\/span>\n                                            <\/div>\n                                    <div class=\"grid-auto-columns__cell\">\n                                                    <img decoding=\"async\" src=\"https:\/\/country.bhaktimarga.org\/de\/wp-content\/uploads\/sites\/6\/2023\/10\/facilities-garden.svg\" alt=\"\">\n                        \n                                                    <span>gro\u00dfe Sonnenterrasse<\/span>\n                                            <\/div>\n                                    <div class=\"grid-auto-columns__cell\">\n                                                    <img decoding=\"async\" src=\"https:\/\/country.bhaktimarga.org\/de\/wp-content\/uploads\/sites\/6\/2023\/10\/facilities-accessible.svg\" alt=\"\">\n                        \n                                                    <span>Barierrefrei<\/span>\n                                            <\/div>\n                                    <\/div>\n    <\/div>\n<\/section>\n\n<style>\n    #offers .grid-auto-columns {\n        display: grid;\n        grid-template-columns: repeat(auto-fit, minmax(min(250px, 100%), 1fr));\n        gap: 0.5rem;\n        row-gap: 0.5rem;\n    }\n\n    #offers .grid-auto-columns .grid-auto-columns__cell img {\n        max-width: 100%;\n    }\n\n    @media (max-width: 768px) {\n                    }\n<\/style>\n","protected":false},"excerpt":{"rendered":"<p>\u00d6ffnungszeiten Strandcaf\u00e9 April bis Oktober: Montag bis Sonntag 14 \u2014 17 Uhr \/ November bis M\u00e4rz: Freitag, Samstag &#038; Sonntag 14 \u2014 17 Uhr Besondere \u00d6ffnungszeiten bei Veranstaltungen.<\/p>\n","protected":false},"author":1,"featured_media":0,"parent":2524,"menu_order":0,"comment_status":"closed","ping_status":"closed","template":"","meta":{"_acf_changed":false,"inline_featured_image":false,"footnotes":""},"class_list":["post-5246","page","type-page","status-publish","hentry"],"acf":[],"_links":{"self":[{"href":"https:\/\/country.bhaktimarga.org\/de\/wp-json\/wp\/v2\/pages\/5246","targetHints":{"allow":["GET"]}}],"collection":[{"href":"https:\/\/country.bhaktimarga.org\/de\/wp-json\/wp\/v2\/pages"}],"about":[{"href":"https:\/\/country.bhaktimarga.org\/de\/wp-json\/wp\/v2\/types\/page"}],"author":[{"embeddable":true,"href":"https:\/\/country.bhaktimarga.org\/de\/wp-json\/wp\/v2\/users\/1"}],"replies":[{"embeddable":true,"href":"https:\/\/country.bhaktimarga.org\/de\/wp-json\/wp\/v2\/comments?post=5246"}],"version-history":[{"count":46,"href":"https:\/\/country.bhaktimarga.org\/de\/wp-json\/wp\/v2\/pages\/5246\/revisions"}],"predecessor-version":[{"id":9524,"href":"https:\/\/country.bhaktimarga.org\/de\/wp-json\/wp\/v2\/pages\/5246\/revisions\/9524"}],"up":[{"embeddable":true,"href":"https:\/\/country.bhaktimarga.org\/de\/wp-json\/wp\/v2\/pages\/2524"}],"wp:attachment":[{"href":"https:\/\/country.bhaktimarga.org\/de\/wp-json\/wp\/v2\/media?parent=5246"}],"curies":[{"name":"wp","href":"https:\/\/api.w.org\/{rel}","templated":true}]}}