{"id":6240,"date":"2024-09-10T09:38:27","date_gmt":"2024-09-10T08:38:27","guid":{"rendered":"https:\/\/country.bhaktimarga.org\/de\/?page_id=6240"},"modified":"2024-10-22T09:30:49","modified_gmt":"2024-10-22T08:30:49","slug":"support","status":"publish","type":"page","link":"https:\/\/country.bhaktimarga.org\/de\/support\/","title":{"rendered":"Support"},"content":{"rendered":"\n<section class=\"secondary-hero\">\n    <div class=\"secondary-hero__container\">\n        <img decoding=\"async\" class=\"object-fit-cover\" src=\"https:\/\/country.bhaktimarga.org\/de\/wp-content\/uploads\/sites\/6\/2024\/09\/bhakti-marga-support-donations.jpg\"  alt=\"\">\n    <\/div>\n    <div class=\"secondary-hero__content\">\n        <h1>UNTERST\u00dcTZE UNS<\/h1>\n        <span class=\"secondary-hero__text\"><p>Bhakti Marga hat viele Ressourcen, um dein Herz weiter zu \u00f6ffnen und dein Verst\u00e4ndnis zu vertiefen. Dank unserer Spender und Spenderinnen sowie Helfern und Helferinnen ist vieles davon kostenfrei. Wenn dir gef\u00e4llt, was wir tun, dann teile diese Begeisterung mit anderen und hilf mit, gemeinsam zu wachsen.<\/p>\n<\/span>\n                    <a href=\"#support\" target=\"_self\">\n                <p class=\"standalone-link\">M\u00f6glichkeiten zu helfen<\/p>\n            <\/a>\n            <\/div>\n<\/section>\n\n\n\n<section class=\"cards\">\n    <div class=\"container\">\n    \n                <div\n                                        class=\"cards__card card--blue\"\n                >\n                    <div class=\"card__content\">\n                        <h3 class=\"card__title\">IN ALTEN ZEITEN<\/h3>\n                        <span class=\"card__text\"><p>In alten Zeiten taten ashrams ihr Bestes, um sich selbst zu finanzieren. Doch auch der K\u00f6nig und die lokale Bev\u00f6lkerung trugen dazu bei, weil sie wussten, dass alle Gebete und Rituale, die im ashram durchgef\u00fchrt wurden, auch ihnen zugutekommen w\u00fcrden.<\/p>\n<p>Werden die t\u00e4glichen Gebete und Arbeiten in Gedanken an Gott verrichtet und dem Herrn selbstlos in Dankbarkeit dargebracht, bringt das positiven Verdienst. Dieser Segen wird all jenen zuteil, die zum Wohlergehen des ashrams beigetragen haben.<\/p>\n<p>Vor langer Zeit wurden K\u00fche als das beste aller Geschenke angesehen \u2013 in der heutigen modernen Zeit wird finanzielle Unterst\u00fctzung am meisten gebraucht. Die gesammelten Gelder erm\u00f6glichen der Mission den Dienst zum Wohle der Menschheit. Deine Unterst\u00fctzung wird sehr gesch\u00e4tzt.<\/p>\n<\/span>\n                                                                    <\/div>\n                    <div class=\"card__image-container\">\n                                                    <img decoding=\"async\" src=\"https:\/\/country.bhaktimarga.org\/de\/wp-content\/uploads\/sites\/6\/2024\/09\/temple-ancient-india-square.jpg\" alt=\"\">\n                                            <\/div>\n                <\/div>\n\n                    <\/div>\n<\/section>\n\n\n\n<section id=\"support\">\n    <div class=\"container\">\n        <div class=\"flex-50\">\n            <div style=\"gap: 1.5rem\">\n                <i class=\"fa-regular fa-credit-card\"><\/i>\n                <div>\n                    <p><strong>Finanzielle Unterst\u00fctzung<\/strong><\/p>\n                    <p>BHAKTI MARGA BHAKTAS DEUTSCHLAND E.V.<\/p>\n                    <p>IBAN: DE69 5105 0015 0393 3209 32<\/p>\n                <\/div>\n            <\/div>\n            <div style=\"gap: 1.5rem\">\n                <i class=\"fa-solid fa-users\"><\/i>\n                <div>\n                    <p><strong>Seva (selbstloser Dienst)<\/strong><\/p>\n                    <p>Wenn du Talente, F\u00e4higkeiten oder Ideen hast, die uns helfen, die Botschaft und die Mission von Paramahamsa Vishwananda zu verbreiten, und du dabei mitwirken m\u00f6chtest <a class=\"standalone-link\" href=\"\/de\/connect\/\">dann schreibe uns bitte.<\/a><\/p>\n                <\/div>\n            <\/div>\n        <\/div>\n    <\/div>\n<\/section>\n\n\n\n<section  class=\"cards-overlay-grid\" style=\"background-color: \">\n\n        \n    <div class=\"container cards-overlay-grid__container\">\n        \n                            <figure class=\"cards-overlay-grid__card animated-element\" data-animation=\"slide-up\">\n                                <div class=\"cards-overlay-grid__image-container\">\n                                    <img decoding=\"async\" class=\"object-fit-cover\" src=\"https:\/\/country.bhaktimarga.org\/de\/wp-content\/uploads\/sites\/6\/2024\/10\/online-darshan-2023-pic2-e1727950308566.webp\" alt=\"\">\n                                <\/div>\n                                <figcaption class=\"cards-overlay-grid__content\">\n                                    <h3 class=\"cards-overlay-grid__title\">ONLINE-DARSHAN<\/h3>\n                                    <span class=\"cards-overlay-grid__text\"><p>MIT PARAMAHAMSA VISHWANANDA<\/p>\n<\/span>\n                                                                            <a class=\"cards-overlay-grid__link\" href=\"https:\/\/bhaktimarga.de\/#online-darshan\" target=\"_self\">\n                                            <p class=\"button button--outline--white\">Mehr Infos<\/p>\n                                        <\/a>\n                                                                    <\/figcaption>\n                            <\/figure>\n                                                    \n                            <figure class=\"cards-overlay-grid__card animated-element\" data-animation=\"slide-up\">\n                                <div class=\"cards-overlay-grid__image-container\">\n                                    <img decoding=\"async\" class=\"object-fit-cover\" src=\"https:\/\/country.bhaktimarga.org\/de\/wp-content\/uploads\/sites\/6\/2024\/09\/paramahamsa-vishwananda-insights-from-the-master-e1727950333638.jpg\" alt=\"\">\n                                <\/div>\n                                <figcaption class=\"cards-overlay-grid__content\">\n                                    <h3 class=\"cards-overlay-grid__title\">INSIGHTS FROM THE MASTER<\/h3>\n                                    <span class=\"cards-overlay-grid__text\"><p>W\u00d6CHENTLICH<\/p>\n<\/span>\n                                                                            <a class=\"cards-overlay-grid__link\" href=\"https:\/\/www.youtube.com\/playlist?list=PLRJzEHCmzsf2K-ETOxFTNC0r6QNbqSE5A\" target=\"_blank\">\n                                            <p class=\"button button--outline--white\">Mehr Infos<\/p>\n                                        <\/a>\n                                                                    <\/figcaption>\n                            <\/figure>\n                                                    \n                            <figure class=\"cards-overlay-grid__card animated-element\" data-animation=\"slide-up\">\n                                <div class=\"cards-overlay-grid__image-container\">\n                                    <img decoding=\"async\" class=\"object-fit-cover\" src=\"https:\/\/country.bhaktimarga.org\/de\/wp-content\/uploads\/sites\/6\/2024\/10\/53140361344_d4296dc622_o-scaled.jpg\" alt=\"\">\n                                <\/div>\n                                <figcaption class=\"cards-overlay-grid__content\">\n                                    <h3 class=\"cards-overlay-grid__title\">KIRTAN MIT DEM MEISTER<\/h3>\n                                    <span class=\"cards-overlay-grid__text\"><p>MONATLICH<\/p>\n<\/span>\n                                                                            <a class=\"cards-overlay-grid__link\" href=\"https:\/\/www.youtube.com\/playlist?list=PLRJzEHCmzsf0X1lgU1foY1x_1ACvrhiqZ\" target=\"_blank\">\n                                            <p class=\"button button--outline--white\">Mehr Infos<\/p>\n                                        <\/a>\n                                                                    <\/figcaption>\n                            <\/figure>\n                                                    \n                            <figure class=\"cards-overlay-grid__card animated-element\" data-animation=\"slide-up\">\n                                <div class=\"cards-overlay-grid__image-container\">\n                                    <img decoding=\"async\" class=\"object-fit-cover\" src=\"https:\/\/country.bhaktimarga.org\/de\/wp-content\/uploads\/sites\/6\/2024\/10\/the-path-knowledge-scriptures.jpg\" alt=\"\">\n                                <\/div>\n                                <figcaption class=\"cards-overlay-grid__content\">\n                                    <h3 class=\"cards-overlay-grid__title\">WISSENSREIHE<\/h3>\n                                    <span class=\"cards-overlay-grid__text\"><p>TAUCHE TIEF IN DIE HEILIGEN SCHRIFTEN EIN<\/p>\n<\/span>\n                                                                            <a class=\"cards-overlay-grid__link\" href=\"https:\/\/bhakti-germany.myshopify.com\/collections\/taglich\" target=\"_self\">\n                                            <p class=\"button button--outline--white\">Mehr Infos<\/p>\n                                        <\/a>\n                                                                    <\/figcaption>\n                            <\/figure>\n                                                    \n                            <figure class=\"cards-overlay-grid__card animated-element\" data-animation=\"slide-up\">\n                                <div class=\"cards-overlay-grid__image-container\">\n                                    <img decoding=\"async\" class=\"object-fit-cover\" src=\"https:\/\/country.bhaktimarga.org\/de\/wp-content\/uploads\/sites\/6\/2024\/09\/kirtan-sessions-bhakti-marga-e1727950810681.jpg\" alt=\"\">\n                                <\/div>\n                                <figcaption class=\"cards-overlay-grid__content\">\n                                    <h3 class=\"cards-overlay-grid__title\"> KIRTAN SESSIONS<\/h3>\n                                    <span class=\"cards-overlay-grid__text\"><p>MONATLICH<\/p>\n<\/span>\n                                                                            <a class=\"cards-overlay-grid__link\" href=\"https:\/\/www.youtube.com\/playlist?list=PL1I_xPvgBqRAqFGJFqvcI1HwQSfEvCu9S\" target=\"_blank\">\n                                            <p class=\"button button--outline--white\">Mehr Infos<\/p>\n                                        <\/a>\n                                                                    <\/figcaption>\n                            <\/figure>\n                                                    \n                            <figure class=\"cards-overlay-grid__card animated-element\" data-animation=\"slide-up\">\n                                <div class=\"cards-overlay-grid__image-container\">\n                                    <img decoding=\"async\" class=\"object-fit-cover\" src=\"https:\/\/country.bhaktimarga.org\/de\/wp-content\/uploads\/sites\/6\/2024\/10\/53201001478_1a42cd94da_o-scaled-e1738960092868.jpg\" alt=\"\">\n                                <\/div>\n                                <figcaption class=\"cards-overlay-grid__content\">\n                                    <h3 class=\"cards-overlay-grid__title\">FRAGEN &amp; ANTWORTEN MIT DEM MEISTER<\/h3>\n                                    <span class=\"cards-overlay-grid__text\"><\/span>\n                                                                            <a class=\"cards-overlay-grid__link\" href=\"https:\/\/www.facebook.com\/watch\/ParamahamsaVishwananda\/233841451233229\/\" target=\"_blank\">\n                                            <p class=\"button button--outline--white\">AUF FACEBOOK<\/p>\n                                        <\/a>\n                                                                    <\/figcaption>\n                            <\/figure>\n                                                    \n                            <figure class=\"cards-overlay-grid__card animated-element\" data-animation=\"slide-up\">\n                                <div class=\"cards-overlay-grid__image-container\">\n                                    <img decoding=\"async\" class=\"object-fit-cover\" src=\"https:\/\/country.bhaktimarga.org\/de\/wp-content\/uploads\/sites\/6\/2024\/10\/53140635338_28d30ee38c_o-scaled-e1727951934676.jpg\" alt=\"\">\n                                <\/div>\n                                <figcaption class=\"cards-overlay-grid__content\">\n                                    <h3 class=\"cards-overlay-grid__title\">ERFAHRUNGEN MIT DEM MEISTER<\/h3>\n                                    <span class=\"cards-overlay-grid__text\"><p>MENSCHEN TEILEN IHRE GESCHICHTEN<\/p>\n<\/span>\n                                                                            <a class=\"cards-overlay-grid__link\" href=\"https:\/\/108-geschichten.de\/\" target=\"_self\">\n                                            <p class=\"button button--outline--white\">Mehr Infos<\/p>\n                                        <\/a>\n                                                                    <\/figcaption>\n                            <\/figure>\n                                                    \n                            <figure class=\"cards-overlay-grid__card animated-element\" data-animation=\"slide-up\">\n                                <div class=\"cards-overlay-grid__image-container\">\n                                    <img decoding=\"async\" class=\"object-fit-cover\" src=\"https:\/\/country.bhaktimarga.org\/de\/wp-content\/uploads\/sites\/6\/2024\/10\/53322545499_e14050c02c_o-scaled-e1727951913531.jpg\" alt=\"\">\n                                <\/div>\n                                <figcaption class=\"cards-overlay-grid__content\">\n                                    <h3 class=\"cards-overlay-grid__title\">T\u00c4GLICHE GEBETE<\/h3>\n                                    <span class=\"cards-overlay-grid__text\"><p>MORGEN- UND ABENDGEBETE<\/p>\n<\/span>\n                                                                    <\/figcaption>\n                            <\/figure>\n                                                        <\/div>\n<\/section>\n","protected":false},"excerpt":{"rendered":"<p>Finanzielle Unterst\u00fctzung BHAKTI MARGA BHAKTAS DEUTSCHLAND E.V. IBAN: DE69 5105 0015 0393 3209 32 Seva (selbstloser Dienst) Wenn du Talente, F\u00e4higkeiten oder Ideen hast, die uns helfen, die Botschaft und die Mission von Paramahamsa Vishwananda zu verbreiten, und du dabei mitwirken m\u00f6chtest dann schreibe uns bitte.<\/p>\n","protected":false},"author":1,"featured_media":0,"parent":0,"menu_order":0,"comment_status":"closed","ping_status":"closed","template":"","meta":{"_acf_changed":false,"inline_featured_image":false,"footnotes":""},"class_list":["post-6240","page","type-page","status-publish","hentry"],"acf":[],"_links":{"self":[{"href":"https:\/\/country.bhaktimarga.org\/de\/wp-json\/wp\/v2\/pages\/6240","targetHints":{"allow":["GET"]}}],"collection":[{"href":"https:\/\/country.bhaktimarga.org\/de\/wp-json\/wp\/v2\/pages"}],"about":[{"href":"https:\/\/country.bhaktimarga.org\/de\/wp-json\/wp\/v2\/types\/page"}],"author":[{"embeddable":true,"href":"https:\/\/country.bhaktimarga.org\/de\/wp-json\/wp\/v2\/users\/1"}],"replies":[{"embeddable":true,"href":"https:\/\/country.bhaktimarga.org\/de\/wp-json\/wp\/v2\/comments?post=6240"}],"version-history":[{"count":39,"href":"https:\/\/country.bhaktimarga.org\/de\/wp-json\/wp\/v2\/pages\/6240\/revisions"}],"predecessor-version":[{"id":6653,"href":"https:\/\/country.bhaktimarga.org\/de\/wp-json\/wp\/v2\/pages\/6240\/revisions\/6653"}],"wp:attachment":[{"href":"https:\/\/country.bhaktimarga.org\/de\/wp-json\/wp\/v2\/media?parent=6240"}],"curies":[{"name":"wp","href":"https:\/\/api.w.org\/{rel}","templated":true}]}}