{"id":6272,"date":"2024-09-10T10:44:12","date_gmt":"2024-09-10T09:44:12","guid":{"rendered":"https:\/\/country.bhaktimarga.org\/de\/?page_id=6272"},"modified":"2025-08-02T06:15:11","modified_gmt":"2025-08-02T05:15:11","slug":"temple","status":"publish","type":"page","link":"https:\/\/country.bhaktimarga.org\/de\/temple\/","title":{"rendered":"Tempel in Deutschland"},"content":{"rendered":"\n<section class=\"secondary-hero\">\n    <div class=\"secondary-hero__container\">\n        <img decoding=\"async\" class=\"object-fit-cover\" src=\"https:\/\/country.bhaktimarga.org\/de\/wp-content\/uploads\/sites\/6\/2024\/10\/DSC09543-Enhanced-NR-scaled-e1729069283478.jpg\"  alt=\"\">\n    <\/div>\n    <div class=\"secondary-hero__content\">\n        <h1>BHAKTI MARGA-TEMPEL<\/h1>\n        <span class=\"secondary-hero__text\"><p>Ein Tempel zu Ehren Gottes ist ein Ort der Begegnung und des Gebets, ein Raum mit Platz f\u00fcr die pers\u00f6nliche Erfahrung, das Erleben von Gemeinschaft und das Eintauchen in wundersch\u00f6ne Rituale und Musik f\u00fcr das G\u00f6ttliche.<\/p>\n<p>In Deutschland existieren mehrere Bhakti Marga-Tempel mit einer Vielfalt an Gottheiten. Lerne die Tempel in Deutschland mit ihren unterschiedlichen Formen Gottes kennen.<\/p>\n<\/span>\n                    <a href=\"#temple\" target=\"_self\">\n                <p class=\"standalone-link\">Tritt ein in das Haus Gottes<\/p>\n            <\/a>\n            <\/div>\n<\/section>\n\n\n\n<section class=\"cards\">\n    <div class=\"container\">\n    \n                <div\n                    id=\"temple\"                    class=\"cards__card card--blue\"\n                >\n                    <div class=\"card__content\">\n                        <h3 class=\"card__title\">SRI VITTHAL DHAM<\/h3>\n                        <span class=\"card__text\"><p>Paramahamsa Vishwananda hat im Juni 2023 im neuen deutschen Ashram in Kirchheim den Sri Vitthal Dham Mandir eingeweiht. Es finden t\u00e4gliche Gebete und Rituale nach der Vaishnava-Tradition statt.<\/p>\n<p>Hier kannst du mehr erfahren:<\/p>\n<\/span>\n                                                    <a href=\"https:\/\/sri-vitthal-dham.de\/tempel\/\" target=\"_blank\">\n                                <p class=\"button button--outline button--outline--white\">BESUCHE UNS<\/p>\n                            <\/a>\n                                                                            <a href=\"https:\/\/bhaktimarga.de\/connect\/\" target=\"_self\">\n                                <p class=\"button button--outline button--outline--white\">KONTAKTIERE UNS<\/p>\n                            <\/a>\n                                            <\/div>\n                    <div class=\"card__image-container\">\n                                                    <img decoding=\"async\" src=\"https:\/\/country.bhaktimarga.org\/de\/wp-content\/uploads\/sites\/6\/2024\/10\/53322084526_8388055068_o-scaled-e1727949369529.jpg\" alt=\"\">\n                                            <\/div>\n                <\/div>\n\n                \n                <div\n                                        class=\"cards__card card--beige\"\n                >\n                    <div class=\"card__content\">\n                        <h3 class=\"card__title\">SHRI GIRIDHARI TEMPEL<\/h3>\n                        <span class=\"card__text\"><p>Der Bhakti Marga Shri Radha Giridhari Tempel in Gelnhausen wurde am 01.12.2019 eingeweiht. Die Hauptgottheiten sind Radha und Krishna.<\/p>\n<\/span>\n                                                    <a href=\"https:\/\/www.google.com\/maps\/place\/Weinbergstra%C3%9Fe+10,+63571+Gelnhausen\/@50.2094087,9.1556555,101m\/data=!3m1!1e3!4m6!3m5!1s0x47bd2443d41d6bcd:0x5f4623a0e69ae55e!8m2!3d50.2093843!4d9.1559386!16s%2Fg%2F11c2709w8r?entry=ttu&#038;g_ep=EgoyMDI0MDkwNC4wIKXMDSoASAFQAw%3D%3D\" target=\"_blank\">\n                                <p class=\"button button--outline button--outline--blue\">BESUCHE UNS<\/p>\n                            <\/a>\n                                                                            <a href=\"mailto:arthanishwari@bhaktimarga.de\" target=\"_self\">\n                                <p class=\"button button--outline button--outline--blue\">KONTAKTIERE UNS<\/p>\n                            <\/a>\n                                            <\/div>\n                    <div class=\"card__image-container\">\n                                                    <img decoding=\"async\" src=\"https:\/\/country.bhaktimarga.org\/de\/wp-content\/uploads\/sites\/6\/2024\/09\/radha-giridhari-tempel-e1727949426159.jpg\" alt=\"\">\n                                            <\/div>\n                <\/div>\n\n                    <\/div>\n<\/section>\n","protected":false},"excerpt":{"rendered":"","protected":false},"author":1,"featured_media":0,"parent":0,"menu_order":0,"comment_status":"closed","ping_status":"closed","template":"","meta":{"_acf_changed":false,"inline_featured_image":false,"footnotes":""},"class_list":["post-6272","page","type-page","status-publish","hentry"],"acf":[],"_links":{"self":[{"href":"https:\/\/country.bhaktimarga.org\/de\/wp-json\/wp\/v2\/pages\/6272","targetHints":{"allow":["GET"]}}],"collection":[{"href":"https:\/\/country.bhaktimarga.org\/de\/wp-json\/wp\/v2\/pages"}],"about":[{"href":"https:\/\/country.bhaktimarga.org\/de\/wp-json\/wp\/v2\/types\/page"}],"author":[{"embeddable":true,"href":"https:\/\/country.bhaktimarga.org\/de\/wp-json\/wp\/v2\/users\/1"}],"replies":[{"embeddable":true,"href":"https:\/\/country.bhaktimarga.org\/de\/wp-json\/wp\/v2\/comments?post=6272"}],"version-history":[{"count":30,"href":"https:\/\/country.bhaktimarga.org\/de\/wp-json\/wp\/v2\/pages\/6272\/revisions"}],"predecessor-version":[{"id":7806,"href":"https:\/\/country.bhaktimarga.org\/de\/wp-json\/wp\/v2\/pages\/6272\/revisions\/7806"}],"wp:attachment":[{"href":"https:\/\/country.bhaktimarga.org\/de\/wp-json\/wp\/v2\/media?parent=6272"}],"curies":[{"name":"wp","href":"https:\/\/api.w.org\/{rel}","templated":true}]}}