{"id":6310,"date":"2024-09-13T14:03:58","date_gmt":"2024-09-13T13:03:58","guid":{"rendered":"https:\/\/country.bhaktimarga.org\/de\/?page_id=6310"},"modified":"2025-05-15T09:45:26","modified_gmt":"2025-05-15T08:45:26","slug":"hari-bhakta-shop","status":"publish","type":"page","link":"https:\/\/country.bhaktimarga.org\/de\/ashram-sri-vitthal-dham\/hari-bhakta-shop\/","title":{"rendered":"Hari Bhakta Shop"},"content":{"rendered":"\n<section class=\"hero-image\">\n    <div class=\"hero-image__container\">\n        <img decoding=\"async\" class=\"hero-image__background object-fit-cover\" src=\"https:\/\/country.bhaktimarga.org\/de\/wp-content\/uploads\/sites\/6\/2024\/09\/bhakti-shop-svd-hero.jpg\" alt=\"\">\n            <\/div>\n    <div class=\"hero-image__content container\">\n        <h1>lass dich inspirieren<\/h1>\n    <\/div>\n<\/section>\n\n<style>\n    <\/style>\n\n\n<section class=\"intro-text-icon\">\n    <div class=\"container\">\n        <div class=\"intro-text-icon__container\" style=\"background-color: #F8E5BE;\">\n            <img decoding=\"async\" src=\"https:\/\/country.bhaktimarga.org\/de\/wp-content\/uploads\/sites\/6\/2023\/12\/lotus-icon.png\">\n            <div class=\"intro-text-icon__content\">\n                <span class=\"intro-text-icon__text\"><p>Nimm dir eine kleine Auszeit und lass dich in unserem Shop inspirieren. Wir haben f\u00fcr dich eine gro\u00dfe Auswahl an B\u00fcchern, Kleidung, Schmuck, rituellen Gegenst\u00e4nden und noch Vielem mehr zusammengestellt, das dich auf deinem Weg begleiten und dich in deiner spirituellen Praxis unterst\u00fctzen kann.<\/p>\n<p>Hier kannst du entspannt zwischen den Regalen st\u00f6bern, Kleidung anprobieren, in den B\u00fcchern schm\u00f6kern und eintauchen in unser reichhaltiges Angebot. Komm vorbei und lass dich \u00fcberraschen, was wir f\u00fcr dich bereithalten!<\/p>\n<\/span>\n                            <\/div>\n        <\/div>\n    <\/div>\n<\/section>\n\n\n<section class=\"images-grid\" id=\"stay-with-us\">\n    <div class=\"container grid-3-auto\">\n        <img decoding=\"async\" class=\"object-fit-cover\" src=\"https:\/\/country.bhaktimarga.org\/de\/wp-content\/uploads\/sites\/6\/2024\/09\/bhakti-shop-svd-01.jpg\" alt=\"\"><img decoding=\"async\" class=\"object-fit-cover\" src=\"https:\/\/country.bhaktimarga.org\/de\/wp-content\/uploads\/sites\/6\/2024\/09\/bhakti-shop-svd-02.jpg\" alt=\"\"><img decoding=\"async\" class=\"object-fit-cover\" src=\"https:\/\/country.bhaktimarga.org\/de\/wp-content\/uploads\/sites\/6\/2024\/09\/bhakti-shop-svd-03.jpg\" alt=\"\">    <\/div>\n<\/section>\n\n\n\n<div class=\"container\">\n    <div class=\"text-750\">\n        <h4>Unser Sortiment besteht aus:<\/h4>\n        \n        <ul class=\"dotted-list\">\n            <li>Kleidung<\/li>\n            <li>Literatur<\/li>\n            <li>CD\u00b4s<\/li>\n            <li>rituelle Gegenst\u00e4nde f\u00fcr Zeremonien<\/li>\n            <li>Deities<\/li>\n            <li>Schmuck<\/li>\n            <li>Dekoartikel<\/li>\n            <li>Kosmetik<\/li>\n            <li>und noch vieles mehr<\/li>\n            <li>Sprich uns einfach an, wir beraten dich gerne!<\/li>\n        <\/ul>\n    <br>\n<br>\n<br>\n   <h4>\u00d6ffnungszeiten Bhakti Shop<\/h4>\n        <p>Montag bis Sonntag 14 \u2013 17 Uhr<\/p>\n        \n        <p>Besondere \u00d6ffnungszeiten bei Veranstaltungen<\/p>\n    <\/div>\n<\/div>\n","protected":false},"excerpt":{"rendered":"<p>Unser Sortiment besteht aus: Kleidung Literatur CD\u00b4s rituelle Gegenst\u00e4nde f\u00fcr Zeremonien Deities Schmuck Dekoartikel Kosmetik und noch vieles mehr Sprich uns einfach an, wir beraten dich gerne! \u00d6ffnungszeiten Bhakti Shop Montag bis Sonntag 14 \u2013 17 Uhr Besondere \u00d6ffnungszeiten bei Veranstaltungen<\/p>\n","protected":false},"author":1,"featured_media":0,"parent":2524,"menu_order":0,"comment_status":"closed","ping_status":"closed","template":"","meta":{"_acf_changed":false,"inline_featured_image":false,"footnotes":""},"class_list":["post-6310","page","type-page","status-publish","hentry"],"acf":[],"_links":{"self":[{"href":"https:\/\/country.bhaktimarga.org\/de\/wp-json\/wp\/v2\/pages\/6310","targetHints":{"allow":["GET"]}}],"collection":[{"href":"https:\/\/country.bhaktimarga.org\/de\/wp-json\/wp\/v2\/pages"}],"about":[{"href":"https:\/\/country.bhaktimarga.org\/de\/wp-json\/wp\/v2\/types\/page"}],"author":[{"embeddable":true,"href":"https:\/\/country.bhaktimarga.org\/de\/wp-json\/wp\/v2\/users\/1"}],"replies":[{"embeddable":true,"href":"https:\/\/country.bhaktimarga.org\/de\/wp-json\/wp\/v2\/comments?post=6310"}],"version-history":[{"count":16,"href":"https:\/\/country.bhaktimarga.org\/de\/wp-json\/wp\/v2\/pages\/6310\/revisions"}],"predecessor-version":[{"id":8960,"href":"https:\/\/country.bhaktimarga.org\/de\/wp-json\/wp\/v2\/pages\/6310\/revisions\/8960"}],"up":[{"embeddable":true,"href":"https:\/\/country.bhaktimarga.org\/de\/wp-json\/wp\/v2\/pages\/2524"}],"wp:attachment":[{"href":"https:\/\/country.bhaktimarga.org\/de\/wp-json\/wp\/v2\/media?parent=6310"}],"curies":[{"name":"wp","href":"https:\/\/api.w.org\/{rel}","templated":true}]}}