{"id":7174,"date":"2024-10-12T10:50:31","date_gmt":"2024-10-12T09:50:31","guid":{"rendered":"https:\/\/country.bhaktimarga.org\/de\/?page_id=7174"},"modified":"2024-10-17T21:01:20","modified_gmt":"2024-10-17T20:01:20","slug":"unsere-raumlichkeiten-svd","status":"publish","type":"page","link":"https:\/\/country.bhaktimarga.org\/de\/ashram-sri-vitthal-dham\/unsere-raumlichkeiten-svd\/","title":{"rendered":"Unsere R\u00e4umlichkeiten SVD"},"content":{"rendered":"\n<section class=\"hero-image\">\n    <div class=\"hero-image__container\">\n        <img decoding=\"async\" class=\"hero-image__background object-fit-cover\" src=\"https:\/\/country.bhaktimarga.org\/de\/wp-content\/uploads\/sites\/6\/2024\/10\/Screenshot-2023-01-24-at-19.08.05-scaled.jpg\" alt=\"\">\n            <\/div>\n    <div class=\"hero-image__content container\">\n        <h1>Ihr Event &#8211; in Traumlage am eigenen See<\/h1>\n    <\/div>\n<\/section>\n\n<style>\n    <\/style>\n\n\n<section class=\"intro-text-icon\">\n    <div class=\"container\">\n        <div class=\"intro-text-icon__container\" style=\"background-color: #F8E5BE;\">\n            <img decoding=\"async\" src=\"https:\/\/country.bhaktimarga.org\/de\/wp-content\/uploads\/sites\/6\/2023\/12\/lotus-icon.png\">\n            <div class=\"intro-text-icon__content\">\n                <span class=\"intro-text-icon__text\"><p class=\"p2\">Hier finden die Teilnehmer deiner Seminare und Events Abstand vom Alltag \u2013 Entschleunigen und Auftanken in der Natur. Der optimale Ort f\u00fcr deine gelungene Veranstaltung, in angenehmer Atmosph\u00e4re, einfach rundum wohlf\u00fchlen und die Seele baumeln lassen.<\/p>\n<p class=\"p2\">Alle unsere Tagungs- und Seminarr\u00e4ume k\u00f6nnen f\u00fcr deine Veranstaltungen und Events angemietet werden. Der Ashram bietet mit vegetarisch-veganer Verpflegung den geeigneten Rahmen, so dass sich deine G\u00e4ste und Teilnehmer wohlf\u00fchlen und genie\u00dfen k\u00f6nnen.<\/p>\n<\/span>\n                                    <a href=\"#contact-form\" target=\"\">\n                        <p class=\"button button--outline button--outline--dark-gold\">KONTAKTIERE UNS<\/p>\n                    <\/a>\n                            <\/div>\n        <\/div>\n    <\/div>\n<\/section>\n\n\n<section class=\"cards-image-carousel\">\n    <div class=\"container\">\n                    <div\n                     \n                    class=\"cards-image-carousel__card\"\n                >\n                    <div class=\"card__content\">\n                        <h3 class=\"card__title\">GRO\u00dfE EVENTHALLE<\/h3>\n                        <p>Die gro\u00dfe Eventhalle eignet sich f\u00fcr gro\u00dfe Events und Veranstaltungen &#8230;<\/p>\n<p><strong>Informationen zum Raum<\/strong><\/p>\n<ul>\n<li>Kapazit\u00e4t: bis zu 1800 Personen<\/li>\n<li>Gr\u00f6\u00dfe: ?? m\u00b2<\/li>\n<li>Boden: Teppich<\/li>\n<li>Bestuhlung: St\u00fchle<\/li>\n<li>Preis halber Tag: ??? \u20ac<\/li>\n<li>Preis ganzer Tag: ??? \u20ac<\/li>\n<\/ul>\n                                            <\/div>\n                    <div class=\"card__image-container carousel-container\">\n                        <div class=\"carousel\">\n                                                                    <img decoding=\"async\" class=\"card__image\" src=\"https:\/\/country.bhaktimarga.org\/de\/wp-content\/uploads\/sites\/6\/2024\/10\/2024-04-26-p-0637.jpg\" alt=\"\">\n                                                                                <img decoding=\"async\" class=\"card__image\" src=\"https:\/\/country.bhaktimarga.org\/de\/wp-content\/uploads\/sites\/6\/2024\/10\/2024-04-26-p-0970.jpg\" alt=\"\">\n                                                                                <img decoding=\"async\" class=\"card__image\" src=\"https:\/\/country.bhaktimarga.org\/de\/wp-content\/uploads\/sites\/6\/2024\/10\/2024-04-26-p-0972.jpg\" alt=\"\">\n                                                                                <img decoding=\"async\" class=\"card__image\" src=\"https:\/\/country.bhaktimarga.org\/de\/wp-content\/uploads\/sites\/6\/2024\/10\/2024-04-26-p-0634.jpg\" alt=\"\">\n                                                                                <img decoding=\"async\" class=\"card__image\" src=\"https:\/\/country.bhaktimarga.org\/de\/wp-content\/uploads\/sites\/6\/2024\/10\/2024-04-26-p-0640.jpg\" alt=\"\">\n                                                                                <img decoding=\"async\" class=\"card__image\" src=\"https:\/\/country.bhaktimarga.org\/de\/wp-content\/uploads\/sites\/6\/2024\/10\/2024-04-26-p-0968.jpg\" alt=\"\">\n                                                                                <img decoding=\"async\" class=\"card__image\" src=\"https:\/\/country.bhaktimarga.org\/de\/wp-content\/uploads\/sites\/6\/2024\/10\/2024-04-26-p-0969.jpg\" alt=\"\">\n                                                                <\/div>\n                    <\/div>\n                <\/div>\n                                <div\n                     \n                    class=\"cards-image-carousel__card\"\n                >\n                    <div class=\"card__content\">\n                        <h3 class=\"card__title\">HANUMAN-LICHTHALLE<\/h3>\n                        <p>Um die G\u00e4ste f\u00fcr Events in der Eventhalle oder im Rukmini-Raum zu empfangen, f\u00fcr Pausen, f\u00fcr Registration und Ticketverkauf&#8230;<\/p>\n<p><strong>Informationen zum Raum<\/strong><\/p>\n<ul>\n<li>Kapazit\u00e4t: bis zu 100 Personen<\/li>\n<li>Gr\u00f6\u00dfe: ?? m\u00b2<\/li>\n<li>Boden: Teppich<\/li>\n<li>Bestuhlung: Stehtische, Tische und St\u00fchle f\u00fcr Registration<\/li>\n<li>Preis halber Tag: ??? \u20ac<\/li>\n<li>Preis ganzer Tag: ??? \u20ac<\/li>\n<\/ul>\n                                            <\/div>\n                    <div class=\"card__image-container carousel-container\">\n                        <div class=\"carousel\">\n                                                                    <img decoding=\"async\" class=\"card__image\" src=\"https:\/\/country.bhaktimarga.org\/de\/wp-content\/uploads\/sites\/6\/2024\/10\/2024-04-26-p-0530.jpg\" alt=\"\">\n                                                                                <img decoding=\"async\" class=\"card__image\" src=\"https:\/\/country.bhaktimarga.org\/de\/wp-content\/uploads\/sites\/6\/2024\/10\/2024-04-26-p-0526.jpg\" alt=\"\">\n                                                                                <img decoding=\"async\" class=\"card__image\" src=\"https:\/\/country.bhaktimarga.org\/de\/wp-content\/uploads\/sites\/6\/2024\/10\/2024-04-26-p-0824.jpg\" alt=\"\">\n                                                                <\/div>\n                    <\/div>\n                <\/div>\n                                <div\n                     \n                    class=\"cards-image-carousel__card\"\n                >\n                    <div class=\"card__content\">\n                        <h3 class=\"card__title\">RUKMINI-RAUM MIT SEEBLICK<\/h3>\n                        <p>Der ger\u00e4umige Seminarraum hat einen direkten Zugang nach drau\u00dfen und gro\u00dfe Fenster, die frische Luft hereinlassen, ideal f\u00fcr erholsame Pausen. Der Raum ist mit unterschiedlichen Sitzgelegenheiten m\u00f6bliert und bietet reichlich Platz f\u00fcr Yogakurse und andere Bewegungsworkshops.<\/p>\n<p><strong>Informationen zum Raum<\/strong><\/p>\n<ul>\n<li>Kapazit\u00e4t: bis zu 150 Personen<\/li>\n<li>Gr\u00f6\u00dfe: ?? m\u00b2<\/li>\n<li>Boden: Teppich<\/li>\n<li>Bestuhlung: Klassenzimmer-, Theater- oder Rundbestuhlung, St\u00fchle, Sitzkissen<\/li>\n<li>Preis halber Tag: ??? \u20ac<\/li>\n<li>Preis ganzer Tag: ??? \u20ac<\/li>\n<\/ul>\n                                            <\/div>\n                    <div class=\"card__image-container carousel-container\">\n                        <div class=\"carousel\">\n                                                                    <img decoding=\"async\" class=\"card__image\" src=\"https:\/\/country.bhaktimarga.org\/de\/wp-content\/uploads\/sites\/6\/2024\/10\/2024-04-26-p-0743-1.jpg\" alt=\"\">\n                                                                                <img decoding=\"async\" class=\"card__image\" src=\"https:\/\/country.bhaktimarga.org\/de\/wp-content\/uploads\/sites\/6\/2024\/10\/2024-04-26-p-0744.jpg\" alt=\"\">\n                                                                                <img decoding=\"async\" class=\"card__image\" src=\"https:\/\/country.bhaktimarga.org\/de\/wp-content\/uploads\/sites\/6\/2024\/10\/2024-04-26-p-0504.jpg\" alt=\"\">\n                                                                                <img decoding=\"async\" class=\"card__image\" src=\"https:\/\/country.bhaktimarga.org\/de\/wp-content\/uploads\/sites\/6\/2024\/10\/2024-04-26-p-0500.jpg\" alt=\"\">\n                                                                                <img decoding=\"async\" class=\"card__image\" src=\"https:\/\/country.bhaktimarga.org\/de\/wp-content\/uploads\/sites\/6\/2024\/10\/2024-04-26-p-0746.jpg\" alt=\"\">\n                                                                <\/div>\n                    <\/div>\n                <\/div>\n                                <div\n                     \n                    class=\"cards-image-carousel__card\"\n                >\n                    <div class=\"card__content\">\n                        <h3 class=\"card__title\">ANNAPURNA-SPEISESAAL MIT GALERIE<\/h3>\n                        <p>Der Annapurna Speisesaal&#8230;.<\/p>\n<p><strong>Informationen zum Raum<\/strong><\/p>\n<ul>\n<li>Kapazit\u00e4t: bis zu 280 Personen<\/li>\n<li>Gr\u00f6\u00dfe: ?? m\u00b2<\/li>\n<li>Boden:<\/li>\n<li>Bestuhlung: Tische und St\u00fchle, B\u00e4nke<\/li>\n<li>Preis halber Tag: ??? \u20ac<\/li>\n<li>Preis ganzer Tag: ??? \u20ac<\/li>\n<\/ul>\n                                            <\/div>\n                    <div class=\"card__image-container carousel-container\">\n                        <div class=\"carousel\">\n                                                                    <img decoding=\"async\" class=\"card__image\" src=\"https:\/\/country.bhaktimarga.org\/de\/wp-content\/uploads\/sites\/6\/2024\/10\/2024-04-26-p-0903.jpg\" alt=\"\">\n                                                                                <img decoding=\"async\" class=\"card__image\" src=\"https:\/\/country.bhaktimarga.org\/de\/wp-content\/uploads\/sites\/6\/2024\/10\/2024-04-26-p-0668.jpg\" alt=\"\">\n                                                                                <img decoding=\"async\" class=\"card__image\" src=\"https:\/\/country.bhaktimarga.org\/de\/wp-content\/uploads\/sites\/6\/2024\/10\/2024-04-26-p-0899.jpg\" alt=\"\">\n                                                                                <img decoding=\"async\" class=\"card__image\" src=\"https:\/\/country.bhaktimarga.org\/de\/wp-content\/uploads\/sites\/6\/2024\/10\/2024-04-26-p-0663.jpg\" alt=\"\">\n                                                                                <img decoding=\"async\" class=\"card__image\" src=\"https:\/\/country.bhaktimarga.org\/de\/wp-content\/uploads\/sites\/6\/2024\/10\/2024-04-26-p-0659.jpg\" alt=\"\">\n                                                                                <img decoding=\"async\" class=\"card__image\" src=\"https:\/\/country.bhaktimarga.org\/de\/wp-content\/uploads\/sites\/6\/2024\/10\/2024-04-26-p-0661.jpg\" alt=\"\">\n                                                                                <img decoding=\"async\" class=\"card__image\" src=\"https:\/\/country.bhaktimarga.org\/de\/wp-content\/uploads\/sites\/6\/2024\/10\/2024-04-26-p-0662.jpg\" alt=\"\">\n                                                                <\/div>\n                    <\/div>\n                <\/div>\n                                <div\n                     \n                    class=\"cards-image-carousel__card\"\n                >\n                    <div class=\"card__content\">\n                        <h3 class=\"card__title\">WINTERGARTEN MIT AUSSENTERRASSE<\/h3>\n                        <p>In unserem Wintergarten mit Aussenterrasse&#8230;&#8230;&#8230;<\/p>\n<p><strong>Informationen zum Raum<\/strong><\/p>\n<ul>\n<li>Kapazit\u00e4t: bis zu 60 Personen<\/li>\n<li>Gr\u00f6\u00dfe: ?? m\u00b2<\/li>\n<li>Boden:<\/li>\n<li>Bestuhlung: Tische und St\u00fchle, B\u00e4nke, Sonnenschirme<\/li>\n<li>Preis halber Tag: ??? \u20ac<\/li>\n<li>Preis ganzer Tag: ??? \u20ac<\/li>\n<\/ul>\n                                            <\/div>\n                    <div class=\"card__image-container carousel-container\">\n                        <div class=\"carousel\">\n                                                                    <img decoding=\"async\" class=\"card__image\" src=\"https:\/\/country.bhaktimarga.org\/de\/wp-content\/uploads\/sites\/6\/2024\/10\/2024-04-26-p-0656.jpg\" alt=\"\">\n                                                                                <img decoding=\"async\" class=\"card__image\" src=\"https:\/\/country.bhaktimarga.org\/de\/wp-content\/uploads\/sites\/6\/2024\/10\/2024-04-26-p-0655.jpg\" alt=\"\">\n                                                                                <img decoding=\"async\" class=\"card__image\" src=\"https:\/\/country.bhaktimarga.org\/de\/wp-content\/uploads\/sites\/6\/2024\/10\/2024-04-26-p-0654.jpg\" alt=\"\">\n                                                                                <img decoding=\"async\" class=\"card__image\" src=\"https:\/\/country.bhaktimarga.org\/de\/wp-content\/uploads\/sites\/6\/2024\/10\/2024-04-26-p-0889.jpg\" alt=\"\">\n                                                                <\/div>\n                    <\/div>\n                <\/div>\n                                <div\n                     \n                    class=\"cards-image-carousel__card\"\n                >\n                    <div class=\"card__content\">\n                        <h3 class=\"card__title\">RANGANATH-STRANDCAF\u00c9 MIT B\u00dcHNE, SEPARATER LOUNGE UND AUSSENTERRASSE<\/h3>\n                        <p>In unserem Strandcaf\u00e9&#8230;.<\/p>\n<p><strong>Informationen zum Raum<\/strong><\/p>\n<ul>\n<li>Kapazit\u00e4t: bis zu 80 Personen<\/li>\n<li>Gr\u00f6\u00dfe: ?? m\u00b2<\/li>\n<li>Boden:<\/li>\n<li>Bestuhlung: Tische und St\u00fchle, Sonnenschirme, &#8230;<\/li>\n<li>Preis halber Tag: ??? \u20ac<\/li>\n<li>Preis ganzer Tag: ??? \u20ac<\/li>\n<\/ul>\n                                            <\/div>\n                    <div class=\"card__image-container carousel-container\">\n                        <div class=\"carousel\">\n                                                                    <img decoding=\"async\" class=\"card__image\" src=\"https:\/\/country.bhaktimarga.org\/de\/wp-content\/uploads\/sites\/6\/2024\/10\/2024-04-26-p-0937.jpg\" alt=\"\">\n                                                                                <img decoding=\"async\" class=\"card__image\" src=\"https:\/\/country.bhaktimarga.org\/de\/wp-content\/uploads\/sites\/6\/2024\/10\/2024-04-26-p-0714-e1728642907194.jpg\" alt=\"\">\n                                                                                <img decoding=\"async\" class=\"card__image\" src=\"https:\/\/country.bhaktimarga.org\/de\/wp-content\/uploads\/sites\/6\/2024\/10\/IMG_6332-scaled.jpeg\" alt=\"\">\n                                                                                <img decoding=\"async\" class=\"card__image\" src=\"https:\/\/country.bhaktimarga.org\/de\/wp-content\/uploads\/sites\/6\/2024\/06\/svd-strandcafe-00.jpg\" alt=\"\">\n                                                                                <img decoding=\"async\" class=\"card__image\" src=\"https:\/\/country.bhaktimarga.org\/de\/wp-content\/uploads\/sites\/6\/2024\/06\/svd-strandcafe-02.jpg\" alt=\"\">\n                                                                <\/div>\n                    <\/div>\n                <\/div>\n                                <div\n                     \n                    class=\"cards-image-carousel__card\"\n                >\n                    <div class=\"card__content\">\n                        <h3 class=\"card__title\">TULSI DEVI-RAUM MIT INNENHOF<\/h3>\n                        <p>Der Seminarraum befindet sich im Untergeschoss und verf\u00fcgt \u00fcber einen direkten Zugang zum kleinen Innenhof. Er ist ideal f\u00fcr kleine Gruppen, Teams oder Vorstandssitzungen und ist mit einem gro\u00dfen Videomonitor, einem Flipchart sowie einem Tisch und St\u00fchlen im Stil eines Sitzungssaals ausgestattet.<\/p>\n<p><strong>Informationen zum Raum<\/strong><\/p>\n<ul>\n<li>Kapazit\u00e4t: bis zu 150 (?) Personen<\/li>\n<li>Gr\u00f6\u00dfe: ?? m\u00b2<\/li>\n<li>Boden: Teppich<\/li>\n<li>Bestuhlung: Klassenzimmer oder Theater, Tische und St\u00fchle, Sitzkissen, Bodenmatten<\/li>\n<li>Preis halber Tag: ?? \u20ac<\/li>\n<li>Preis ganzer Tag: ??? \u20ac<\/li>\n<\/ul>\n                                            <\/div>\n                    <div class=\"card__image-container carousel-container\">\n                        <div class=\"carousel\">\n                                                                    <img decoding=\"async\" class=\"card__image\" src=\"https:\/\/country.bhaktimarga.org\/de\/wp-content\/uploads\/sites\/6\/2024\/10\/2024-04-26-p-0848-1.jpg\" alt=\"\">\n                                                                                <img decoding=\"async\" class=\"card__image\" src=\"https:\/\/country.bhaktimarga.org\/de\/wp-content\/uploads\/sites\/6\/2024\/10\/2024-04-26-p-0553.jpg\" alt=\"\">\n                                                                <\/div>\n                    <\/div>\n                <\/div>\n                                <div\n                     \n                    class=\"cards-image-carousel__card\"\n                >\n                    <div class=\"card__content\">\n                        <h3 class=\"card__title\">NARAYANA-RAUM<\/h3>\n                        <p>Seminarraum &#8230;.<\/p>\n<p><strong>Informationen zum Raum<\/strong><\/p>\n<ul>\n<li>Kapazit\u00e4t: bis zu 40 Personen<\/li>\n<li>Gr\u00f6\u00dfe: ?? m\u00b2<\/li>\n<li>Boden:<\/li>\n<li>Bestuhlung: Tische und St\u00fchle, Matten, Bodensitzkissen<\/li>\n<li>Preis halber Tag: ??? \u20ac<\/li>\n<li>Preis ganzer Tag: ??? \u20ac<\/li>\n<\/ul>\n                                            <\/div>\n                    <div class=\"card__image-container carousel-container\">\n                        <div class=\"carousel\">\n                                                                    <img decoding=\"async\" class=\"card__image\" src=\"https:\/\/country.bhaktimarga.org\/de\/wp-content\/uploads\/sites\/6\/2024\/10\/2024-04-26-p-0686-e1728725573261.jpg\" alt=\"\">\n                                                                                <img decoding=\"async\" class=\"card__image\" src=\"https:\/\/country.bhaktimarga.org\/de\/wp-content\/uploads\/sites\/6\/2024\/10\/2024-04-26-p-0687.jpg\" alt=\"\">\n                                                                                <img decoding=\"async\" class=\"card__image\" src=\"https:\/\/country.bhaktimarga.org\/de\/wp-content\/uploads\/sites\/6\/2024\/10\/2024-04-26-p-0691-e1728725799637.jpg\" alt=\"\">\n                                                                <\/div>\n                    <\/div>\n                <\/div>\n                                <div\n                     \n                    class=\"cards-image-carousel__card\"\n                >\n                    <div class=\"card__content\">\n                        <h3 class=\"card__title\">BABAJI-RAUM<\/h3>\n                        <p>Kleiner Seminarraum&#8230;.<\/p>\n<p><strong>Informationen zum Raum<\/strong><\/p>\n<ul>\n<li>Kapazit\u00e4t: bis zu 40 Personen<\/li>\n<li>Gr\u00f6\u00dfe: ?? m\u00b2<\/li>\n<li>Boden: Teppich<\/li>\n<li>Bestuhlung: Tische und St\u00fchle, Matten, Bodensitzkissen<\/li>\n<li>Preis halber Tag: ??? \u20ac<\/li>\n<li>Preis ganzer Tag: ??? \u20ac<\/li>\n<\/ul>\n                                            <\/div>\n                    <div class=\"card__image-container carousel-container\">\n                        <div class=\"carousel\">\n                                                                    <img decoding=\"async\" class=\"card__image\" src=\"https:\/\/country.bhaktimarga.org\/de\/wp-content\/uploads\/sites\/6\/2024\/10\/2024-04-26-p-0559.jpg\" alt=\"\">\n                                                                                <img decoding=\"async\" class=\"card__image\" src=\"https:\/\/country.bhaktimarga.org\/de\/wp-content\/uploads\/sites\/6\/2024\/10\/2024-04-26-p-0561.jpg\" alt=\"\">\n                                                                <\/div>\n                    <\/div>\n                <\/div>\n                                <div\n                     \n                    class=\"cards-image-carousel__card\"\n                >\n                    <div class=\"card__content\">\n                        <h3 class=\"card__title\">SHIVA-AUDITORIUM<\/h3>\n                        <p>Im Shiva-Auditorium &#8230;..<\/p>\n<p><strong>Informationen zum Raum<\/strong><\/p>\n<ul>\n<li>Kapazit\u00e4t: bis zu 50 Personen<\/li>\n<li>Gr\u00f6\u00dfe: ?? m\u00b2<\/li>\n<li>Boden: Teppich<\/li>\n<li>Bestuhlung: Sofas<\/li>\n<li>Preis halber Tag: ??? \u20ac<\/li>\n<li>Preis ganzer Tag: ??? \u20ac<\/li>\n<\/ul>\n                                            <\/div>\n                    <div class=\"card__image-container carousel-container\">\n                        <div class=\"carousel\">\n                                                    <\/div>\n                    <\/div>\n                <\/div>\n                                <div\n                     \n                    class=\"cards-image-carousel__card\"\n                >\n                    <div class=\"card__content\">\n                        <h3 class=\"card__title\">SARASWATI-MUSIKRAUM<\/h3>\n                        <p>Im Saraswati-Musikraum<\/p>\n<p><strong>Informationen zum Raum<\/strong><\/p>\n<ul>\n<li>Kapazit\u00e4t: bis zu 30 Personen<\/li>\n<li>Gr\u00f6\u00dfe: ?? m\u00b2<\/li>\n<li>Boden: Teppich<\/li>\n<li>Bestuhlung: Tische, St\u00fchle, Bodensitzkissen<\/li>\n<li>Preis halber Tag: ??? \u20ac<\/li>\n<li>Preis ganzer Tag: ??? \u20ac<\/li>\n<\/ul>\n                                            <\/div>\n                    <div class=\"card__image-container carousel-container\">\n                        <div class=\"carousel\">\n                                                                    <img decoding=\"async\" class=\"card__image\" src=\"https:\/\/country.bhaktimarga.org\/de\/wp-content\/uploads\/sites\/6\/2024\/10\/2024-04-26-p-0537.jpg\" alt=\"\">\n                                                                                <img decoding=\"async\" class=\"card__image\" src=\"https:\/\/country.bhaktimarga.org\/de\/wp-content\/uploads\/sites\/6\/2024\/10\/2024-04-26-p-0533.jpg\" alt=\"\">\n                                                                                <img decoding=\"async\" class=\"card__image\" src=\"https:\/\/country.bhaktimarga.org\/de\/wp-content\/uploads\/sites\/6\/2024\/10\/2024-04-26-p-0531.jpg\" alt=\"\">\n                                                                                <img decoding=\"async\" class=\"card__image\" src=\"https:\/\/country.bhaktimarga.org\/de\/wp-content\/uploads\/sites\/6\/2024\/10\/2024-04-26-p-0831.jpg\" alt=\"\">\n                                                                <\/div>\n                    <\/div>\n                <\/div>\n                    <\/div>\n<\/section>\n","protected":false},"excerpt":{"rendered":"","protected":false},"author":26,"featured_media":0,"parent":2524,"menu_order":0,"comment_status":"closed","ping_status":"closed","template":"","meta":{"_acf_changed":false,"inline_featured_image":false,"footnotes":""},"class_list":["post-7174","page","type-page","status-publish","hentry"],"acf":[],"_links":{"self":[{"href":"https:\/\/country.bhaktimarga.org\/de\/wp-json\/wp\/v2\/pages\/7174","targetHints":{"allow":["GET"]}}],"collection":[{"href":"https:\/\/country.bhaktimarga.org\/de\/wp-json\/wp\/v2\/pages"}],"about":[{"href":"https:\/\/country.bhaktimarga.org\/de\/wp-json\/wp\/v2\/types\/page"}],"author":[{"embeddable":true,"href":"https:\/\/country.bhaktimarga.org\/de\/wp-json\/wp\/v2\/users\/26"}],"replies":[{"embeddable":true,"href":"https:\/\/country.bhaktimarga.org\/de\/wp-json\/wp\/v2\/comments?post=7174"}],"version-history":[{"count":14,"href":"https:\/\/country.bhaktimarga.org\/de\/wp-json\/wp\/v2\/pages\/7174\/revisions"}],"predecessor-version":[{"id":7601,"href":"https:\/\/country.bhaktimarga.org\/de\/wp-json\/wp\/v2\/pages\/7174\/revisions\/7601"}],"up":[{"embeddable":true,"href":"https:\/\/country.bhaktimarga.org\/de\/wp-json\/wp\/v2\/pages\/2524"}],"wp:attachment":[{"href":"https:\/\/country.bhaktimarga.org\/de\/wp-json\/wp\/v2\/media?parent=7174"}],"curies":[{"name":"wp","href":"https:\/\/api.w.org\/{rel}","templated":true}]}}