{"id":7728,"date":"2024-10-29T09:00:28","date_gmt":"2024-10-29T09:00:28","guid":{"rendered":"https:\/\/country.bhaktimarga.org\/de\/?page_id=7728"},"modified":"2025-02-07T20:40:21","modified_gmt":"2025-02-07T20:40:21","slug":"22-feb-2025","status":"publish","type":"page","link":"https:\/\/country.bhaktimarga.org\/de\/22-feb-2025\/","title":{"rendered":"Landingpage Darshan SVD"},"content":{"rendered":"\n<section class=\"hero-image\">\n    <div class=\"hero-image__container\">\n        <img decoding=\"async\" class=\"hero-image__background object-fit-cover\" src=\"https:\/\/country.bhaktimarga.org\/de\/wp-content\/uploads\/sites\/6\/2023\/09\/founder-paramahamsa-vishwananda-e1729416446446.webp\" alt=\"paramahamsa vishwananda, founder of bhakti marga, smiling\">\n            <\/div>\n    <div class=\"hero-image__content container\">\n        <h1><\/h1>\n    <\/div>\n<\/section>\n\n<style>\n    <\/style>\n\n\n<section class=\"intro-text-icon\">\n    <div class=\"container\">\n        <div class=\"intro-text-icon__container\" style=\"background-color: #F8E5BE;\">\n            <img decoding=\"async\" src=\"https:\/\/country.bhaktimarga.org\/de\/wp-content\/uploads\/sites\/6\/2023\/12\/paramahamsa-vishwananda-logo.png\">\n            <div class=\"intro-text-icon__content\">\n                <span class=\"intro-text-icon__text\"><h3>ERLEBE DEN SEGEN DER G\u00d6TTLICHEN LIEBE<\/h3>\n<p>Darshan\u00a0bedeutet \u201eSicht des G\u00f6ttlichen\u201d. Einen gottverwirklichten Meister zu sehen und von Ihm gesehen zu werden ist eine sehr seltene und wertvolle Gelegenheit. Paramahamsa Vishwanandas pers\u00f6nlicher Darshan ist ein einzigartiger Segen der g\u00f6ttlichen Liebe.<\/p>\n<\/span>\n                                    <a href=\"https:\/\/eventshop.bhaktimarga.de\/en\/products\/indischer-tag-und-darshan-22-februar-2025\" target=\"\">\n                        <p class=\"button button--outline button--outline--dark-gold\">Registriere dich jetzt<\/p>\n                    <\/a>\n                            <\/div>\n        <\/div>\n    <\/div>\n<\/section>\n\n\n<section class=\"cards\">\n    <div class=\"container\">\n    \n                <div\n                                        class=\"cards__card card--blue\"\n                >\n                    <div class=\"card__content\">\n                        <h3 class=\"card__title\">GENIESSE DAS ERLEBNIS<\/h3>\n                        <span class=\"card__text\"><p>\u201eWenn du zum Darshan kommst und ich in diesem Augenblick deine Seele anschaue, dann sehe ich dein Selbst, dein wahres Selbst. Und was ich sehe, ist die Sch\u00f6nheit dessen, was du in dir tr\u00e4gst. Ich m\u00f6chte, dass du dies auch wahrnimmst und f\u00fcr dich selbst erf\u00e4hrst.\u201c<\/p>\n<p>\u2014 Paramahamsa Vishwananda<\/p>\n<p>&nbsp;<\/p>\n<\/span>\n                                                    <a href=\"https:\/\/bhaktimarga.de\/paramahamsa-vishwananda\/\" target=\"_self\">\n                                <p class=\"button button--outline button--outline--white\">Erfahre mehr \u00fcber Paramahamsa Vishwananda<\/p>\n                            <\/a>\n                                                                    <\/div>\n                    <div class=\"card__image-container\">\n                                                    <img decoding=\"async\" src=\"https:\/\/country.bhaktimarga.org\/de\/wp-content\/uploads\/sites\/6\/2024\/10\/52146355978_cedf57277f_o-scaled-e1728736970936.jpg\" alt=\"\">\n                                            <\/div>\n                <\/div>\n\n                \n                <div\n                                        class=\"cards__card card--beige\"\n                >\n                    <div class=\"card__content\">\n                        <h3 class=\"card__title\">INDISCHES FR\u00dcHLINGSFEST<\/h3>\n                        <span class=\"card__text\"><p>Darshan ist ein festlicher Anlass mit Live-Musik,\u00a0 Sanskrit-Ges\u00e4ngen und dem Austausch von Erfahrungen durch ausgew\u00e4hlte Mitglieder des Publikums. Im Rahmen eines indischen Fr\u00fchlingsfestes wollen wir gemeinsam feiern, singen und einander zuh\u00f6ren \u2014 und das alles in der Gegenwart und mit dem Segen von Paramahamsa Vishwananda.<\/p>\n<p>Sei dabei, wenn Paramahamsa Vishwananda vom 02. bis zum 06. April 2026 in Sri Vitthal Dham ist!<\/p>\n<\/span>\n                                                    <a href=\"https:\/\/eventshop.bhaktimarga.de\/en\/products\/darshan-in-sri-vitthal-dham-april-2026\" target=\"_self\">\n                                <p class=\"button button--outline button--outline--blue\">Registriere dich jetzt<\/p>\n                            <\/a>\n                                                                    <\/div>\n                    <div class=\"card__image-container\">\n                                                    <img decoding=\"async\" src=\"https:\/\/country.bhaktimarga.org\/de\/wp-content\/uploads\/sites\/6\/2024\/10\/2023-06-19-p-1197-scaled.jpg\" alt=\"\">\n                                            <\/div>\n                <\/div>\n\n                \n                <div\n                                        class=\"cards__card card--blue\"\n                >\n                    <div class=\"card__content\">\n                        <h3 class=\"card__title\">WAS DICH ERWARTET<\/h3>\n                        <span class=\"card__text\"><p><u>Event Plan:<\/u><\/p>\n<ul>\n<li>Donnerstag, 02. April: Feierlichkeiten zu Ehren von Lord Hanuman<\/li>\n<li>Freitag, 03. April: spirituelle Musik und Bhajans<\/li>\n<li>Samstag und Sonntag, 04. &amp; 05. April: pers\u00f6nliche Segnung (Darshan) mit Paramahamsa Vishwananda, jeweils um 16 Uhr<\/li>\n<li>Montag, 06. April: Feuerzeremonie (Yaj\u00f1a) zu Sri Vitthala Giridhari Parabrahmane Namah<\/li>\n<\/ul>\n<p>&nbsp;<\/p>\n<p><u>Weitere Highlights:<\/u><\/p>\n<p>Spirituelle Vortr\u00e4ge \u2014 OM Chanting &amp; Kirtan \u2014 Indische K\u00f6stlichkeiten \u2014 Welcome Lounge<\/p>\n<p>&nbsp;<\/p>\n<\/span>\n                                                                    <\/div>\n                    <div class=\"card__image-container\">\n                                                    <img decoding=\"async\" src=\"https:\/\/country.bhaktimarga.org\/de\/wp-content\/uploads\/sites\/6\/2023\/06\/paramahamsa-vishwananda-accessibility.jpg\" alt=\"\">\n                                            <\/div>\n                <\/div>\n\n                    <\/div>\n<\/section>\n","protected":false},"excerpt":{"rendered":"<p>Darshan\u00a0bedeutet \u201eSicht des G\u00f6ttlichen\u201d. Einen gottverwirklichten Meister zu sehen und von Ihm gesehen zu werden ist eine sehr seltene und wertvolle Gelegenheit. Paramahamsa Vishwanandas pers\u00f6nlicher Darshan ist ein einzigartiger Segen der g\u00f6ttlichen Liebe.<\/p>\n<p>\u201eWenn du zum Darshan kommst und ich in diesem Augenblick deine Seele anschaue, dann sehe ich dein Selbst, dein wahres Selbst. Und was ich sehe, ist die Sch\u00f6nheit dessen, was du in dir tr\u00e4gst. Ich m\u00f6chte, dass du dies auch wahrnimmst und f\u00fcr dich selbst erf\u00e4hrst.\u201c<\/p>\n<p>\u2014 Paramahamsa Vishwananda<\/p>\n<p>Darshan ist ein festlicher Anlass mit Live-Musik,\u00a0 Sanskrit-Ges\u00e4ngen und dem Austausch von Erfahrungen durch ausgew\u00e4hlte Mitglieder des Publikums. Im Rahmen eines indischen Abends wollen wir gemeinsam feiern, singen und einander zuh\u00f6ren &#8211; und das alles in der Gegenwart und mit dem Segen von Paramahamsa Vishwananda.<\/p>\n<p>Sei dabei, wenn Paramahamsa Vishwananda am 21. November in Sri Vitthal Dham Darshan gibt!<\/p>\n","protected":false},"author":26,"featured_media":7657,"parent":0,"menu_order":0,"comment_status":"closed","ping_status":"closed","template":"","meta":{"_acf_changed":false,"inline_featured_image":false,"footnotes":""},"class_list":["post-7728","page","type-page","status-publish","has-post-thumbnail","hentry"],"acf":[],"_links":{"self":[{"href":"https:\/\/country.bhaktimarga.org\/de\/wp-json\/wp\/v2\/pages\/7728","targetHints":{"allow":["GET"]}}],"collection":[{"href":"https:\/\/country.bhaktimarga.org\/de\/wp-json\/wp\/v2\/pages"}],"about":[{"href":"https:\/\/country.bhaktimarga.org\/de\/wp-json\/wp\/v2\/types\/page"}],"author":[{"embeddable":true,"href":"https:\/\/country.bhaktimarga.org\/de\/wp-json\/wp\/v2\/users\/26"}],"replies":[{"embeddable":true,"href":"https:\/\/country.bhaktimarga.org\/de\/wp-json\/wp\/v2\/comments?post=7728"}],"version-history":[{"count":18,"href":"https:\/\/country.bhaktimarga.org\/de\/wp-json\/wp\/v2\/pages\/7728\/revisions"}],"predecessor-version":[{"id":8171,"href":"https:\/\/country.bhaktimarga.org\/de\/wp-json\/wp\/v2\/pages\/7728\/revisions\/8171"}],"wp:featuredmedia":[{"embeddable":true,"href":"https:\/\/country.bhaktimarga.org\/de\/wp-json\/wp\/v2\/media\/7657"}],"wp:attachment":[{"href":"https:\/\/country.bhaktimarga.org\/de\/wp-json\/wp\/v2\/media?parent=7728"}],"curies":[{"name":"wp","href":"https:\/\/api.w.org\/{rel}","templated":true}]}}