{"id":8053,"date":"2024-11-17T10:11:24","date_gmt":"2024-11-17T10:11:24","guid":{"rendered":"https:\/\/country.bhaktimarga.org\/de\/?page_id=8053"},"modified":"2025-10-10T16:16:01","modified_gmt":"2025-10-10T15:16:01","slug":"beschenke-deine-gottheit","status":"publish","type":"page","link":"https:\/\/country.bhaktimarga.org\/de\/ashram-sri-vitthal-dham\/beschenke-deine-gottheit\/","title":{"rendered":"Beschenke deine Gottheit"},"content":{"rendered":"\n<section class=\"hero-image\">\n    <div class=\"hero-image__container\">\n        <img decoding=\"async\" class=\"hero-image__background object-fit-cover\" src=\"https:\/\/country.bhaktimarga.org\/de\/wp-content\/uploads\/sites\/6\/2024\/08\/BMR53366-scaled-e1727947667232.jpg\" alt=\"\">\n            <\/div>\n    <div class=\"hero-image__content container\">\n        <h1>DENEN DIENEN, DIE DER MENSCHHEIT DIENEN<\/h1>\n    <\/div>\n<\/section>\n\n<style>\n    <\/style>\n\n\n<section class=\"intro-text-icon\">\n    <div class=\"container\">\n        <div class=\"intro-text-icon__container\" style=\"background-color: #DDD6E9;\">\n            <img decoding=\"async\" src=\"https:\/\/country.bhaktimarga.org\/de\/wp-content\/uploads\/sites\/6\/2023\/12\/explore-rituals-icon.png\">\n            <div class=\"intro-text-icon__content\">\n                <span class=\"intro-text-icon__text\"><p class=\"p1\">Empfange den Segen deiner Gottheit durch Gnade und spende fu\u0308r die t\u00e4gliche Verehrung im Tempel. Wir freuen uns, dir diese einzigartige M\u00f6glichkeit anbieten zu k\u00f6nnen.<\/p>\n<\/span>\n                            <\/div>\n        <\/div>\n    <\/div>\n<\/section>\n\n\n<section id=\"beschenke-deine-gottheit\" class=\"call-to-action-left-aligned\">\n    <div class=\"container call-to-action-left-aligned__container\">\n        <p class=\"call-to-action-left-aligned__subtitle\">Denen dienen, die der Menschheit dienen<\/p>\n        <p class=\"call-to-action-left-aligned__title\">BESCHENKE DEINE GOTTHEIT<\/p>\n        <span class=\"call-to-action-left-aligned__text\"><p>Mit deiner Spende nimmst du t\u00e4glich aktiv am Segen der Gottheiten teil. Dieser Segen hilft, das Gleichgewicht der f\u00fcnf Elemente in der Natur wiederherzustellen und tr\u00e4gt dazu bei, mehr Harmonie und Stabilit\u00e4t in diese Welt zu bringen. Durch diesen Dienst kannst Du die Welt auf wertvolle Weise unterst\u00fctzen.<\/p>\n<p>Wir bieten dir vier verschiedene M\u00f6glichkeiten an, den Gottheiten im Sri Vitthal Dham Mandir zu dienen.\u00a0 Dein Dienst an den Gottheiten wird viele Menschen auf ihrem spirituellen Weg unterst\u00fctzen. W\u00e4hle das Spendenprogramm, welches dich am meisten anspricht. Jede Spende hat ihren eigenen, einzigartigen Segen durch die Gebete, die an die Gottheit deiner Wahl gerichtet werden.<\/p>\n<\/span>\n        <div class=\"call-to-action-left-aligned__links\">\n                                <\/div>\n    <\/div>\n<\/section>\n\n<style>\n    \n            #beschenke-deine-gottheit.call-to-action-left-aligned {\n            background-image: url('https:\/\/country.bhaktimarga.org\/de\/wp-content\/uploads\/sites\/6\/2024\/11\/Prasad-scaled-e1731697726238.jpg');\n        }\n    \n    <\/style>\n\n\n\n\n<div style=\"height:50px\" aria-hidden=\"true\" class=\"wp-block-spacer\"><\/div>\n\n\n\n<section id=\"deities-qualities\">\n    <div class=\"container\">\n        <h3 class=\"title-with-ornament title-with-ornament--blue\">W\u00c4HLE DEINE GOTTHEIT<\/h3>\n        <p>Liebe hat viele Formen. W\u00e4hle die, die am besten zu dir oder einem geliebten Menschen passt. Hier findest du die besonderen Eigenschaften der Gottheiten:<\/p>\n        <div class=\"flex-50\">\n            <ul>\n                <li><p><strong>Lakshmi &amp; Narayana:<\/strong> schenken spirituellen &amp; materiellen Reichtum, Weisheit, Glu\u0308ck, Verbindung mit Gott und schu\u0308tzen die Devotees<\/p><\/li>\n                <li><p><strong>Gayatri-Devi:<\/strong> schenkt Erfolg, wissenschaftliches Verst\u00e4ndnis, spirituelles Streben<\/p><\/li>\n                <li><p><strong>Vitthala &amp; Rukmini:<\/strong> schenken die Freude der Hingabe, f\u00f6rdern die Beziehung zu Gott, dienen den Devotees und sind die Erhalter von Allem<\/p><\/li>\n                <li><p><strong>Dattatreya:<\/strong> schenkt Demut &amp; Bescheidenheit, Weisheit, Verwirklichung, g\u00f6ttliche Erkenntnis, f\u00f6rdert Meditation &amp; spirituelle Harmonie<\/p><\/li>\n                <li><p><strong>Shiva-Familie:<\/strong> unterstu\u0308tzt bei Herausforderungen, beseitigt Hindernisse, verringert Begierden und f\u00f6rdert echtes Bhakti<\/p><\/li>\n            <\/ul>\n            <ul>\n                <li><p><strong>Sri Vitthala Giridhari Parabramhane Namaha:<\/strong> gew\u00e4hrt allen Zuflucht &amp; Schutz, t\u00e4gliche Japa-Praxis fu\u0308r Devotees<\/p><\/li>\n                <li><p><strong>Mahavatar Babaji &amp; Ramanuja Acharya:<\/strong> beschu\u0308tzen, schenken Gnade und unterstu\u0308tzen den spirituellen Weg<\/p><\/li>\n                <li><p><strong>Hanuman:<\/strong> schenkt Demut, die Freude, anderen zu dienen, und st\u00e4rkt K\u00f6rper &amp; Geist<\/p><\/li>\n                <li><p><strong>Maha-Kali:<\/strong> schu\u0308tzt vor Unf\u00e4llen &amp; Unglu\u0308ck, schirmt vor Negativit\u00e4t ab, schenkt h\u00f6chstes Mitgefu\u0308hl<\/p><\/li>\n                <li><p><strong>Chandrabhaga Devi:<\/strong> schenkt Reinheit &amp; Klarheit, Schutz &amp; Heilung, Weisheit &amp; Hingabe, f\u00f6rdert Meditation &amp; Gebet<\/p><\/li>\n            <\/div>\n         <div>\n <p> <p>\n<p> <p>\n<h3><h3>\n<\/div class=\"wp-block-button\"><a class=\"wp-block-button__link wp-element-button\" href=\"https:\/\/sri-vitthal-dham.de\/tempel#temple-deities\">Lerne mehr \u00fcber unsere Gottheiten<\/a><\/div>  \n<\/section>\n\n\n\n<div style=\"height:50px\" aria-hidden=\"true\" class=\"wp-block-spacer\"><\/div>\n\n\n\n<section  class=\"cards-overlay-grid\" style=\"background-color: #efddb3\">\n\n            <h2 class=\"container no-padding title-with-ornament title-with-ornament--blue\">W\u00c4HLE DEIN SPENDENPROGRAMM<\/h2>\n        \n    <div class=\"container cards-overlay-grid__container\">\n        \n                            <figure class=\"cards-overlay-grid__card animated-element\" data-animation=\"slide-up\">\n                                <div class=\"cards-overlay-grid__image-container\">\n                                    <img decoding=\"async\" class=\"object-fit-cover\" src=\"https:\/\/country.bhaktimarga.org\/de\/wp-content\/uploads\/sites\/6\/2024\/11\/Prasad-scaled-e1731697726238.jpg\" alt=\"\">\n                                <\/div>\n                                <figcaption class=\"cards-overlay-grid__content\">\n                                    <h3 class=\"cards-overlay-grid__title\">BESCHENKE DEINE GOTTHEIT<\/h3>\n                                    <span class=\"cards-overlay-grid__text\"><p>Mit deiner Spende nimmst du t\u00e4glich aktiv am Segen der Gottheiten teil. Der Segen hilft, das Gleichgewicht der f\u00fcnf Elemente in der Natur wiederherzustellen und tr\u00e4gt dazu bei, mehr Harmonie und Stabilit\u00e4t in diese Welt zu bringen. Durch diesen Dienst kannst Du die Welt auf wertvolle Weise unterst\u00fctzen.<\/p>\n<\/span>\n                                                                    <\/figcaption>\n                            <\/figure>\n                                                    \n                            <figure class=\"cards-overlay-grid__card modal-card animated-element\" data-animation=\"slide-up\">\n                                <div class=\"cards-overlay-grid__image-container\">\n                                    <img decoding=\"async\" class=\"object-fit-cover\" src=\"https:\/\/country.bhaktimarga.org\/de\/wp-content\/uploads\/sites\/6\/2024\/11\/daisy-8655398_1920-1-e1731693426847.jpg\" alt=\"\">\n                                <\/div>\n                                <figcaption class=\"cards-overlay-grid__content\">\n                                    <h3 class=\"cards-overlay-grid__title\">SPENDENPROGRAMM G\u00c4NSEBL\u00dcMCHEN<\/h3>\n                                    <span class=\"cards-overlay-grid__text\"><\/span>\n                                                                    <\/figcaption>\n                            <\/figure>\n                                                            <div class=\"modal-overlay\">\n                                    <div class=\"modal-content\">\n                                        <span class=\"close-modal-button\">&#215;<\/span>    \n                                        <h3 class=\"title-with-ornament title-with-ornament--gold\">SPENDENPROGRAMM G\u00c4NSEBL\u00dcMCHEN<\/h3>\n                                        <span><p>F\u00fcr 27 \u20ac im Monat hilfst du den Pujari\/nis dabei, der von dir gew\u00e4hlten Gottheit zu dienen.<\/p>\n<p><a href=\"https:\/\/verein.bhaktimarga.de\/products\/beschenke-deine-gottheit?variant=49770775380306\">JETZT MITMACHEN<\/a><\/p>\n<\/span>\n                                    <\/div>\n                                <\/div>\n                                                    \n                            <figure class=\"cards-overlay-grid__card modal-card animated-element\" data-animation=\"slide-up\">\n                                <div class=\"cards-overlay-grid__image-container\">\n                                    <img decoding=\"async\" class=\"object-fit-cover\" src=\"https:\/\/country.bhaktimarga.org\/de\/wp-content\/uploads\/sites\/6\/2024\/11\/blossoms-617499.jpg\" alt=\"\">\n                                <\/div>\n                                <figcaption class=\"cards-overlay-grid__content\">\n                                    <h3 class=\"cards-overlay-grid__title\">SPENDENPROGRAMM JASMIN<\/h3>\n                                    <span class=\"cards-overlay-grid__text\"><\/span>\n                                                                    <\/figcaption>\n                            <\/figure>\n                                                            <div class=\"modal-overlay\">\n                                    <div class=\"modal-content\">\n                                        <span class=\"close-modal-button\">&#215;<\/span>    \n                                        <h3 class=\"title-with-ornament title-with-ornament--gold\">SPENDENPROGRAMM JASMIN<\/h3>\n                                        <span><p>F\u00fcr 54 \u20ac im Monat hilfst du den Pujari\/nis dabei, der von dir gew\u00e4hlten Gottheit zu dienen.<\/p>\n<p><a href=\"https:\/\/verein.bhaktimarga.de\/products\/beschenke-deine-gottheit?variant=49770776035666\">JETZT MITMACHEN<\/a><\/p>\n<\/span>\n                                    <\/div>\n                                <\/div>\n                                                    \n                            <figure class=\"cards-overlay-grid__card modal-card animated-element\" data-animation=\"slide-up\">\n                                <div class=\"cards-overlay-grid__image-container\">\n                                    <img decoding=\"async\" class=\"object-fit-cover\" src=\"https:\/\/country.bhaktimarga.org\/de\/wp-content\/uploads\/sites\/6\/2024\/11\/Spendenprogramm-Rose.png\" alt=\"\">\n                                <\/div>\n                                <figcaption class=\"cards-overlay-grid__content\">\n                                    <h3 class=\"cards-overlay-grid__title\">SPENDENPROGRAMM ROSE<\/h3>\n                                    <span class=\"cards-overlay-grid__text\"><\/span>\n                                                                    <\/figcaption>\n                            <\/figure>\n                                                            <div class=\"modal-overlay\">\n                                    <div class=\"modal-content\">\n                                        <span class=\"close-modal-button\">&#215;<\/span>    \n                                        <h3 class=\"title-with-ornament title-with-ornament--gold\">SPENDENPROGRAMM ROSE<\/h3>\n                                        <span><p>F\u00fcr 108 \u20ac im Monat hilfst du den Pujari\/nis dabei, der von dir gew\u00e4hlten Gottheit zu dienen.<\/p>\n<p><a href=\"https:\/\/verein.bhaktimarga.de\/products\/beschenke-deine-gottheit?variant=49770776691026\">JETZT MITMACHEN<\/a><\/p>\n<\/span>\n                                    <\/div>\n                                <\/div>\n                                                    \n                            <figure class=\"cards-overlay-grid__card modal-card animated-element\" data-animation=\"slide-up\">\n                                <div class=\"cards-overlay-grid__image-container\">\n                                    <img decoding=\"async\" class=\"object-fit-cover\" src=\"https:\/\/country.bhaktimarga.org\/de\/wp-content\/uploads\/sites\/6\/2024\/11\/Lotus-e1731693376817.jpg\" alt=\"\">\n                                <\/div>\n                                <figcaption class=\"cards-overlay-grid__content\">\n                                    <h3 class=\"cards-overlay-grid__title\">SPENDENPROGRAMM LOTUS<\/h3>\n                                    <span class=\"cards-overlay-grid__text\"><\/span>\n                                                                    <\/figcaption>\n                            <\/figure>\n                                                            <div class=\"modal-overlay\">\n                                    <div class=\"modal-content\">\n                                        <span class=\"close-modal-button\">&#215;<\/span>    \n                                        <h3 class=\"title-with-ornament title-with-ornament--gold\">SPENDENPROGRAMM LOTUS<\/h3>\n                                        <span><p>F\u00fcr 540 \u20ac im Monat hilfst du den Pujari\/nis dabei, der von dir gew\u00e4hlten Gottheit zu dienen.<\/p>\n<p><a href=\"https:\/\/verein.bhaktimarga.de\/products\/beschenke-deine-gottheit?variant=49770777346386\">JETZT MITMACHEN<\/a><\/p>\n<\/span>\n                                    <\/div>\n                                <\/div>\n                                                        <\/div>\n<\/section>\n\n\n\n<div style=\"height:50px\" aria-hidden=\"true\" class=\"wp-block-spacer\"><\/div>\n\n\n\n<section id=\"donations-usage\">\n    <div class=\"container no-padding\">\n        <h3 class=\"title-with-ornament title-with-ornament--blue\">WOF\u00dcR WERDEN DIE SPENDEN VERWENDET?<\/h3>\n        <p>Die Spenden werden zur Deckung des gr\u00f6\u00dften Teils der Betriebskosten des wundersch\u00f6nen Sri Vitthal Dham Mandir verwendet. Die folgenden Elemente des Tempeldienstes sind nur mit Deiner Hilfe gew\u00e4hrleistet:<\/p>\n        <div class=\"flex-50\">\n            <div>\n                <p><strong>Gew\u00e4nder und Schmuck der Gottheiten:<\/strong> Kosten f\u00fcr aufeinander abgestimmte Sets handgen\u00e4hter Kleidung, die f\u00fcr alle Tempelgottheiten entworfen und hergestellt werden, sowie f\u00fcr den Kauf von passendem Schmuck.<\/p>\n                <p><strong>Puja-Zubeh\u00f6r, Gef\u00e4\u00dfe und Reinigungsutensilien:<\/strong> Bereitstellung der 5 Elemente (Milch, Ghee etc.) und anderer Gegenst\u00e4nde wie Weihrauch, Kumkum, Chandan etc. f\u00fcr Abhishekam, t\u00e4gliche Pujas und Yajnas.<\/p> \n            <\/div>\n            <div>\n                <p><strong>Prasad:<\/strong> Jeden Tag erhalten die Gottheiten frisch zubereitetes Prasad aus unserer K\u00fcche.<\/p>\n                <p><strong>Religi\u00f6se Feste:<\/strong> Vorbereitung, Organisation und Durchf\u00fchrung gro\u00dfer religi\u00f6ser Feste wie Navaratri, Shivaratri, Krishna Janmashtami und viele andere im Laufe des Jahres.<\/p> <p><strong>Nebenkosten:<\/strong> Unterhalt f\u00fcr das Tempelgeb\u00e4ude, Wasser-, Strom- und Heizkosten, Wartung der technischen Anlagen und Instandhaltung des Geb\u00e4udes.<\/p>            <\/div>\n        <\/div>\n        <p>Dar\u00fcber hinaus werden viele Stunden ehrenamtlicher Arbeit von den Bewohnern und Anh\u00e4ngern der Gemeinde geleistet, z.B. bei den t\u00e4glichen Pujas, beim Musizieren, beim Anfertigen von Blumengirlanden, beim Ausbessern der Gew\u00e4nder der Gottheiten und vielem mehr.<\/p>\n        <p>Der Betrieb des Tempels ist wirklich ein Werk der Hingabe, und das meiste davon ist dank Deiner liebevollen Beitr\u00e4ge m\u00f6glich!<\/p>\n    <\/div>\n<\/section>\n\n\n<style>.tempel .cards-overlay-grid__container.grid-3-auto  {\r\n        grid-auto-rows: 380px;\r\n}\r\n\r\n.tempel .cards-overlay-grid__image-container img {\r\n        object-position: top;\r\n}<\/style>\n\n\n<div class=\"wp-block-buttons is-layout-flex wp-block-buttons-is-layout-flex\"><\/div>\n","protected":false},"excerpt":{"rendered":"<p>W\u00c4HLE DEINE GOTTHEIT Liebe hat viele Formen. W\u00e4hle die, die am besten zu dir oder einem geliebten Menschen passt. Hier findest du die besonderen Eigenschaften der Gottheiten: Lakshmi &amp; Narayana: schenken spirituellen &amp; materiellen Reichtum, Weisheit, Glu\u0308ck, Verbindung mit Gott und schu\u0308tzen die Devotees Gayatri-Devi: schenkt Erfolg, wissenschaftliches Verst\u00e4ndnis, spirituelles Streben Vitthala &amp; Rukmini: schenken [&hellip;]<\/p>\n","protected":false},"author":26,"featured_media":0,"parent":2524,"menu_order":0,"comment_status":"closed","ping_status":"closed","template":"","meta":{"_acf_changed":false,"inline_featured_image":false,"footnotes":""},"class_list":["post-8053","page","type-page","status-publish","hentry"],"acf":[],"_links":{"self":[{"href":"https:\/\/country.bhaktimarga.org\/de\/wp-json\/wp\/v2\/pages\/8053","targetHints":{"allow":["GET"]}}],"collection":[{"href":"https:\/\/country.bhaktimarga.org\/de\/wp-json\/wp\/v2\/pages"}],"about":[{"href":"https:\/\/country.bhaktimarga.org\/de\/wp-json\/wp\/v2\/types\/page"}],"author":[{"embeddable":true,"href":"https:\/\/country.bhaktimarga.org\/de\/wp-json\/wp\/v2\/users\/26"}],"replies":[{"embeddable":true,"href":"https:\/\/country.bhaktimarga.org\/de\/wp-json\/wp\/v2\/comments?post=8053"}],"version-history":[{"count":110,"href":"https:\/\/country.bhaktimarga.org\/de\/wp-json\/wp\/v2\/pages\/8053\/revisions"}],"predecessor-version":[{"id":9408,"href":"https:\/\/country.bhaktimarga.org\/de\/wp-json\/wp\/v2\/pages\/8053\/revisions\/9408"}],"up":[{"embeddable":true,"href":"https:\/\/country.bhaktimarga.org\/de\/wp-json\/wp\/v2\/pages\/2524"}],"wp:attachment":[{"href":"https:\/\/country.bhaktimarga.org\/de\/wp-json\/wp\/v2\/media?parent=8053"}],"curies":[{"name":"wp","href":"https:\/\/api.w.org\/{rel}","templated":true}]}}