{"id":8668,"date":"2025-04-15T17:00:44","date_gmt":"2025-04-15T16:00:44","guid":{"rendered":"https:\/\/country.bhaktimarga.org\/de\/?page_id=8668"},"modified":"2026-03-28T06:26:20","modified_gmt":"2026-03-28T06:26:20","slug":"24h-gayatri-yajna","status":"publish","type":"page","link":"https:\/\/country.bhaktimarga.org\/de\/24h-gayatri-yajna\/","title":{"rendered":"Landingpage 24h GAYATRI YAJNA"},"content":{"rendered":"\n<section class=\"hero-image\">\n    <div class=\"hero-image__container\">\n        <img decoding=\"async\" class=\"hero-image__background object-fit-cover\" src=\"https:\/\/country.bhaktimarga.org\/de\/wp-content\/uploads\/sites\/6\/2025\/04\/Test8.png\" alt=\"\">\n            <\/div>\n    <div class=\"hero-image__content container\">\n        <h1><\/h1>\n    <\/div>\n<\/section>\n\n<style>\n    <\/style>\n\n\n<section class=\"intro-text-icon\">\n    <div class=\"container\">\n        <div class=\"intro-text-icon__container\" style=\"background-color: #F8E5BE;\">\n            <img decoding=\"async\" src=\"https:\/\/country.bhaktimarga.org\/de\/wp-content\/uploads\/sites\/6\/2023\/12\/lotus-icon.png\">\n            <div class=\"intro-text-icon__content\">\n                <span class=\"intro-text-icon__text\"><h1>24-Stunden G\u0101yatr\u012b Yaj\u00f1a<\/h1>\n<h2>mit Paramahamsa Vishwananda<\/h2>\n<h3>4. \u2014 5. Juli 2026<\/h3>\n<p>Erlebe eine ganz besondere Nacht mit Paramahamsa Vishwananda und lass dich verzaubern von der 24-Stunden Feuerzeremonie (Yaj\u00f1a) zu Ehren der G\u00f6ttlichen Mutter<\/p>\n<\/span>\n                                    <a href=\"https:\/\/eventshop.bhaktimarga.de\/en\/products\/24-stunden-gayatri-yajna\" target=\"_blank\">\n                        <p class=\"button button--outline button--outline--dark-gold\">REGISTRIERE DICH JETZT!<\/p>\n                    <\/a>\n                            <\/div>\n        <\/div>\n    <\/div>\n<\/section>\n\n\n<section  class=\"no-padding\">\n    <figure class=\"quote\">\n        <img decoding=\"async\" src=\"\/wp-content\/themes\/vaikuntha\/images\/quote-icon.svg\" alt=\"\">\n        <blockquote>\n            <p>\u201eDas <em>G\u0101yatr\u012b-mantra <\/em>schenkt wahre Weisheit, die das Leben zielgerichtet macht. Die Worte sind kondensierte <em>Vedas,<\/em>\u00a0du trinkst die Milch davon. Die G\u00f6ttlichkeit schwingt im Inneren.\u201c<\/p>\n        <\/blockquote>\n        <figcaption>Paramahamsa Vishwananda<\/figcaption>\n    <\/figure>\n<\/section>\n\n\n\n<section class=\"cards\">\n    <div class=\"container\">\n    \n                <div\n                                        class=\"cards__card card--beige\"\n                >\n                    <div class=\"card__content\">\n                        <h3 class=\"card__title\">PARAMAHAMSA VISHWANANDA<\/h3>\n                        <span class=\"card__text\"><p>Paramahamsa Vishwananda ist ein gottverwirklichter Meister, der in Einheit mit dem G\u00f6ttlichen lebt.<\/p>\n<p>Sein Ziel ist es, allen Menschen zu helfen, eben diese g\u00f6ttliche Beziehung in ihrem Leben zu erfahren. Dies macht Ihn so einzigartig.<\/p>\n<\/span>\n                                                    <a href=\"https:\/\/bhaktimarga.de\/paramahamsa-vishwananda\/%20\" target=\"_blank\">\n                                <p class=\"button button--outline button--outline--blue\">Mehr \u00fcber Paramahamsa Vishwananda <\/p>\n                            <\/a>\n                                                                    <\/div>\n                    <div class=\"card__image-container\">\n                                                    <img decoding=\"async\" src=\"https:\/\/country.bhaktimarga.org\/de\/wp-content\/uploads\/sites\/6\/2024\/10\/guruji-gayatri-night-e1744833503493.jpg\" alt=\"\">\n                                            <\/div>\n                <\/div>\n\n                \n                <div\n                                        class=\"cards__card card--beige\"\n                >\n                    <div class=\"card__content\">\n                        <h3 class=\"card__title\">G\u0101yatr\u012b-dev\u012b<\/h3>\n                        <span class=\"card__text\"><p>G\u0101yatr\u012b-dev\u012b ist der Ur-Aspekt der G\u00f6ttlichen Mutter. Sie symbolisiert Reinheit und spirituellen Fortschritt. Das <em>G\u0101yatr\u012b-mantra<\/em> ist eines der m\u00e4chtigsten Mantren \u00fcberhaupt. Es schenkt wahres Wissen, reinigt von allen S\u00fcnden und bringt uns Erleuchtung:<\/p>\n<p><em>o\u1e41 bh\u016br bhuva\u1e25 suva\u1e25<\/em><\/p>\n<p><em>tat savitur vare\u1e47ya\u1e41<\/em><\/p>\n<p><em>bhargo devasya dh\u012bmahi<\/em><\/p>\n<p><em>dhiyo yo na\u1e25 pracoday\u0101t<\/em><\/p>\n<\/span>\n                                                                    <\/div>\n                    <div class=\"card__image-container\">\n                                                    <img decoding=\"async\" src=\"https:\/\/country.bhaktimarga.org\/de\/wp-content\/uploads\/sites\/6\/2024\/10\/gayatri-devi-svd.jpg\" alt=\"\">\n                                            <\/div>\n                <\/div>\n\n                \n                <div\n                                        class=\"cards__card card--beige\"\n                >\n                    <div class=\"card__content\">\n                        <h3 class=\"card__title\">WAS DICH ERWARTET<\/h3>\n                        <span class=\"card__text\"><ul class=\"dotted-list\">\n<li>Satsang \u00fcber G\u0101yatr\u012b-dev\u012b<\/li>\n<li>24-Stunden G\u0101yatr\u012b Yaj\u00f1a, Beginn am Samstag um 7:00 Uhr<\/li>\n<li>Satsang mit Paramahamsa Vishwananda<\/li>\n<li>und noch vieles mehr \u2026<\/li>\n<\/ul>\n<\/span>\n                                                    <a href=\"https:\/\/eventshop.bhaktimarga.de\/en\/products\/24-stunden-gayatri-yajna\" target=\"_self\">\n                                <p class=\"button button--outline button--outline--blue\">Registriere dich jetzt!<\/p>\n                            <\/a>\n                                                                    <\/div>\n                    <div class=\"card__image-container\">\n                                                    <img decoding=\"async\" src=\"https:\/\/country.bhaktimarga.org\/de\/wp-content\/uploads\/sites\/6\/2025\/04\/IMG_6263-scaled-e1745518522773.jpg\" alt=\"\">\n                                            <\/div>\n                <\/div>\n\n                    <\/div>\n<\/section>\n\n\n<section class=\"call-to-action-media no-padding\">  \n                        <div  class=\"call-to-action-media__wrapper\">\n                        <div class=\"container call-to-action-media__item\">\n                            <div class=\"call-to-action-media__content\">\n                                <h3 class=\"title-with-ornament title-with-ornament--blue\">Ein weiteres Highlight&#8230;<\/h3>\n                                <span class=\"call-to-action-media__text\"><p>Direkt vor dem Gayatri Yajna \u2014 vom 1. bis zum 3. Juli \u2014 findet das Holy Lake Festival 2026 in Sri Vitthal Dham statt!<\/p>\n<p>Beim Holy Lake Festival kommen Menschen aus der ganzen Welt zusammen, um gemeinsam das Leben zu feiern, sich mit dem G\u00f6ttlichen zu verbinden und spirituelle Gemeinschaft zu leben.<\/p>\n<p>Sp\u00fcre, wie mitrei\u00dfende Kirtan-Musik dir direkt ins Herz geht. Komm zur Ruhe bei Yoga und Meditation, lass dich kulinarisch verw\u00f6hnen, erlebe besondere Rituale und h\u00f6re spannende Vortr\u00e4ge \u00fcber zeitlose Lebensweisheiten aus dem Hinduismus.<\/p>\n<\/span>\n                                                                    <a href=\"https:\/\/sri-vitthal-dham.de\/holy-lake-festival\/\" target=\"_self\">\n                                        <p class=\"button button--primary--dark-blue\">Erfahre mehr!<\/p>\n                                    <\/a>\n                                                                                                    <a href=\"https:\/\/eventshop.bhaktimarga.de\/en\/products\/24-stunden-gayatri-yajna\" target=\"_self\">\n                                        <p class=\"button button--primary--dark-blue\">Registriere dich jetzt!<\/p>\n                                    <\/a>\n                                                            <\/div>\n                                                            <div class=\"image-container\">\n                                    <img decoding=\"async\" class=\"call-to-action-media__image\" src=\"https:\/\/country.bhaktimarga.org\/de\/wp-content\/uploads\/sites\/6\/2026\/03\/Dein-Abschnittstext-Infografiken-6-e1774558396295.png\" alt=\"\">\n                                <\/div>\n                                                                                <\/div>\n                    <\/div>\n                <\/section>\n","protected":false},"excerpt":{"rendered":"","protected":false},"author":26,"featured_media":0,"parent":0,"menu_order":0,"comment_status":"closed","ping_status":"closed","template":"","meta":{"_acf_changed":false,"inline_featured_image":false,"footnotes":""},"class_list":["post-8668","page","type-page","status-publish","hentry"],"acf":[],"_links":{"self":[{"href":"https:\/\/country.bhaktimarga.org\/de\/wp-json\/wp\/v2\/pages\/8668","targetHints":{"allow":["GET"]}}],"collection":[{"href":"https:\/\/country.bhaktimarga.org\/de\/wp-json\/wp\/v2\/pages"}],"about":[{"href":"https:\/\/country.bhaktimarga.org\/de\/wp-json\/wp\/v2\/types\/page"}],"author":[{"embeddable":true,"href":"https:\/\/country.bhaktimarga.org\/de\/wp-json\/wp\/v2\/users\/26"}],"replies":[{"embeddable":true,"href":"https:\/\/country.bhaktimarga.org\/de\/wp-json\/wp\/v2\/comments?post=8668"}],"version-history":[{"count":80,"href":"https:\/\/country.bhaktimarga.org\/de\/wp-json\/wp\/v2\/pages\/8668\/revisions"}],"predecessor-version":[{"id":10198,"href":"https:\/\/country.bhaktimarga.org\/de\/wp-json\/wp\/v2\/pages\/8668\/revisions\/10198"}],"wp:attachment":[{"href":"https:\/\/country.bhaktimarga.org\/de\/wp-json\/wp\/v2\/media?parent=8668"}],"curies":[{"name":"wp","href":"https:\/\/api.w.org\/{rel}","templated":true}]}}