{"id":8802,"date":"2025-04-24T19:07:22","date_gmt":"2025-04-24T18:07:22","guid":{"rendered":"https:\/\/country.bhaktimarga.org\/de\/?page_id=8802"},"modified":"2025-05-13T16:06:33","modified_gmt":"2025-05-13T15:06:33","slug":"go-vari","status":"publish","type":"page","link":"https:\/\/country.bhaktimarga.org\/de\/go-vari\/","title":{"rendered":"GO VARI"},"content":{"rendered":"\n<section class=\"hero-image\">\n    <div class=\"hero-image__container\">\n        <img decoding=\"async\" class=\"hero-image__background object-fit-cover\" src=\"https:\/\/country.bhaktimarga.org\/de\/wp-content\/uploads\/sites\/6\/2025\/04\/Artboard-6.png\" alt=\"\">\n            <\/div>\n    <div class=\"hero-image__content container\">\n        <h1><\/h1>\n    <\/div>\n<\/section>\n\n<style>\n    <\/style>\n\n\n<section class=\"intro-text-icon\">\n    <div class=\"container\">\n        <div class=\"intro-text-icon__container\" style=\"background-color: #F8E5BE;\">\n            <img decoding=\"async\" src=\"https:\/\/country.bhaktimarga.org\/de\/wp-content\/uploads\/sites\/6\/2023\/12\/lotus-icon.png\">\n            <div class=\"intro-text-icon__content\">\n                <span class=\"intro-text-icon__text\"><h1>GO VARI \u2014 pilgere zu Vitthala!<\/h1>\n<p>&nbsp;<\/p>\n<h3>5. Juli 2025<\/h3>\n<p>Werde selbst zum <em>v\u0101rkar\u012b <\/em>und erlebe eine ganz besondere Pilgerreise zu Vi\u1e6d\u1e6dhala!<\/p>\n<\/span>\n                                    <a href=\"https:\/\/eventshop.bhaktimarga.de\/en\/products\/go-vari\" target=\"\">\n                        <p class=\"button button--outline button--outline--dark-gold\">REGISTRIERE DICH JETZT!<\/p>\n                    <\/a>\n                            <\/div>\n        <\/div>\n    <\/div>\n<\/section>\n\n\n<section  class=\"no-padding\">\n    <figure class=\"quote\">\n        <img decoding=\"async\" src=\"\/wp-content\/themes\/vaikuntha\/images\/quote-icon.svg\" alt=\"\">\n        <blockquote>\n            <p class=\"s10\"><span class=\"s9\">\u201e<span data-sheets-root=\"1\">P\u0101\u1e47\u1e0dura\u1e45ga<\/span><\/span><span class=\"s9\">\u00a0ist der Herr der ewigen Freude und des Gl\u00fccks.<\/span><span class=\"s9\">\u201c<\/span><\/p>\n        <\/blockquote>\n        <figcaption>Paramahamsa Vishwananda<\/figcaption>\n    <\/figure>\n<\/section>\n\n\n\n<section class=\"cards\">\n    <div class=\"container\">\n    \n                <div\n                                        class=\"cards__card card--beige\"\n                >\n                    <div class=\"card__content\">\n                        <h3 class=\"card__title\">PARAMAHAMSA VISHWANANDA<\/h3>\n                        <span class=\"card__text\"><p>Paramahamsa Vishwananda ist ein gottverwirklichter Meister, der in Einheit mit dem G\u00f6ttlichen lebt.<\/p>\n<p>Sein Ziel ist es, allen Menschen zu helfen, eben diese g\u00f6ttliche Beziehung in ihrem Leben zu erfahren. Dies macht Ihn so einzigartig.<\/p>\n<\/span>\n                                                    <a href=\"https:\/\/bhaktimarga.de\/paramahamsa-vishwananda\/%20\" target=\"_blank\">\n                                <p class=\"button button--outline button--outline--blue\">Mehr \u00fcber Paramahamsa Vishwananda <\/p>\n                            <\/a>\n                                                                    <\/div>\n                    <div class=\"card__image-container\">\n                                                    <img decoding=\"async\" src=\"https:\/\/country.bhaktimarga.org\/de\/wp-content\/uploads\/sites\/6\/2024\/10\/guruji-gayatri-night-e1744833503493.jpg\" alt=\"\">\n                                            <\/div>\n                <\/div>\n\n                \n                <div\n                                        class=\"cards__card card--beige\"\n                >\n                    <div class=\"card__content\">\n                        <h3 class=\"card__title\">VARI<\/h3>\n                        <span class=\"card__text\"><p>Vari ist eine Pilgerwanderung nach <span data-sheets-root=\"1\">Pa\u1e47\u1e0dharpur<\/span>, <span data-sheets-root=\"1\">Mah\u0101r\u0101\u1e63\u1e6dra<\/span>, zu Ehren von Vi\u1e6d\u1e6dhala. Die Wanderungen f\u00fchren zu Fu\u00df von verschiedenen Orten in <span data-sheets-root=\"1\">Mah\u0101r\u0101\u1e63\u1e6dra<\/span> zum Vi\u1e6d\u1e6dhala-Tempel. <sup id=\"cite_ref-4\" class=\"reference\"><\/sup>Gl\u00e4ubige aus ganz <span data-sheets-root=\"1\">Mah\u0101r\u0101\u1e63\u1e6dra<\/span> und den umliegenden Gebieten machen sich auf den Weg nach <span data-sheets-root=\"1\">Pa\u1e47\u1e0dharpur<\/span> und singen den Ruhm von Vi\u1e6d\u1e6dhala. Wenn sie <span data-sheets-root=\"1\">Pa\u1e47\u1e0dharpur<\/span> an Ashadi Ek\u0101da\u015b\u012b erreichen, baden die Gl\u00e4ubigen im heiligen Candrabh\u0101g\u0101-Fluss, bevor sie den Tempel besuchen.<\/p>\n<\/span>\n                                                                    <\/div>\n                    <div class=\"card__image-container\">\n                                                    <img decoding=\"async\" src=\"https:\/\/country.bhaktimarga.org\/de\/wp-content\/uploads\/sites\/6\/2025\/04\/54236881767_fde1f24d26_o-1-scaled-e1745563160416.jpg\" alt=\"\">\n                                            <\/div>\n                <\/div>\n\n                \n                <div\n                                        class=\"cards__card card--beige\"\n                >\n                    <div class=\"card__content\">\n                        <h3 class=\"card__title\">VITTHALA<\/h3>\n                        <span class=\"card__text\"><p class=\"s3\"><span class=\"s4\">Vi\u1e6d\u1e6dhala (oder auch <span data-sheets-root=\"1\">P\u0101\u1e47\u1e0dura\u1e45ga<\/span><\/span><span class=\"s4\">) ist ein Name von Lord <span data-sheets-root=\"1\">K\u1e5b\u1e63\u1e47a<\/span> und bedeutet \u201ederjenige, der auf einem Ziegelstein steht\u201c. Diesen Namen tr\u00e4gt <span data-sheets-root=\"1\">K\u1e5b\u1e63\u1e47a<\/span> aufgrund einer <\/span><em><span class=\"s8\">lila<\/span><\/em><span class=\"s4\">\u00a0(<\/span><span class=\"s4\">Geschichte) mit dem Heiligen <span data-sheets-root=\"1\">Pu\u1e47\u1e0dalika<\/span>, in der er auf einem Ziegelstein stehend unendlich geduldig auf seinen Devotee wartet.\u00a0<\/span><\/p>\n<p class=\"s3\"><span class=\"s4\">2023 weihte Paramahamsa Vishwananda unseren gro\u00dfen Tempel ein, der Vi\u1e6d\u1e6dhala und <span data-sheets-root=\"1\">Rukmi\u1e47\u012b<\/span> gewidmet ist \u2014 den Sri Vitthal Dham Mandir. Es ist der gr\u00f6\u00dfte Vi\u1e6d\u1e6dhala-Tempel au\u00dferhalb Indiens, direkt gelegen am Chandrabhaga See.<br \/>\n<\/span><\/p>\n<\/span>\n                                                                    <\/div>\n                    <div class=\"card__image-container\">\n                                                    <img decoding=\"async\" src=\"https:\/\/country.bhaktimarga.org\/de\/wp-content\/uploads\/sites\/6\/2025\/04\/2025-04-24-20.11.15-e1745518455772.jpg\" alt=\"\">\n                                            <\/div>\n                <\/div>\n\n                \n                <div\n                                        class=\"cards__card card--beige\"\n                >\n                    <div class=\"card__content\">\n                        <h3 class=\"card__title\">WAS DICH ERWARTET<\/h3>\n                        <span class=\"card__text\"><ul class=\"dotted-list\">\n<li>Vari-Workshop mit anschlie\u00dfender Vari-Prozession um den Chandrabhaga See<\/li>\n<li>Satsang mit Paramahamsa Vishwananda<\/li>\n<li>Maha-Abhishekam und Satya Narayana Katha mit Paramahamsa Vishwananda am Sonntag zu Ashadi Ek\u0101da\u015b\u012b<\/li>\n<li>und vieles mehr&#8230;<\/li>\n<\/ul>\n<\/span>\n                                                    <a href=\"https:\/\/eventshop.bhaktimarga.de\/en\/products\/go-vari\" target=\"_self\">\n                                <p class=\"button button--outline button--outline--blue\">Registriere dich jetzt!<\/p>\n                            <\/a>\n                                                                    <\/div>\n                    <div class=\"card__image-container\">\n                                                    <img decoding=\"async\" src=\"https:\/\/country.bhaktimarga.org\/de\/wp-content\/uploads\/sites\/6\/2025\/04\/Element-1-e1745516954204.png\" alt=\"\">\n                                            <\/div>\n                <\/div>\n\n                    <\/div>\n<\/section>\n\n\n<section class=\"call-to-action-media no-padding\">  \n                        <div  class=\"call-to-action-media__wrapper\">\n                        <div class=\"container call-to-action-media__item\">\n                            <div class=\"call-to-action-media__content\">\n                                <h3 class=\"title-with-ornament title-with-ornament--blue\">Ein weiteres Highlight&#8230; <\/h3>\n                                <span class=\"call-to-action-media__text\"><p>Am Tag vor GO VARI findet ein 24-Stunden G\u0101yatr\u012b Yaj\u00f1a mit Paramahamsa Vishwananda in Sri Vitthal Dham statt. Sei dabei und erlebe eine ganz besondere Nacht mit Yaj\u00f1a, Satsangs, Kirtan, und noch Vielem mehr.<\/p>\n<\/span>\n                                                                    <a href=\"https:\/\/bhaktimarga.de\/24h-gayatri-yajna\/\" target=\"_blank\">\n                                        <p class=\"button button--primary--dark-blue\">Erfahre mehr!<\/p>\n                                    <\/a>\n                                                                                                    <a href=\"https:\/\/eventshop.bhaktimarga.de\/en\/products\/24-stunden-gayatri-yajna\" target=\"_self\">\n                                        <p class=\"button button--primary--dark-blue\">Registriere dich jetzt!<\/p>\n                                    <\/a>\n                                                            <\/div>\n                                                            <div class=\"image-container\">\n                                    <img decoding=\"async\" class=\"call-to-action-media__image\" src=\"https:\/\/country.bhaktimarga.org\/de\/wp-content\/uploads\/sites\/6\/2025\/05\/Website-24-Stunden-Yajna-8.png\" alt=\"\">\n                                <\/div>\n                                                                                <\/div>\n                    <\/div>\n                <\/section>\n","protected":false},"excerpt":{"rendered":"","protected":false},"author":26,"featured_media":8863,"parent":0,"menu_order":0,"comment_status":"closed","ping_status":"closed","template":"","meta":{"_acf_changed":false,"inline_featured_image":false,"footnotes":""},"class_list":["post-8802","page","type-page","status-publish","has-post-thumbnail","hentry"],"acf":[],"_links":{"self":[{"href":"https:\/\/country.bhaktimarga.org\/de\/wp-json\/wp\/v2\/pages\/8802","targetHints":{"allow":["GET"]}}],"collection":[{"href":"https:\/\/country.bhaktimarga.org\/de\/wp-json\/wp\/v2\/pages"}],"about":[{"href":"https:\/\/country.bhaktimarga.org\/de\/wp-json\/wp\/v2\/types\/page"}],"author":[{"embeddable":true,"href":"https:\/\/country.bhaktimarga.org\/de\/wp-json\/wp\/v2\/users\/26"}],"replies":[{"embeddable":true,"href":"https:\/\/country.bhaktimarga.org\/de\/wp-json\/wp\/v2\/comments?post=8802"}],"version-history":[{"count":59,"href":"https:\/\/country.bhaktimarga.org\/de\/wp-json\/wp\/v2\/pages\/8802\/revisions"}],"predecessor-version":[{"id":8942,"href":"https:\/\/country.bhaktimarga.org\/de\/wp-json\/wp\/v2\/pages\/8802\/revisions\/8942"}],"wp:featuredmedia":[{"embeddable":true,"href":"https:\/\/country.bhaktimarga.org\/de\/wp-json\/wp\/v2\/media\/8863"}],"wp:attachment":[{"href":"https:\/\/country.bhaktimarga.org\/de\/wp-json\/wp\/v2\/media?parent=8802"}],"curies":[{"name":"wp","href":"https:\/\/api.w.org\/{rel}","templated":true}]}}