{"id":9182,"date":"2025-06-07T11:28:30","date_gmt":"2025-06-07T10:28:30","guid":{"rendered":"https:\/\/country.bhaktimarga.org\/de\/?page_id=9182"},"modified":"2025-07-23T13:28:32","modified_gmt":"2025-07-23T12:28:32","slug":"bhaktas-membership-deutschland-deu","status":"publish","type":"page","link":"https:\/\/country.bhaktimarga.org\/de\/bhaktas-membership-deutschland-deu\/","title":{"rendered":"Bhaktas Membership Deutschland DEU"},"content":{"rendered":"\n<section class=\"hero-image hero-image--slider\">\n  <div class=\"hero-image__container\">\n    <div class=\"hero-image__slider\">\n      <img decoding=\"async\" class=\"hero-image__background object-fit-cover\" src=\"https:\/\/country.bhaktimarga.org\/de\/wp-content\/uploads\/sites\/6\/2024\/10\/53322084526_8388055068_o-scaled-e1727949369529.jpg\" alt=\"Slide 1\">\n      <img decoding=\"async\" class=\"hero-image__background object-fit-cover\" src=\"https:\/\/country.bhaktimarga.org\/ashram-shree-peetha-nilaya\/wp-content\/uploads\/sites\/44\/2023\/10\/know-more-hero-hanuman.webp\" alt=\"Slide 2\">\n      <img decoding=\"async\" class=\"hero-image__background object-fit-cover\" src=\"https:\/\/country.bhaktimarga.org\/ashram-shree-peetha-nilaya\/wp-content\/uploads\/sites\/44\/2023\/09\/know-more-rituals.webp\" alt=\"Slide 3\">\n      <img decoding=\"async\" class=\"hero-image__background object-fit-cover\" src=\"https:\/\/country.bhaktimarga.org\/ashram-shree-peetha-nilaya\/wp-content\/uploads\/sites\/44\/2023\/10\/know-more-yoga-and-meditation.webp\" alt=\"Slide 4\">\n      <img decoding=\"async\" class=\"hero-image__background object-fit-cover\" src=\"https:\/\/country.bhaktimarga.org\/ashram-shree-peetha-nilaya\/wp-content\/uploads\/sites\/44\/2024\/02\/2023-07-24-p-0219-scaled.jpg\" alt=\"Slide 5\">\n      <img decoding=\"async\" class=\"hero-image__background object-fit-cover\" src=\"https:\/\/country.bhaktimarga.org\/de\/wp-content\/uploads\/sites\/6\/2025\/06\/giridhari-abhishekam-guruji-scaled.jpg\" alt=\"Slide 6\">\n    <\/div>\n\n    <!-- Navigation Arrows -->\n    <button class=\"hero-image__arrow hero-image__arrow--left\">\n      <i class=\"fa-solid fa-arrow-left\"><\/i>\n    <\/button>\n    <button class=\"hero-image__arrow hero-image__arrow--right\">\n      <i class=\"fa-solid fa-arrow-right\"><\/i>\n    <\/button>\n  <\/div>\n\n  <div class=\"hero-image__content container no-padding\">\n    <div class=\"container no-padding\" style=\"display: flex; justify-content: end;\">\n        <a\n            href=\"https:\/\/bhaktimarga.de\/bhaktas-membership-deutschland\/\" \n            target=\"_self\" \n            rel=\"noopener\" \n            style=\"\n                display: flex;\n                align-items: center;\n                text-transform: uppercase;\n                gap: 1rem;\"\n        >\n            Switch to english\n            <img decoding=\"async\" style=\"width: 100%; max-width: 54px;\" src=\"https:\/\/country.bhaktimarga.org\/wp-content\/themes\/vaikuntha\/images\/flags-english.png\">\n        <\/a>\n    <\/div>\n    <h1>Wir brauchen Eure Unterst\u00fctzung<\/h1>\n    <a style=\"display: inline-block;\" href=\"#registration-form\" target=\"_self\">\n      <p class=\"button button--primary--dark-blue\">REGISTRIERE DICH ALS MITGLIED<\/p>\n    <\/a>\n  <\/div>\n<\/section>\n\n<style>\n.hero-image__slider {\n  width: 100%;\n  height: 100%;\n  position: relative;\n}\n\n.hero-image--slider .hero-image__container {\n    max-height: 700px;\n    z-index: 0;\n}\n\n.hero-image--slider .hero-image__content {\n    color: var(--bm-primary-blue);\n    background-color: var(--bm-beige);\n    top: initial;\n    bottom: 0;\n}\n\n.hero-image--slider .hero-image__content h1 {\n    margin-bottom: 0;\n    color: var(--bm-primary-blue);\n    font-family: 'Avenir Next W06 Demi';\n}\n\n.hero-image--slider .hero-image__background {\n  width: 100%;\n  height: 100%;\n  object-fit: cover;\n  object-position: top;\n  position: absolute;\n  top: 0;\n  left: 0;\n  opacity: 0;\n  transition: opacity 1s ease-in-out;\n}\n\n.hero-image__background.active {\n  opacity: 1;\n}\n\n.hero-image__arrow {\n  position: absolute;\n  top: 50%;\n  transform: translateY(-50%);\n  background: rgba(0, 0, 0, 0.4);\n  border: none;\n  color: white;\n  font-size: 1.5rem;\n  padding: 0.5rem 1rem;\n  cursor: pointer;\n  z-index: 2;\n  transition: background 0.3s ease;\n}\n\n.hero-image__arrow:hover {\n  background: rgba(0, 0, 0, 0.7);\n}\n\n.hero-image__arrow--left {\n  left: 1rem;\n}\n\n.hero-image__arrow--right {\n  right: 1rem;\n}\n\n.page-id-8983 .intro-text-secondary .container {\n  padding: 0;\n}\n<\/style>\n\n<script>\n  const slides = document.querySelectorAll('.hero-image--slider .hero-image__background');\n  const nextBtn = document.querySelector('.hero-image__arrow--right');\n  const prevBtn = document.querySelector('.hero-image__arrow--left');\n  let currentSlide = 0;\n  let slideInterval;\n\n  function showSlide(index) {\n    slides.forEach((slide, i) => {\n      slide.classList.toggle('active', i === index);\n    });\n  }\n\n  function nextSlide() {\n    currentSlide = (currentSlide + 1) % slides.length;\n    showSlide(currentSlide);\n  }\n\n  function prevSlide() {\n    currentSlide = (currentSlide - 1 + slides.length) % slides.length;\n    showSlide(currentSlide);\n  }\n\n  nextBtn.addEventListener('click', () => {\n    nextSlide();\n    resetInterval();\n  });\n\n  prevBtn.addEventListener('click', () => {\n    prevSlide();\n    resetInterval();\n  });\n\n  function resetInterval() {\n    clearInterval(slideInterval);\n    slideInterval = setInterval(nextSlide, 5000);\n  }\n\n  showSlide(currentSlide);\n  slideInterval = setInterval(nextSlide, 5000);\n<\/script>\n\n\n\n<section class=\"intro-text-secondary\">\n    <div class=\"container\">\n        <p class=\"intro-text-secondary__text text-650\">Die Erlangung des K\u00f6rperschaftsrechts ist f\u00fcr uns von gro\u00dfer Bedeutung, da sie uns die Anerkennung als Religionsgemeinschaft in Deutschland erm\u00f6glicht. Dies tr\u00e4gt dazu bei, unsere Gemeinschaft weiter zu st\u00e4rken und auszubauen.<\/p>\n    <\/div>\n<\/section>\n\n\n<section class=\"call-to-action-media no-padding\">  \n                        <div id=\"application-reason\" class=\"call-to-action-media__wrapper\">\n                        <div class=\"container call-to-action-media__item\">\n                            <div class=\"call-to-action-media__content\">\n                                <h3 class=\"title-with-ornament title-with-ornament--blue\">Warum Bhakti Marga den Status einer K\u00f6rperschaft des \u00f6ffentlichen Rechts anstrebt<\/h3>\n                                <span class=\"call-to-action-media__text\"><p>Bhakti Marga steht f\u00fcr gelebten Hinduismus in Deutschland \u2013 authentisch, zug\u00e4nglich und verwurzelt in den ewigen Prinzipien des <em>San\u0101tana Dharma<\/em>: <strong>Ahimsa <\/strong>(Gewaltlosigkeit), <strong>Bhakti<\/strong> (Liebe und Hingabe f\u00fcr Gott), and <strong>Dharma<\/strong> (rechtschaffenes Leben).<\/p>\n<p>Um unsere spirituelle Mission noch nachhaltiger zu erf\u00fcllen, beantragen wir die Anerkennung als <strong>K\u00f6rperschaft des \u00f6ffentlichen Rechts<\/strong>.<\/p>\n<p>\u201eMit diesem Status k\u00f6nnen wir unsere spirituelle Arbeit \u2013 von Tempeln \u00fcber Veranstaltungen bis hin zu Programmen \u2013 auf ein festes, rechtlich abgesichertes Fundament stellen, das unsere Werte widerspiegelt und von einer lebendigen Gemeinschaft getragen wird.\u201c<\/p>\n<p>Zukunft f\u00fcr kommende Generationen<\/p>\n<p>Wir schaffen die rechtlichen und strukturellen Voraussetzungen daf\u00fcr, dass eure Kinder und Enkel in Freiheit, W\u00fcrde und voller Anerkennung mit dem Hinduismus aufwachsen k\u00f6nnen.<\/p>\n<\/span>\n                                                                    <a href=\"#registration-form\" target=\"_self\">\n                                        <p class=\"button button--primary--dark-blue\">REGISTRIERE DICH ALS MITGLIED<\/p>\n                                    <\/a>\n                                                                                            <\/div>\n                                                            <div class=\"image-container\">\n                                    <img decoding=\"async\" class=\"call-to-action-media__image\" src=\"https:\/\/country.bhaktimarga.org\/de\/wp-content\/uploads\/sites\/6\/2024\/06\/Bhakti-Yoga-Weekend-Grid-2.jpg\" alt=\"\">\n                                <\/div>\n                                                                                <\/div>\n                    <\/div>\n                <\/section>\n\n\n\n<style>\n  .call-to-action-media #application-reason {\n    background-color: var(--bm-light-grey);\n  }\n  .call-to-action-media #application-reason .container {\n    padding-bottom: 0;\n  } \n  .call-to-action-media #application-reason .image-container {\n    order: -1;\n    margin-right: 4rem;\n  }\n\/*\n  .page-id-8983 .intro-text-secondary {\n    padding: 0;\n  }\n  .call-to-action-media #application-reason-next h3 {\n    display: none;\n  }\n*\/\n<\/style>\n\n\n<section class=\"call-to-action-media no-padding\">  \n                        <div  class=\"call-to-action-media__wrapper\">\n                        <div class=\"container call-to-action-media__item\">\n                            <div class=\"call-to-action-media__content\">\n                                <h3 class=\"title-with-ornament title-with-ornament--blue\">Was dieser Status f\u00fcr uns alle bedeutet<\/h3>\n                                <span class=\"call-to-action-media__text\"><ul>\n<li>Offizielle Anerkennung unserer Religion. Mit dem Status als K\u00f6rperschaft des \u00f6ffentlichen Rechts wird Bhakti Marga offiziell als Religionsgemeinschaft anerkannt \u2013 gleichberechtigt mit anderen gro\u00dfen Religionen. Das st\u00e4rkt unsere Stimme und schafft \u00f6ffentliches Vertrauen in unsere Arbeit.<\/li>\n<li>Aktive Mitgestaltung des \u00f6ffentlichen Lebens. Als K\u00f6rperschaft des \u00f6ffentlichen Rechts kann Bhakti Marga den spirituellen und ethischen Dialog in Deutschland mitgestalten \u2013 durch Bildung, Seelsorge und interreligi\u00f6sen Dialog.<\/li>\n<li>Ein sicheres Fundament f\u00fcr unsere spirituelle Arbeit.<\/li>\n<\/ul>\n<\/span>\n                                                                    <a href=\"#registration-form\" target=\"_self\">\n                                        <p class=\"button button--primary--dark-blue\">REGISTRIERE DICH ALS MITGLIED<\/p>\n                                    <\/a>\n                                                                                            <\/div>\n                                                            <div class=\"image-container\">\n                                    <img decoding=\"async\" class=\"call-to-action-media__image\" src=\"https:\/\/country.bhaktimarga.org\/de\/wp-content\/uploads\/sites\/6\/2024\/10\/2023-06-16-p-1249-scaled.jpg\" alt=\"\">\n                                <\/div>\n                                                                                <\/div>\n                    <\/div>\n                <\/section>\n\n\n\n<section>\n  <div class=\"container\">\n    <h2 class=\"title-with-ornament title-with-ornament--blue\">UNSER BEITRAG<\/h2>\n    <div class=\"contributions\">\n      <figure class=\"contributions__card\">\n          <img decoding=\"async\" class=\"events-cards-list__image\" src=\"https:\/\/country.bhaktimarga.org\/de\/wp-content\/uploads\/sites\/6\/2025\/05\/hindu-temple-members.jpg\">\n          <figcaption class=\"events-cards-list__info\">\n              <h3>HINDU-TEMPEL<\/h3>\n              <p>Die Tempel Sri Vitthal Dham Mandir und Bhutabhrteshwarnath Mandir sind Treffpunkte f\u00fcr viele spirituell Suchende, in denen t\u00e4glich hinduistische Gebete durchgef\u00fchrt werden.<\/p>\n          <\/figcaption>\n      <\/figure>\n      <figure class=\"contributions__card\">\n          <img decoding=\"async\" class=\"events-cards-list__image\" src=\"https:\/\/country.bhaktimarga.org\/de\/wp-content\/uploads\/sites\/6\/2025\/06\/traditions-members.jpg\">\n          <figcaption class=\"events-cards-list__info\">\n              <h3>TRADITIONEN UND RELIGION<\/h3>\n              <p>Der Verein \u201eBhakti Marga Bhaktas Deutschland e.V.\u201c unterst\u00fctzt seine Mitglieder, hinduistische Traditionen und Religion in Deutschland zu f\u00f6rdern und zu bewahren.<\/p>\n          <\/figcaption>\n      <\/figure>\n      <figure class=\"contributions__card\">\n          <img decoding=\"async\" class=\"events-cards-list__image\" src=\"https:\/\/country.bhaktimarga.org\/de\/wp-content\/uploads\/sites\/6\/2025\/06\/education-members.jpg\">\n          <figcaption class=\"events-cards-list__info\">\n            <h3>BILDUNG<\/h3>\n            <p>Unterrichten und Erziehen von Kindern und Jugendlichen in der Tradition des Hinduismus in Deutschland.<\/p>\n          <\/figcaption>\n      <\/figure>\n    <\/div>\n  <\/div>\n<\/section>\n\n<style>\n  .contributions {\n    display: flex;\n    flex-wrap: wrap;\n    justify-content: flex-start;\n    gap: 1rem;\n  }\n  .contributions__card {\n      display: flex;\n      flex-direction: column;\n      min-width: 300px;\n      max-width: 360px;\n      margin-bottom: 2rem;\n  }\n  .contributions__card .events-cards-list__info h3 {\n    font-size: 1.45rem;\n  }\n<\/style>\n\n\n\n<section id=\"our-impact\">\n  <div class=\"container\">\n    <h2 class=\"title-with-ornament title-with-ornament--blue\">WEITREICHENDE WIRKUNG<\/h2>\n    <div class=\"grid-auto-columns\"> \n      <div class=\"grid-auto-columns__cell\">\n        <div>\n          <strong>81,667<\/strong>\n          <p>Devotees &#038; Follower weltweit<\/p>\n        <\/div>\n      <\/div>\n      <div class=\"grid-auto-columns__cell\">\n        <div>\n          <strong>72<\/strong>\n          <p>L\u00e4nder, in denen Bhakti Marga vertreten ist<\/p>\n        <\/div>\n      <\/div>\n      <div class=\"grid-auto-columns__cell\">\n        <div>\n          <strong>55<\/strong>\n          <p>Hindu-Tempel weltweit<\/p>\n        <\/div>\n      <\/div>\n      <div class=\"grid-auto-columns__cell\">\n        <div>\n          <strong>32<\/strong>\n          <p>hinduistische Feste, die gefeiert werden<\/p>\n        <\/div>\n      <\/div>\n    <\/div>\n  <\/div>\n<\/section>\n\n<style>\n    #our-impact {\n        background-color: rgba(115,149,74,0.3);\n    }\n    #our-impact .grid-auto-columns {\n        display: grid;\n        grid-template-columns: repeat(auto-fit, minmax(min(290px, 100%), 1fr));\n        gap: 0.5rem;\n        row-gap: 0.5rem;\n    }\n    #our-impact .grid-auto-columns .grid-auto-columns__cell img {\n        max-width: 100%;\n    }\n    #our-impact .grid-auto-columns .grid-auto-columns__cell strong {\n        font-size: 2.25rem;\n    }\n    #our-impact .grid-auto-columns .grid-auto-columns__cell p {\n        font-size: 1.5rem;\n    }\n\n    @media (max-width: 768px) {\n    }\n<\/style>\n\n\n\n<section style=\"display: none;\" id=\"our-support-partners\">\n  <div class=\"container\">\n    <h2 class=\"title-with-ornament title-with-ornament--blue\">UNTERST\u00dcTZENDE PARTNER<\/h2>\n    <div class=\"grid-auto-columns\"> \n      <div class=\"grid-auto-columns__cell\">\n        <img decoding=\"async\" src=\"https:\/\/hssgermany.org\/wp-content\/uploads\/2021\/05\/HSSDELOGO-with-No-Background.png\" alt=\"\">\n        <div>\n          <p>Hindu Swayamsevak Sangh<\/p>\n        <\/div>\n      <\/div>\n      <div class=\"grid-auto-columns__cell\">\n        <img decoding=\"async\" src=\"https:\/\/country.bhaktimarga.org\/de\/wp-content\/uploads\/sites\/6\/2025\/05\/hindu-forum-logo.jpg\" alt=\"\">\n        <div>\n          <p>Hindu Forum Germany<\/p>\n        <\/div>\n      <\/div>\n      <div class=\"grid-auto-columns__cell\">\n        <img decoding=\"async\" src=\"https:\/\/country.bhaktimarga.org\/de\/wp-content\/uploads\/sites\/6\/2025\/05\/VHP-Logo.png\" alt=\"\">\n        <div>\n          <p>Vishwa Hindu Parishad<\/p>\n        <\/div>\n      <\/div>\n      <div class=\"grid-auto-columns__cell\">\n        <img decoding=\"async\" src=\"https:\/\/country.bhaktimarga.org\/de\/wp-content\/uploads\/sites\/6\/2025\/05\/frankfurt-india-music-school.jpg\" alt=\"\">\n        <div>\n          <p>Hindu Music School, Frankfurt<\/p>\n        <\/div>\n      <\/div>\n      <div class=\"grid-auto-columns__cell\">\n        <img decoding=\"async\" src=\"https:\/\/country.bhaktimarga.org\/de\/wp-content\/uploads\/sites\/6\/2025\/05\/ADHYL.webp\" alt=\"\">\n        <div>\n          <p>Afghan Hindu Cultural Association eV<\/p>\n        <\/div>\n      <\/div>\n      <div class=\"grid-auto-columns__cell\">\n        <img decoding=\"async\" src=\"https:\/\/country.bhaktimarga.org\/de\/wp-content\/uploads\/sites\/6\/2025\/05\/asamai-mandir-frankfurt.png\" alt=\"\">\n        <div>\n          <p>Aasamai Mandir<\/p>\n        <\/div>\n      <\/div>\n      <div class=\"grid-auto-columns__cell\">\n        <img decoding=\"async\" src=\"\" alt=\"\">\n        <div>\n          <p>Sathya Narayan<\/p>\n        <\/div>\n      <\/div>\n    <\/div>\n  <\/div>\n<\/section>\n\n<style>\n    #our-support-partners {\n        background-color: var(--bm-light-grey);\n    }\n    #our-support-partners .grid-auto-columns {\n        display: grid;\n        grid-template-columns: repeat(auto-fit, minmax(min(315px, 100%), 1fr));\n        gap: 0.5rem;\n        row-gap: 0.5rem;\n    }\n    #our-support-partners .grid-auto-columns .grid-auto-columns__cell img {\n        max-width: 80px;\n    }\n    #our-support-partners .grid-auto-columns .grid-auto-columns__cell strong {\n        font-size: 2.25rem;\n    }\n    #our-support-partners .grid-auto-columns .grid-auto-columns__cell p {\n        font-size: 1.5rem;\n    }\n\n    @media (max-width: 768px) {\n    }\n<\/style>\n\n\n\n<section id=\"registration-form\">\n  <div class=\"container\">\n    <h3 class=\"title-with-ornament title-with-ornament--blue\">Membership Form<\/h3>\n    <script charset=\"utf-8\" type=\"text\/javascript\" src=\"\/\/js.hsforms.net\/forms\/embed\/v2.js\"><\/script>\n    <script>\n      hbspt.forms.create({\n        portalId: \"8952526\",\n        formId: \"07ed7878-7600-4b4f-bfa1-afc15051671e\",\n        region: \"na1\"\n      });\n    <\/script>\n    <p class=\"text-750\">\n        Wenn ihr das Beitrittsformular nicht sehen k\u00f6nnt, probiert es bitte mit einem anderen Browser.\n    <\/p>\n  <\/div>\n<\/section>\n\n\n\n<section id=\"support-us\" style=\"background-color: var(--bm-beige);\">\n  <div \n    class=\"container\" \n    style=\"\n      display: flex;\n      flex-direction: column;\n      gap: 1rem;\n      font-size: 1.25rem;\n    \"\n  >\n    <h3>Documents<\/h3>\n    <a href=\"https:\/\/country.bhaktimarga.org\/de\/wp-content\/uploads\/sites\/6\/2025\/05\/Vereinssatzung_2024.pdf\" class=\"standalone-link\"><p>Read our statute<\/p><\/a>\n  <\/div>\n<\/section>\n","protected":false},"excerpt":{"rendered":"<p>Switch to english Wir brauchen Eure Unterst\u00fctzung REGISTRIERE DICH ALS MITGLIED UNSER BEITRAG HINDU-TEMPEL Die Tempel Sri Vitthal Dham Mandir und Bhutabhrteshwarnath Mandir sind Treffpunkte f\u00fcr viele spirituell Suchende, in denen t\u00e4glich hinduistische Gebete durchgef\u00fchrt werden. TRADITIONEN UND RELIGION Der Verein \u201eBhakti Marga Bhaktas Deutschland e.V.\u201c unterst\u00fctzt seine Mitglieder, hinduistische Traditionen und Religion in Deutschland [&hellip;]<\/p>\n","protected":false},"author":1,"featured_media":0,"parent":0,"menu_order":0,"comment_status":"closed","ping_status":"closed","template":"","meta":{"_acf_changed":false,"inline_featured_image":false,"footnotes":""},"class_list":["post-9182","page","type-page","status-publish","hentry"],"acf":[],"_links":{"self":[{"href":"https:\/\/country.bhaktimarga.org\/de\/wp-json\/wp\/v2\/pages\/9182","targetHints":{"allow":["GET"]}}],"collection":[{"href":"https:\/\/country.bhaktimarga.org\/de\/wp-json\/wp\/v2\/pages"}],"about":[{"href":"https:\/\/country.bhaktimarga.org\/de\/wp-json\/wp\/v2\/types\/page"}],"author":[{"embeddable":true,"href":"https:\/\/country.bhaktimarga.org\/de\/wp-json\/wp\/v2\/users\/1"}],"replies":[{"embeddable":true,"href":"https:\/\/country.bhaktimarga.org\/de\/wp-json\/wp\/v2\/comments?post=9182"}],"version-history":[{"count":22,"href":"https:\/\/country.bhaktimarga.org\/de\/wp-json\/wp\/v2\/pages\/9182\/revisions"}],"predecessor-version":[{"id":9276,"href":"https:\/\/country.bhaktimarga.org\/de\/wp-json\/wp\/v2\/pages\/9182\/revisions\/9276"}],"wp:attachment":[{"href":"https:\/\/country.bhaktimarga.org\/de\/wp-json\/wp\/v2\/media?parent=9182"}],"curies":[{"name":"wp","href":"https:\/\/api.w.org\/{rel}","templated":true}]}}