{"id":1358,"date":"2023-10-07T10:53:51","date_gmt":"2023-10-07T09:53:51","guid":{"rendered":"https:\/\/country.bhaktimarga.org\/fr\/?page_id=1358"},"modified":"2024-05-25T16:47:56","modified_gmt":"2024-05-25T15:47:56","slug":"your-event","status":"publish","type":"page","link":"https:\/\/country.bhaktimarga.org\/fr\/ashram-maisonpourtous\/explore\/your-event\/","title":{"rendered":"Organisez votre \u00e9v\u00e8nement"},"content":{"rendered":"\n<section class=\"hero-image\">\n    <div class=\"hero-image__container\">\n        <img decoding=\"async\" class=\"hero-image__background object-fit-cover\" src=\"https:\/\/country.bhaktimarga.org\/fr\/wp-content\/uploads\/sites\/7\/2024\/05\/Esapce-conferences.jpg\" alt=\"\">\n                    <img decoding=\"async\" class=\"hero-image__mobile-background object-fit-cover\" src=\"https:\/\/country.bhaktimarga.org\/fr\/wp-content\/uploads\/sites\/7\/2024\/05\/Esapce-conferences.jpg\" alt=\"\">\n            <\/div>\n    <div class=\"hero-image__content container\">\n        <h1>D\u00e9clencher un changement pour \u00e9lever votre organisation<\/h1>\n    <\/div>\n<\/section>\n\n<style>\n            .hero-image__background {\n            display: none;\n        }\n        @media (min-width: 768px) {\n            .hero-image__background {\n                display: initial;\n            }\n            .hero-image__mobile-background {\n                display: none;\n            }\n        }\n    <\/style>\n\n\n<section class=\"intro-text-secondary\">\n    <div class=\"container\">\n        <p class=\"intro-text-secondary__text text-650\">Am\u00e9liorez votre culture organisationnelle et apportez une r\u00e9elle satisfaction \u00e0 vos employ\u00e9s et clients, bas\u00e9e sur des exp\u00e9riences transcendantales.<\/p>\n    <\/div>\n<\/section>\n\n\n\n<section id=\"for-organizations\" class=\"cards-overlay-grid\" style=\"background-color: #ffffff\">\n\n        \n    <div class=\"container cards-overlay-grid__container\">\n        \n                            <figure class=\"cards-overlay-grid__card animated-element\" data-animation=\"slide-up\">\n                                <div class=\"cards-overlay-grid__image-container\">\n                                    <img decoding=\"async\" class=\"object-fit-cover\" src=\"https:\/\/country.bhaktimarga.org\/fr\/wp-content\/uploads\/sites\/7\/2024\/05\/Esapce-conferences.jpg\" alt=\"\">\n                                <\/div>\n                                <figcaption class=\"cards-overlay-grid__content\">\n                                    <h3 class=\"cards-overlay-grid__title\">Nos installations pour vous<\/h3>\n                                    <span class=\"cards-overlay-grid__text\"><p>D\u00e9couvrez l&#8217;ambiance parfaite pour favoriser l&#8217;inspiration\u00a0: id\u00e9ale pour accro\u00eetre la dynamique d&#8217;\u00e9quipe ou pour organiser vos \u00e9v\u00e9nements et retraites personnalis\u00e9s.<\/p>\n<\/span>\n                                                                    <\/figcaption>\n                            <\/figure>\n                                                    \n                            <figure class=\"cards-overlay-grid__card animated-element\" data-animation=\"slide-up\">\n                                <div class=\"cards-overlay-grid__image-container\">\n                                    <img decoding=\"async\" class=\"object-fit-cover\" src=\"https:\/\/country.bhaktimarga.org\/fr\/wp-content\/uploads\/sites\/7\/2024\/02\/image943.png\" alt=\"\">\n                                <\/div>\n                                <figcaption class=\"cards-overlay-grid__content\">\n                                    <h3 class=\"cards-overlay-grid__title\">Apprenez de nous<\/h3>\n                                    <span class=\"cards-overlay-grid__text\"><p>Cours cr\u00e9atifs sur mesure, exercices, ateliers, m\u00e9ditations et bien plus encore con\u00e7us pour am\u00e9liorer l&#8217;efficacit\u00e9 gr\u00e2ce \u00e0 la spiritualit\u00e9.<\/p>\n<p>&nbsp;<\/p>\n<\/span>\n                                                                    <\/figcaption>\n                            <\/figure>\n                                                    \n                            <figure class=\"cards-overlay-grid__card animated-element\" data-animation=\"slide-up\">\n                                <div class=\"cards-overlay-grid__image-container\">\n                                    <img decoding=\"async\" class=\"object-fit-cover\" src=\"https:\/\/country.bhaktimarga.org\/fr\/wp-content\/uploads\/sites\/7\/2024\/02\/image923.png\" alt=\"\">\n                                <\/div>\n                                <figcaption class=\"cards-overlay-grid__content\">\n                                    <h3 class=\"cards-overlay-grid__title\">Louer du mat\u00e9riel<\/h3>\n                                    <span class=\"cards-overlay-grid__text\"><p>Pour vos \u00e9v\u00e9nements, notre ashram vous propose une gamme de mat\u00e9riel audiovisuel disponible \u00e0 la location.<\/p>\n<\/span>\n                                                                    <\/figcaption>\n                            <\/figure>\n                                                        <\/div>\n<\/section>\n\n\n\n<section class=\"no-padding\" id=\"serve-a-deity-contact\">\n    <div class=\"container\">\n        <h3 class=\"title-with-ornament title-with-ornament--violet\">Plus d&#8217;informations<\/h3>\n        <a href=\"https:\/\/country.bhaktimarga.org\/fr\/wp-content\/uploads\/sites\/7\/2023\/12\/SPN-brochure-2023-11-19-spreads.pdf\">\n            <p class=\"standalone-link\">Contactez nous<\/p>\n\n    <\/div>\n<\/section>\n","protected":false},"excerpt":{"rendered":"<p>Plus d&#8217;informations Contactez nous<\/p>\n","protected":false},"author":1,"featured_media":0,"parent":550,"menu_order":0,"comment_status":"closed","ping_status":"closed","template":"","meta":{"_acf_changed":false,"inline_featured_image":false,"footnotes":""},"class_list":["post-1358","page","type-page","status-publish","hentry"],"acf":[],"_links":{"self":[{"href":"https:\/\/country.bhaktimarga.org\/fr\/wp-json\/wp\/v2\/pages\/1358","targetHints":{"allow":["GET"]}}],"collection":[{"href":"https:\/\/country.bhaktimarga.org\/fr\/wp-json\/wp\/v2\/pages"}],"about":[{"href":"https:\/\/country.bhaktimarga.org\/fr\/wp-json\/wp\/v2\/types\/page"}],"author":[{"embeddable":true,"href":"https:\/\/country.bhaktimarga.org\/fr\/wp-json\/wp\/v2\/users\/1"}],"replies":[{"embeddable":true,"href":"https:\/\/country.bhaktimarga.org\/fr\/wp-json\/wp\/v2\/comments?post=1358"}],"version-history":[{"count":71,"href":"https:\/\/country.bhaktimarga.org\/fr\/wp-json\/wp\/v2\/pages\/1358\/revisions"}],"predecessor-version":[{"id":3820,"href":"https:\/\/country.bhaktimarga.org\/fr\/wp-json\/wp\/v2\/pages\/1358\/revisions\/3820"}],"up":[{"embeddable":true,"href":"https:\/\/country.bhaktimarga.org\/fr\/wp-json\/wp\/v2\/pages\/550"}],"wp:attachment":[{"href":"https:\/\/country.bhaktimarga.org\/fr\/wp-json\/wp\/v2\/media?parent=1358"}],"curies":[{"name":"wp","href":"https:\/\/api.w.org\/{rel}","templated":true}]}}