{"id":162,"date":"2023-06-08T14:54:40","date_gmt":"2023-06-08T13:54:40","guid":{"rendered":"https:\/\/country.bhaktimarga.org\/fr\/?page_id=162"},"modified":"2024-09-27T15:24:52","modified_gmt":"2024-09-27T14:24:52","slug":"paramahamsa-vishwananda","status":"publish","type":"page","link":"https:\/\/country.bhaktimarga.org\/fr\/paramahamsa-vishwananda\/","title":{"rendered":"Paramahamsa Vishwananda"},"content":{"rendered":"\n<section class=\"secondary-hero\">\n    <div class=\"secondary-hero__container\">\n        <img decoding=\"async\" class=\"object-fit-cover\" src=\"https:\/\/country.bhaktimarga.org\/fr\/wp-content\/uploads\/sites\/7\/2023\/06\/paramahamsa-sri-swami-vishwananda-mission-of-love.jpeg\"  alt=\"Guruji\">\n    <\/div>\n    <div class=\"secondary-hero__content\">\n        <h1>Paramahamsa Vishwananda<\/h1>\n        <span class=\"secondary-hero__text\"><p>Paramahamsa Vishwananda est un Ma\u00eetre spirituel r\u00e9alis\u00e9 en Dieu, vivant en union avec le Divin. Son but est d\u2019aider chacun \u00e0 faire l\u2019exp\u00e9rience de cette m\u00eame relation divine, dans leur vie actuelle. C\u2019est ce qui Le rend si unique.<\/p>\n<\/span>\n                    <a href=\"#quote\" target=\"_self\">\n                <p class=\"standalone-link\">Rencontrer le Divin<\/p>\n            <\/a>\n            <\/div>\n<\/section>\n\n\n\n<section  class=\"no-padding\">\n    <figure class=\"quote\">\n        <img decoding=\"async\" src=\"\/wp-content\/themes\/vaikuntha\/images\/quote-icon.svg\" alt=\"\">\n        <blockquote>\n            <p>\u2018 Si vous comptez sur votre propre force, vous pouvez atteindre un certain niveau d\u2019avancement spirituel. Mais pour r\u00e9aliser l\u2019Ultime, pour vous transformer compl\u00e8tement dans la Lumi\u00e8re de Dieu, vous avez besoin de la gr\u00e2ce du Ma\u00eetre spirituel. Jusqu\u2019\u00e0 ce que le Ma\u00eetre spirituel apparaisse, cela n\u2019est pas possible. \u200b\u200b\u2019<\/p>\n        <\/blockquote>\n        <figcaption>Paramahamsa Vishwananda<\/figcaption>\n    <\/figure>\n<\/section>\n\n\n\n<section class=\"cards\">\n    <div class=\"container\">\n    \n                <div\n                                        class=\"cards__card card--light-blue\"\n                >\n                    <div class=\"card__content\">\n                        <h3 class=\"card__title\">FONDATEUR DE BHAKTI MARGA<\/h3>\n                        <span class=\"card__text\"><p class=\"p1\">Paramahamsa Vishwananda incarne la ma\u00eetrise \u00e0 maints \u00e9gards, ce qui Le distingue comme expression vivante de la\u00a0<i>bhakti<\/i>, aussi bien \u00e0 titre individuel que collectif. Il est un Acharya Vaishnave, un Ma\u00eetre de Kriya Yoga, et l\u2019<i>acharya<\/i>\u00a0fondateur,\u00a0<i>satguru<\/i>\u00a0et leader de la mission Bhakti Marga.<\/p>\n<p class=\"p3\">Il est la force motrice et l\u2019inspiration de tout ce que fait la mission au service de l\u2019humanit\u00e9. En tissant ensemble des \u00e9l\u00e9ments issus de ces diff\u00e9rentes traditions de fa\u00e7on unique, Il offre un chemin spirituel ayant fait ses preuves et le soutien n\u00e9cessaire, pour au bout du compte, atteindre la R\u00e9alisation de Dieu.<\/p>\n<\/span>\n                                                                    <\/div>\n                    <div class=\"card__image-container\">\n                                                    <img decoding=\"async\" src=\"https:\/\/country.bhaktimarga.org\/fr\/wp-content\/uploads\/sites\/7\/2023\/06\/paramahamsa-vishwananda-looking-at-the-sky.jpeg\" alt=\"Paramahamsa Vishwananda looking at the sky.\">\n                                            <\/div>\n                <\/div>\n\n                \n                <div\n                                        class=\"cards__card card--gold\"\n                >\n                    <div class=\"card__content\">\n                        <h3 class=\"card__title\">DES PRATIQUES TRANSFORMATRICES<\/h3>\n                        <span class=\"card__text\"><p class=\"p1\">Paramahamsa Vishwananda propose un chemin bien dessin\u00e9 et des outils \u00e9prouv\u00e9s permettant de faire ressortir la sagesse du c\u0153ur et de vous connecter au Divin. Ces pratiques vous aident \u00e0 vivre la bhakti dans votre vie quotidienne en cultivant une relation profond\u00e9ment personnelle avec Dieu.<\/p>\n<p class=\"p1\">Cette palette unique de techniques spirituelles ne se trouve nulle part ailleurs. Elles sont l\u00e0 pour \u00e9lever l\u2019humanit\u00e9 en cultivant la bhakti : l\u2019amour et la d\u00e9votion envers le Divin. Explorez-les toutes pour trouver celles qui vous conviennent le mieux.<\/p>\n<\/span>\n                                                    <a href=\"https:\/\/country.bhaktimarga.org\/fr\/the-path\/\" target=\"_self\">\n                                <p class=\"button button--outline button--outline--white\">Explorer la Voie spirituelle<\/p>\n                            <\/a>\n                                                                    <\/div>\n                    <div class=\"card__image-container\">\n                                                    <img decoding=\"async\" src=\"https:\/\/country.bhaktimarga.org\/fr\/wp-content\/uploads\/sites\/7\/2023\/06\/vaishnava-india-temple.jpg\" alt=\"\">\n                                            <\/div>\n                <\/div>\n\n                \n                <div\n                                        class=\"cards__card card--light-blue\"\n                >\n                    <div class=\"card__content\">\n                        <h3 class=\"card__title\">RENCONTRER LE MA\u00ceTRE SPIRITUEL<\/h3>\n                        <span class=\"card__text\"><p class=\"p1\">Rencontrer un ma\u00eetre spirituel et un satguru incarn\u00e9 est une opportunit\u00e9 extr\u00eamement rare et pr\u00e9cieuse. Que votre attention ait \u00e9t\u00e9 attir\u00e9e par Son Amour inconditionnel, Sa profonde sagesse ou Sa ma\u00eetrise inn\u00e9e, votre rencontre avec Lui n\u2019est pas fortuite. C\u2019est une exp\u00e9rience qui vous permet d\u2019\u00e9veiller votre \u00e2me.<\/p>\n<p class=\"p1\">Paramahamsa Vishwananda a d\u00e9di\u00e9 Sa vie au service de l\u2019humanit\u00e9, et Il se rend accessible lors de centaines d\u2019\u00e9v\u00e9nements chaque ann\u00e9e. Chaque instant pass\u00e9 avec Lui est pr\u00e9cieux, alors profitez-en tant qu\u2019il est encore temps !<\/p>\n<\/span>\n                                                    <a href=\"https:\/\/pages.bhaktimarga.org\/darshan-for-new-comers\" target=\"_self\">\n                                <p class=\"button button--outline button--outline--white\">RENCONTRER LE DIVIN<\/p>\n                            <\/a>\n                                                                    <\/div>\n                    <div class=\"card__image-container\">\n                                                    <img decoding=\"async\" src=\"https:\/\/country.bhaktimarga.org\/fr\/wp-content\/uploads\/sites\/7\/2023\/06\/paramahamsa-vishwananda-accessibility.jpg\" alt=\"\">\n                                            <\/div>\n                <\/div>\n\n                    <\/div>\n<\/section>\n\n\n<section class=\"call-to-action-media no-padding\">  \n                        <div id=\"insights-from-the-master\" class=\"call-to-action-media__wrapper\">\n                        <div class=\"container call-to-action-media__item\">\n                            <div class=\"call-to-action-media__content\">\n                                <h3 class=\"title-with-ornament title-with-ornament--blue\">LES ENSEIGNEMENTS DU MA\u00ceTRE<\/h3>\n                                <span class=\"call-to-action-media__text\"><p class=\"p1\">Paramahamsa Vishwananda suit la tradition s\u00e9culaire qui consiste \u00e0 r\u00e9pondre aux questions pos\u00e9es par les gens lors de r\u00e9unions intimes appel\u00e9es\u00a0<em>satsangs<\/em>, ou conf\u00e9rences spirituelles. Il est extr\u00eamement rare d\u2019avoir un acc\u00e8s aussi \u00e9troit \u00e0 un Ma\u00eetre spirituel et\u00a0<em>satguru<\/em>\u00a0de Son vivant, et d\u2019avoir l\u2019occasion d\u2019apprendre directement de Lui.<\/p>\n<p class=\"p1\">*Activez les sous-titres en fran\u00e7ais dans les param\u00e8tres du lecteur vid\u00e9o (petite roulette grise)<\/p>\n<\/span>\n                                                                    <a href=\"https:\/\/www.youtube.com\/watch?v=NDTw5sldcfU&#038;list=PLRJzEHCmzsf2K-ETOxFTNC0r6QNbqSE5A&#038;ab_channel=ParamahamsaSriSwamiVishwananda\" target=\"_blank\">\n                                        <p class=\"button button--primary--dark-blue\">En savoir plus<\/p>\n                                    <\/a>\n                                                                                            <\/div>\n                                                                                        <div class=\"embed-container\">\n                                    <iframe loading=\"lazy\" title=\"The Time For Spirituality | Paramahamsa Vishwananda\" width=\"640\" height=\"360\" src=\"https:\/\/www.youtube.com\/embed\/WHeTbW4yGCk?feature=oembed\" frameborder=\"0\" allow=\"accelerometer; autoplay; clipboard-write; encrypted-media; gyroscope; picture-in-picture; web-share\" referrerpolicy=\"strict-origin-when-cross-origin\" allowfullscreen><\/iframe>                                <\/div>\n                                                    <\/div>\n                    <\/div>\n                                    <div id=\"kirtan-with-the-master\" class=\"call-to-action-media__wrapper\">\n                        <div class=\"container call-to-action-media__item\">\n                            <div class=\"call-to-action-media__content\">\n                                <h3 class=\"title-with-ornament title-with-ornament--blue\">KIRTAN AVEC LE MA\u00ceTRE<\/h3>\n                                <span class=\"call-to-action-media__text\"><p>Dans la relation entre\u00a0l\u2019Amoureux et le Bien-Aim\u00e9, il n\u2019existe qu\u2019une seule exp\u00e9rience, qu\u2019une seule motivation et qu\u2019une seule r\u00e9alit\u00e9 \u2013 simplement l\u2019Amour. Lancez-vous, chantez, applaudissez, dansez. Soyez libre.<\/p>\n<\/span>\n                                                                    <a href=\"https:\/\/www.youtube.com\/playlist?list=PLRJzEHCmzsf0X1lgU1foY1x_1ACvrhiqZ\" target=\"_self\">\n                                        <p class=\"button button--primary--dark-blue\">En savoir plus<\/p>\n                                    <\/a>\n                                                                                            <\/div>\n                                                                                        <div class=\"embed-container\">\n                                    <iframe loading=\"lazy\" title=\"Live Kirtans with Paramahamsa Vishwananda\" width=\"640\" height=\"360\" src=\"https:\/\/www.youtube.com\/embed\/videoseries?list=PLRJzEHCmzsf0X1lgU1foY1x_1ACvrhiqZ\" frameborder=\"0\" allow=\"accelerometer; autoplay; clipboard-write; encrypted-media; gyroscope; picture-in-picture; web-share\" referrerpolicy=\"strict-origin-when-cross-origin\" allowfullscreen><\/iframe>                                <\/div>\n                                                    <\/div>\n                    <\/div>\n                <\/section>\n\n\n\n<section class=\"cards\">\n    <div class=\"container\">\n    \n                <div\n                                        class=\"cards__card card--gold\"\n                >\n                    <div class=\"card__content\">\n                        <h3 class=\"card__title\">UNE SAGESSE INTEMPORELLE<\/h3>\n                        <span class=\"card__text\"><p class=\"p1\">Apprendre d\u2019un v\u00e9ritable ma\u00eetre est inestimable et au-del\u00e0 des mots. Son humour et son c\u00f4t\u00e9 pragmatique vous am\u00e8neront \u00e0 une prise de conscience nouvelle sur vous-m\u00eame, votre but et votre place dans le monde. La sagesse intemporelle qu\u2019Il partage transforme m\u00eame des th\u00e8mes complexes en sujets pratiques et pertinents pour notre \u00e9poque moderne.<\/p>\n<p class=\"p1\">Au fil des ans, Paramahamsa Vishwananda a transmis des commentaires profonds sur des \u00e9critures v\u00e9diques essentielles comme la\u00a0<i>Bhagavad Gita<\/i>, le\u00a0<i>Shreemad Bhagavatam<\/i>\u00a0et la\u00a0<i>Guru Gita<\/i>.<\/p>\n<\/span>\n                                                    <a href=\"https:\/\/bhaktishop.com\/collections\/books-guruji\" target=\"_blank\">\n                                <p class=\"button button--outline button--outline--white\">Apprendre du Ma\u00eetre spirituel<\/p>\n                            <\/a>\n                                                                    <\/div>\n                    <div class=\"card__image-container\">\n                                                    <img decoding=\"async\" src=\"https:\/\/country.bhaktimarga.org\/fr\/wp-content\/uploads\/sites\/7\/2023\/06\/paramahamsa-vishwananda-holding-bhagavad-gita.jpg\" alt=\"\">\n                                            <\/div>\n                <\/div>\n\n                    <\/div>\n<\/section>\n","protected":false},"excerpt":{"rendered":"","protected":false},"author":1,"featured_media":0,"parent":0,"menu_order":0,"comment_status":"closed","ping_status":"closed","template":"","meta":{"_acf_changed":false,"inline_featured_image":false,"footnotes":""},"class_list":["post-162","page","type-page","status-publish","hentry"],"acf":[],"_links":{"self":[{"href":"https:\/\/country.bhaktimarga.org\/fr\/wp-json\/wp\/v2\/pages\/162","targetHints":{"allow":["GET"]}}],"collection":[{"href":"https:\/\/country.bhaktimarga.org\/fr\/wp-json\/wp\/v2\/pages"}],"about":[{"href":"https:\/\/country.bhaktimarga.org\/fr\/wp-json\/wp\/v2\/types\/page"}],"author":[{"embeddable":true,"href":"https:\/\/country.bhaktimarga.org\/fr\/wp-json\/wp\/v2\/users\/1"}],"replies":[{"embeddable":true,"href":"https:\/\/country.bhaktimarga.org\/fr\/wp-json\/wp\/v2\/comments?post=162"}],"version-history":[{"count":23,"href":"https:\/\/country.bhaktimarga.org\/fr\/wp-json\/wp\/v2\/pages\/162\/revisions"}],"predecessor-version":[{"id":4052,"href":"https:\/\/country.bhaktimarga.org\/fr\/wp-json\/wp\/v2\/pages\/162\/revisions\/4052"}],"wp:attachment":[{"href":"https:\/\/country.bhaktimarga.org\/fr\/wp-json\/wp\/v2\/media?parent=162"}],"curies":[{"name":"wp","href":"https:\/\/api.w.org\/{rel}","templated":true}]}}