{"id":218,"date":"2023-06-19T11:53:17","date_gmt":"2023-06-19T10:53:17","guid":{"rendered":"https:\/\/country.bhaktimarga.org\/fr\/?page_id=218"},"modified":"2024-07-12T10:55:05","modified_gmt":"2024-07-12T09:55:05","slug":"the-path","status":"publish","type":"page","link":"https:\/\/country.bhaktimarga.org\/fr\/the-path\/","title":{"rendered":"The Path"},"content":{"rendered":"\n<section class=\"secondary-hero\">\n    <div class=\"secondary-hero__container\">\n        <img decoding=\"async\" class=\"object-fit-cover\" src=\"https:\/\/country.bhaktimarga.org\/fr\/wp-content\/uploads\/sites\/7\/2023\/06\/the-path.jpg\"  alt=\"\">\n    <\/div>\n    <div class=\"secondary-hero__content\">\n        <h1>Le Chemin<\/h1>\n        <span class=\"secondary-hero__text\"><p>Pour \u00eatre arriv\u00e9 jusqu\u2019ici, c\u2019est s\u00fbrement que vous cherchez quelque chose de plus dans la vie. Quelque chose qui aurait plus de sens. Quelque chose qui vous aide v\u00e9ritablement \u00e0 d\u00e9passer les d\u00e9fis donn\u00e9s par la vie.<\/p>\n<\/span>\n            <\/div>\n<\/section>\n\n\n\n<section class=\"video-embed\">\n    <div class=\"container\">\n                    <div class=\"video-embed__container\">\n                <iframe loading=\"lazy\" title=\"The Path   Bhakti Marga\" width=\"640\" height=\"360\" src=\"https:\/\/www.youtube.com\/embed\/pZv1_9MDYww?feature=oembed\" frameborder=\"0\" allow=\"accelerometer; autoplay; clipboard-write; encrypted-media; gyroscope; picture-in-picture; web-share\" referrerpolicy=\"strict-origin-when-cross-origin\" allowfullscreen><\/iframe>            <\/div>\n            <\/div>\n<\/section>\n\n\n<section class=\"four-arms\">\n    <div class=\"container\">\n        <img decoding=\"async\" src=\"\/wp-content\/themes\/vaikuntha\/images\/four-arms-vishnu-the-path.svg\">\n        <ul class=\"four-arms__list\">\n            <li class=\"four-arms__item animated-element\" data-animation=\"appear\" id=\"yoga\"><a href=\"https:\/\/country.bhaktimarga.org\/fr\/the-path\/yoga-meditation\" target=\"_self\"><p>Yoga &amp; M\u00e9ditation<\/p><\/a><\/li>\n            <li class=\"four-arms__item animated-element\" data-animation=\"appear\" id=\"knowledge\"><a href=\"https:\/\/country.bhaktimarga.org\/fr\/the-path\/knowledge\" target=\"_self\"><p>Connaissance<\/p><\/a><\/li>\n            <li class=\"four-arms__item animated-element\" data-animation=\"appear\" id=\"rituals\"><a href=\"https:\/\/country.bhaktimarga.org\/fr\/the-path\/rituals\" target=\"_self\"><p>Rituels<\/p><\/a><\/li>\n            <li class=\"four-arms__item animated-element\" data-animation=\"appear\" id=\"arts\"><a href=\"https:\/\/country.bhaktimarga.org\/fr\/the-path\/devotional-arts\" target=\"_self\"><p>Arts d\u00e9votionnels<\/p><\/a><\/li>\n        <\/ul>\n    <\/div>\n<\/section>\n<style>\n    @media (min-width: 768px) {\n        .four-arms__list #yoga:hover::after {\n            content: \"Votre \u00e2me est une \u00e9tincelle divine\";\n        }\n        .four-arms__list #knowledge:hover::after {\n            content: \"Apprenez que Dieu est r\u00e9ellement pour quelqu'un\";\n        }\n        .four-arms__list #rituals:hover::after {\n            content: \"Connectez-vous au divin ici et maintenant\";\n        }\n        .four-arms__list #arts:hover::after {\n            content: \"Au-del\u00e0 du plaisir, trouver la joie !\";\n        }\n    }\n<\/style>","protected":false},"excerpt":{"rendered":"","protected":false},"author":1,"featured_media":0,"parent":0,"menu_order":0,"comment_status":"closed","ping_status":"closed","template":"","meta":{"_acf_changed":false,"inline_featured_image":false,"footnotes":""},"class_list":["post-218","page","type-page","status-publish","hentry"],"acf":[],"_links":{"self":[{"href":"https:\/\/country.bhaktimarga.org\/fr\/wp-json\/wp\/v2\/pages\/218","targetHints":{"allow":["GET"]}}],"collection":[{"href":"https:\/\/country.bhaktimarga.org\/fr\/wp-json\/wp\/v2\/pages"}],"about":[{"href":"https:\/\/country.bhaktimarga.org\/fr\/wp-json\/wp\/v2\/types\/page"}],"author":[{"embeddable":true,"href":"https:\/\/country.bhaktimarga.org\/fr\/wp-json\/wp\/v2\/users\/1"}],"replies":[{"embeddable":true,"href":"https:\/\/country.bhaktimarga.org\/fr\/wp-json\/wp\/v2\/comments?post=218"}],"version-history":[{"count":9,"href":"https:\/\/country.bhaktimarga.org\/fr\/wp-json\/wp\/v2\/pages\/218\/revisions"}],"predecessor-version":[{"id":4034,"href":"https:\/\/country.bhaktimarga.org\/fr\/wp-json\/wp\/v2\/pages\/218\/revisions\/4034"}],"wp:attachment":[{"href":"https:\/\/country.bhaktimarga.org\/fr\/wp-json\/wp\/v2\/media?parent=218"}],"curies":[{"name":"wp","href":"https:\/\/api.w.org\/{rel}","templated":true}]}}