{"id":230,"date":"2023-06-20T10:48:42","date_gmt":"2023-06-20T09:48:42","guid":{"rendered":"https:\/\/country.bhaktimarga.org\/fr\/?page_id=230"},"modified":"2024-10-01T15:51:39","modified_gmt":"2024-10-01T14:51:39","slug":"connect","status":"publish","type":"page","link":"https:\/\/country.bhaktimarga.org\/fr\/connect\/","title":{"rendered":"Connect"},"content":{"rendered":"\n<section class=\"secondary-hero\">\n    <div class=\"secondary-hero__container\">\n        <img decoding=\"async\" class=\"object-fit-cover\" src=\"https:\/\/country.bhaktimarga.org\/fr\/wp-content\/uploads\/sites\/7\/2023\/06\/contact-connect-jai-gurudev.jpeg\"  alt=\"\">\n    <\/div>\n    <div class=\"secondary-hero__content\">\n        <h1>SE CONNECTER<\/h1>\n        <span class=\"secondary-hero__text\"><p class=\"p1\">Utilisez le formulaire ci-dessous pour toute demande. Besoin d\u2019aide pour trouver un groupe pr\u00e8s de chez vous ? Vous voulez apprendre \u00e0 m\u00e9diter ? Vous voudriez pouvoir retrouver un livre dont vous avez entendu parler ?<\/p>\n<p class=\"p1\">Envoyez-nous un message ! Nous vous r\u00e9pondrons d\u00e8s que possible. Vous pourriez \u00e9galement avoir envie de rejoindre les cha\u00eenes Telegram les plus actives.<\/p>\n<\/span>\n                    <a href=\"#connect\" target=\"_self\">\n                <p class=\"standalone-link\">CHA\u00ceNES TELEGRAM<\/p>\n            <\/a>\n            <\/div>\n<\/section>\n\n\n\n<section class=\"info-list-link\">\n    <div class=\"container\">\n        <div>\n            <h4>PAYS \u2013 infos nationales<\/h4>\n            <ul>\n                                            <li>\n                                    <a href=\"https:\/\/t.me\/bmfrancetoday\" target=\"_blank\">\n                                        <img decoding=\"async\" src=\"https:\/\/country.bhaktimarga.org\/fr\/wp-content\/uploads\/sites\/7\/2023\/12\/telegram-icon.svg\" alt=\"telegram icon to join the channel\">\n                                    <\/a>\n                                    <div>\n                                        <h5>CHA\u00ceNES TELEGRAM<\/h5>\n                                        <p>BM FRANCE TODAY\r\n\r\nSuivez l\u2019actualit\u00e9 internationale de Bhakti Marga, les voyages de Paramahamsa Vishwananda, ainsi que les derni\u00e8res parutions vid\u00e9os en musique, enseignements, et t\u00e9moignages d\u2019exp\u00e9riences.<\/p>\n                                    <\/div>\n                                <\/li>\n                                                                <li>\n                                    <a href=\"https:\/\/t.me\/bhaktimargafranceofficiel\" target=\"_blank\">\n                                        <img decoding=\"async\" src=\"https:\/\/country.bhaktimarga.org\/fr\/wp-content\/uploads\/sites\/7\/2023\/12\/telegram-icon.svg\" alt=\"telegram icon to join the channel\">\n                                    <\/a>\n                                    <div>\n                                        <h5>BM FRANCE ACTIVIT\u00c9S<\/h5>\n                                        <p>Restez tenu inform\u00e9 de tous les \u00e9v\u00e9nements et cours Bhakti Marga donn\u00e9s en France.<\/p>\n                                    <\/div>\n                                <\/li>\n                                            <\/ul>\n        <\/div>\n        <div>\n            <h4>INTERNATIONAL \u2013 infos venant de l\u2019international, traduites en fran\u00e7ais<\/h4>\n            <ul>\n                                            <li>\n                                    <a href=\"https:\/\/t.me\/citationparamahamsavishwananda\" target=\"_blank\">\n                                        <img decoding=\"async\" src=\"https:\/\/country.bhaktimarga.org\/fr\/wp-content\/uploads\/sites\/7\/2023\/12\/telegram-icon.svg\" alt=\"telegram icon to join the channel\">\n                                    <\/a>\n                                    <div>\n                                        <h5>CITATIONS DE GURUJI<\/h5>\n                                        <p>Une image et une citation de Paramahamsa Vishwananda sont le parfait combo pour vous donner un regain d\u2019inspiration et d\u2019\u00e9nergie dans votre quotidien.<\/p>\n                                    <\/div>\n                                <\/li>\n                                                                <li>\n                                    <a href=\"https:\/\/t.me\/BMFenseignementPV\" target=\"_blank\">\n                                        <img decoding=\"async\" src=\"https:\/\/country.bhaktimarga.org\/fr\/wp-content\/uploads\/sites\/7\/2023\/12\/telegram-icon.svg\" alt=\"telegram icon to join the channel\">\n                                    <\/a>\n                                    <div>\n                                        <h5>BM FRANCE ENSEIGNEMENT DE PARAMAHAMSA VISHWANANDA<\/h5>\n                                        <p>Tous les enseignements de Paramahamsa Vishwananda traduits en fran\u00e7ais (Satsangs, vid\u00e9os, interviews, commentaires sur les \u00c9critures\u2026)<\/p>\n                                    <\/div>\n                                <\/li>\n                                            <\/ul>\n        <\/div>\n    <\/div>\n<\/section>\n\n\n\n\n<section>\n    <div class=\"container flex-50\">\n        <div>\n            <h2 class=\"title-with-ornament title-with-ornament--blue\">Contact Us<\/h2>\n            <script charset=\"utf-8\" type=\"text\/javascript\" src=\"\/\/js.hsforms.net\/forms\/embed\/v2.js\"><\/script>\n    <script>\n      hbspt.forms.create({\n        region: \"na1\",\n        portalId: \"8952526\",\n        formId: \"8a799335-6bc0-4c3e-96f0-636e757260f9\"\n      });\n    <\/script>\n        <\/div>\n        <div>\n            <h2 class=\"title-with-ornament title-with-ornament--blue\">Subscribe to Newsletter<\/h2>\n            <script charset=\"utf-8\" type=\"text\/javascript\" src=\"\/\/js.hsforms.net\/forms\/embed\/v2.js\"><\/script>\n    <script>\n      hbspt.forms.create({\n        region: \"na1\",\n        portalId: \"8952526\",\n        formId: \"168f76d8-413b-437a-9945-14fcdd23ed89\"\n      });\n    <\/script>\n        <\/div>\n    <\/div>\n<\/section>\n","protected":false},"excerpt":{"rendered":"<p>Contact Us Subscribe to Newsletter<\/p>\n","protected":false},"author":1,"featured_media":0,"parent":0,"menu_order":0,"comment_status":"closed","ping_status":"closed","template":"","meta":{"_acf_changed":false,"inline_featured_image":false,"footnotes":""},"class_list":["post-230","page","type-page","status-publish","hentry"],"acf":[],"_links":{"self":[{"href":"https:\/\/country.bhaktimarga.org\/fr\/wp-json\/wp\/v2\/pages\/230","targetHints":{"allow":["GET"]}}],"collection":[{"href":"https:\/\/country.bhaktimarga.org\/fr\/wp-json\/wp\/v2\/pages"}],"about":[{"href":"https:\/\/country.bhaktimarga.org\/fr\/wp-json\/wp\/v2\/types\/page"}],"author":[{"embeddable":true,"href":"https:\/\/country.bhaktimarga.org\/fr\/wp-json\/wp\/v2\/users\/1"}],"replies":[{"embeddable":true,"href":"https:\/\/country.bhaktimarga.org\/fr\/wp-json\/wp\/v2\/comments?post=230"}],"version-history":[{"count":22,"href":"https:\/\/country.bhaktimarga.org\/fr\/wp-json\/wp\/v2\/pages\/230\/revisions"}],"predecessor-version":[{"id":4054,"href":"https:\/\/country.bhaktimarga.org\/fr\/wp-json\/wp\/v2\/pages\/230\/revisions\/4054"}],"wp:attachment":[{"href":"https:\/\/country.bhaktimarga.org\/fr\/wp-json\/wp\/v2\/media?parent=230"}],"curies":[{"name":"wp","href":"https:\/\/api.w.org\/{rel}","templated":true}]}}