{"id":2321,"date":"2023-11-21T11:25:46","date_gmt":"2023-11-21T11:25:46","guid":{"rendered":"https:\/\/country.bhaktimarga.org\/fr\/?page_id=2321"},"modified":"2024-11-22T14:27:20","modified_gmt":"2024-11-22T14:27:20","slug":"country-swami","status":"publish","type":"page","link":"https:\/\/country.bhaktimarga.org\/fr\/country-swami\/","title":{"rendered":"Country Swami"},"content":{"rendered":"\n<section class=\"secondary-hero\">\n    <div class=\"secondary-hero__container\">\n        <img decoding=\"async\" class=\"object-fit-cover\" src=\"https:\/\/country.bhaktimarga.org\/fr\/wp-content\/uploads\/sites\/7\/2023\/11\/guru-puja-serving-a-master-background.jpeg\"  alt=\"\">\n    <\/div>\n    <div class=\"secondary-hero__content\">\n        <h1>SWAMINI ET SWAMI DU PAYS<\/h1>\n        <span class=\"secondary-hero__text\"><p>Les Swaminis et Swamis sont les \u00ab\u00a0bras droits\u00a0\u00bb de Paramahamsa Vishwananda. Leur mission est de diffuser les enseignements de Guruji dans leurs pays respectifs. Si vous avez des questions d\u2019ordre spirituel, la Swamini du pays est la personne la plus indiqu\u00e9e \u00e0 contacter.<\/p>\n<\/span>\n                    <a href=\"#\" target=\"_self\">\n                <p class=\"standalone-link\">Rencontrez la swamini de votre pays<\/p>\n            <\/a>\n            <\/div>\n<\/section>\n\n\n\n<section class=\"cards\">\n    <div class=\"container\">\n    \n                <div\n                                        class=\"cards__card card--gold\"\n                >\n                    <div class=\"card__content\">\n                        <h3 class=\"card__title\">SWAMINI VISHWASARVATIRTHAMA<\/h3>\n                        <span class=\"card__text\"><h4 class=\"p1\">SWAMINI DU PAYS<\/h4>\n<p>Swamini Vishwasarvatirthama est la repr\u00e9sentante de Paramahamsa Vishwananda en France. Elle parcourt la France\u00a0 pour faire d\u00e9couvrir la Mission Bhakti Marga par des c\u00e9r\u00e9monies, des pratiques m\u00e9ditatives et de yoga, des satsangs, des b\u00e9n\u00e9dictions, des cours pour les d\u00e9vots, arts d\u00e9votionnels\u2026 Ainsi qu\u2019en partageant les exp\u00e9riences v\u00e9cues aupr\u00e8s de Paramahamsa Vishwananda, pour r\u00e9pandre Son message qui \u00e9veille chacun \u00e0 l\u2019essentiel :\u00a0 cet Amour inconditionnel et divin que nous portons tous en nous.<\/p>\n<\/span>\n                                                    <a href=\"mailto:%20vishwasarvatirthama@bhaktimarga.fr\" target=\"_self\">\n                                <p class=\"button button--outline button--outline--white\">Contacter Swamini<\/p>\n                            <\/a>\n                                                                    <\/div>\n                    <div class=\"card__image-container\">\n                                                    <img decoding=\"async\" src=\"https:\/\/country.bhaktimarga.org\/fr\/wp-content\/uploads\/sites\/7\/2024\/01\/swamini-sarvatirtha.webp\" alt=\"swamini sarvatirthama\">\n                                            <\/div>\n                <\/div>\n\n                    <\/div>\n<\/section>\n\n\n\n<section id=\"swami-info\">\n    <div class=\"container\">\n        \n        <div class=\"grid-auto-columns\">\n                                                <div class=\"grid-auto-columns__cell\">\n                                                    <img decoding=\"async\" src=\"\" alt=\"\">\n                        \n                                                    <span>Initi\u00e9e en: octobre 2016<\/span>\n                                            <\/div>\n                                    <div class=\"grid-auto-columns__cell\">\n                                                    <img decoding=\"async\" src=\"\" alt=\"\">\n                        \n                                                    <span>A rejoint la mission en: 2012<\/span>\n                                            <\/div>\n                                    <div class=\"grid-auto-columns__cell\">\n                                                    <img decoding=\"async\" src=\"\" alt=\"\">\n                        \n                                                    <span>Langues parl\u00e9es: fran\u00e7ais, anglais<\/span>\n                                            <\/div>\n                                    <div class=\"grid-auto-columns__cell\">\n                                                    <img decoding=\"async\" src=\"\" alt=\"\">\n                        \n                                                    <span>Ville: Bagnols-en-For\u00eat (83)<\/span>\n                                            <\/div>\n                                    <div class=\"grid-auto-columns__cell\">\n                                                    <img decoding=\"async\" src=\"\" alt=\"\">\n                        \n                                                    <span>Responsable pour: France m\u00e9tropole et Corse, Martinique Guadeloupe, Saint Pierre et Miquelon, Saint Barth\u00e9lemy, Saint Martin<\/span>\n                                            <\/div>\n                                    <\/div>\n    <\/div>\n<\/section>\n\n<style>\n    #swami-info .grid-auto-columns {\n        display: grid;\n        grid-template-columns: repeat(auto-fit, minmax(min(300px, 100%), 1fr));\n        gap: 0.5rem;\n        row-gap: 2rem;\n    }\n\n    #swami-info .grid-auto-columns .grid-auto-columns__cell img {\n        max-width: 100%;\n    }\n\n    @media (max-width: 768px) {\n                    }\n<\/style>\n\n\n\n<section class=\"cards\">\n    <div class=\"container\">\n    \n                <div\n                                        class=\"cards__card card--gold\"\n                >\n                    <div class=\"card__content\">\n                        <h3 class=\"card__title\">SWAMI VISHWAKURUNANDHANANANDA<\/h3>\n                        <span class=\"card__text\"><h4 class=\"p1\">SWAMI POUR L\u2019INTERNATIONAL<\/h4>\n<p>Swami Vishwa Kurunandhanananda (Kurunandha en abr\u00e9g\u00e9) est n\u00e9 en Suisse d\u2019une m\u00e8re grecque et d\u2019un p\u00e8re suisse. Il a commenc\u00e9 sa vie d\u2019homme d\u2019affaires \u00e0 l\u2019\u00e2ge de 20 ans en cr\u00e9ant sa premi\u00e8re entreprise. Quelques ann\u00e9es plus tard, il a connu son premier \u00e9veil spirituel, ayant fait l\u2019exp\u00e9rience directe des limites de la qu\u00eate mat\u00e9rielle.<\/p>\n<p>Sept ans plus tard, en 1998, il a rencontr\u00e9 Paramahamsa Sri Swami Vishwananda. Il a imm\u00e9diatement reconnu sa nature divine et \u00e9tait pr\u00eat \u00e0 consacrer sa vie \u00e0 son service. Cependant, Guruji lui a demand\u00e9 de continuer \u00e0 travailler dans son entreprise pendant encore dix ans avant de l\u2019initier en 2008 comme l\u2019un des premiers Swamis de la mission Bhakti Marga.<\/p>\n<\/span>\n                                                    <a href=\"mailto:%20vishwasarvatirthama@bhaktimarga.fr\" target=\"_self\">\n                                <p class=\"button button--outline button--outline--white\">Contact Swami<\/p>\n                            <\/a>\n                                                                    <\/div>\n                    <div class=\"card__image-container\">\n                                                    <img decoding=\"async\" src=\"https:\/\/country.bhaktimarga.org\/fr\/wp-content\/uploads\/sites\/7\/2024\/01\/swami-kuru.jpg\" alt=\"\">\n                                            <\/div>\n                <\/div>\n\n                    <\/div>\n<\/section>\n\n\n\n<section id=\"swami-info\">\n    <div class=\"container\">\n        \n        <div class=\"grid-auto-columns\">\n                                                <div class=\"grid-auto-columns__cell\">\n                                                    <img decoding=\"async\" src=\"\" alt=\"\">\n                        \n                                                    <span>Initi\u00e9 en : 2008<\/span>\n                                            <\/div>\n                                    <div class=\"grid-auto-columns__cell\">\n                                                    <img decoding=\"async\" src=\"\" alt=\"\">\n                        \n                                                    <span>A rejoint la mission en : 1998<\/span>\n                                            <\/div>\n                                    <div class=\"grid-auto-columns__cell\">\n                                                    <img decoding=\"async\" src=\"\" alt=\"\">\n                        \n                                                    <span>Langues parl\u00e9es : grec, anglais, fran\u00e7ais, allemand, espagnol, italien, portugais.<\/span>\n                                            <\/div>\n                                    <div class=\"grid-auto-columns__cell\">\n                                                    <img decoding=\"async\" src=\"\" alt=\"\">\n                        \n                                                    <span>Ville : Bagnols-en-For\u00eat (83)<\/span>\n                                            <\/div>\n                                    <div class=\"grid-auto-columns__cell\">\n                                                    <img decoding=\"async\" src=\"\" alt=\"\">\n                        \n                                                    <span>Supervise : France, Belgique, Gr\u00e8ce, Pays-Bas, Pologne, Slov\u00e9nie<\/span>\n                                            <\/div>\n                                    <\/div>\n    <\/div>\n<\/section>\n\n<style>\n    #swami-info .grid-auto-columns {\n        display: grid;\n        grid-template-columns: repeat(auto-fit, minmax(min(300px, 100%), 1fr));\n        gap: 0.5rem;\n        row-gap: 2rem;\n    }\n\n    #swami-info .grid-auto-columns .grid-auto-columns__cell img {\n        max-width: 100%;\n    }\n\n    @media (max-width: 768px) {\n                    }\n<\/style>\n\n\n\n<style>\n    #swami-info {\n        background-image: linear-gradient(315deg,rgba(7,115,162,0.75) 0%,rgba(221,143,64,0.85) 100%),url(https:\/\/bhaktimarga.de\/wp-content\/uploads\/2020\/10\/BM-Pattern2-2016-blue-quote.svg);\n    }\n\n    #swami-info .grid-auto-columns__cell span {\n        font-family: \"Avenir Next W06 Demi\";\n        color: white;\n    }\n<\/style>\n","protected":false},"excerpt":{"rendered":"","protected":false},"author":1,"featured_media":0,"parent":0,"menu_order":0,"comment_status":"closed","ping_status":"closed","template":"","meta":{"_acf_changed":false,"inline_featured_image":false,"footnotes":""},"class_list":["post-2321","page","type-page","status-publish","hentry"],"acf":[],"_links":{"self":[{"href":"https:\/\/country.bhaktimarga.org\/fr\/wp-json\/wp\/v2\/pages\/2321","targetHints":{"allow":["GET"]}}],"collection":[{"href":"https:\/\/country.bhaktimarga.org\/fr\/wp-json\/wp\/v2\/pages"}],"about":[{"href":"https:\/\/country.bhaktimarga.org\/fr\/wp-json\/wp\/v2\/types\/page"}],"author":[{"embeddable":true,"href":"https:\/\/country.bhaktimarga.org\/fr\/wp-json\/wp\/v2\/users\/1"}],"replies":[{"embeddable":true,"href":"https:\/\/country.bhaktimarga.org\/fr\/wp-json\/wp\/v2\/comments?post=2321"}],"version-history":[{"count":27,"href":"https:\/\/country.bhaktimarga.org\/fr\/wp-json\/wp\/v2\/pages\/2321\/revisions"}],"predecessor-version":[{"id":3160,"href":"https:\/\/country.bhaktimarga.org\/fr\/wp-json\/wp\/v2\/pages\/2321\/revisions\/3160"}],"wp:attachment":[{"href":"https:\/\/country.bhaktimarga.org\/fr\/wp-json\/wp\/v2\/media?parent=2321"}],"curies":[{"name":"wp","href":"https:\/\/api.w.org\/{rel}","templated":true}]}}