{"id":253,"date":"2023-07-19T09:31:46","date_gmt":"2023-07-19T08:31:46","guid":{"rendered":"https:\/\/country.bhaktimarga.org\/fr\/?page_id=253"},"modified":"2024-02-09T10:30:04","modified_gmt":"2024-02-09T10:30:04","slug":"yoga-meditation","status":"publish","type":"page","link":"https:\/\/country.bhaktimarga.org\/fr\/the-path\/yoga-meditation\/","title":{"rendered":"Yoga and Meditation"},"content":{"rendered":"\n<section class=\"secondary-hero\">\n    <div class=\"secondary-hero__container\">\n        <img decoding=\"async\" class=\"object-fit-cover\" src=\"https:\/\/country.bhaktimarga.org\/fr\/wp-content\/uploads\/sites\/7\/2023\/12\/the-path-yoga-and-meditation.jpeg\"  alt=\"\">\n    <\/div>\n    <div class=\"secondary-hero__content\">\n        <h1>YOGA &#038; MEDITATION<\/h1>\n        <span class=\"secondary-hero__text\"><p>Votre \u00e2me est une \u00e9tincelle divine<\/p>\n<\/span>\n            <\/div>\n<\/section>\n\n\n\n<section class=\"video-embed\">\n    <div class=\"container\">\n                    <div class=\"video-embed__container\">\n                <a href=\"https:\/\/www.youtube.com\/watch?v=NLDR6E32fgc&#038;ab_channel=BhaktiMargaMusic\">https:\/\/www.youtube.com\/watch?v=NLDR6E32fgc&amp;ab_channel=BhaktiMargaMusic<\/a>            <\/div>\n            <\/div>\n<\/section>\n\n\n<section  class=\"no-padding\">\n    <figure class=\"quote\">\n        <img decoding=\"async\" src=\"\/wp-content\/themes\/vaikuntha\/images\/quote-icon.svg\" alt=\"\">\n        <blockquote>\n            <p>\u2018Une fois tous les sens sous contr\u00f4le, l\u2019on doit demeurer en \u00e9tat de m\u00e9ditation, en faisant de Moi\u00a0 (Krishna) le but supr\u00eame.\u2019<\/p>\n        <\/blockquote>\n        <figcaption>Bhagavad Gita<\/figcaption>\n    <\/figure>\n<\/section>\n\n\n\n<section class=\"cards\">\n    <div class=\"container\">\n    \n                <div\n                                        class=\"cards__card card--blue\"\n                >\n                    <div class=\"card__content\">\n                        <h3 class=\"card__title\">COMMUNION AVEC LE DIVIN<\/h3>\n                        <span class=\"card__text\"><p class=\"p1\">Plus nous portons notre attention sur quelque chose, plus nous nous en approchons. Utiliser Dieu comme point de focalisation dans notre yoga et notre m\u00e9ditation nous aide \u00e0 d\u00e9couvrir notre divinit\u00e9 int\u00e9rieure. En effet, la connexion divine est le v\u00e9ritable but du yoga.<\/p>\n<p class=\"p1\">Sur la voie pour vivre dans la\u00a0<em>bhakti<\/em>, le yoga et la m\u00e9ditation aident \u00e0 entretenir notre corps et \u00e0 entra\u00eener notre esprit pour nous pr\u00e9parer \u00e0 recevoir et pr\u00e9server durablement la r\u00e9alisation. Paramahamsa Vishwananda enseigne diverses formes de m\u00e9ditation con\u00e7ues pour aider \u00e0 se focaliser sur Dieu et Son Amour.<\/p>\n<\/span>\n                                                    <a href=\"#events\" target=\"_self\">\n                                <p class=\"button button--outline button--outline--white\">Consultez notre calendrier<\/p>\n                            <\/a>\n                                                                    <\/div>\n                    <div class=\"card__image-container\">\n                                                    <img decoding=\"async\" src=\"https:\/\/country.bhaktimarga.org\/fr\/wp-content\/uploads\/sites\/7\/2023\/12\/paramahamsa-vishwananda-meditating-contemplating.jpeg\" alt=\"\">\n                                            <\/div>\n                <\/div>\n\n                    <\/div>\n<\/section>\n\n\n\n<section class=\"cards\">\n    <div class=\"container\">\n    \n                <div\n                                        class=\"cards__card card--light-blue\"\n                >\n                    <div class=\"card__content\">\n                        <h3 class=\"card__title\">ATMA KRIYA YOGA<\/h3>\n                        <span class=\"card__text\"><h4>Conscience de l\u2019\u00e2me<\/h4>\n<p>L\u2019Atma Kriya Yoga a \u00e9t\u00e9 donn\u00e9 au monde par Mahavatar Kriya Babaji, le Ma\u00eetre de Paramahamsa Vishwananda. L\u2019Atma Kriya Yoga est absolument unique. Bien que les techniques apaisent le mental, leur but spirituel est d\u2019\u00e9veiller l\u2019\u00e2me \u00e0 sa relation \u00e9ternelle avec Dieu en cultivant diverses formes de bhakti : l\u2019amour et la d\u00e9votion.\u00a0\u00c0 mesure que votre pratique s\u2019approfondit, certaines qualit\u00e9s divines commencent naturellement \u00e0 se manifester : paix, ma\u00eetrise de soi, force, sagesse, humilit\u00e9, compassion, vitalit\u00e9, et bien plus encore.<\/p>\n<p>Par la gr\u00e2ce de l\u2019initiation Shaktipat, les techniques sont suffisamment simples pour \u00eatre apprises par des d\u00e9butants, mais suffisamment puissantes pour amener m\u00eame les plus avanc\u00e9s dans la pratique de m\u00e9ditation \u00e0 de nouvelles hauteurs de connexion divine.<\/p>\n<\/span>\n                                                    <a href=\"https:\/\/country.bhaktimarga.org\/fr\/connect\/\" target=\"_self\">\n                                <p class=\"button button--outline button--outline--white\">En savoir plus<\/p>\n                            <\/a>\n                                                                    <\/div>\n                    <div class=\"card__image-container\">\n                                                    <img decoding=\"async\" src=\"https:\/\/country.bhaktimarga.org\/fr\/wp-content\/uploads\/sites\/7\/2023\/12\/mahavatar-babaji-yogi.jpeg\" alt=\"\">\n                                            <\/div>\n                <\/div>\n\n                \n                <div\n                                        class=\"cards__card card--light-blue\"\n                >\n                    <div class=\"card__content\">\n                        <h3 class=\"card__title\">OM Chanting<\/h3>\n                        <span class=\"card__text\"><h4>Vibration fondamentale<\/h4>\n<p class=\"p1\"><span class=\"s1\">Le OM Chanting est une pratique de groupe faisant appel au pouvoir transformateur du\u00a0<em>OM<\/em>\u00a0pour activer le potentiel d\u2019auto-harmonisation des participants. Au-del\u00e0 des bienfaits re\u00e7us \u00e0 titre personnel, le OM Chanting peut aussi se mettre au service de l\u2019humanit\u00e9.<\/span><\/p>\n<p class=\"p3\">Les ondes vibratoires cr\u00e9\u00e9es par la pratique du OM Chanting se propagent sur un rayon de 2 kilom\u00e8tres, g\u00e9n\u00e9rant un environnement harmonieux et paisible, et une unit\u00e9 entre les \u00eatres humains et la nature. Le\u00a0<em>OM<\/em>\u00a0continue de vibrer dans le corps des participants apr\u00e8s le cercle, leur permettant de partager ces bonnes vibrations partout o\u00f9 ils vont.<\/p>\n<\/span>\n                                                    <a href=\"https:\/\/country.bhaktimarga.org\/fr\/connect\/\" target=\"_self\">\n                                <p class=\"button button--outline button--outline--white\">En savoir plus<\/p>\n                            <\/a>\n                                                                    <\/div>\n                    <div class=\"card__image-container\">\n                                                    <img decoding=\"async\" src=\"https:\/\/country.bhaktimarga.org\/fr\/wp-content\/uploads\/sites\/7\/2023\/12\/om-chanting-resonate-with-om.jpeg\" alt=\"\">\n                                            <\/div>\n                <\/div>\n\n                \n                <div\n                                        class=\"cards__card card--light-blue\"\n                >\n                    <div class=\"card__content\">\n                        <h3 class=\"card__title\">BABAJI SURYA NAMASKAR<\/h3>\n                        <span class=\"card__text\"><h4>Corps, mental &amp; esprit align\u00e9s<\/h4>\n<p class=\"p1\">Babaji Surya Namaskar est une m\u00e9ditation en mouvement qui c\u00e9l\u00e8bre la divinit\u00e9 de ce temple qu\u2019est le corps humain. Cette pratique simple des\u00a0<em>asanas<\/em>\u00a0(postures), mais n\u00e9anmoins puissante, prend moins de 15 minutes par jour et apporte lumi\u00e8re et vivacit\u00e9 dans tout votre \u00eatre.<\/p>\n<p class=\"p1\">\u00c0 mesure que votre pratique quotidienne s\u2019implante dans votre corps, la pens\u00e9e s\u2019apaise et vos mouvements deviennent une expression douce et consciente de votre force int\u00e9rieure.<\/p>\n<p class=\"p1\">Lorsqu\u2019elles sont pratiqu\u00e9es avec amour et conscience, chaque posture devient une pri\u00e8re de gratitude pour la vie elle-m\u00eame. Mettez votre d\u00e9votion en mouvement.<\/p>\n<\/span>\n                                                    <a href=\"https:\/\/country.bhaktimarga.org\/fr\/connect\/\" target=\"_self\">\n                                <p class=\"button button--outline button--outline--white\">En savoir plus<\/p>\n                            <\/a>\n                                                                    <\/div>\n                    <div class=\"card__image-container\">\n                                                    <img decoding=\"async\" src=\"https:\/\/country.bhaktimarga.org\/fr\/wp-content\/uploads\/sites\/7\/2023\/12\/babaji-surya-namaskar-align-body-mind-and-spirit.jpeg\" alt=\"\">\n                                            <\/div>\n                <\/div>\n\n                \n                <div\n                                        class=\"cards__card card--light-blue\"\n                >\n                    <div class=\"card__content\">\n                        <h3 class=\"card__title\">PROJECT MANTRA<\/h3>\n                        <span class=\"card__text\"><h4>Apaiser le mental<\/h4>\n<p class=\"p1\">Chanter les Noms Divins est l\u2019une des pratiques de m\u00e9ditation les plus faciles \u00e0 faire. Elle devient particuli\u00e8rement significative lorsque vous faites de chaque r\u00e9p\u00e9tition une pri\u00e8re sinc\u00e8re. Bien qu\u2019elle soit d\u2019une simplicit\u00e9 confondante, celle-ci peut vous conduire jusqu\u2019\u00e0 Dieu !<\/p>\n<p class=\"p1\">Tout le monde peut la faire, n\u2019importe quand et n\u2019importe o\u00f9, m\u00eame les enfants. Elle est parfaite pour les d\u00e9butants cherchant un outil simple et efficace pour calmer le mental et ouvrir le c\u0153ur.<\/p>\n<p class=\"p1\">Le Project Mantra est un programme gratuit con\u00e7u pour vous aider \u00e0 \u00e9tablir et \u00e0 d\u00e9velopper progressivement une pratique quotidienne de r\u00e9p\u00e9tition d\u2019un\u00a0<em>mantra<\/em>\u00a0sur 40 jours de \u00ab\u00a0d\u00e9fi\u00a0\u00bb.<\/p>\n<\/span>\n                                                    <a href=\"https:\/\/country.bhaktimarga.org\/fr\/connect\/\" target=\"_self\">\n                                <p class=\"button button--outline button--outline--white\">En savoir plus<\/p>\n                            <\/a>\n                                                                    <\/div>\n                    <div class=\"card__image-container\">\n                                                    <img decoding=\"async\" src=\"https:\/\/country.bhaktimarga.org\/fr\/wp-content\/uploads\/sites\/7\/2023\/12\/babaji-surya-namaskar-align-body-mind-and-spirit.jpeg\" alt=\"\">\n                                            <\/div>\n                <\/div>\n\n                    <\/div>\n<\/section>\n\n\n<section class=\"call-to-action-media no-padding\">  \n                        <div id=\"meditation\" class=\"call-to-action-media__wrapper\">\n                        <div class=\"container call-to-action-media__item\">\n                            <div class=\"call-to-action-media__content\">\n                                <h3 class=\"title-with-ornament title-with-ornament--blue\">FAIRE L\u2019EXP\u00c9RIENCE DE LA M\u00c9DITATION<\/h3>\n                                <span class=\"call-to-action-media__text\"><p>Asseyez-vous et d\u00e9tendez-vous. Dans cette vid\u00e9o, Aksharananda, l\u2019un de nos professeurs de Yoga &amp; M\u00e9ditation, explique bri\u00e8vement ce qu\u2019est la m\u00e9ditation et comment elle peut vous aider \u00e0 vous rapprocher de Dieu. Il vous guide \u00e9galement dans deux courtes m\u00e9ditations afin que vous puissiez en faire l\u2019exp\u00e9rience par vous-m\u00eame.<\/p>\n<\/span>\n                                                                                            <\/div>\n                                                                                        <div class=\"embed-container\">\n                                    <a href=\"https:\/\/www.youtube.com\/watch?v=4cQrxaXXN3Y&#038;embeds_referring_euri=https%3A%2F%2Fbhaktimarga.fr%2F&#038;source_ve_path=MjM4NTE&#038;feature=emb_title&#038;ab_channel=BhaktiMargaMusic\">https:\/\/www.youtube.com\/watch?v=4cQrxaXXN3Y&amp;embeds_referring_euri=https%3A%2F%2Fbhaktimarga.fr%2F&amp;source_ve_path=MjM4NTE&amp;feature=emb_title&amp;ab_channel=BhaktiMargaMusic<\/a>                                <\/div>\n                                                    <\/div>\n                    <\/div>\n                <\/section>\n","protected":false},"excerpt":{"rendered":"","protected":false},"author":1,"featured_media":0,"parent":218,"menu_order":0,"comment_status":"closed","ping_status":"closed","template":"","meta":{"_acf_changed":false,"inline_featured_image":false,"footnotes":""},"class_list":["post-253","page","type-page","status-publish","hentry"],"acf":[],"_links":{"self":[{"href":"https:\/\/country.bhaktimarga.org\/fr\/wp-json\/wp\/v2\/pages\/253","targetHints":{"allow":["GET"]}}],"collection":[{"href":"https:\/\/country.bhaktimarga.org\/fr\/wp-json\/wp\/v2\/pages"}],"about":[{"href":"https:\/\/country.bhaktimarga.org\/fr\/wp-json\/wp\/v2\/types\/page"}],"author":[{"embeddable":true,"href":"https:\/\/country.bhaktimarga.org\/fr\/wp-json\/wp\/v2\/users\/1"}],"replies":[{"embeddable":true,"href":"https:\/\/country.bhaktimarga.org\/fr\/wp-json\/wp\/v2\/comments?post=253"}],"version-history":[{"count":18,"href":"https:\/\/country.bhaktimarga.org\/fr\/wp-json\/wp\/v2\/pages\/253\/revisions"}],"predecessor-version":[{"id":3165,"href":"https:\/\/country.bhaktimarga.org\/fr\/wp-json\/wp\/v2\/pages\/253\/revisions\/3165"}],"up":[{"embeddable":true,"href":"https:\/\/country.bhaktimarga.org\/fr\/wp-json\/wp\/v2\/pages\/218"}],"wp:attachment":[{"href":"https:\/\/country.bhaktimarga.org\/fr\/wp-json\/wp\/v2\/media?parent=253"}],"curies":[{"name":"wp","href":"https:\/\/api.w.org\/{rel}","templated":true}]}}