{"id":255,"date":"2023-07-19T11:17:08","date_gmt":"2023-07-19T10:17:08","guid":{"rendered":"https:\/\/country.bhaktimarga.org\/fr\/?page_id=255"},"modified":"2024-02-09T10:32:43","modified_gmt":"2024-02-09T10:32:43","slug":"knowledge","status":"publish","type":"page","link":"https:\/\/country.bhaktimarga.org\/fr\/the-path\/knowledge\/","title":{"rendered":"Knowledge"},"content":{"rendered":"\n<section class=\"secondary-hero\">\n    <div class=\"secondary-hero__container\">\n        <img decoding=\"async\" class=\"object-fit-cover\" src=\"https:\/\/country.bhaktimarga.org\/fr\/wp-content\/uploads\/sites\/7\/2023\/12\/the-path-rituals-worship.jpeg\"  alt=\"\">\n    <\/div>\n    <div class=\"secondary-hero__content\">\n        <h1>CONNAISSANCE<\/h1>\n        <span class=\"secondary-hero__text\"><p>Apprenez qui est Dieu en r\u00e9alit\u00e9 par quelqu\u2019un qui le sait r\u00e9ellement<\/p>\n<\/span>\n            <\/div>\n<\/section>\n\n\n\n<section  class=\"no-padding\">\n    <figure class=\"quote\">\n        <img decoding=\"async\" src=\"\/wp-content\/themes\/vaikuntha\/images\/quote-icon.svg\" alt=\"\">\n        <blockquote>\n            <div class=\"et_pb_module et_pb_text et_pb_text_2  et_pb_text_align_center et_pb_bg_layout_light\">\n<div class=\"et_pb_text_inner\">\n<p>\u2018Le mental est un ami pour celui qui l\u2019a ma\u00eetris\u00e9. Mais chez celui qui n\u2019a pas de contr\u00f4le sur le mental, il devient le pire des ennemis.\u2019<\/p>\n<\/div>\n<\/div>\n        <\/blockquote>\n        <figcaption>Bhagavad Gita<\/figcaption>\n    <\/figure>\n<\/section>\n\n\n\n<section class=\"video-embed\">\n    <div class=\"container\">\n                    <div class=\"video-embed__container\">\n                <a href=\"https:\/\/www.youtube.com\/watch?v=bZFn2BseFUk&#038;ab_channel=BhaktiMargaMusic\">https:\/\/www.youtube.com\/watch?v=bZFn2BseFUk&amp;ab_channel=BhaktiMargaMusic<\/a>            <\/div>\n            <\/div>\n<\/section>\n\n\n<section class=\"cards\">\n    <div class=\"container\">\n    \n                <div\n                                        class=\"cards__card card--blue\"\n                >\n                    <div class=\"card__content\">\n                        <h3 class=\"card__title\">LES CONNAISSANCES DU MA\u00ceTRE SPIRITUEL<\/h3>\n                        <span class=\"card__text\"><p class=\"p1\">Paramahamsa Vishwananda est un Ma\u00eetre pleinement r\u00e9alis\u00e9 en Dieu ayant une intime connaissance de Dieu gr\u00e2ce \u00e0 une exp\u00e9rience directe. Sa fa\u00e7on pratique et concr\u00e8te de r\u00e9v\u00e9ler et partager les v\u00e9rit\u00e9s et les myst\u00e8res les plus profonds des \u00e9critures ancestrales rend Ses livres et Ses discours accessibles et pertinents pour tous dans le monde d\u2019aujourd\u2019hui.<\/p>\n<p class=\"p1\">La connaissance est importante pour vivre dans la\u00a0<em>bhakti<\/em>. Elle donne ses racines \u00e0 la compr\u00e9hension de notre chemin et nous inspire \u00e0 vivre, \u00e0 aimer et \u00e0 grandir au fil du temps. La connaissance transforme l\u2019exp\u00e9rience en sagesse.<\/p>\n<\/span>\n                                                                    <\/div>\n                    <div class=\"card__image-container\">\n                                                    <img decoding=\"async\" src=\"https:\/\/country.bhaktimarga.org\/fr\/wp-content\/uploads\/sites\/7\/2023\/12\/knowledge-from-the-master.jpeg\" alt=\"\">\n                                            <\/div>\n                <\/div>\n\n                    <\/div>\n<\/section>\n\n\n\n<section class=\"cards\">\n    <div class=\"container\">\n    \n                <div\n                                        class=\"cards__card card--beige\"\n                >\n                    <div class=\"card__content\">\n                        <h3 class=\"card__title\">BHAGAVAD GITA<\/h3>\n                        <span class=\"card__text\"><p class=\"p1\">La\u00a0<i>Bhagavad Gita<\/i>\u00a0r\u00e9v\u00e8le la v\u00e9rit\u00e9 sur la r\u00e9elle spiritualit\u00e9, en \u00e0 peine 700 versets. Elle contient tout ce qu\u2019il vous faut savoir sur la fa\u00e7on d\u2019atteindre la connaissance du Soi et la connaissance de Dieu par la\u00a0<i>bhakti<\/i>, le chemin de la d\u00e9votion.<\/p>\n<p class=\"p1\">La\u00a0<i>Bhagavad Gita<\/i>\u00a0fournit aux chercheurs spirituels le plan menant \u00e0 la source de la divinit\u00e9 elle-m\u00eame. Les commentaires simples et \u00e9l\u00e9gants de Paramahamsa Vishwananda donnent vie \u00e0 ce discours intemporel en nous montrant comment vivre sa sagesse dans notre vie quotidienne.<\/p>\n<\/span>\n                                                    <a href=\"https:\/\/www.youtube.com\/watch?v=MubX8-LOESc&#038;list=PLRJzEHCmzsf0x5vu8A48Q0MwXsmShHPzj&#038;ab_channel=ParamahamsaSriSwamiVishwananda\" target=\"_blank\">\n                                <p class=\"button button--outline button--outline--blue\">Voir le Ma\u00eetre spirituel en vid\u00e9o<\/p>\n                            <\/a>\n                                                                    <\/div>\n                    <div class=\"card__image-container\">\n                                                    <img decoding=\"async\" src=\"https:\/\/country.bhaktimarga.org\/fr\/wp-content\/uploads\/sites\/7\/2023\/12\/lord-krishna-bhagavad-gita-song-of-love.jpeg\" alt=\"\">\n                                            <\/div>\n                <\/div>\n\n                \n                <div\n                                        class=\"cards__card card--beige\"\n                >\n                    <div class=\"card__content\">\n                        <h3 class=\"card__title\">SHREEMAD BHAGAVATAM<\/h3>\n                        <span class=\"card__text\"><p class=\"p1\">Paramahamsa Vishwananda a distill\u00e9 les 18 000 versets originaux pour ne garder que les r\u00e9cits les plus r\u00e9v\u00e9lateurs. Ses commentaires \u00e9clair\u00e9s r\u00e9v\u00e8lent le sens cach\u00e9 de ces histoires et illustrent comment ramener la connaissance dans le c\u0153ur pour avancer sur votre chemin spirituel.<\/p>\n<\/span>\n                                                                    <\/div>\n                    <div class=\"card__image-container\">\n                                                    <img decoding=\"async\" src=\"https:\/\/country.bhaktimarga.org\/fr\/wp-content\/uploads\/sites\/7\/2023\/12\/essence-of-shreemad-bhagavatam.jpeg\" alt=\"\">\n                                            <\/div>\n                <\/div>\n\n                    <\/div>\n<\/section>\n\n\n<section class=\"call-to-action-media no-padding\">  \n                        <div  class=\"call-to-action-media__wrapper\">\n                        <div class=\"container call-to-action-media__item\">\n                            <div class=\"call-to-action-media__content\">\n                                <h3 class=\"title-with-ornament title-with-ornament--blue\">APPROFONDISSEZ VOS CONNAISSANCES<\/h3>\n                                <span class=\"call-to-action-media__text\"><p>Le mental se pose souvent des questions et a besoin de clarification pour s\u2019ouvrir \u00e0 de nouvelles id\u00e9es. Votre parcours \u00e0 Bhakti Marga n\u2019a pas pour but de vous surcharger l\u2019esprit. Il s\u2019agit de donner au mental suffisamment de connaissances pour vous permettre de vous fixer un objectif clair et de le concentrer sur les bonnes choses afin de d\u00e9passer ses limitations.<\/p>\n<\/span>\n                                                                    <a href=\"https:\/\/t.me\/bmfsatsangFrTempleSpn\" target=\"_self\">\n                                        <p class=\"button button--primary--dark-blue\">\u00c9couter les satsangs du temple<\/p>\n                                    <\/a>\n                                                                                                    <a href=\"https:\/\/www.youtube.com\/@bhaktimargafrance3781\/featured\" target=\"_self\">\n                                        <p class=\"button button--primary--dark-blue\">Tous les satsangs sur Youtube<\/p>\n                                    <\/a>\n                                                            <\/div>\n                                                                                        <div class=\"embed-container\">\n                                    <iframe loading=\"lazy\" title=\"The Secret of True Transformation\" width=\"640\" height=\"360\" src=\"https:\/\/www.youtube.com\/embed\/i67OvfrZpYg?list=PLkq0R7ZEV0o42hYXGP9dTVcfckRvqAs-6\" frameborder=\"0\" allow=\"accelerometer; autoplay; clipboard-write; encrypted-media; gyroscope; picture-in-picture; web-share\" referrerpolicy=\"strict-origin-when-cross-origin\" allowfullscreen><\/iframe>                                <\/div>\n                                                    <\/div>\n                    <\/div>\n                <\/section>\n","protected":false},"excerpt":{"rendered":"","protected":false},"author":1,"featured_media":0,"parent":218,"menu_order":0,"comment_status":"closed","ping_status":"closed","template":"","meta":{"_acf_changed":false,"inline_featured_image":false,"footnotes":""},"class_list":["post-255","page","type-page","status-publish","hentry"],"acf":[],"_links":{"self":[{"href":"https:\/\/country.bhaktimarga.org\/fr\/wp-json\/wp\/v2\/pages\/255","targetHints":{"allow":["GET"]}}],"collection":[{"href":"https:\/\/country.bhaktimarga.org\/fr\/wp-json\/wp\/v2\/pages"}],"about":[{"href":"https:\/\/country.bhaktimarga.org\/fr\/wp-json\/wp\/v2\/types\/page"}],"author":[{"embeddable":true,"href":"https:\/\/country.bhaktimarga.org\/fr\/wp-json\/wp\/v2\/users\/1"}],"replies":[{"embeddable":true,"href":"https:\/\/country.bhaktimarga.org\/fr\/wp-json\/wp\/v2\/comments?post=255"}],"version-history":[{"count":17,"href":"https:\/\/country.bhaktimarga.org\/fr\/wp-json\/wp\/v2\/pages\/255\/revisions"}],"predecessor-version":[{"id":3169,"href":"https:\/\/country.bhaktimarga.org\/fr\/wp-json\/wp\/v2\/pages\/255\/revisions\/3169"}],"up":[{"embeddable":true,"href":"https:\/\/country.bhaktimarga.org\/fr\/wp-json\/wp\/v2\/pages\/218"}],"wp:attachment":[{"href":"https:\/\/country.bhaktimarga.org\/fr\/wp-json\/wp\/v2\/media?parent=255"}],"curies":[{"name":"wp","href":"https:\/\/api.w.org\/{rel}","templated":true}]}}