{"id":258,"date":"2023-07-19T11:17:53","date_gmt":"2023-07-19T10:17:53","guid":{"rendered":"https:\/\/country.bhaktimarga.org\/fr\/?page_id=258"},"modified":"2024-01-27T14:57:19","modified_gmt":"2024-01-27T14:57:19","slug":"rituals","status":"publish","type":"page","link":"https:\/\/country.bhaktimarga.org\/fr\/the-path\/rituals\/","title":{"rendered":"Rituals"},"content":{"rendered":"\n<section class=\"secondary-hero\">\n    <div class=\"secondary-hero__container\">\n        <img decoding=\"async\" class=\"object-fit-cover\" src=\"https:\/\/country.bhaktimarga.org\/fr\/wp-content\/uploads\/sites\/7\/2023\/12\/the-path-rituals-worship.jpeg\"  alt=\"\">\n    <\/div>\n    <div class=\"secondary-hero__content\">\n        <h1>RITUELS<\/h1>\n        <span class=\"secondary-hero__text\"><p>Connectez-vous avec le Divin ici et maintenant<\/p>\n<\/span>\n            <\/div>\n<\/section>\n\n\n\n<section  class=\"no-padding\">\n    <figure class=\"quote\">\n        <img decoding=\"async\" src=\"\/wp-content\/themes\/vaikuntha\/images\/quote-icon.svg\" alt=\"\">\n        <blockquote>\n            <p>\u2018Le d\u00e9vot doit adorer la Personne Supr\u00eame sous la forme personnelle particuli\u00e8re du Seigneur qui l\u2019attire le plus.\u2019<\/p>\n        <\/blockquote>\n        <figcaption>Srimad Bhagavatam<\/figcaption>\n    <\/figure>\n<\/section>\n\n\n\n<section class=\"cards\">\n    <div class=\"container\">\n    \n                <div\n                                        class=\"cards__card card--blue\"\n                >\n                    <div class=\"card__content\">\n                        <h3 class=\"card__title\">L\u2019AMOUREUX ET LE BIEN-AIM\u00c9<\/h3>\n                        <span class=\"card__text\"><p class=\"p1\">Si nous sommes sur le chemin spirituel, c\u2019est parce que notre Seigneur Bien-aim\u00e9 nous appelle pour nous rappeler de notre relation \u00e9ternelle avec Lui.<\/p>\n<p class=\"p1\">En r\u00e9citant Son Nom Divin et en Lui offrant une adoration d\u00e9votionnelle avec amour, vous pouvez L\u2019inviter \u00e0 faire partie de votre vie. De cette fa\u00e7on, il vous est possible de profiter de cette ultime relation avec Lui, une relation entre l\u2019Amoureux et le Bien-Aim\u00e9.<\/p>\n<p class=\"p1\">Voil\u00e0 ce qu\u2019est vivre dans la\u00a0<em>bhakti<\/em>.<\/p>\n<\/span>\n                                                    <a href=\"#\" target=\"_self\">\n                                <p class=\"button button--outline button--outline--white\">La vie d&#8217;un temple<\/p>\n                            <\/a>\n                                                                    <\/div>\n                    <div class=\"card__image-container\">\n                                                    <img decoding=\"async\" src=\"https:\/\/country.bhaktimarga.org\/fr\/wp-content\/uploads\/sites\/7\/2023\/12\/paramahamsa-vishwananda-performing-arati-service-worship.jpeg\" alt=\"\">\n                                            <\/div>\n                <\/div>\n\n                \n                <div\n                                        class=\"cards__card card--violet\"\n                >\n                    <div class=\"card__content\">\n                        <h3 class=\"card__title\">RITUEL D\u00c9VOTIONEL<\/h3>\n                        <span class=\"card__text\"><p class=\"p1\">Dans la tradition hindoue, il est dit que \u00ab\u00a0si vous croyez qu\u2019une pierre est une pierre, elle sera une pierre. Mais si vous croyez qu\u2019elle est Dieu, elle deviendra Dieu\u00a0\u00bb. Le service d\u00e9votionnel effectu\u00e9 avec une foi totale invoque la pr\u00e9sence du Divin \u00e0 l\u2019int\u00e9rieur d\u2019une d\u00e9it\u00e9.<\/p>\n<p class=\"p1\">Au moyen d\u2019un rituel de v\u00e9n\u00e9ration appel\u00e9\u00a0<em>puja<\/em>, nous pouvons appr\u00e9cier la douceur de prendre soin du Divin comme nous le ferions pour tout \u00eatre aim\u00e9. Baigner, habiller et nourrir votre Bien-aim\u00e9, de votre propre mani\u00e8re toute personnelle, vous permet d\u2019exprimer votre amour et de profiter de l\u2019intimit\u00e9 des moments sacr\u00e9s pass\u00e9s ensemble.<\/p>\n<\/span>\n                                                                    <\/div>\n                    <div class=\"card__image-container\">\n                                                    <img decoding=\"async\" src=\"https:\/\/country.bhaktimarga.org\/fr\/wp-content\/uploads\/sites\/7\/2023\/12\/puja-ceremonial-worship.jpeg\" alt=\"\">\n                                            <\/div>\n                <\/div>\n\n                \n                <div\n                                        class=\"cards__card card--violet\"\n                >\n                    <div class=\"card__content\">\n                        <h3 class=\"card__title\">LE CHANT V\u00c9DIQUE<\/h3>\n                        <span class=\"card__text\"><p class=\"p1\">Le\u00a0<em>sanskrit<\/em>\u00a0est une langue vibratoire, utilis\u00e9e dans les pri\u00e8res rituelles depuis des milliers d\u2019ann\u00e9es.<\/p>\n<p class=\"p1\">Les fr\u00e9quences vibratoires g\u00e9n\u00e9r\u00e9es par la r\u00e9citation de\u00a0<em>mantras<\/em>\u00a0en\u00a0<em>sanskrit<\/em>\u00a0calment le mental et vous font plonger dans le c\u0153ur, o\u00f9 r\u00e9side le Divin.<\/p>\n<p class=\"p1\">Chaque Nom Divin invoque la pr\u00e9sence de cette forme-ci de Divinit\u00e9. D\u00e9clamer le Nom de votre Bien-aim\u00e9 L\u2019attire \u00e0 vous de sorte que vous puissiez profiter de Sa compagnie et qu\u2019Il puisse profiter de votre enti\u00e8re attention.<\/p>\n<\/span>\n                                                                    <\/div>\n                    <div class=\"card__image-container\">\n                                                    <img decoding=\"async\" src=\"https:\/\/country.bhaktimarga.org\/fr\/wp-content\/uploads\/sites\/7\/2024\/01\/vedic-chanting.jpeg\" alt=\"\">\n                                            <\/div>\n                <\/div>\n\n                \n                <div\n                                        class=\"cards__card card--violet\"\n                >\n                    <div class=\"card__content\">\n                        <h3 class=\"card__title\">PRI\u00c8RES DU TEMPLE<\/h3>\n                        <span class=\"card__text\"><p class=\"p1\">Le travail est r\u00e9ussi quand il b\u00e9n\u00e9ficie de la b\u00e9n\u00e9diction de Dieu. Lorsque la b\u00e9n\u00e9diction appel\u00e9e vient du ciel, une heure remplace une journ\u00e9e enti\u00e8re de travail. La pri\u00e8re collective est plus forte que la pri\u00e8re individuelle, elle \u00e9l\u00e8ve tous les participants et tous ceux avec qui ils entrent en contact.<\/p>\n<p class=\"p1\">Les pri\u00e8res du temple sont riches et engagent activement les sens au gr\u00e9 des couleurs, des parfums, des sons, des go\u00fbts et des textures, qui sont offerts pour le bon plaisir du Seigneur \u2013 qui, en retour, d\u00e9verse Ses b\u00e9n\u00e9dictions sur chacun. Priez pour l\u2019humanit\u00e9.<\/p>\n<\/span>\n                                                    <a href=\"https:\/\/www.youtube.com\/@BhutabhrteshwarnathMandir\" target=\"_blank\">\n                                <p class=\"button button--outline button--outline--white\">Regarder le direct quotidien<\/p>\n                            <\/a>\n                                                                    <\/div>\n                    <div class=\"card__image-container\">\n                                                    <img decoding=\"async\" src=\"https:\/\/country.bhaktimarga.org\/fr\/wp-content\/uploads\/sites\/7\/2024\/01\/shree-peetha-nilaya-temple-prayers.jpeg\" alt=\"\">\n                                            <\/div>\n                <\/div>\n\n                    <\/div>\n<\/section>\n\n\n<section class=\"call-to-action-media no-padding\">  \n                        <div  class=\"call-to-action-media__wrapper\">\n                        <div class=\"container call-to-action-media__item\">\n                            <div class=\"call-to-action-media__content\">\n                                <h3 class=\"title-with-ornament title-with-ornament--blue\">S\u2019IMMERGER DANS LA D\u00c9VOTION<\/h3>\n                                <span class=\"call-to-action-media__text\"><p>Embarquez pour un petit voyage avec Vandhanananda, notre directeur international de la formation d\u2019enseignants en chant v\u00e9dique. Sur votre trajet, vous serez initi\u00e9 aux pri\u00e8res du temple, vous verrez la beaut\u00e9 de la\u00a0<em>puja<\/em>\u00a0et en apprendrez davantage sur la fa\u00e7on dont les rituels vous aident \u00e0 cultiver une relation vivante avec le Divin. Vous rencontrerez \u00e9galement une famille qui alimente ses liens avec les autres et avec Dieu par le biais de rituels.<\/p>\n<\/span>\n                                                                    <a href=\"https:\/\/events.bhaktimarga.org\/\" target=\"_blank\">\n                                        <p class=\"button button--primary--dark-blue\">Assister \u00e0 un rituel<\/p>\n                                    <\/a>\n                                                                                            <\/div>\n                                                                                        <div class=\"embed-container\">\n                                    <a href=\"https:\/\/www.youtube.com\/watch?v=kWt57EESSCY&#038;ab_channel=BhaktiMargaMusic\">https:\/\/www.youtube.com\/watch?v=kWt57EESSCY&amp;ab_channel=BhaktiMargaMusic<\/a>                                <\/div>\n                                                    <\/div>\n                    <\/div>\n                <\/section>\n","protected":false},"excerpt":{"rendered":"","protected":false},"author":1,"featured_media":0,"parent":218,"menu_order":0,"comment_status":"closed","ping_status":"closed","template":"","meta":{"_acf_changed":false,"inline_featured_image":false,"footnotes":""},"class_list":["post-258","page","type-page","status-publish","hentry"],"acf":[],"_links":{"self":[{"href":"https:\/\/country.bhaktimarga.org\/fr\/wp-json\/wp\/v2\/pages\/258","targetHints":{"allow":["GET"]}}],"collection":[{"href":"https:\/\/country.bhaktimarga.org\/fr\/wp-json\/wp\/v2\/pages"}],"about":[{"href":"https:\/\/country.bhaktimarga.org\/fr\/wp-json\/wp\/v2\/types\/page"}],"author":[{"embeddable":true,"href":"https:\/\/country.bhaktimarga.org\/fr\/wp-json\/wp\/v2\/users\/1"}],"replies":[{"embeddable":true,"href":"https:\/\/country.bhaktimarga.org\/fr\/wp-json\/wp\/v2\/comments?post=258"}],"version-history":[{"count":24,"href":"https:\/\/country.bhaktimarga.org\/fr\/wp-json\/wp\/v2\/pages\/258\/revisions"}],"predecessor-version":[{"id":3134,"href":"https:\/\/country.bhaktimarga.org\/fr\/wp-json\/wp\/v2\/pages\/258\/revisions\/3134"}],"up":[{"embeddable":true,"href":"https:\/\/country.bhaktimarga.org\/fr\/wp-json\/wp\/v2\/pages\/218"}],"wp:attachment":[{"href":"https:\/\/country.bhaktimarga.org\/fr\/wp-json\/wp\/v2\/media?parent=258"}],"curies":[{"name":"wp","href":"https:\/\/api.w.org\/{rel}","templated":true}]}}