{"id":260,"date":"2023-07-19T11:18:24","date_gmt":"2023-07-19T10:18:24","guid":{"rendered":"https:\/\/country.bhaktimarga.org\/fr\/?page_id=260"},"modified":"2024-02-09T10:35:36","modified_gmt":"2024-02-09T10:35:36","slug":"devotional-arts","status":"publish","type":"page","link":"https:\/\/country.bhaktimarga.org\/fr\/the-path\/devotional-arts\/","title":{"rendered":"Devotional Arts"},"content":{"rendered":"\n<section class=\"secondary-hero\">\n    <div class=\"secondary-hero__container\">\n        <img decoding=\"async\" class=\"object-fit-cover\" src=\"https:\/\/country.bhaktimarga.org\/fr\/wp-content\/uploads\/sites\/7\/2023\/09\/stay-with-us-hero-wall-painting-mataji.webp\"  alt=\"person painting a wall, with colors and calming nature sorroundings\">\n    <\/div>\n    <div class=\"secondary-hero__content\">\n        <h1>ARTS D\u00c9VOTIONNELS<\/h1>\n        <span class=\"secondary-hero__text\"><p>Au-del\u00e0 du plaisir trouvez de la joie<\/p>\n<\/span>\n            <\/div>\n<\/section>\n\n\n\n<section  class=\"no-padding\">\n    <figure class=\"quote\">\n        <img decoding=\"async\" src=\"\/wp-content\/themes\/vaikuntha\/images\/quote-icon.svg\" alt=\"\">\n        <blockquote>\n            <p>\u2018J\u2019accorde \u00e0 ceux qui s\u2019engagent constamment avec Moi, et Me v\u00e9n\u00e8rent d\u2019un Amour intense, la r\u00e9alisation gr\u00e2ce \u00e0 laquelle ils peuvent venir \u00e0 Moi.\u2019<\/p>\n        <\/blockquote>\n        <figcaption>Bhagavad Gita<\/figcaption>\n    <\/figure>\n<\/section>\n\n\n\n<section class=\"cards\">\n    <div class=\"container\">\n    \n                <div\n                                        class=\"cards__card card--blue\"\n                >\n                    <div class=\"card__content\">\n                        <h3 class=\"card__title\">UN SERVICE JOYEUX ET SENSIBLE OFFERT AU <\/h3>\n                        <span class=\"card__text\"><p class=\"p1\">Nos exp\u00e9riences sont influenc\u00e9es par nos sens. Sans contr\u00f4le, ils peuvent nous transformer en esclaves des plaisirs du monde. Canaliser les sens en les tournant vers le Divin nous permet d\u2019atteindre le plus grand bonheur et la plus grande communion d\u2019amour avec Dieu.<\/p>\n<p class=\"p1\">Vivre la\u00a0<em>bhakti<\/em>\u00a0\u00e0 travers les arts d\u00e9votionnels vous permet d\u2019exprimer votre \u00eatre v\u00e9ritable et de profiter de la splendeur de votre relation avec Dieu. L\u2019art manifeste la beaut\u00e9 divine.<\/p>\n<\/span>\n                                                                    <\/div>\n                    <div class=\"card__image-container\">\n                                                    <img decoding=\"async\" src=\"https:\/\/country.bhaktimarga.org\/fr\/wp-content\/uploads\/sites\/7\/2023\/12\/the-master-paramahamsa-vishwananda-painting.jpeg\" alt=\"\">\n                                            <\/div>\n                <\/div>\n\n                \n                <div\n                                        class=\"cards__card card--light-green\"\n                >\n                    <div class=\"card__content\">\n                        <h3 class=\"card__title\">SE RETROUVER DANS LA MUSIQUE<\/h3>\n                        <span class=\"card__text\"><p class=\"p1\">Lorsque nous chantons et dansons, non pas pour notre propre plaisir mais pour celui de notre Seigneur Bien-Aim\u00e9, l\u2019ordinaire se transforme en Divin. Lorsque la puret\u00e9 de l\u2019amour commence \u00e0 affluer, la pens\u00e9e s\u2019arr\u00eate, et seul l\u2019\u00eatre demeure. Rien d\u2019autre n\u2019existe que vous et votre Bien-aim\u00e9.<\/p>\n<p class=\"p1\">Comme un amoureux \u00e0 qui l\u2019on chante la s\u00e9r\u00e9nade, le Seigneur r\u00e9pond lorsque vous chantez Son Nom de tout votre c\u0153ur. Par chance, Sa r\u00e9ponse a peu \u00e0 voir avec la qualit\u00e9 de votre voix \u2013 tout ce qui compte, c\u2019est la sinc\u00e9rit\u00e9 de votre appel. Profitez de la douceur de l\u2019amour.<\/p>\n<\/span>\n                                                                    <\/div>\n                    <div class=\"card__image-container\">\n                                                    <img decoding=\"async\" src=\"https:\/\/country.bhaktimarga.org\/fr\/wp-content\/uploads\/sites\/7\/2023\/12\/music-for-god-kirtan-bhajan.jpeg\" alt=\"\">\n                                            <\/div>\n                <\/div>\n\n                    <\/div>\n<\/section>\n\n\n<section class=\"call-to-action-media no-padding\">  \n                        <div  class=\"call-to-action-media__wrapper\">\n                        <div class=\"container call-to-action-media__item\">\n                            <div class=\"call-to-action-media__content\">\n                                <h3 class=\"title-with-ornament title-with-ornament--blue\">KIRTAN \u2013 MUSIQUE POUR L\u2019\u00c2ME<\/h3>\n                                <span class=\"call-to-action-media__text\"><p>D\u00e9couvrez la douceur de chanter le Nom du Seigneur. Rishi Aaradhakananda, responsable de la Musique \u00e0 Bhakti Marga, explique la valeur profonde de cette pratique toute simple. Il donne \u00e9galement un mini-atelier sur la fa\u00e7on d\u2019utiliser votre voix comme un instrument et vous accompagne \u00e0 travers deux\u00a0<em>kirtans<\/em>\u00a0tout simples.<\/p>\n<\/span>\n                                                                    <a href=\"https:\/\/country.bhaktimarga.org\/fr\/connect\/\" target=\"_self\">\n                                        <p class=\"button button--primary--dark-blue\">En savoir plus<\/p>\n                                    <\/a>\n                                                                                                    <a href=\"https:\/\/youtube.com\/playlist?list=PL1I_xPvgBqRAqFGJFqvcI1HwQSfEvCu9S\" target=\"_blank\">\n                                        <p class=\"button button--primary--dark-blue\">Kirtan Sessions<\/p>\n                                    <\/a>\n                                                            <\/div>\n                                                                                        <div class=\"embed-container\">\n                                    <iframe loading=\"lazy\" title=\"Jai Radhe Radhe Radhe - Maithili Thakur | Kirtan Sessions\" width=\"640\" height=\"360\" src=\"https:\/\/www.youtube.com\/embed\/a6SS1050Lm8?list=PL1I_xPvgBqRAqFGJFqvcI1HwQSfEvCu9S\" frameborder=\"0\" allow=\"accelerometer; autoplay; clipboard-write; encrypted-media; gyroscope; picture-in-picture; web-share\" referrerpolicy=\"strict-origin-when-cross-origin\" allowfullscreen><\/iframe>                                <\/div>\n                                                    <\/div>\n                    <\/div>\n                                    <div  class=\"call-to-action-media__wrapper\">\n                        <div class=\"container call-to-action-media__item\">\n                            <div class=\"call-to-action-media__content\">\n                                <h3 class=\"title-with-ornament title-with-ornament--blue\">KIRTAN WITH THE MASTER<\/h3>\n                                <span class=\"call-to-action-media__text\"><p>Dans la relation entre Amoureux et Bien-Aim\u00e9, il n\u2019existe qu\u2019une seule exp\u00e9rience, une seule motivation et une seule r\u00e9alit\u00e9 \u2013 Simplement l\u2019Amour. Participez, chantez, applaudissez, dansez. Soyez libre.<\/p>\n<\/span>\n                                                                    <a href=\"https:\/\/www.youtube.com\/watch?v=82j0eQoG73E&#038;list=PLRJzEHCmzsf0X1lgU1foY1x_1ACvrhiqZ&#038;index=32&#038;ab_channel=ParamahamsaSriSwamiVishwananda\" target=\"_blank\">\n                                        <p class=\"button button--primary--dark-blue\">KIRTAN AVEC LE MA\u00ceTRE<\/p>\n                                    <\/a>\n                                                                                            <\/div>\n                                                                                        <div class=\"embed-container\">\n                                    <iframe loading=\"lazy\" title=\"Vitthala Maza - Paramahamsa Vishwananda | Kirtan Sessions\" width=\"640\" height=\"360\" src=\"https:\/\/www.youtube.com\/embed\/K1ZN7ZosAQo?feature=oembed\" frameborder=\"0\" allow=\"accelerometer; autoplay; clipboard-write; encrypted-media; gyroscope; picture-in-picture; web-share\" referrerpolicy=\"strict-origin-when-cross-origin\" allowfullscreen><\/iframe>                                <\/div>\n                                                    <\/div>\n                    <\/div>\n                <\/section>\n\n\n\n<section class=\"cards\">\n    <div class=\"container\">\n    \n                <div\n                                        class=\"cards__card card--light-green\"\n                >\n                    <div class=\"card__content\">\n                        <h3 class=\"card__title\">ART SPIRITUEL<\/h3>\n                        <span class=\"card__text\"><p class=\"p1\">La m\u00e9ditation est un \u00e9tat de concentration supr\u00eame qui engage tout notre \u00eatre. Se laisser totalement absorber par le dessin ou colorier une Forme Divine captive les sens, les \u00e9loignant du monde ext\u00e9rieur pour se concentrer sur le Divin.<\/p>\n<p class=\"p1\">Lorsque le sujet de votre art est une Forme Divine, le Seigneur retient votre attention et vous rapproche de Lui. Ce lien s\u2019approfondit encore plus lorsque vous travaillez sur une pi\u00e8ce au fil du temps, ou que vous travaillez avec la m\u00eame forme encore et encore. Plus vous passez de temps en vous concentrant sur une image du Divin, plus il est facile de la visualiser pendant la m\u00e9ditation. Donnez vie au Divin par la peinture.<\/p>\n<\/span>\n                                                    <a href=\"https:\/\/bhaktishop.com\/collections\/art-painting-meditation\" target=\"_blank\">\n                                <p class=\"button button--outline button--outline--blue\">Peindre le Divin<\/p>\n                            <\/a>\n                                                                    <\/div>\n                    <div class=\"card__image-container\">\n                                                    <img decoding=\"async\" src=\"https:\/\/country.bhaktimarga.org\/fr\/wp-content\/uploads\/sites\/7\/2024\/01\/lakshmi-narayan-painting.png\" alt=\"\">\n                                            <\/div>\n                <\/div>\n\n                    <\/div>\n<\/section>\n\n\n<section class=\"call-to-action-media no-padding\">  \n                        <div  class=\"call-to-action-media__wrapper\">\n                        <div class=\"container call-to-action-media__item\">\n                            <div class=\"call-to-action-media__content\">\n                                <h3 class=\"title-with-ornament title-with-ornament--blue\">CR\u00c9ER AVEC L\u2019ART D\u00c9VOTIONNEL<\/h3>\n                                <span class=\"call-to-action-media__text\"><p>Rishika Dakshini, responsable de l\u2019art \u00e0 Bhakti Marga, vous fera d\u00e9couvrir l\u2019ancienne pratique spirituelle de la cr\u00e9ation par l\u2019art d\u00e9votionnel. Elle vous guidera \u00e9galement dans une courte m\u00e9ditation pour vous aider \u00e0 commencer \u00e0 explorer et \u00e0 manifester la beaut\u00e9 de la M\u00e8re Divine Elle-m\u00eame en coloriant une image de Celle-ci sous la forme de Maha-Lakshmi.<\/p>\n<\/span>\n                                                                                            <\/div>\n                                                                                        <div class=\"embed-container\">\n                                    <a href=\"https:\/\/www.youtube.com\/watch?v=baW8E8IS970&#038;embeds_referring_euri=https%3A%2F%2Fbhaktimarga.fr%2F&#038;source_ve_path=MjM4NTE&#038;feature=emb_title&#038;ab_channel=BhaktiMargaMusic\">https:\/\/www.youtube.com\/watch?v=baW8E8IS970&amp;embeds_referring_euri=https%3A%2F%2Fbhaktimarga.fr%2F&amp;source_ve_path=MjM4NTE&amp;feature=emb_title&amp;ab_channel=BhaktiMargaMusic<\/a>                                <\/div>\n                                                    <\/div>\n                    <\/div>\n                <\/section>\n\n\n\n<p><\/p>\n","protected":false},"excerpt":{"rendered":"","protected":false},"author":1,"featured_media":0,"parent":218,"menu_order":0,"comment_status":"closed","ping_status":"closed","template":"","meta":{"_acf_changed":false,"inline_featured_image":false,"footnotes":""},"class_list":["post-260","page","type-page","status-publish","hentry"],"acf":[],"_links":{"self":[{"href":"https:\/\/country.bhaktimarga.org\/fr\/wp-json\/wp\/v2\/pages\/260","targetHints":{"allow":["GET"]}}],"collection":[{"href":"https:\/\/country.bhaktimarga.org\/fr\/wp-json\/wp\/v2\/pages"}],"about":[{"href":"https:\/\/country.bhaktimarga.org\/fr\/wp-json\/wp\/v2\/types\/page"}],"author":[{"embeddable":true,"href":"https:\/\/country.bhaktimarga.org\/fr\/wp-json\/wp\/v2\/users\/1"}],"replies":[{"embeddable":true,"href":"https:\/\/country.bhaktimarga.org\/fr\/wp-json\/wp\/v2\/comments?post=260"}],"version-history":[{"count":26,"href":"https:\/\/country.bhaktimarga.org\/fr\/wp-json\/wp\/v2\/pages\/260\/revisions"}],"predecessor-version":[{"id":3173,"href":"https:\/\/country.bhaktimarga.org\/fr\/wp-json\/wp\/v2\/pages\/260\/revisions\/3173"}],"up":[{"embeddable":true,"href":"https:\/\/country.bhaktimarga.org\/fr\/wp-json\/wp\/v2\/pages\/218"}],"wp:attachment":[{"href":"https:\/\/country.bhaktimarga.org\/fr\/wp-json\/wp\/v2\/media?parent=260"}],"curies":[{"name":"wp","href":"https:\/\/api.w.org\/{rel}","templated":true}]}}