{"id":627,"date":"2023-09-15T10:13:13","date_gmt":"2023-09-15T09:13:13","guid":{"rendered":"https:\/\/country.bhaktimarga.org\/fr\/?page_id=627"},"modified":"2024-09-18T10:04:36","modified_gmt":"2024-09-18T09:04:36","slug":"ashram-maisonpourtous","status":"publish","type":"page","link":"https:\/\/country.bhaktimarga.org\/fr\/ashram-maisonpourtous\/","title":{"rendered":"Maison pour tous"},"content":{"rendered":"\n<div class=\"wp-block-columns is-layout-flex wp-container-core-columns-is-layout-1 wp-block-columns-is-layout-flex\">\n<div class=\"wp-block-column is-layout-flow wp-block-column-is-layout-flow\" style=\"flex-basis:100%\">\n<section class=\"hero-media\">\n    <div class=\"hero-media__video hero-media__container\">\n        <video class=\"object-fit-cover\" autoplay muted loop>\n            <source src=\"https:\/\/country.bhaktimarga.org\/fr\/wp-content\/uploads\/sites\/7\/2024\/06\/homepage-hero-images-slider.mp4\" type=\"video\/mp4\">\n            Your browser does not support the video tag.\n        <\/video>\n    <\/div>\n    <div class=\"hero-media__image hero-media__container\">\n        <img decoding=\"async\" class=\"object-fit-cover\" src=\"https:\/\/country.bhaktimarga.org\/fr\/wp-content\/uploads\/sites\/7\/2024\/05\/Intro-1.jpg\">\n    <\/div>\n    <div class=\"hero-media__content container\">\n        <h1><\/h1>\n    <\/div>\n<\/section>\n<\/div>\n<\/div>\n\n\n\n<section id=\"book-a-stay\" class=\"book-a-stay\">\n    <div class=\"container\">\n        <div class=\"book-a-stay__content\">\n            <div class=\"book-a-stay__dates-container\">\n                <div class=\"book-a-stay__date\">\n                    <label for=\"arrivalDate\">Arriv\u00e9e:<\/label>\n                    \n                <\/div>\n                <div class=\"book-a-stay__date\">\n                    <label for=\"departureDate\">D\u00e9part:<\/label>\n                    \n                <\/div>\n            <\/div>\n            <a href=\"\" id=\"bookLink\" target=\"_blank\" rel=\"noopener\">\n                <p class=\"button button--primary--violet\">Reservez<\/p>\n            <\/a>\n        <\/div>\n    <\/div>\n<\/section>\n\n\n\n<section class=\"intro-text\">\n    <div class=\"container\">\n        <div class=\"intro-text__banner\">\n            <div class=\"intro-text__content text-650\">\n                <h3 class=\"intro-text__title\">Bienvenue \u00e0 la Maison pour tous<\/h3>\n                <span class=\"intro-text__text\"><p>Bienvenue au village vacance \u201cMaison pour tous\u201d, un havre de d\u00e9tente au c\u0153ur de la nature o\u00f9 l\u2019harmonie entre le confort, la convivialit\u00e9 et le respect de l\u2019environnement prend tout son sens.<\/p>\n<p>Chez \u201cMaison pour tous\u201d, nous croyons en l\u2019\u00e9quilibre entre bien-\u00eatre individuel et respect de la plan\u00e8te, offrant ainsi \u00e0 nos visiteurs une exp\u00e9rience de vacances qui r\u00e9sonne avec leurs valeurs personnelles.<\/p>\n<\/span>\n            <\/div>\n            <img class=\"intro-text__image animated-element\" data-animation=\"appear\" decoding=\"async\" src=\"https:\/\/country.bhaktimarga.org\/fr\/wp-content\/uploads\/sites\/7\/2024\/02\/g855.png\" alt=\"\">\n        <\/div>\n    <\/div>\n<\/section>\n\n\n<section id=\"what-we-offer\" class=\"cards-overlay-grid\" style=\"background-color: #ffffff\">\n\n        \n    <div class=\"container cards-overlay-grid__container\">\n        \n                            <figure class=\"cards-overlay-grid__card animated-element\" data-animation=\"slide-up\">\n                                <div class=\"cards-overlay-grid__image-container\">\n                                    <img decoding=\"async\" class=\"object-fit-cover\" src=\"https:\/\/country.bhaktimarga.org\/fr\/wp-content\/uploads\/sites\/7\/2024\/01\/accomodation.jpeg\" alt=\"\">\n                                <\/div>\n                                <figcaption class=\"cards-overlay-grid__content\">\n                                    <h3 class=\"cards-overlay-grid__title\">H\u00e9bergement<\/h3>\n                                    <span class=\"cards-overlay-grid__text\"><p class=\"p1\">Nich\u00e9 dans un cadre pittoresque, notre village propose une exp\u00e9rience unique avec des h\u00e9bergements aussi vari\u00e9s que des g\u00eetes complets pour des s\u00e9jours en toute autonomie ou des lits douillets pour une immersion sociale enrichissante.<\/p>\n<\/span>\n                                                                            <a class=\"cards-overlay-grid__link\" href=\"https:\/\/maisonpourtous-vd.fr\/page-en-construction\/\" target=\"_self\">\n                                            <p class=\"button button--outline--white\">Ev\u00e9nements<\/p>\n                                        <\/a>\n                                                                    <\/figcaption>\n                            <\/figure>\n                                                    \n                            <figure class=\"cards-overlay-grid__card animated-element\" data-animation=\"slide-up\">\n                                <div class=\"cards-overlay-grid__image-container\">\n                                    <img decoding=\"async\" class=\"object-fit-cover\" src=\"https:\/\/country.bhaktimarga.org\/fr\/wp-content\/uploads\/sites\/7\/2024\/01\/vegetarian-diet-plan.jpeg\" alt=\"\">\n                                <\/div>\n                                <figcaption class=\"cards-overlay-grid__content\">\n                                    <h3 class=\"cards-overlay-grid__title\">LE RESTO\u2019VEGE<\/h3>\n                                    <span class=\"cards-overlay-grid__text\"><p class=\"p1\">Ce qui distingue particuli\u00e8rement notre village, c\u2019est notre engagement envers une cuisine saine et responsable. Notre restaurant propose une gastronomie exclusivement v\u00e9g\u00e9tarienne, mettant en avant des produits locaux de qualit\u00e9.<\/p>\n<p><b>EXCLUSIVEMENT : V\u00e9<\/b><b>g\u00e9tarien et sans Alcool !!!<\/b><\/p>\n<\/span>\n                                                                            <a class=\"cards-overlay-grid__link\" href=\"https:\/\/country.bhaktimarga.org\/fr\/ashram-maisonpourtous\/explore\/bhajan-cafe\/\" target=\"_self\">\n                                            <p class=\"button button--outline--white\">Plus d&#8217;informations<\/p>\n                                        <\/a>\n                                                                    <\/figcaption>\n                            <\/figure>\n                                                    \n                            <figure class=\"cards-overlay-grid__card animated-element\" data-animation=\"slide-up\">\n                                <div class=\"cards-overlay-grid__image-container\">\n                                    <img decoding=\"async\" class=\"object-fit-cover\" src=\"https:\/\/country.bhaktimarga.org\/fr\/wp-content\/uploads\/sites\/7\/2024\/01\/courses.jpeg\" alt=\"\">\n                                <\/div>\n                                <figcaption class=\"cards-overlay-grid__content\">\n                                    <h3 class=\"cards-overlay-grid__title\">COURS &amp; RETRAITES<\/h3>\n                                    <span class=\"cards-overlay-grid__text\"><p class=\"p1\">Plongez dans l\u2019art de la relaxation et de la s\u00e9r\u00e9nit\u00e9 au sein de \u201cMaison pour tous\u201d, o\u00f9 nos activit\u00e9s sont con\u00e7ues pour nourrir le corps, l\u2019esprit et l\u2019\u00e2me.<\/p>\n<\/span>\n                                                                            <a class=\"cards-overlay-grid__link\" href=\"https:\/\/country.bhaktimarga.org\/fr\/ashram-maisonpourtous\/page-en-construction\/\" target=\"_self\">\n                                            <p class=\"button button--outline--white\">En savoir plus<\/p>\n                                        <\/a>\n                                                                    <\/figcaption>\n                            <\/figure>\n                                                        <\/div>\n<\/section>\n\n\n<section id=\"\" class=\"events-cards-list\">\n            <div class=\"container\">\n                <h2 class=\"title-with-ornament title-with-ornament--violet\">Calendrier<\/h2>\n                <a href=\"https:\/\/events.bhaktimarga.org\/pages\/calendar\" target=\"_blank\">\n                    <p class=\"button button--outline--violet\">\u00c9v\u00e9nements \u00e0 venir<\/p>\n                <\/a>\n                <p>No events found for the selected category.<\/p>\n            <\/div>\n        <\/section>\n\n\n\n<section id=\"who-we-are\" class=\"cards-overlay-grid\" style=\"background-color: #ffffff\">\n\n        \n    <div class=\"container cards-overlay-grid__container\">\n        \n                            <figure class=\"cards-overlay-grid__card inverted animated-element\" data-animation=\"slide-up\">\n                                <div class=\"cards-overlay-grid__image-container\">\n                                    <img decoding=\"async\" class=\"object-fit-cover\" src=\"https:\/\/country.bhaktimarga.org\/fr\/wp-content\/uploads\/sites\/7\/2024\/02\/image-repas-site-internet.jpeg\" alt=\"Ev\u00e9nement sur mesure\">\n                                <\/div>\n                                <figcaption class=\"cards-overlay-grid__content\">\n                                    <h3 class=\"cards-overlay-grid__title\">VOTRE EVENEMENT SUR MESURE<\/h3>\n                                    <span class=\"cards-overlay-grid__text\"><p class=\"p1\">\u201cMaison pour tous\u201d, l\u2019espace id\u00e9al pour vos \u00e9v\u00e9nements personnalis\u00e9s, qu\u2019ils soient professionnels ou priv\u00e9s. Entre stages, retraites et c\u00e9l\u00e9brations, notre lieu offre un cadre exceptionnel en accord avec nos valeurs ax\u00e9es sur le v\u00e9g\u00e9tarisme et le bien-\u00eatre.<\/p>\n<\/span>\n                                                                            <a class=\"cards-overlay-grid__link\" href=\"https:\/\/country.bhaktimarga.org\/fr\/ashram-maisonpourtous\/explore\/your-event\/\" target=\"_self\">\n                                            <p class=\"button button--outline--white\">Organisez votre \u00e9v\u00e8nement<\/p>\n                                        <\/a>\n                                                                    <\/figcaption>\n                            <\/figure>\n                                                    \n                            <figure class=\"cards-overlay-grid__card inverted animated-element\" data-animation=\"slide-up\">\n                                <div class=\"cards-overlay-grid__image-container\">\n                                    <img decoding=\"async\" class=\"object-fit-cover\" src=\"https:\/\/country.bhaktimarga.org\/fr\/wp-content\/uploads\/sites\/7\/2024\/02\/photo-agenda-site-web.jpeg\" alt=\"\">\n                                <\/div>\n                                <figcaption class=\"cards-overlay-grid__content\">\n                                    <h3 class=\"cards-overlay-grid__title\">AGENDA<\/h3>\n                                    <span class=\"cards-overlay-grid__text\"><p class=\"p1\">Explorez nos cours de yoga , des retraites\u00a0 et \u00e9v\u00e9nements sp\u00e9ciaux.<\/p>\n<p class=\"p1\">Notre agenda vous offre une vue d\u2019ensemble de toutes les opportunit\u00e9s qui vous attendent. Consultez le r\u00e9guli\u00e8rement pour rester inform\u00e9 sur nos derni\u00e8res activit\u00e9s.<\/p>\n<\/span>\n                                                                    <\/figcaption>\n                            <\/figure>\n                                                        <\/div>\n<\/section>\n\n\n\n<section id=\"facilities\">\n    <div class=\"container\">\n                    <h2 class=\"title-with-ornament title-with-ornament--violet\">\n                Accommodations et services            <\/h2>\n        \n        <div class=\"grid-auto-columns\">\n                                                <div class=\"grid-auto-columns__cell\">\n                                                    <img decoding=\"async\" src=\"https:\/\/country.bhaktimarga.org\/fr\/wp-content\/uploads\/sites\/7\/2023\/10\/facilities-accessible.svg\" alt=\"\">\n                        \n                                                    <span>Accessibilit\u00e9 PMR<\/span>\n                                            <\/div>\n                                    <div class=\"grid-auto-columns__cell\">\n                                                    <img decoding=\"async\" src=\"https:\/\/country.bhaktimarga.org\/fr\/wp-content\/uploads\/sites\/7\/2023\/10\/facilities-card-payment.svg\" alt=\"\">\n                        \n                                                    <span>Paiement par carte<\/span>\n                                            <\/div>\n                                    <div class=\"grid-auto-columns__cell\">\n                                                    <img decoding=\"async\" src=\"https:\/\/country.bhaktimarga.org\/fr\/wp-content\/uploads\/sites\/7\/2023\/10\/facilities-limited-wifi.svg\" alt=\"\">\n                        \n                                                    <span>Wifi gratuit<\/span>\n                                            <\/div>\n                                    <div class=\"grid-auto-columns__cell\">\n                                                    <img decoding=\"async\" src=\"https:\/\/country.bhaktimarga.org\/fr\/wp-content\/uploads\/sites\/7\/2023\/10\/facilities-parking.svg\" alt=\"\">\n                        \n                                                    <span>Parking<\/span>\n                                            <\/div>\n                                    <div class=\"grid-auto-columns__cell\">\n                                                    <img decoding=\"async\" src=\"https:\/\/country.bhaktimarga.org\/fr\/wp-content\/uploads\/sites\/7\/2023\/10\/facilities-eco-friendly.svg\" alt=\"\">\n                        \n                                                    <span>Eco-Friendly<\/span>\n                                            <\/div>\n                                    <div class=\"grid-auto-columns__cell\">\n                                                    <img decoding=\"async\" src=\"https:\/\/country.bhaktimarga.org\/fr\/wp-content\/uploads\/sites\/7\/2023\/10\/facilities-cafe.svg\" alt=\"\">\n                        \n                                                    <span>Caf\u00e9<\/span>\n                                            <\/div>\n                                    <div class=\"grid-auto-columns__cell\">\n                                                    <img decoding=\"async\" src=\"https:\/\/country.bhaktimarga.org\/fr\/wp-content\/uploads\/sites\/7\/2023\/10\/facilities-garden.svg\" alt=\"\">\n                        \n                                                    <span>Jardins<\/span>\n                                            <\/div>\n                                    <div class=\"grid-auto-columns__cell\">\n                                                    <img decoding=\"async\" src=\"https:\/\/country.bhaktimarga.org\/fr\/wp-content\/uploads\/sites\/7\/2023\/10\/facilities-organic-farm.svg\" alt=\"\">\n                        \n                                                    <span>Potager Bio<\/span>\n                                            <\/div>\n                                    <div class=\"grid-auto-columns__cell\">\n                                                    <img decoding=\"async\" src=\"https:\/\/country.bhaktimarga.org\/fr\/wp-content\/uploads\/sites\/7\/2023\/10\/facilities-vegan.svg\" alt=\"\">\n                        \n                                                    <span>Nourriture v\u00e9gan<\/span>\n                                            <\/div>\n                                    <div class=\"grid-auto-columns__cell\">\n                                                    <img decoding=\"async\" src=\"https:\/\/country.bhaktimarga.org\/fr\/wp-content\/uploads\/sites\/7\/2023\/10\/facilities-gift-shop.svg\" alt=\"\">\n                        \n                                                    <span>Boutique cadeau<\/span>\n                                            <\/div>\n                                    <div class=\"grid-auto-columns__cell\">\n                                                    <img decoding=\"async\" src=\"https:\/\/country.bhaktimarga.org\/fr\/wp-content\/uploads\/sites\/7\/2023\/10\/facilities-guided-tours.svg\" alt=\"\">\n                        \n                                                    <span>Information et visite<\/span>\n                                            <\/div>\n                                    <div class=\"grid-auto-columns__cell\">\n                                                    <img decoding=\"async\" src=\"https:\/\/country.bhaktimarga.org\/fr\/wp-content\/uploads\/sites\/7\/2023\/10\/facilities-kids-room.svg\" alt=\"\">\n                        \n                                                    <span>Espace enfant<\/span>\n                                            <\/div>\n                                    <div class=\"grid-auto-columns__cell\">\n                                                    <img decoding=\"async\" src=\"https:\/\/country.bhaktimarga.org\/fr\/wp-content\/uploads\/sites\/7\/2023\/10\/facilities-reception.svg\" alt=\"\">\n                        \n                                                    <span>Reception<\/span>\n                                            <\/div>\n                                    <div class=\"grid-auto-columns__cell\">\n                                                    <img decoding=\"async\" src=\"https:\/\/country.bhaktimarga.org\/fr\/wp-content\/uploads\/sites\/7\/2023\/10\/facilities-meditation-areas.svg\" alt=\"\">\n                        \n                                                    <span>Aire de m\u00e9ditation<\/span>\n                                            <\/div>\n                                    <div class=\"grid-auto-columns__cell\">\n                                                    <img decoding=\"async\" src=\"https:\/\/country.bhaktimarga.org\/fr\/wp-content\/uploads\/sites\/7\/2023\/10\/facilities-yoga-classes.svg\" alt=\"\">\n                        \n                                                    <span>Classe de yoga<\/span>\n                                            <\/div>\n                                    <div class=\"grid-auto-columns__cell\">\n                                                    <img decoding=\"async\" src=\"https:\/\/country.bhaktimarga.org\/fr\/wp-content\/uploads\/sites\/7\/2023\/10\/facilities-smoking-free-area.svg\" alt=\"\">\n                        \n                                                    <span>Zones fumeurs am\u00e9nag\u00e9es<\/span>\n                                            <\/div>\n                                    <div class=\"grid-auto-columns__cell\">\n                                                    <img decoding=\"async\" src=\"https:\/\/country.bhaktimarga.org\/fr\/wp-content\/uploads\/sites\/7\/2023\/10\/facilities-workshop.svg\" alt=\"\">\n                        \n                                                    <span>Salles de cours<\/span>\n                                            <\/div>\n                                    <\/div>\n    <\/div>\n<\/section>\n\n<style>\n    #facilities .grid-auto-columns {\n        display: grid;\n        grid-template-columns: repeat(auto-fit, minmax(min(180px, 100%), 1fr));\n        gap: 2rem;\n        row-gap: 2rem;\n    }\n\n    #facilities .grid-auto-columns .grid-auto-columns__cell img {\n        max-width: 80px;\n    }\n\n    @media (max-width: 768px) {\n                    #facilities .grid-auto-columns {\n                grid-template-columns: repeat(auto-fit, minmax(min(140px, 100%), 1fr));\n            }\n                            #facilities .grid-auto-columns .grid-auto-columns__cell img {\n                max-width: 40px;\n            }\n            }\n<\/style>\n\n\n\n<section id=\"location\" class=\"call-to-action-left-aligned\">\n    <div class=\"container call-to-action-left-aligned__container\">\n        <p class=\"call-to-action-left-aligned__subtitle\">Notre position<\/p>\n        <p class=\"call-to-action-left-aligned__title\">Venez nous rendre visite<\/p>\n        <span class=\"call-to-action-left-aligned__text\"><p class=\"p1\">Au milieu du Lot et Garonne, la Maison pour Tous, vous invite \u00e0 venir explorer ce qui se trouve au plus profond de votre propre c\u0153ur.<\/p>\n<\/span>\n        <div class=\"call-to-action-left-aligned__links\">\n                            <a href=\"https:\/\/maisonpourtous-vd.fr\/travel-information\/\" target=\"_blank\">\n                    <p class=\"button button--primary--gold\">Infos de voyage<\/p>\n                <\/a>\n                                <\/div>\n    <\/div>\n<\/section>\n\n<style>\n    \n            #location.call-to-action-left-aligned {\n            background-image: url('https:\/\/country.bhaktimarga.org\/fr\/wp-content\/uploads\/sites\/7\/2024\/02\/51E26F08-93D4-4429-B02E-289A4AF865F8-copie-scaled-1.jpg');\n        }\n    \n            @media (max-width: 768px) {\n            #location.call-to-action-left-aligned {\n                background-image: url('https:\/\/country.bhaktimarga.org\/fr\/wp-content\/uploads\/sites\/7\/2024\/02\/51E26F08-93D4-4429-B02E-289A4AF865F8-copie-scaled-1.jpg');\n            }\n        }\n    <\/style>\n\n\n\n\n\n<style>.hero-media__video video {\r\n    object-position: bottom;\r\n}\r\n\r\n.book-a-stay .container {\r\n       margin-top: -5px;\r\n}\r\n\r\n\/* Ajoutez des bords estomp\u00e9s \u00e0 droite et \u00e0 gauche de la vid\u00e9o *\/\r\n.hero-media__video.video-custom-object-fit-cover {\r\n    position: relative;\r\n}\r\n\r\n.hero-media__video.video-custom-object-fit-cover::before,\r\n.hero-media__video.video-custom-object-fit-cover::after {\r\n    content: '';\r\n    position: absolute;\r\n    top: 0;\r\n    bottom: 0;\r\n    width: 50%; \/* Largeur des bords estomp\u00e9s *\/\r\n    z-index: 1;\r\n    background: linear-gradient(to right, rgba(0,0,0,0.7) 0%, rgba(0,0,0,0) 100%);\r\n}\r\n\r\n.hero-media__video.video-custom-object-fit-cover::before {\r\n    left: 0;\r\n}\r\n\r\n.hero-media__video.video-custom-object-fit-cover::after {\r\n    right: 0;\r\n}<\/style>","protected":false},"excerpt":{"rendered":"<p>Bienvenue au village vacance \u201cMaison pour tous\u201d, un havre de d\u00e9tente au c\u0153ur de la nature o\u00f9 l\u2019harmonie entre le confort, la convivialit\u00e9 et le respect de l\u2019environnement prend tout son sens.<\/p>\n<p>Chez \u201cMaison pour tous\u201d, nous croyons en l\u2019\u00e9quilibre entre bien-\u00eatre individuel et respect de la plan\u00e8te, offrant ainsi \u00e0 nos visiteurs une exp\u00e9rience de vacances qui r\u00e9sonne avec leurs valeurs personnelles.<\/p>\n","protected":false},"author":1,"featured_media":3671,"parent":0,"menu_order":0,"comment_status":"closed","ping_status":"closed","template":"","meta":{"_acf_changed":false,"inline_featured_image":false,"footnotes":""},"class_list":["post-627","page","type-page","status-publish","has-post-thumbnail","hentry"],"acf":[],"_links":{"self":[{"href":"https:\/\/country.bhaktimarga.org\/fr\/wp-json\/wp\/v2\/pages\/627","targetHints":{"allow":["GET"]}}],"collection":[{"href":"https:\/\/country.bhaktimarga.org\/fr\/wp-json\/wp\/v2\/pages"}],"about":[{"href":"https:\/\/country.bhaktimarga.org\/fr\/wp-json\/wp\/v2\/types\/page"}],"author":[{"embeddable":true,"href":"https:\/\/country.bhaktimarga.org\/fr\/wp-json\/wp\/v2\/users\/1"}],"replies":[{"embeddable":true,"href":"https:\/\/country.bhaktimarga.org\/fr\/wp-json\/wp\/v2\/comments?post=627"}],"version-history":[{"count":266,"href":"https:\/\/country.bhaktimarga.org\/fr\/wp-json\/wp\/v2\/pages\/627\/revisions"}],"predecessor-version":[{"id":4009,"href":"https:\/\/country.bhaktimarga.org\/fr\/wp-json\/wp\/v2\/pages\/627\/revisions\/4009"}],"wp:featuredmedia":[{"embeddable":true,"href":"https:\/\/country.bhaktimarga.org\/fr\/wp-json\/wp\/v2\/media\/3671"}],"wp:attachment":[{"href":"https:\/\/country.bhaktimarga.org\/fr\/wp-json\/wp\/v2\/media?parent=627"}],"curies":[{"name":"wp","href":"https:\/\/api.w.org\/{rel}","templated":true}]}}